{"id":502,"date":"2026-01-21T10:03:21","date_gmt":"2026-01-21T02:03:21","guid":{"rendered":"https:\/\/www.spacexvape.com\/?page_id=502"},"modified":"2026-01-21T10:03:21","modified_gmt":"2026-01-21T02:03:21","slug":"payment","status":"publish","type":"page","link":"https:\/\/www.spacexvape.com\/da\/betaling","title":{"rendered":"Betaling"},"content":{"rendered":"<p>Vi accepterer flere former for bankoverf\u00f8rsler for at g\u00f8re din betalingsproces nemmere og mere fleksibel. Disse inkluderer:<\/p>\n<ol>\n<li>Betaling med kreditkort: En bekvem og sikker betalingsmetode, men kan medf\u00f8re h\u00f8je transaktionsgebyrer, velegnet til sm\u00e5 ordrer.<\/li>\n<li>Bankoverf\u00f8rsel: En almindelig international\/intern EU-overf\u00f8rselsmetode. Vores bank ligger i Luxembourg og underst\u00f8tter betalinger til de fleste lande. EU-lande kan ogs\u00e5 bruge SEPA-netv\u00e6rket til overf\u00f8rsler.<\/li>\n<\/ol>\n<div class=\"accordion\">\n\t<div id=\"accordion-3125809646\" class=\"accordion-item\">\n\t\t<a id=\"accordion-3125809646-label\" class=\"accordion-title plain\" href=\"#accordion-item-more-about-bank-transfer\" aria-expanded=\"false\" aria-controls=\"accordion-3125809646-content\">\n\t\t\t<button class=\"toggle\" aria-label=\"Sl\u00e5 til\/fra\"><i class=\"icon-angle-down\" aria-hidden=\"true\"><\/i><\/button>\n\t\t\t<span>Mere om bankoverf\u00f8rsel<\/span>\n\t\t<\/a>\n\t\t<div id=\"accordion-3125809646-content\" class=\"accordion-inner\" aria-labelledby=\"accordion-3125809646-label\">\n\t\t\t\n<p class=\"ds-markdown-paragraph\"><strong>Bankoverf\u00f8rsel<\/strong><\/p>\n<ol start=\"1\">\n<li>\n<p class=\"ds-markdown-paragraph\">International bankoverf\u00f8rsel (fra lande uden for EU):<\/p>\n<ul>\n<li>\n<p class=\"ds-markdown-paragraph\">Behandlingstid: Cirka 2-3 arbejdsdage<\/p>\n<\/li>\n<li>\n<p class=\"ds-markdown-paragraph\">Lave transaktionsgebyrer<\/p>\n<\/li>\n<\/ul>\n<\/li>\n<li>\n<p class=\"ds-markdown-paragraph\">SEPA-overf\u00f8rsel (fra EU-lande):<\/p>\n<ul>\n<li>\n<p class=\"ds-markdown-paragraph\">Hurtig behandling (normalt inden for 1 arbejdsdag)<\/p>\n<\/li>\n<li>\n<p class=\"ds-markdown-paragraph\">Ingen eller minimale gebyrer<\/p>\n<\/li>\n<\/ul>\n<\/li>\n<li>\n<p class=\"ds-markdown-paragraph\">Tredjepartsoverf\u00f8rsler (via Revolut, Wise osv.):<\/p>\n<ul>\n<li>\n<p class=\"ds-markdown-paragraph\">\u00d8jeblikkelig behandling<\/p>\n<\/li>\n<li>\n<p class=\"ds-markdown-paragraph\">Konkurrencedygtige gebyrer<\/p>\n<\/li>\n<\/ul>\n<\/li>\n<\/ol>\n<p class=\"ds-markdown-paragraph\">Bankoverf\u00f8rsler er ideelle til store ordrer og giver sikre og omkostningseffektive transaktioner. Vores bank ligger i Luxembourg, hvilket g\u00f8r det s\u00e6rligt praktisk for betalinger inden for EU.<\/p>\n\t\t<\/div>\n\t<\/div>\n\t\n\t<div id=\"accordion-84725651\" class=\"accordion-item\">\n\t\t<a id=\"accordion-84725651-label\" class=\"accordion-title plain\" href=\"#accordion-item-our-bank-info\" aria-expanded=\"false\" aria-controls=\"accordion-84725651-content\">\n\t\t\t<button class=\"toggle\" aria-label=\"Sl\u00e5 til\/fra\"><i class=\"icon-angle-down\" aria-hidden=\"true\"><\/i><\/button>\n\t\t\t<span>Vores bankoplysninger<\/span>\n\t\t<\/a>\n\t\t<div id=\"accordion-84725651-content\" class=\"accordion-inner\" aria-labelledby=\"accordion-84725651-label\">\n\t\t\t\n<h3><strong>Bankoplysninger<\/strong><\/h3>\n<ul>\n<li>Kontonummer\/IBAN : <span style=\"color: #50b848;\"><strong>LU06 4080 0000 5359 3490<\/strong><\/span><\/li>\n<li>Navn p\u00e5 modtagerens bankkonto : <strong><span style=\"color: #50b848;\">HK Aladdin International Trade Co, Limited<\/span><\/strong><\/li>\n<li>SWIFT\/BIC-kode : BCIRLULL<\/li>\n<li>Bankadresse: 2 Boulevard de la Foire L-1528 Luxembourg<\/li>\n<li>Bankens navn: Banking Circle S.A.<\/li>\n<li>Land\/Region : Luxembourg<\/li>\n<li>Kontotype : Forretningskonto<\/li>\n<li>St\u00f8tte til valutaer: USD, EUR<\/li>\n<\/ul>\n\t\t<\/div>\n\t<\/div>\n\t\n<\/div>","protected":false},"excerpt":{"rendered":"<p>We accept multiple forms of bank transfers to make your payment process easier and more flexible. These include: Credit Card Payment: A convenient and secure payment method, but may incur high transaction fees, suitable for small orders. Bank Transfer: A mainstream international transfer \/EU internal transfer method, our bank is located in Luxembourg and supports [&#8230;]\n","protected":false},"author":1,"featured_media":0,"parent":0,"menu_order":0,"comment_status":"closed","ping_status":"closed","template":"","meta":{"footnotes":""},"class_list":["post-502","page","type-page","status-publish","hentry"],"_links":{"self":[{"href":"https:\/\/www.spacexvape.com\/da\/wp-json\/wp\/v2\/pages\/502","targetHints":{"allow":["GET"]}}],"collection":[{"href":"https:\/\/www.spacexvape.com\/da\/wp-json\/wp\/v2\/pages"}],"about":[{"href":"https:\/\/www.spacexvape.com\/da\/wp-json\/wp\/v2\/types\/page"}],"author":[{"embeddable":true,"href":"https:\/\/www.spacexvape.com\/da\/wp-json\/wp\/v2\/users\/1"}],"replies":[{"embeddable":true,"href":"https:\/\/www.spacexvape.com\/da\/wp-json\/wp\/v2\/comments?post=502"}],"version-history":[{"count":0,"href":"https:\/\/www.spacexvape.com\/da\/wp-json\/wp\/v2\/pages\/502\/revisions"}],"wp:attachment":[{"href":"https:\/\/www.spacexvape.com\/da\/wp-json\/wp\/v2\/media?parent=502"}],"curies":[{"name":"wp","href":"https:\/\/api.w.org\/{rel}","templated":true}]}}