{"id":11229,"date":"2025-08-21T15:03:12","date_gmt":"2025-08-21T07:03:12","guid":{"rendered":"https:\/\/www.spacexvape.com\/?post_type=product&#038;p=11229"},"modified":"2025-11-05T11:40:46","modified_gmt":"2025-11-05T03:40:46","slug":"zooy-flyer-35000-puffs-disposable-vape-wholesale","status":"publish","type":"product","link":"https:\/\/www.spacexvape.com\/da\/vare\/zooy-flyer-35000-puffs-engangs-vape-engros","title":{"rendered":"Zooy Flyer 35000 Puffs Engangsdamp engros"},"content":{"rendered":"<p>Den <a href=\"https:\/\/www.spacexvape.com\/da\/brand\/zooy\/\"><strong>Zooy<\/strong><\/a> Flyer 35000 Puffs Disposable Vape giver en enest\u00e5ende dampoplevelse med sin enorme kapacitet p\u00e5 35.000 pust og et robust genopladeligt batteri p\u00e5 850 mAh. Den er designet til smagsj\u00e6gere og l\u00e6ngerevarende brug og har avancerede dobbelte netspoler, der giver rig, ensartet damp og intens smag. Det slanke design sikrer b\u00e6rbarhed uden at g\u00e5 p\u00e5 kompromis med ydeevnen.<\/p>\n<p>Derudover har den justerbar luftstr\u00f8m til skr\u00e6ddersyede tr\u00e6k og et smart klik-switch-system til at skifte mellem normal og turbotilstand. Med praktisk Type-C-opladning eliminerer denne enhed besv\u00e6ret med hyppig genopladning.<\/p>\n<p>Desuden er den brugervenlige gr\u00e6nseflade nem at betjene (5 klik for at t\u00e6nde\/slukke), hvilket g\u00f8r den ideel til b\u00e5de begyndere og erfarne dampere. Enheden ankommer i en standard nedlukningstilstand. Nyd langvarig tilfredshed med Zooy Flyers p\u00e5lidelige teknologi og smagfulde output.<\/p>\n<h2>Zooy Zero 45000 Puffs Engangs-vape Specifikation<\/h2>\n<ul>\n<li>Nikotin: 0% &amp; 2% &amp; 5%<\/li>\n<li>Antal pust: Op til 35.000 pust<\/li>\n<li>Batteri E-v\u00e6ske: 850mAh<\/li>\n<li>Coil-type: Dobbelt mesh-spole<\/li>\n<li>Opladningsport: TYPE-C<\/li>\n<li>Justerbar luftstr\u00f8m<\/li>\n<\/ul>\n<h2>Liste over valgmuligheder<\/h2>\n<ol>\n<li>Jordb\u00e6r-hindb\u00e6r-slik<\/li>\n<li>Sommerfersken-is<\/li>\n<li>Fizzy Cherry Cola<\/li>\n<li>Bl\u00e5b\u00e6r-vandmelon<\/li>\n<li>Jordb\u00e6r Kiwi<\/li>\n<li>Bl\u00e5b\u00e6r-is<\/li>\n<li>Vandmelon-is<\/li>\n<li>Hr. Bl\u00e5<\/li>\n<li>Mango-is<\/li>\n<li>Red Bull med jordb\u00e6r<\/li>\n<\/ol>\n<p>Pakkeliste<br \/>\n10*Zooy Flyer 35000 Puffs Engangs-Vapes<\/p>\n<figure id=\"attachment_11286\" aria-describedby=\"caption-attachment-11286\" style=\"width: 800px\" class=\"wp-caption alignnone\"><img decoding=\"async\" class=\"size-full wp-image-11286\" title=\"Zooy Flyer 35000 Sommer Fersken Is\" src=\"https:\/\/www.spacexvape.com\/wp-content\/uploads\/2025\/08\/Zooy-Flyer-35000-Summer-Peach-Ice.webp\" alt=\"Zooy Flyer 35000 Sommer Fersken Is\" width=\"800\" height=\"800\" srcset=\"https:\/\/www.spacexvape.com\/wp-content\/uploads\/2025\/08\/Zooy-Flyer-35000-Summer-Peach-Ice.webp 800w, https:\/\/www.spacexvape.com\/wp-content\/uploads\/2025\/08\/Zooy-Flyer-35000-Summer-Peach-Ice-300x300.webp 300w, https:\/\/www.spacexvape.com\/wp-content\/uploads\/2025\/08\/Zooy-Flyer-35000-Summer-Peach-Ice-150x150.webp 150w, https:\/\/www.spacexvape.com\/wp-content\/uploads\/2025\/08\/Zooy-Flyer-35000-Summer-Peach-Ice-768x768.webp 768w, https:\/\/www.spacexvape.com\/wp-content\/uploads\/2025\/08\/Zooy-Flyer-35000-Summer-Peach-Ice-12x12.webp 12w, https:\/\/www.spacexvape.com\/wp-content\/uploads\/2025\/08\/Zooy-Flyer-35000-Summer-Peach-Ice-247x247.webp 247w, https:\/\/www.spacexvape.com\/wp-content\/uploads\/2025\/08\/Zooy-Flyer-35000-Summer-Peach-Ice-510x510.webp 510w, https:\/\/www.spacexvape.com\/wp-content\/uploads\/2025\/08\/Zooy-Flyer-35000-Summer-Peach-Ice-100x100.webp 100w\" sizes=\"(max-width: 800px) 100vw, 800px\" \/><figcaption id=\"caption-attachment-11286\" class=\"wp-caption-text\">Zooy Flyer 35000 Sommer Fersken Is<\/figcaption><\/figure>","protected":false},"excerpt":{"rendered":"<p>Zooy Flyer 35000 \/ 0% &amp; 2% &amp; 5% nikotin \/ 850 mAh genopladeligt batteri \/ 35.000 pust<\/p>","protected":false},"featured_media":11287,"comment_status":"open","ping_status":"closed","template":"","meta":[],"product_brand":[524],"product_cat":[15],"product_tag":[513,549],"class_list":{"0":"post-11229","1":"product","2":"type-product","3":"status-publish","4":"has-post-thumbnail","6":"product_brand-zooy","7":"product_cat-disposable-vapes","8":"product_tag-35000-puffs","9":"product_tag-850mah","10":"product_shipping_class-europe-warehouse-wholesale","11":"pa_battery-850mah","12":"pa_flavor-blueberry-ice","13":"pa_flavor-blueberry-watermelon","14":"pa_flavor-fizzy-cherry-cola","15":"pa_flavor-mango-ice","16":"pa_flavor-mr-blue-2","17":"pa_flavor-strawberry-kiwi","18":"pa_flavor-strawberry-raspberry-candy","19":"pa_flavor-strawberry-red-bull","20":"pa_flavor-summer-peach-ice","21":"pa_flavor-watermelon-ice","22":"pa_nicotine-0-percent","23":"pa_nicotine-2-percent","24":"pa_nicotine-5-percent","25":"pa_puffs-35000-puffs","26":"pa_rechargeable-yes","27":"pa_selling-type-wholesale","29":"first","30":"instock","31":"shipping-taxable","32":"purchasable","33":"product-type-variable"},"wcpa_form_fields":null,"_links":{"self":[{"href":"https:\/\/www.spacexvape.com\/da\/wp-json\/wp\/v2\/product\/11229","targetHints":{"allow":["GET"]}}],"collection":[{"href":"https:\/\/www.spacexvape.com\/da\/wp-json\/wp\/v2\/product"}],"about":[{"href":"https:\/\/www.spacexvape.com\/da\/wp-json\/wp\/v2\/types\/product"}],"replies":[{"embeddable":true,"href":"https:\/\/www.spacexvape.com\/da\/wp-json\/wp\/v2\/comments?post=11229"}],"wp:featuredmedia":[{"embeddable":true,"href":"https:\/\/www.spacexvape.com\/da\/wp-json\/wp\/v2\/media\/11287"}],"wp:attachment":[{"href":"https:\/\/www.spacexvape.com\/da\/wp-json\/wp\/v2\/media?parent=11229"}],"wp:term":[{"taxonomy":"product_brand","embeddable":true,"href":"https:\/\/www.spacexvape.com\/da\/wp-json\/wp\/v2\/product_brand?post=11229"},{"taxonomy":"product_cat","embeddable":true,"href":"https:\/\/www.spacexvape.com\/da\/wp-json\/wp\/v2\/product_cat?post=11229"},{"taxonomy":"product_tag","embeddable":true,"href":"https:\/\/www.spacexvape.com\/da\/wp-json\/wp\/v2\/product_tag?post=11229"}],"curies":[{"name":"wp","href":"https:\/\/api.w.org\/{rel}","templated":true}]}}