{"id":1185,"date":"2025-02-05T06:11:29","date_gmt":"2025-02-05T06:11:29","guid":{"rendered":"https:\/\/www.spacexvape.com\/?post_type=product&#038;p=1185"},"modified":"2026-04-09T15:46:26","modified_gmt":"2026-04-09T07:46:26","slug":"jnr-alien-10000-puffs-disposable-vape","status":"publish","type":"product","link":"https:\/\/www.spacexvape.com\/da\/vare\/jnr-alien-10000-puffs-engangs-vape","title":{"rendered":"JNR Alien 10000 Puffs Engangs-vape"},"content":{"rendered":"<p>Den <a title=\"JNR\" href=\"https:\/\/www.spacexvape.com\/da\/brand\/jnr\/\">JNR<\/a> Alien 10000 Puffs engangsdamp giver et j\u00e6vnt tr\u00e6k og fyldig damp med en 1,2\u03a9 spole, der har en imponerende kapacitet p\u00e5 ca. 10.000 pust, drevet af et 850mAh batteri. Den er fyldt med 20 ml e-v\u00e6ske og tilbyder alt fra forfriskende is til dejlige frugter. Den praktiske Type-C-opladningsport sikrer hurtig og problemfri genopladning.<\/p>\n<p data-start=\"1087\" data-end=\"1414\">Denne engangsdamper er lavet med tanke p\u00e5 bekvemmelighed og er fyldt og opladet p\u00e5 forh\u00e5nd og klar til brug, hvilket g\u00f8r den til det ideelle valg for b\u00e5de nybegyndere og erfarne dampere. Det slanke, ergonomiske design ligger godt i h\u00e5nden, og de mange forskellige muligheder sikrer, at der er noget for enhver smag.<\/p>\n<p>JNR Alien 10000 Puffs Disposable, der er certificeret af CE, ROHS og FCC, er et bevis p\u00e5 kvalitet og sikkerhed. Uanset om du er ny i dampning eller en erfaren professionel, er 10000 Puffs engangs vape Pen din perfekte ledsager til en uovertruffen dampningsrejse.<\/p>\n<h2>\u00a0JNR Ailen 10000 Puffs Engangs-vape Specifikation<\/h2>\n<ul>\n<li>Spolemodstand: 1,2\u03a9<\/li>\n<li>E-v\u00e6ske: 20 ml<\/li>\n<li>Batteri: 850 mAh<\/li>\n<li>nikotin: 2% &amp; 5%<\/li>\n<li>M\u00e6rke og model: JNR Alien<\/li>\n<li>Puffs: 10.000 Puffs<\/li>\n<\/ul>\n<h2>Liste over valgmuligheder<\/h2>\n<ol>\n<li>\n<div data-slate-node=\"element\"><span data-slate-node=\"text\">Bl\u00e5 Razz Kirseb\u00e6r<\/span><\/div>\n<\/li>\n<li>\n<div data-slate-node=\"element\"><span data-slate-node=\"text\">Bl\u00e5b\u00e6r Kirseb\u00e6r Traneb\u00e6r<\/span><\/div>\n<\/li>\n<li>\n<div data-slate-node=\"element\"><span data-slate-node=\"text\">Jordb\u00e6r-is<\/span><\/div>\n<\/li>\n<li>\n<div data-slate-node=\"element\"><span data-slate-node=\"text\">Blandede b\u00e6r<\/span><\/div>\n<\/li>\n<li>\n<div data-slate-node=\"element\"><span data-slate-node=\"text\">Vandmelon-is<\/span><\/div>\n<\/li>\n<li>\n<div data-slate-node=\"element\"><span data-slate-node=\"text\">Fersken og b\u00e6r<\/span><\/div>\n<\/li>\n<li>\n<div data-slate-node=\"element\"><span data-slate-node=\"text\">Fersken-is<\/span><\/div>\n<\/li>\n<li>\n<div data-slate-node=\"element\"><span data-slate-node=\"text\">Fersken Mango Ananas<\/span><\/div>\n<\/li>\n<li>\n<div data-slate-node=\"element\"><span data-slate-node=\"text\">Bl\u00e5 Razz Kirseb\u00e6r<\/span><\/div>\n<\/li>\n<li>\n<div data-slate-node=\"element\"><span data-slate-node=\"text\">Bl\u00e5b\u00e6r p\u00e5 is<\/span><\/div>\n<\/li>\n<li>\n<div data-slate-node=\"element\"><span data-slate-node=\"text\">Hindb\u00e6r vandmelon<\/span><\/div>\n<\/li>\n<li>\n<div data-slate-node=\"element\"><span data-slate-node=\"text\">Jordb\u00e6r og banan<\/span><\/div>\n<\/li>\n<li>\n<div data-slate-node=\"element\"><span data-slate-node=\"text\">Dobbelt \u00e6ble<\/span><\/div>\n<\/li>\n<li>\n<div data-slate-node=\"element\"><span data-slate-node=\"text\">Kirseb\u00e6rb\u00e6r<\/span><\/div>\n<\/li>\n<li>\n<div data-slate-node=\"element\"><span data-slate-node=\"text\">Jordb\u00e6r-vandmelon-is<\/span><\/div>\n<\/li>\n<li>\n<div data-slate-node=\"element\"><span data-slate-node=\"text\">Jordb\u00e6r Pina Colada<\/span><\/div>\n<\/li>\n<li>\n<div data-slate-node=\"element\"><span data-slate-node=\"text\">Jordb\u00e6r-slik-is<\/span><\/div>\n<\/li>\n<li>\n<div data-slate-node=\"element\"><span data-slate-node=\"text\">Vandmelon tyggegummi<\/span><\/div>\n<\/li>\n<li>\n<div data-slate-node=\"element\"><span data-slate-node=\"text\">Bl\u00e5b\u00e6r Bubblegum<\/span><\/div>\n<\/li>\n<li>\n<div data-slate-node=\"element\"><span data-slate-node=\"text\">Vingummibamse<\/span><\/div>\n<\/li>\n<li>\n<div data-slate-node=\"element\"><span data-slate-node=\"text\">Bl\u00e5b\u00e6r sur hindb\u00e6r<\/span><\/div>\n<\/li>\n<\/ol>\n<h2>Pakkeliste<\/h2>\n<p>1*JNR Alien 10.000 pust til engangsbrug<\/p>\n<p>&nbsp;<\/p>\n<figure id=\"attachment_1251\" aria-describedby=\"caption-attachment-1251\" style=\"width: 800px\" class=\"wp-caption alignnone\"><img decoding=\"async\" class=\"size-full wp-image-1251\" title=\"JNR Alien 10000 Surt \u00e6ble\" src=\"https:\/\/www.spacexvape.com\/wp-content\/uploads\/2025\/01\/JNR-Alien-10000-Sour-Apple.webp\" alt=\"JNR Alien 10000 Surt \u00e6ble\" width=\"800\" height=\"800\" srcset=\"https:\/\/www.spacexvape.com\/wp-content\/uploads\/2025\/01\/JNR-Alien-10000-Sour-Apple.webp 800w, https:\/\/www.spacexvape.com\/wp-content\/uploads\/2025\/01\/JNR-Alien-10000-Sour-Apple-247x247.webp 247w, https:\/\/www.spacexvape.com\/wp-content\/uploads\/2025\/01\/JNR-Alien-10000-Sour-Apple-100x100.webp 100w, https:\/\/www.spacexvape.com\/wp-content\/uploads\/2025\/01\/JNR-Alien-10000-Sour-Apple-510x510.webp 510w, https:\/\/www.spacexvape.com\/wp-content\/uploads\/2025\/01\/JNR-Alien-10000-Sour-Apple-300x300.webp 300w, https:\/\/www.spacexvape.com\/wp-content\/uploads\/2025\/01\/JNR-Alien-10000-Sour-Apple-150x150.webp 150w, https:\/\/www.spacexvape.com\/wp-content\/uploads\/2025\/01\/JNR-Alien-10000-Sour-Apple-768x768.webp 768w, https:\/\/www.spacexvape.com\/wp-content\/uploads\/2025\/01\/JNR-Alien-10000-Sour-Apple-96x96.webp 96w\" sizes=\"(max-width: 800px) 100vw, 800px\" \/><figcaption id=\"caption-attachment-1251\" class=\"wp-caption-text\">JNR Alien 10000 Surt \u00e6ble<\/figcaption><\/figure>\n<p>&nbsp;<\/p>\n<p>&nbsp;<\/p>","protected":false},"excerpt":{"rendered":"<p>JNR Alien 10000 \/ 2% &amp; 5% nikotin \/ 850 mAh genopladeligt batteri \/ 20 ml e-v\u00e6ske \/ 10000 pust \/ European Warehouse<\/p>","protected":false},"featured_media":1241,"comment_status":"open","ping_status":"closed","template":"","meta":[],"product_brand":[535],"product_cat":[15],"product_tag":[503,556,549],"class_list":{"0":"post-1185","1":"product","2":"type-product","3":"status-publish","4":"has-post-thumbnail","6":"product_brand-jnr","7":"product_cat-disposable-vapes","8":"product_tag-10000-puffs","9":"product_tag-20ml","10":"product_tag-850mah","11":"product_shipping_class-china-warehouse-wholesale","12":"pa_battery-850mah","13":"pa_e-liquid-20ml","14":"pa_nicotine-2-percent","15":"pa_puffs-10000-puffs","16":"pa_rechargeable-yes","18":"first","19":"instock","20":"shipping-taxable","21":"purchasable","22":"product-type-variable"},"wcpa_form_fields":null,"_links":{"self":[{"href":"https:\/\/www.spacexvape.com\/da\/wp-json\/wp\/v2\/product\/1185","targetHints":{"allow":["GET"]}}],"collection":[{"href":"https:\/\/www.spacexvape.com\/da\/wp-json\/wp\/v2\/product"}],"about":[{"href":"https:\/\/www.spacexvape.com\/da\/wp-json\/wp\/v2\/types\/product"}],"replies":[{"embeddable":true,"href":"https:\/\/www.spacexvape.com\/da\/wp-json\/wp\/v2\/comments?post=1185"}],"wp:featuredmedia":[{"embeddable":true,"href":"https:\/\/www.spacexvape.com\/da\/wp-json\/wp\/v2\/media\/1241"}],"wp:attachment":[{"href":"https:\/\/www.spacexvape.com\/da\/wp-json\/wp\/v2\/media?parent=1185"}],"wp:term":[{"taxonomy":"product_brand","embeddable":true,"href":"https:\/\/www.spacexvape.com\/da\/wp-json\/wp\/v2\/product_brand?post=1185"},{"taxonomy":"product_cat","embeddable":true,"href":"https:\/\/www.spacexvape.com\/da\/wp-json\/wp\/v2\/product_cat?post=1185"},{"taxonomy":"product_tag","embeddable":true,"href":"https:\/\/www.spacexvape.com\/da\/wp-json\/wp\/v2\/product_tag?post=1185"}],"curies":[{"name":"wp","href":"https:\/\/api.w.org\/{rel}","templated":true}]}}