{"id":1612,"date":"2025-02-20T12:13:19","date_gmt":"2025-02-20T12:13:19","guid":{"rendered":"https:\/\/www.spacexvape.com\/?post_type=product&#038;p=1612"},"modified":"2026-03-18T09:46:14","modified_gmt":"2026-03-18T01:46:14","slug":"fumot-digital-box-12000-puffs-disposable-vape","status":"publish","type":"product","link":"https:\/\/www.spacexvape.com\/da\/vare\/fumot-digital-box-12000-puffs-engangs-vape","title":{"rendered":"Fumot Digital Box 12000 Puffs Engangs-vape"},"content":{"rendered":"<p>Den <a title=\"Fumot\" href=\"https:\/\/www.spacexvape.com\/da\/brand\/fumot\/\">Fumot<\/a> Digital Box 12000 Puffs engangs-vape er en h\u00f8jtydende engangs-vape designet til brugere, der \u00f8nsker lang levetid og bekvemmelighed. Med et unikt og stilfuldt abedesign skiller denne enhed sig ud i b\u00e5de udseende og funktionalitet. Den indbyggede LED-sk\u00e6rm viser batteriets levetid, s\u00e5 du altid er informeret og aldrig bliver overrasket.<\/p>\n<p>Fumot Digital Box 12000 har en imponerende kapacitet p\u00e5 12000 pust og er perfekt til l\u00e6ngerevarende dampsessioner uden hyppige udskiftninger. Kapaciteten p\u00e5 20 ml e-v\u00e6ske giver en j\u00e6vn og ensartet dampning fra start til slut, hvilket g\u00f8r den til et ideelt valg for dampentusiaster.<\/p>\n<p>Fumot Digital Box 12000 er perfekt til dampere, der \u00f8nsker en l\u00e6ngerevarende oplevelse i h\u00f8j kvalitet, og det genopladelige batteri p\u00e5 500 mAh og USB Type-C-opladning giver \u00f8get bekvemmelighed og ydeevne.<\/p>\n<h2>Fumot Digital Box 12000 Puffs Engangs-vape Specifikation<\/h2>\n<ul>\n<li>M\u00e6rke og model: Fumot Digital Box<\/li>\n<li>Puffs st\u00f8tte: Op til 12.000<\/li>\n<li>E-v\u00e6ske: 20ML<\/li>\n<li>Spole med tre masker: 0,8\u03a9<\/li>\n<li>500mAh genopladelig<\/li>\n<li>Nikotin: 2% &amp; 5%<\/li>\n<li>USB Type-C (kabel medf\u00f8lger ikke)<\/li>\n<\/ul>\n<h2>Liste over valgmuligheder<\/h2>\n<ol>\n<li>Cool Mint<\/li>\n<li>Vandmelon-is<\/li>\n<li>Bl\u00e5b\u00e6r Hindb\u00e6r<\/li>\n<li>Jordb\u00e6r og vandmelon<\/li>\n<li>Jordb\u00e6r og banan<\/li>\n<li>Frodig is<\/li>\n<li>Kirseb\u00e6r<\/li>\n<li>Jordb\u00e6r-is<\/li>\n<li>Ispinde<\/li>\n<li>Lyser\u00f8d limonade<\/li>\n<li>Mango p\u00e5 is<\/li>\n<li>Blandede b\u00e6r<\/li>\n<li>Jordb\u00e6r Drue<\/li>\n<li>Kirseb\u00e6r Cola<\/li>\n<li>Dr. Blue<\/li>\n<li>Bl\u00e5b\u00e6r p\u00e5 is<\/li>\n<li>Kiwi Passionsfrugt Guava<\/li>\n<li>Jordb\u00e6r Kiwi<\/li>\n<li>Fersken og mango<\/li>\n<li>Fersken-is<\/li>\n<li>Bl\u00e5b\u00e6r Bubblegum<\/li>\n<li>B\u00e6r-limonade<\/li>\n<li>Blue Razz Lemonade<\/li>\n<li>Bluesour Hindb\u00e6r<\/li>\n<li>Red Bull med jordb\u00e6r<\/li>\n<li>Vandmelon tyggegummi<\/li>\n<li>Hindb\u00e6r vandmelon<\/li>\n<li>Sort is<\/li>\n<li>Bl\u00e5b\u00e6r Kirseb\u00e6r Traneb\u00e6r<\/li>\n<li>Strawberry Pomp (Granat\u00e6ble)<\/li>\n<li>Vimto<\/li>\n<li>Kirseb\u00e6rb\u00e6r<\/li>\n<li>Citron og lime<\/li>\n<li>Bingo Crush<\/li>\n<li>Bl\u00e5b\u00e6r Kiwi<\/li>\n<li>Banan-is<\/li>\n<li>Dragefrugt-is<\/li>\n<li>Frugtagtig fusion<\/li>\n<li>K\u00e6rlighed 66<\/li>\n<li>Ananas-is<\/li>\n<li>To \u00e6bler<\/li>\n<\/ol>\n<h2>Pakkeliste<\/h2>\n<p>1*Digital Box 12.000 pust til engangsbrug<\/p>\n<figure id=\"attachment_4420\" aria-describedby=\"caption-attachment-4420\" style=\"width: 800px\" class=\"wp-caption alignnone\"><img decoding=\"async\" class=\"size-full wp-image-4420\" title=\"Fumot Digital Box 12000 Lush Ice\" src=\"https:\/\/www.spacexvape.com\/wp-content\/uploads\/2025\/04\/Fumot-Digital-Box-12000-Lush-Ice.webp\" alt=\"Fumot Digital Box 12000 Lush Ice\" width=\"800\" height=\"800\" srcset=\"https:\/\/www.spacexvape.com\/wp-content\/uploads\/2025\/04\/Fumot-Digital-Box-12000-Lush-Ice.webp 800w, https:\/\/www.spacexvape.com\/wp-content\/uploads\/2025\/04\/Fumot-Digital-Box-12000-Lush-Ice-247x247.webp 247w, https:\/\/www.spacexvape.com\/wp-content\/uploads\/2025\/04\/Fumot-Digital-Box-12000-Lush-Ice-100x100.webp 100w, https:\/\/www.spacexvape.com\/wp-content\/uploads\/2025\/04\/Fumot-Digital-Box-12000-Lush-Ice-510x510.webp 510w, https:\/\/www.spacexvape.com\/wp-content\/uploads\/2025\/04\/Fumot-Digital-Box-12000-Lush-Ice-300x300.webp 300w, https:\/\/www.spacexvape.com\/wp-content\/uploads\/2025\/04\/Fumot-Digital-Box-12000-Lush-Ice-150x150.webp 150w, https:\/\/www.spacexvape.com\/wp-content\/uploads\/2025\/04\/Fumot-Digital-Box-12000-Lush-Ice-768x768.webp 768w, https:\/\/www.spacexvape.com\/wp-content\/uploads\/2025\/04\/Fumot-Digital-Box-12000-Lush-Ice-12x12.webp 12w, https:\/\/www.spacexvape.com\/wp-content\/uploads\/2025\/04\/Fumot-Digital-Box-12000-Lush-Ice-96x96.webp 96w\" sizes=\"(max-width: 800px) 100vw, 800px\" \/><figcaption id=\"caption-attachment-4420\" class=\"wp-caption-text\">Fumot Digital Box 12000 Lush Ice<\/figcaption><\/figure>","protected":false},"excerpt":{"rendered":"<p>Fumot Digital Box 12000\/ 2% nikotin\/ 500mAh genopladeligt batteri\/ 20ml ejuice\/ 12.000 puffs<\/p>","protected":false},"featured_media":4429,"comment_status":"open","ping_status":"closed","template":"","meta":[],"product_brand":[538],"product_cat":[15],"product_tag":[504,556,561],"class_list":{"0":"post-1612","1":"product","2":"type-product","3":"status-publish","4":"has-post-thumbnail","6":"product_brand-fumot","7":"product_cat-disposable-vapes","8":"product_tag-12000-puffs","9":"product_tag-20ml","10":"product_tag-500mah","11":"product_shipping_class-europe-warehouse-retail","12":"pa_battery-500mah","13":"pa_e-liquid-20ml","14":"pa_nicotine-2-percent","15":"pa_puffs-12000-puffs","16":"pa_rechargeable-yes","17":"pa_selling-type-retail","19":"first","20":"instock","21":"featured","22":"shipping-taxable","23":"purchasable","24":"product-type-variable"},"wcpa_form_fields":null,"_links":{"self":[{"href":"https:\/\/www.spacexvape.com\/da\/wp-json\/wp\/v2\/product\/1612","targetHints":{"allow":["GET"]}}],"collection":[{"href":"https:\/\/www.spacexvape.com\/da\/wp-json\/wp\/v2\/product"}],"about":[{"href":"https:\/\/www.spacexvape.com\/da\/wp-json\/wp\/v2\/types\/product"}],"replies":[{"embeddable":true,"href":"https:\/\/www.spacexvape.com\/da\/wp-json\/wp\/v2\/comments?post=1612"}],"wp:featuredmedia":[{"embeddable":true,"href":"https:\/\/www.spacexvape.com\/da\/wp-json\/wp\/v2\/media\/4429"}],"wp:attachment":[{"href":"https:\/\/www.spacexvape.com\/da\/wp-json\/wp\/v2\/media?parent=1612"}],"wp:term":[{"taxonomy":"product_brand","embeddable":true,"href":"https:\/\/www.spacexvape.com\/da\/wp-json\/wp\/v2\/product_brand?post=1612"},{"taxonomy":"product_cat","embeddable":true,"href":"https:\/\/www.spacexvape.com\/da\/wp-json\/wp\/v2\/product_cat?post=1612"},{"taxonomy":"product_tag","embeddable":true,"href":"https:\/\/www.spacexvape.com\/da\/wp-json\/wp\/v2\/product_tag?post=1612"}],"curies":[{"name":"wp","href":"https:\/\/api.w.org\/{rel}","templated":true}]}}