{"id":1915,"date":"2025-02-24T09:57:19","date_gmt":"2025-02-24T09:57:19","guid":{"rendered":"https:\/\/www.spacexvape.com\/?post_type=product&#038;p=1915"},"modified":"2026-04-01T11:46:49","modified_gmt":"2026-04-01T03:46:49","slug":"fumot-tornado-30k-music-disposable-vape","status":"publish","type":"product","link":"https:\/\/www.spacexvape.com\/da\/vare\/fumot-tornado-30k-musik-engangs-vape","title":{"rendered":"Fumot Tornado 30K Music Engangs-vape"},"content":{"rendered":"<p>Den <a title=\"Fumot\" href=\"https:\/\/www.spacexvape.com\/da\/brand\/fumot\/\">Fumot<\/a> Tornado 30K Music er designet til dem, der kr\u00e6ver en overlegen dampoplevelse. Med imponerende 30K pust og 30 ml forudfyldt e-v\u00e6ske giver den langvarig tilfredshed med minimale genopfyldninger. Uanset om du foretr\u00e6kker 2% eller 5% nikotin, im\u00f8dekommer denne engangsdamper dine individuelle behov og sikrer, at hver session giver ensartet, glat damp. Den innovative mesh coil-teknologi (1,0\u03a9) garanterer optimal ydeevne og giver fyldig damp med mange muligheder hver gang.<\/p>\n<p>Fumot Tornado 30K Music er designet med bekvemmelighed i tankerne og har et genopladeligt batteri p\u00e5 600 mAh, der giver p\u00e5lidelighed til l\u00e6ngerevarende dampsessioner. Type-C-hurtigopladning sikrer, at du hurtigt kan t\u00e6nde din enhed, hvilket minimerer nedetid og giver mulighed for uafbrudt nydelse. Og med 30 sp\u00e6ndende muligheder at v\u00e6lge imellem opfylder denne engangsdamper alle pr\u00e6ferencer, hvilket g\u00f8r den til det perfekte valg for dem, der \u00f8nsker at forbedre deres dampoplevelse med variation og stil.<\/p>\n<p>Ikke bare en damp, men en oplevelse. Fumot Tornado 30K Music er udstyret med LED-lys, der synkroniseres med musikken og giver en visuelt imponerende og fordybende damprejse. Uanset om du slapper af eller er ude med vennerne, skaber de levende lys en sjov og dynamisk atmosf\u00e6re, der l\u00f8fter din oplevelse ud over bare smagen. Denne engangsdamper kombinerer ydeevne, innovation og \u00e6stetik, hvilket g\u00f8r den til et ideelt valg for dem, der s\u00f8ger b\u00e5de stil og substans.<\/p>\n<h2>Fumot Tornado 30K Music Engangs-vape Specifikation<\/h2>\n<ul>\n<li>M\u00e6rke og model: Fumot Tornado 30K<\/li>\n<li>Puffs st\u00f8tte: Op til 30K<\/li>\n<li>E-v\u00e6ske: 30ML<\/li>\n<li>Spolemodstand: 1,0\u03a9<\/li>\n<li>Musik-synkroniserede LED-lys<\/li>\n<li>Nikotinindstillinger: 2% &amp; 5%<\/li>\n<\/ul>\n<h2>Liste over valgmuligheder<\/h2>\n<ol>\n<li>Banan-is<\/li>\n<li>Sort is<\/li>\n<li>Blue Razz Ice<\/li>\n<li>Bl\u00e5b\u00e6r sur hindb\u00e6r<\/li>\n<li>Kirseb\u00e6r-is<\/li>\n<li>Kirseb\u00e6r Cola<\/li>\n<li>Cola Is<\/li>\n<li>Cool Mint<\/li>\n<li>Bl\u00e5b\u00e6r Hindb\u00e6r<\/li>\n<li>Dobbelt \u00e6ble<\/li>\n<li>Dr. Blue<\/li>\n<li>Drue-is<\/li>\n<li>Bl\u00e5b\u00e6r p\u00e5 is<\/li>\n<li>Ispinde<\/li>\n<li>Kiwi Passionsfrugt Guava<\/li>\n<li>K\u00e6rlighed 66<\/li>\n<li>Frodig is<\/li>\n<li>Blandede b\u00e6r<\/li>\n<li>Fersken og b\u00e6r<\/li>\n<li>Fersken-is<\/li>\n<li>Jordb\u00e6r-is<\/li>\n<li>Peachy Mango Ananas<\/li>\n<li>Ananas-is<\/li>\n<li>Lyser\u00f8d limonade<\/li>\n<li>Kegler<\/li>\n<li>Jordb\u00e6r og banan<\/li>\n<li>Jordb\u00e6r og vandmelon<\/li>\n<li>Tredobbelt mango<\/li>\n<li>Vimto<\/li>\n<li>Jordb\u00e6r Drue<\/li>\n<\/ol>\n<h2>Pakkeliste<\/h2>\n<p>1*Fumot Tornado 30K Music Engangs-vape<\/p>\n<figure id=\"attachment_4412\" aria-describedby=\"caption-attachment-4412\" style=\"width: 800px\" class=\"wp-caption alignnone\"><img decoding=\"async\" class=\"size-full wp-image-4412\" title=\"Fumot Tornado 30K Music Triple Mango\" src=\"https:\/\/www.spacexvape.com\/wp-content\/uploads\/2025\/04\/Fumot-Tornado-30K-Music-Triple-Mango.webp\" alt=\"Fumot Tornado 30K Music Triple Mango\" width=\"800\" height=\"800\" srcset=\"https:\/\/www.spacexvape.com\/wp-content\/uploads\/2025\/04\/Fumot-Tornado-30K-Music-Triple-Mango.webp 800w, https:\/\/www.spacexvape.com\/wp-content\/uploads\/2025\/04\/Fumot-Tornado-30K-Music-Triple-Mango-247x247.webp 247w, https:\/\/www.spacexvape.com\/wp-content\/uploads\/2025\/04\/Fumot-Tornado-30K-Music-Triple-Mango-100x100.webp 100w, https:\/\/www.spacexvape.com\/wp-content\/uploads\/2025\/04\/Fumot-Tornado-30K-Music-Triple-Mango-510x510.webp 510w, https:\/\/www.spacexvape.com\/wp-content\/uploads\/2025\/04\/Fumot-Tornado-30K-Music-Triple-Mango-300x300.webp 300w, https:\/\/www.spacexvape.com\/wp-content\/uploads\/2025\/04\/Fumot-Tornado-30K-Music-Triple-Mango-150x150.webp 150w, https:\/\/www.spacexvape.com\/wp-content\/uploads\/2025\/04\/Fumot-Tornado-30K-Music-Triple-Mango-768x768.webp 768w, https:\/\/www.spacexvape.com\/wp-content\/uploads\/2025\/04\/Fumot-Tornado-30K-Music-Triple-Mango-12x12.webp 12w, https:\/\/www.spacexvape.com\/wp-content\/uploads\/2025\/04\/Fumot-Tornado-30K-Music-Triple-Mango-96x96.webp 96w\" sizes=\"(max-width: 800px) 100vw, 800px\" \/><figcaption id=\"caption-attachment-4412\" class=\"wp-caption-text\">Fumot Tornado 30K Music Triple Mango<\/figcaption><\/figure>","protected":false},"excerpt":{"rendered":"<p>Fumot Tornado 30K Music\/ 2% nikotin\/ 600mAh genopladeligt batteri\/ 30ml E-v\u00e6ske\/ 30.000 pust<\/p>","protected":false},"featured_media":4413,"comment_status":"open","ping_status":"closed","template":"","meta":[],"product_brand":[538],"product_cat":[15],"product_tag":[512,564,560],"class_list":{"0":"post-1915","1":"product","2":"type-product","3":"status-publish","4":"has-post-thumbnail","6":"product_brand-fumot","7":"product_cat-disposable-vapes","8":"product_tag-30000-puffs","9":"product_tag-30ml","10":"product_tag-600mah","11":"product_shipping_class-europe-warehouse-retail","12":"pa_battery-600mah","13":"pa_e-liquid-30ml","14":"pa_puffs-30000-puffs","15":"pa_rechargeable-yes","16":"pa_selling-type-retail","18":"first","19":"instock","20":"shipping-taxable","21":"purchasable","22":"product-type-variable"},"wcpa_form_fields":null,"_links":{"self":[{"href":"https:\/\/www.spacexvape.com\/da\/wp-json\/wp\/v2\/product\/1915","targetHints":{"allow":["GET"]}}],"collection":[{"href":"https:\/\/www.spacexvape.com\/da\/wp-json\/wp\/v2\/product"}],"about":[{"href":"https:\/\/www.spacexvape.com\/da\/wp-json\/wp\/v2\/types\/product"}],"replies":[{"embeddable":true,"href":"https:\/\/www.spacexvape.com\/da\/wp-json\/wp\/v2\/comments?post=1915"}],"wp:featuredmedia":[{"embeddable":true,"href":"https:\/\/www.spacexvape.com\/da\/wp-json\/wp\/v2\/media\/4413"}],"wp:attachment":[{"href":"https:\/\/www.spacexvape.com\/da\/wp-json\/wp\/v2\/media?parent=1915"}],"wp:term":[{"taxonomy":"product_brand","embeddable":true,"href":"https:\/\/www.spacexvape.com\/da\/wp-json\/wp\/v2\/product_brand?post=1915"},{"taxonomy":"product_cat","embeddable":true,"href":"https:\/\/www.spacexvape.com\/da\/wp-json\/wp\/v2\/product_cat?post=1915"},{"taxonomy":"product_tag","embeddable":true,"href":"https:\/\/www.spacexvape.com\/da\/wp-json\/wp\/v2\/product_tag?post=1915"}],"curies":[{"name":"wp","href":"https:\/\/api.w.org\/{rel}","templated":true}]}}