{"id":6465,"date":"2025-06-19T14:54:50","date_gmt":"2025-06-19T06:54:50","guid":{"rendered":"https:\/\/www.spacexvape.com\/?post_type=product&#038;p=6465"},"modified":"2026-04-11T14:47:12","modified_gmt":"2026-04-11T06:47:12","slug":"vapsolo-king-pro-40000-puffs-disposable-vape-wholesale","status":"publish","type":"product","link":"https:\/\/www.spacexvape.com\/da\/vare\/vapsolo-king-pro-40000-puffs-engangs-vape-engros-2","title":{"rendered":"Vapsolo King Pro 40000 Puffs Engangs-vape Engros"},"content":{"rendered":"<p>Den <a href=\"https:\/\/www.spacexvape.com\/da\/brand\/vapsolo\/\"><strong>Vapsolo<\/strong><\/a> King Pro 40000 <span style=\"color: #555555;\">Puffs Disposable Vape er en h\u00f8jkapacitetsenhed, der er bygget til dampere, som kr\u00e6ver b\u00e5de intens frugt og langvarig p\u00e5lidelighed. Den drives af et genopladeligt batteri p\u00e5 650 mAh og er fyldt med 40 ml salt med styrken 2% eller 5%, og den leverer op til 40.000 pust - hvilket g\u00f8r den til en bekymringsfri l\u00f8sning til l\u00e6ngere tids daglig brug.\u00a0<\/span><\/p>\n<p data-start=\"1501\" data-end=\"1870\">Det, der virkelig skiller King Pro ud, er dens f\u00f8rsteklasses forst\u00f8vningssystem. Med en triple mesh coil og en finjusteret luftstr\u00f8mskanal producerer den t\u00e6t, j\u00e6vn og fyldig damp med hvert eneste pust. Uanset om du jagter muligheder eller skyproduktion, sikrer denne avancerede spoleops\u00e6tning en ensartet og tilfredsstillende dampoplevelse, der er langt bedre end almindelige engangsdampe.<\/p>\n<p data-start=\"1875\" data-end=\"2281\">King Pro f\u00e5s oven i k\u00f8bet i en r\u00e6kke af 15 omhyggeligt udformede frugtvarianter, fra forfriskende klassikere som Strawberry Watermelon til mere eksotiske blandinger som Peach Mango Pineapple og Kiwi Passionfruit Guava. Med sit slanke design, fremragende dampkvalitet og brede udvalg af muligheder er King Pro konstrueret til at tilfredsstille enhver pr\u00e6ference - hvilket g\u00f8r den til den perfekte tilf\u00f8jelse til dit engrosproduktsortiment.<\/p>\n<div data-slate-node=\"element\" data-slate-fragment=\"JTVCJTdCJTIydHlwZSUyMiUzQSUyMnBhcmFncmFwaCUyMiUyQyUyMmNoaWxkcmVuJTIyJTNBJTVCJTdCJTIydGV4dCUyMiUzQSUyMmlzJTIwYSUyMGhpZ2gtY2FwYWNpdHklMjBkZXZpY2UlMjBidWlsdCUyMGZvciUyMHZhcGVycyUyMHdobyUyMGRlbWFuZCUyMGJvdGglMjBpbnRlbnNlJTIwZnJ1aXQlMjBmbGF2b3IlMjBhbmQlMjBsb25nLWxhc3RpbmclMjByZWxpYWJpbGl0eS4lMjBQb3dlcmVkJTIwYnklMjBhJTIwNjUwbUFoJTIwcmVjaGFyZ2VhYmxlJTIwYmF0dGVyeSUyMGFuZCUyMHByZS1maWxsZWQlMjB3aXRoJTIwNDBtbCUyMG9mJTIwMiUyNSUyMG9yJTIwNSUyNSUyMG5pY290aW5lJTIwc2FsdCUyMGUtbGlxdWlkJTJDJTIwaXQlMjBkZWxpdmVycyUyMHVwJTIwdG8lMjA0MCUyQzAwMCUyMHB1ZmZzJUUyJTgwJTk0bWFraW5nJTIwaXQlMjBhJTIwd29ycnktZnJlZSUyMG9wdGlvbiUyMGZvciUyMGV4dGVuZGVkJTIwZGFpbHklMjB1c2UuJTIyJTdEJTVEJTdEJTJDJTdCJTIydHlwZSUyMiUzQSUyMnBhcmFncmFwaCUyMiUyQyUyMmNoaWxkcmVuJTIyJTNBJTVCJTdCJTIydGV4dCUyMiUzQSUyMiUyMiU3RCU1RCU3RCUyQyU3QiUyMnR5cGUlMjIlM0ElMjJwYXJhZ3JhcGglMjIlMkMlMjJjaGlsZHJlbiUyMiUzQSU1QiU3QiUyMnRleHQlMjIlM0ElMjJXaGF0JTIwdHJ1bHklMjBzZXRzJTIwdGhlJTIwS2luZyUyMFBybyUyMGFwYXJ0JTIwaXMlMjBpdHMlMjBwcmVtaXVtJTIwYXRvbWl6YXRpb24lMjBzeXN0ZW0uJTIwRmVhdHVyaW5nJTIwYSUyMHRyaXBsZSUyMG1lc2glMjBjb2lsJTIwYW5kJTIwYSUyMGZpbmVseSUyMHR1bmVkJTIwYWlyZmxvdyUyMGNoYW5uZWwlMkMlMjBpdCUyMHByb2R1Y2VzJTIwZGVuc2UlMkMlMjBzbW9vdGglMkMlMjBhbmQlMjBmbGF2b3JmdWwlMjB2YXBvciUyMHdpdGglMjBldmVyeSUyMHB1ZmYuJTIwV2hldGhlciUyMHlvdSdyZSUyMGNoYXNpbmclMjBmbGF2b3IlMjBvciUyMGNsb3VkJTIwcHJvZHVjdGlvbiUyQyUyMHRoaXMlMjBhZHZhbmNlZCUyMGNvaWwlMjBzZXR1cCUyMGVuc3VyZXMlMjBhJTIwY29uc2lzdGVudCUyMGFuZCUyMHNhdGlzZnlpbmclMjB2YXBpbmclMjBleHBlcmllbmNlJTIwZmFyJTIwc3VwZXJpb3IlMjB0byUyMHN0YW5kYXJkJTIwZGlzcG9zYWJsZXMuJTIyJTdEJTVEJTdEJTJDJTdCJTIydHlwZSUyMiUzQSUyMnBhcmFncmFwaCUyMiUyQyUyMmNoaWxkcmVuJTIyJTNBJTVCJTdCJTIydGV4dCUyMiUzQSUyMiUyMiU3RCU1RCU3RCUyQyU3QiUyMnR5cGUlMjIlM0ElMjJwYXJhZ3JhcGglMjIlMkMlMjJjaGlsZHJlbiUyMiUzQSU1QiU3QiUyMnRleHQlMjIlM0ElMjJUbyUyMHRvcCUyMGl0JTIwb2ZmJTJDJTIwdGhlJTIwS2luZyUyMFBybyUyMGNvbWVzJTIwaW4lMjBhJTIwdmFyaWV0eSUyMG9mJTIwMTUlMjBjYXJlZnVsbHklMjBjcmFmdGVkJTIwZnJ1aXQlMjBmbGF2b3JzJTJDJTIwZnJvbSUyMHJlZnJlc2hpbmclMjBjbGFzc2ljcyUyMGxpa2UlMjBTdHJhd2JlcnJ5JTIwV2F0ZXJtZWxvbiUyMHRvJTIwbW9yZSUyMGV4b3RpYyUyMGJsZW5kcyUyMGxpa2UlMjBQZWFjaCUyME1hbmdvJTIwUGluZWFwcGxlJTIwYW5kJTIwS2l3aSUyMFBhc3Npb25mcnVpdCUyMEd1YXZhLiUyMFdpdGglMjBpdHMlMjBzbGVlayUyMGRlc2lnbiUyQyUyMHN1cGVyYiUyMHZhcG9yJTIwcXVhbGl0eSUyQyUyMGFuZCUyMGJyb2FkJTIwZmxhdm9yJTIwcmFuZ2UlMkMlMjB0aGUlMjBLaW5nJTIwUHJvJTIwaXMlMjBlbmdpbmVlcmVkJTIwdG8lMjBzYXRpc2Z5JTIwZXZlcnklMjBwcmVmZXJlbmNlLiUyMiU3RCU1RCU3RCU1RA==\">\n<h2 data-start=\"625\" data-end=\"860\">Vapsolo King Pro 40000 Puffs Engangs-vape Specifikation<\/h2>\n<ul>\n<li data-slate-node=\"element\"><span data-slate-node=\"text\">Nikotin: 2%, 5%<\/span><\/li>\n<li data-slate-node=\"element\"><span data-slate-node=\"text\">Puffs: 40000 Puffs<\/span><\/li>\n<li data-slate-node=\"element\"><span data-slate-node=\"text\">E-v\u00e6ske: 40 ml<\/span><\/li>\n<li data-slate-node=\"element\"><span data-slate-node=\"text\">Batteri: 650 mAh<\/span><\/li>\n<li data-slate-node=\"element\"><span data-slate-node=\"text\">1,0\u03a9 Triple Mesh-spole<\/span><\/li>\n<li data-slate-node=\"element\" data-slate-fragment=\"JTVCJTdCJTIydHlwZSUyMiUzQSUyMnBhcmFncmFwaCUyMiUyQyUyMmNoaWxkcmVuJTIyJTNBJTVCJTdCJTIydGV4dCUyMiUzQSUyMk5pY290aW5lJTNBJTIwMiUyNSUyQyUyMDUlMjUlMjIlN0QlNUQlN0QlMkMlN0IlMjJ0eXBlJTIyJTNBJTIycGFyYWdyYXBoJTIyJTJDJTIyY2hpbGRyZW4lMjIlM0ElNUIlN0IlMjJ0ZXh0JTIyJTNBJTIyUHVmZnMlM0ElMjA0MDAwMCUyMFB1ZmZzJTIyJTdEJTVEJTdEJTJDJTdCJTIydHlwZSUyMiUzQSUyMnBhcmFncmFwaCUyMiUyQyUyMmNoaWxkcmVuJTIyJTNBJTVCJTdCJTIydGV4dCUyMiUzQSUyMkUtbGlxdWlkJTNBJTIwNDBtbCUyMiU3RCU1RCU3RCUyQyU3QiUyMnR5cGUlMjIlM0ElMjJwYXJhZ3JhcGglMjIlMkMlMjJjaGlsZHJlbiUyMiUzQSU1QiU3QiUyMnRleHQlMjIlM0ElMjJCYXR0ZXJ5JTNBJTIwNjUwbUFoJTIyJTdEJTVEJTdEJTJDJTdCJTIydHlwZSUyMiUzQSUyMnBhcmFncmFwaCUyMiUyQyUyMmNoaWxkcmVuJTIyJTNBJTVCJTdCJTIydGV4dCUyMiUzQSUyMjEuMCVDRSVBOSUyMFRyaXBsZSUyME1lc2glMjBDb2lsJTIyJTdEJTVEJTdEJTJDJTdCJTIydHlwZSUyMiUzQSUyMnBhcmFncmFwaCUyMiUyQyUyMmNoaWxkcmVuJTIyJTNBJTVCJTdCJTIydGV4dCUyMiUzQSUyMlR5cGUtQyUyMFJlY2hhcmdlYWJsZSUyMiU3RCU1RCU3RCU1RA==\"><span data-slate-node=\"text\">Type-C genopladelig<\/span><\/li>\n<\/ul>\n<h2 data-start=\"625\" data-end=\"860\">Liste over valgmuligheder<\/h2>\n<ol>\n<li data-slate-node=\"element\"><span data-slate-node=\"text\">Black Ice Dragefrugt Jordb\u00e6r<\/span><\/li>\n<li data-slate-node=\"element\"><span data-slate-node=\"text\">Bl\u00e5b\u00e6r sur hindb\u00e6r<\/span><\/li>\n<li data-slate-node=\"element\"><span data-slate-node=\"text\">Kirseb\u00e6r Cola<\/span><\/li>\n<li data-slate-node=\"element\"><span data-slate-node=\"text\">Kirseb\u00e6r og citron<\/span><\/li>\n<li data-slate-node=\"element\"><span data-slate-node=\"text\">Grape Burst<\/span><\/li>\n<li data-slate-node=\"element\"><span data-slate-node=\"text\">Kiwi Passionsfrugt Guava<\/span><\/li>\n<li data-slate-node=\"element\"><span data-slate-node=\"text\">Citron Lime<\/span><\/li>\n<li data-slate-node=\"element\"><span data-slate-node=\"text\">K\u00e6rlighed 66<\/span><\/li>\n<li data-slate-node=\"element\"><span data-slate-node=\"text\">Blandede b\u00e6r<\/span><\/li>\n<li data-slate-node=\"element\"><span data-slate-node=\"text\">Fersken og b\u00e6r<\/span><\/li>\n<li data-slate-node=\"element\"><span data-slate-node=\"text\">Fersken Mango Ananas<\/span><\/li>\n<li data-slate-node=\"element\"><span data-slate-node=\"text\">Jordb\u00e6r og banan<\/span><\/li>\n<li data-slate-node=\"element\"><span data-slate-node=\"text\">Jordb\u00e6r Kiwi<\/span><\/li>\n<li data-slate-node=\"element\"><span data-slate-node=\"text\">Jordb\u00e6r og vandmelon<\/span><\/li>\n<li data-slate-node=\"element\" data-slate-fragment=\"JTVCJTdCJTIydHlwZSUyMiUzQSUyMnBhcmFncmFwaCUyMiUyQyUyMmNoaWxkcmVuJTIyJTNBJTVCJTdCJTIydGV4dCUyMiUzQSUyMkJsYWNrJTIwSWNlJTIwRHJhZ29uJTIwRnJ1aXQlMjBTdHJhd2JlcnJ5JTIyJTdEJTVEJTdEJTJDJTdCJTIydHlwZSUyMiUzQSUyMnBhcmFncmFwaCUyMiUyQyUyMmNoaWxkcmVuJTIyJTNBJTVCJTdCJTIydGV4dCUyMiUzQSUyMkJsdWViZXJyeSUyMFNvdXIlMjBSYXNwYmVycnklMjIlN0QlNUQlN0QlMkMlN0IlMjJ0eXBlJTIyJTNBJTIycGFyYWdyYXBoJTIyJTJDJTIyY2hpbGRyZW4lMjIlM0ElNUIlN0IlMjJ0ZXh0JTIyJTNBJTIyQ2hlcnJ5JTIwQ29sYSUyMiU3RCU1RCU3RCUyQyU3QiUyMnR5cGUlMjIlM0ElMjJwYXJhZ3JhcGglMjIlMkMlMjJjaGlsZHJlbiUyMiUzQSU1QiU3QiUyMnRleHQlMjIlM0ElMjJDaGVycnklMjBMZW1vbiUyMiU3RCU1RCU3RCUyQyU3QiUyMnR5cGUlMjIlM0ElMjJwYXJhZ3JhcGglMjIlMkMlMjJjaGlsZHJlbiUyMiUzQSU1QiU3QiUyMnRleHQlMjIlM0ElMjJHcmFwZSUyMEJ1cnN0JTIyJTdEJTVEJTdEJTJDJTdCJTIydHlwZSUyMiUzQSUyMnBhcmFncmFwaCUyMiUyQyUyMmNoaWxkcmVuJTIyJTNBJTVCJTdCJTIydGV4dCUyMiUzQSUyMktpd2klMjBQYXNzaW9uJTIwRnJ1aXQlMjBHdWF2YSUyMiU3RCU1RCU3RCUyQyU3QiUyMnR5cGUlMjIlM0ElMjJwYXJhZ3JhcGglMjIlMkMlMjJjaGlsZHJlbiUyMiUzQSU1QiU3QiUyMnRleHQlMjIlM0ElMjJMZW1vbiUyMExpbWUlMjIlN0QlNUQlN0QlMkMlN0IlMjJ0eXBlJTIyJTNBJTIycGFyYWdyYXBoJTIyJTJDJTIyY2hpbGRyZW4lMjIlM0ElNUIlN0IlMjJ0ZXh0JTIyJTNBJTIyTG92ZSUyMDY2JTIyJTdEJTVEJTdEJTJDJTdCJTIydHlwZSUyMiUzQSUyMnBhcmFncmFwaCUyMiUyQyUyMmNoaWxkcmVuJTIyJTNBJTVCJTdCJTIydGV4dCUyMiUzQSUyMk1peGVkJTIwQmVycnklMjIlN0QlNUQlN0QlMkMlN0IlMjJ0eXBlJTIyJTNBJTIycGFyYWdyYXBoJTIyJTJDJTIyY2hpbGRyZW4lMjIlM0ElNUIlN0IlMjJ0ZXh0JTIyJTNBJTIyUGVhY2glMjBCZXJyeSUyMiU3RCU1RCU3RCUyQyU3QiUyMnR5cGUlMjIlM0ElMjJwYXJhZ3JhcGglMjIlMkMlMjJjaGlsZHJlbiUyMiUzQSU1QiU3QiUyMnRleHQlMjIlM0ElMjJQZWFjaCUyME1hbmdvJTIwUGluZWFwcGxlJTIyJTdEJTVEJTdEJTJDJTdCJTIydHlwZSUyMiUzQSUyMnBhcmFncmFwaCUyMiUyQyUyMmNoaWxkcmVuJTIyJTNBJTVCJTdCJTIydGV4dCUyMiUzQSUyMlN0cmF3YmVycnklMjBCYW5hbmElMjIlN0QlNUQlN0QlMkMlN0IlMjJ0eXBlJTIyJTNBJTIycGFyYWdyYXBoJTIyJTJDJTIyY2hpbGRyZW4lMjIlM0ElNUIlN0IlMjJ0ZXh0JTIyJTNBJTIyU3RyYXdiZXJyeSUyMEtpd2klMjIlN0QlNUQlN0QlMkMlN0IlMjJ0eXBlJTIyJTNBJTIycGFyYWdyYXBoJTIyJTJDJTIyY2hpbGRyZW4lMjIlM0ElNUIlN0IlMjJ0ZXh0JTIyJTNBJTIyU3RyYXdiZXJyeSUyMFdhdGVybWVsb24lMjIlN0QlNUQlN0QlMkMlN0IlMjJ0eXBlJTIyJTNBJTIycGFyYWdyYXBoJTIyJTJDJTIyY2hpbGRyZW4lMjIlM0ElNUIlN0IlMjJ0ZXh0JTIyJTNBJTIyV2F0ZXJtZWxvbiUyMEljZSUyMiU3RCU1RCU3RCU1RA==\"><span data-slate-node=\"text\">Vandmelon-is<\/span><\/li>\n<li data-slate-node=\"element\" data-slate-fragment=\"JTVCJTdCJTIydHlwZSUyMiUzQSUyMnBhcmFncmFwaCUyMiUyQyUyMmNoaWxkcmVuJTIyJTNBJTVCJTdCJTIydGV4dCUyMiUzQSUyMkJsYWNrJTIwSWNlJTIwRHJhZ29uJTIwRnJ1aXQlMjBTdHJhd2JlcnJ5JTIyJTdEJTVEJTdEJTJDJTdCJTIydHlwZSUyMiUzQSUyMnBhcmFncmFwaCUyMiUyQyUyMmNoaWxkcmVuJTIyJTNBJTVCJTdCJTIydGV4dCUyMiUzQSUyMkJsdWViZXJyeSUyMFNvdXIlMjBSYXNwYmVycnklMjIlN0QlNUQlN0QlMkMlN0IlMjJ0eXBlJTIyJTNBJTIycGFyYWdyYXBoJTIyJTJDJTIyY2hpbGRyZW4lMjIlM0ElNUIlN0IlMjJ0ZXh0JTIyJTNBJTIyQ2hlcnJ5JTIwQ29sYSUyMiU3RCU1RCU3RCUyQyU3QiUyMnR5cGUlMjIlM0ElMjJwYXJhZ3JhcGglMjIlMkMlMjJjaGlsZHJlbiUyMiUzQSU1QiU3QiUyMnRleHQlMjIlM0ElMjJDaGVycnklMjBMZW1vbiUyMiU3RCU1RCU3RCUyQyU3QiUyMnR5cGUlMjIlM0ElMjJwYXJhZ3JhcGglMjIlMkMlMjJjaGlsZHJlbiUyMiUzQSU1QiU3QiUyMnRleHQlMjIlM0ElMjJHcmFwZSUyMEJ1cnN0JTIyJTdEJTVEJTdEJTJDJTdCJTIydHlwZSUyMiUzQSUyMnBhcmFncmFwaCUyMiUyQyUyMmNoaWxkcmVuJTIyJTNBJTVCJTdCJTIydGV4dCUyMiUzQSUyMktpd2klMjBQYXNzaW9uJTIwRnJ1aXQlMjBHdWF2YSUyMiU3RCU1RCU3RCUyQyU3QiUyMnR5cGUlMjIlM0ElMjJwYXJhZ3JhcGglMjIlMkMlMjJjaGlsZHJlbiUyMiUzQSU1QiU3QiUyMnRleHQlMjIlM0ElMjJMZW1vbiUyMExpbWUlMjIlN0QlNUQlN0QlMkMlN0IlMjJ0eXBlJTIyJTNBJTIycGFyYWdyYXBoJTIyJTJDJTIyY2hpbGRyZW4lMjIlM0ElNUIlN0IlMjJ0ZXh0JTIyJTNBJTIyTG92ZSUyMDY2JTIyJTdEJTVEJTdEJTJDJTdCJTIydHlwZSUyMiUzQSUyMnBhcmFncmFwaCUyMiUyQyUyMmNoaWxkcmVuJTIyJTNBJTVCJTdCJTIydGV4dCUyMiUzQSUyMk1peGVkJTIwQmVycnklMjIlN0QlNUQlN0QlMkMlN0IlMjJ0eXBlJTIyJTNBJTIycGFyYWdyYXBoJTIyJTJDJTIyY2hpbGRyZW4lMjIlM0ElNUIlN0IlMjJ0ZXh0JTIyJTNBJTIyUGVhY2glMjBCZXJyeSUyMiU3RCU1RCU3RCUyQyU3QiUyMnR5cGUlMjIlM0ElMjJwYXJhZ3JhcGglMjIlMkMlMjJjaGlsZHJlbiUyMiUzQSU1QiU3QiUyMnRleHQlMjIlM0ElMjJQZWFjaCUyME1hbmdvJTIwUGluZWFwcGxlJTIyJTdEJTVEJTdEJTJDJTdCJTIydHlwZSUyMiUzQSUyMnBhcmFncmFwaCUyMiUyQyUyMmNoaWxkcmVuJTIyJTNBJTVCJTdCJTIydGV4dCUyMiUzQSUyMlN0cmF3YmVycnklMjBCYW5hbmElMjIlN0QlNUQlN0QlMkMlN0IlMjJ0eXBlJTIyJTNBJTIycGFyYWdyYXBoJTIyJTJDJTIyY2hpbGRyZW4lMjIlM0ElNUIlN0IlMjJ0ZXh0JTIyJTNBJTIyU3RyYXdiZXJyeSUyMEtpd2klMjIlN0QlNUQlN0QlMkMlN0IlMjJ0eXBlJTIyJTNBJTIycGFyYWdyYXBoJTIyJTJDJTIyY2hpbGRyZW4lMjIlM0ElNUIlN0IlMjJ0ZXh0JTIyJTNBJTIyU3RyYXdiZXJyeSUyMFdhdGVybWVsb24lMjIlN0QlNUQlN0QlMkMlN0IlMjJ0eXBlJTIyJTNBJTIycGFyYWdyYXBoJTIyJTJDJTIyY2hpbGRyZW4lMjIlM0ElNUIlN0IlMjJ0ZXh0JTIyJTNBJTIyV2F0ZXJtZWxvbiUyMEljZSUyMiU3RCU1RCU3RCU1RA==\">Pina Colada<\/li>\n<li data-slate-node=\"element\" data-slate-fragment=\"JTVCJTdCJTIydHlwZSUyMiUzQSUyMnBhcmFncmFwaCUyMiUyQyUyMmNoaWxkcmVuJTIyJTNBJTVCJTdCJTIydGV4dCUyMiUzQSUyMkJsYWNrJTIwSWNlJTIwRHJhZ29uJTIwRnJ1aXQlMjBTdHJhd2JlcnJ5JTIyJTdEJTVEJTdEJTJDJTdCJTIydHlwZSUyMiUzQSUyMnBhcmFncmFwaCUyMiUyQyUyMmNoaWxkcmVuJTIyJTNBJTVCJTdCJTIydGV4dCUyMiUzQSUyMkJsdWViZXJyeSUyMFNvdXIlMjBSYXNwYmVycnklMjIlN0QlNUQlN0QlMkMlN0IlMjJ0eXBlJTIyJTNBJTIycGFyYWdyYXBoJTIyJTJDJTIyY2hpbGRyZW4lMjIlM0ElNUIlN0IlMjJ0ZXh0JTIyJTNBJTIyQ2hlcnJ5JTIwQ29sYSUyMiU3RCU1RCU3RCUyQyU3QiUyMnR5cGUlMjIlM0ElMjJwYXJhZ3JhcGglMjIlMkMlMjJjaGlsZHJlbiUyMiUzQSU1QiU3QiUyMnRleHQlMjIlM0ElMjJDaGVycnklMjBMZW1vbiUyMiU3RCU1RCU3RCUyQyU3QiUyMnR5cGUlMjIlM0ElMjJwYXJhZ3JhcGglMjIlMkMlMjJjaGlsZHJlbiUyMiUzQSU1QiU3QiUyMnRleHQlMjIlM0ElMjJHcmFwZSUyMEJ1cnN0JTIyJTdEJTVEJTdEJTJDJTdCJTIydHlwZSUyMiUzQSUyMnBhcmFncmFwaCUyMiUyQyUyMmNoaWxkcmVuJTIyJTNBJTVCJTdCJTIydGV4dCUyMiUzQSUyMktpd2klMjBQYXNzaW9uJTIwRnJ1aXQlMjBHdWF2YSUyMiU3RCU1RCU3RCUyQyU3QiUyMnR5cGUlMjIlM0ElMjJwYXJhZ3JhcGglMjIlMkMlMjJjaGlsZHJlbiUyMiUzQSU1QiU3QiUyMnRleHQlMjIlM0ElMjJMZW1vbiUyMExpbWUlMjIlN0QlNUQlN0QlMkMlN0IlMjJ0eXBlJTIyJTNBJTIycGFyYWdyYXBoJTIyJTJDJTIyY2hpbGRyZW4lMjIlM0ElNUIlN0IlMjJ0ZXh0JTIyJTNBJTIyTG92ZSUyMDY2JTIyJTdEJTVEJTdEJTJDJTdCJTIydHlwZSUyMiUzQSUyMnBhcmFncmFwaCUyMiUyQyUyMmNoaWxkcmVuJTIyJTNBJTVCJTdCJTIydGV4dCUyMiUzQSUyMk1peGVkJTIwQmVycnklMjIlN0QlNUQlN0QlMkMlN0IlMjJ0eXBlJTIyJTNBJTIycGFyYWdyYXBoJTIyJTJDJTIyY2hpbGRyZW4lMjIlM0ElNUIlN0IlMjJ0ZXh0JTIyJTNBJTIyUGVhY2glMjBCZXJyeSUyMiU3RCU1RCU3RCUyQyU3QiUyMnR5cGUlMjIlM0ElMjJwYXJhZ3JhcGglMjIlMkMlMjJjaGlsZHJlbiUyMiUzQSU1QiU3QiUyMnRleHQlMjIlM0ElMjJQZWFjaCUyME1hbmdvJTIwUGluZWFwcGxlJTIyJTdEJTVEJTdEJTJDJTdCJTIydHlwZSUyMiUzQSUyMnBhcmFncmFwaCUyMiUyQyUyMmNoaWxkcmVuJTIyJTNBJTVCJTdCJTIydGV4dCUyMiUzQSUyMlN0cmF3YmVycnklMjBCYW5hbmElMjIlN0QlNUQlN0QlMkMlN0IlMjJ0eXBlJTIyJTNBJTIycGFyYWdyYXBoJTIyJTJDJTIyY2hpbGRyZW4lMjIlM0ElNUIlN0IlMjJ0ZXh0JTIyJTNBJTIyU3RyYXdiZXJyeSUyMEtpd2klMjIlN0QlNUQlN0QlMkMlN0IlMjJ0eXBlJTIyJTNBJTIycGFyYWdyYXBoJTIyJTJDJTIyY2hpbGRyZW4lMjIlM0ElNUIlN0IlMjJ0ZXh0JTIyJTNBJTIyU3RyYXdiZXJyeSUyMFdhdGVybWVsb24lMjIlN0QlNUQlN0QlMkMlN0IlMjJ0eXBlJTIyJTNBJTIycGFyYWdyYXBoJTIyJTJDJTIyY2hpbGRyZW4lMjIlM0ElNUIlN0IlMjJ0ZXh0JTIyJTNBJTIyV2F0ZXJtZWxvbiUyMEljZSUyMiU3RCU1RCU3RCU1RA==\">Sex On The Beach<\/li>\n<li data-slate-node=\"element\" data-slate-fragment=\"JTVCJTdCJTIydHlwZSUyMiUzQSUyMnBhcmFncmFwaCUyMiUyQyUyMmNoaWxkcmVuJTIyJTNBJTVCJTdCJTIydGV4dCUyMiUzQSUyMkJsYWNrJTIwSWNlJTIwRHJhZ29uJTIwRnJ1aXQlMjBTdHJhd2JlcnJ5JTIyJTdEJTVEJTdEJTJDJTdCJTIydHlwZSUyMiUzQSUyMnBhcmFncmFwaCUyMiUyQyUyMmNoaWxkcmVuJTIyJTNBJTVCJTdCJTIydGV4dCUyMiUzQSUyMkJsdWViZXJyeSUyMFNvdXIlMjBSYXNwYmVycnklMjIlN0QlNUQlN0QlMkMlN0IlMjJ0eXBlJTIyJTNBJTIycGFyYWdyYXBoJTIyJTJDJTIyY2hpbGRyZW4lMjIlM0ElNUIlN0IlMjJ0ZXh0JTIyJTNBJTIyQ2hlcnJ5JTIwQ29sYSUyMiU3RCU1RCU3RCUyQyU3QiUyMnR5cGUlMjIlM0ElMjJwYXJhZ3JhcGglMjIlMkMlMjJjaGlsZHJlbiUyMiUzQSU1QiU3QiUyMnRleHQlMjIlM0ElMjJDaGVycnklMjBMZW1vbiUyMiU3RCU1RCU3RCUyQyU3QiUyMnR5cGUlMjIlM0ElMjJwYXJhZ3JhcGglMjIlMkMlMjJjaGlsZHJlbiUyMiUzQSU1QiU3QiUyMnRleHQlMjIlM0ElMjJHcmFwZSUyMEJ1cnN0JTIyJTdEJTVEJTdEJTJDJTdCJTIydHlwZSUyMiUzQSUyMnBhcmFncmFwaCUyMiUyQyUyMmNoaWxkcmVuJTIyJTNBJTVCJTdCJTIydGV4dCUyMiUzQSUyMktpd2klMjBQYXNzaW9uJTIwRnJ1aXQlMjBHdWF2YSUyMiU3RCU1RCU3RCUyQyU3QiUyMnR5cGUlMjIlM0ElMjJwYXJhZ3JhcGglMjIlMkMlMjJjaGlsZHJlbiUyMiUzQSU1QiU3QiUyMnRleHQlMjIlM0ElMjJMZW1vbiUyMExpbWUlMjIlN0QlNUQlN0QlMkMlN0IlMjJ0eXBlJTIyJTNBJTIycGFyYWdyYXBoJTIyJTJDJTIyY2hpbGRyZW4lMjIlM0ElNUIlN0IlMjJ0ZXh0JTIyJTNBJTIyTG92ZSUyMDY2JTIyJTdEJTVEJTdEJTJDJTdCJTIydHlwZSUyMiUzQSUyMnBhcmFncmFwaCUyMiUyQyUyMmNoaWxkcmVuJTIyJTNBJTVCJTdCJTIydGV4dCUyMiUzQSUyMk1peGVkJTIwQmVycnklMjIlN0QlNUQlN0QlMkMlN0IlMjJ0eXBlJTIyJTNBJTIycGFyYWdyYXBoJTIyJTJDJTIyY2hpbGRyZW4lMjIlM0ElNUIlN0IlMjJ0ZXh0JTIyJTNBJTIyUGVhY2glMjBCZXJyeSUyMiU3RCU1RCU3RCUyQyU3QiUyMnR5cGUlMjIlM0ElMjJwYXJhZ3JhcGglMjIlMkMlMjJjaGlsZHJlbiUyMiUzQSU1QiU3QiUyMnRleHQlMjIlM0ElMjJQZWFjaCUyME1hbmdvJTIwUGluZWFwcGxlJTIyJTdEJTVEJTdEJTJDJTdCJTIydHlwZSUyMiUzQSUyMnBhcmFncmFwaCUyMiUyQyUyMmNoaWxkcmVuJTIyJTNBJTVCJTdCJTIydGV4dCUyMiUzQSUyMlN0cmF3YmVycnklMjBCYW5hbmElMjIlN0QlNUQlN0QlMkMlN0IlMjJ0eXBlJTIyJTNBJTIycGFyYWdyYXBoJTIyJTJDJTIyY2hpbGRyZW4lMjIlM0ElNUIlN0IlMjJ0ZXh0JTIyJTNBJTIyU3RyYXdiZXJyeSUyMEtpd2klMjIlN0QlNUQlN0QlMkMlN0IlMjJ0eXBlJTIyJTNBJTIycGFyYWdyYXBoJTIyJTJDJTIyY2hpbGRyZW4lMjIlM0ElNUIlN0IlMjJ0ZXh0JTIyJTNBJTIyU3RyYXdiZXJyeSUyMFdhdGVybWVsb24lMjIlN0QlNUQlN0QlMkMlN0IlMjJ0eXBlJTIyJTNBJTIycGFyYWdyYXBoJTIyJTJDJTIyY2hpbGRyZW4lMjIlM0ElNUIlN0IlMjJ0ZXh0JTIyJTNBJTIyV2F0ZXJtZWxvbiUyMEljZSUyMiU3RCU1RCU3RCU1RA==\">Brusende kirseb\u00e6r<\/li>\n<li data-slate-node=\"element\" data-slate-fragment=\"JTVCJTdCJTIydHlwZSUyMiUzQSUyMnBhcmFncmFwaCUyMiUyQyUyMmNoaWxkcmVuJTIyJTNBJTVCJTdCJTIydGV4dCUyMiUzQSUyMkJsYWNrJTIwSWNlJTIwRHJhZ29uJTIwRnJ1aXQlMjBTdHJhd2JlcnJ5JTIyJTdEJTVEJTdEJTJDJTdCJTIydHlwZSUyMiUzQSUyMnBhcmFncmFwaCUyMiUyQyUyMmNoaWxkcmVuJTIyJTNBJTVCJTdCJTIydGV4dCUyMiUzQSUyMkJsdWViZXJyeSUyMFNvdXIlMjBSYXNwYmVycnklMjIlN0QlNUQlN0QlMkMlN0IlMjJ0eXBlJTIyJTNBJTIycGFyYWdyYXBoJTIyJTJDJTIyY2hpbGRyZW4lMjIlM0ElNUIlN0IlMjJ0ZXh0JTIyJTNBJTIyQ2hlcnJ5JTIwQ29sYSUyMiU3RCU1RCU3RCUyQyU3QiUyMnR5cGUlMjIlM0ElMjJwYXJhZ3JhcGglMjIlMkMlMjJjaGlsZHJlbiUyMiUzQSU1QiU3QiUyMnRleHQlMjIlM0ElMjJDaGVycnklMjBMZW1vbiUyMiU3RCU1RCU3RCUyQyU3QiUyMnR5cGUlMjIlM0ElMjJwYXJhZ3JhcGglMjIlMkMlMjJjaGlsZHJlbiUyMiUzQSU1QiU3QiUyMnRleHQlMjIlM0ElMjJHcmFwZSUyMEJ1cnN0JTIyJTdEJTVEJTdEJTJDJTdCJTIydHlwZSUyMiUzQSUyMnBhcmFncmFwaCUyMiUyQyUyMmNoaWxkcmVuJTIyJTNBJTVCJTdCJTIydGV4dCUyMiUzQSUyMktpd2klMjBQYXNzaW9uJTIwRnJ1aXQlMjBHdWF2YSUyMiU3RCU1RCU3RCUyQyU3QiUyMnR5cGUlMjIlM0ElMjJwYXJhZ3JhcGglMjIlMkMlMjJjaGlsZHJlbiUyMiUzQSU1QiU3QiUyMnRleHQlMjIlM0ElMjJMZW1vbiUyMExpbWUlMjIlN0QlNUQlN0QlMkMlN0IlMjJ0eXBlJTIyJTNBJTIycGFyYWdyYXBoJTIyJTJDJTIyY2hpbGRyZW4lMjIlM0ElNUIlN0IlMjJ0ZXh0JTIyJTNBJTIyTG92ZSUyMDY2JTIyJTdEJTVEJTdEJTJDJTdCJTIydHlwZSUyMiUzQSUyMnBhcmFncmFwaCUyMiUyQyUyMmNoaWxkcmVuJTIyJTNBJTVCJTdCJTIydGV4dCUyMiUzQSUyMk1peGVkJTIwQmVycnklMjIlN0QlNUQlN0QlMkMlN0IlMjJ0eXBlJTIyJTNBJTIycGFyYWdyYXBoJTIyJTJDJTIyY2hpbGRyZW4lMjIlM0ElNUIlN0IlMjJ0ZXh0JTIyJTNBJTIyUGVhY2glMjBCZXJyeSUyMiU3RCU1RCU3RCUyQyU3QiUyMnR5cGUlMjIlM0ElMjJwYXJhZ3JhcGglMjIlMkMlMjJjaGlsZHJlbiUyMiUzQSU1QiU3QiUyMnRleHQlMjIlM0ElMjJQZWFjaCUyME1hbmdvJTIwUGluZWFwcGxlJTIyJTdEJTVEJTdEJTJDJTdCJTIydHlwZSUyMiUzQSUyMnBhcmFncmFwaCUyMiUyQyUyMmNoaWxkcmVuJTIyJTNBJTVCJTdCJTIydGV4dCUyMiUzQSUyMlN0cmF3YmVycnklMjBCYW5hbmElMjIlN0QlNUQlN0QlMkMlN0IlMjJ0eXBlJTIyJTNBJTIycGFyYWdyYXBoJTIyJTJDJTIyY2hpbGRyZW4lMjIlM0ElNUIlN0IlMjJ0ZXh0JTIyJTNBJTIyU3RyYXdiZXJyeSUyMEtpd2klMjIlN0QlNUQlN0QlMkMlN0IlMjJ0eXBlJTIyJTNBJTIycGFyYWdyYXBoJTIyJTJDJTIyY2hpbGRyZW4lMjIlM0ElNUIlN0IlMjJ0ZXh0JTIyJTNBJTIyU3RyYXdiZXJyeSUyMFdhdGVybWVsb24lMjIlN0QlNUQlN0QlMkMlN0IlMjJ0eXBlJTIyJTNBJTIycGFyYWdyYXBoJTIyJTJDJTIyY2hpbGRyZW4lMjIlM0ElNUIlN0IlMjJ0ZXh0JTIyJTNBJTIyV2F0ZXJtZWxvbiUyMEljZSUyMiU3RCU1RCU3RCU1RA==\">Monster Mangot<\/li>\n<li data-slate-node=\"element\" data-slate-fragment=\"JTVCJTdCJTIydHlwZSUyMiUzQSUyMnBhcmFncmFwaCUyMiUyQyUyMmNoaWxkcmVuJTIyJTNBJTVCJTdCJTIydGV4dCUyMiUzQSUyMkJsYWNrJTIwSWNlJTIwRHJhZ29uJTIwRnJ1aXQlMjBTdHJhd2JlcnJ5JTIyJTdEJTVEJTdEJTJDJTdCJTIydHlwZSUyMiUzQSUyMnBhcmFncmFwaCUyMiUyQyUyMmNoaWxkcmVuJTIyJTNBJTVCJTdCJTIydGV4dCUyMiUzQSUyMkJsdWViZXJyeSUyMFNvdXIlMjBSYXNwYmVycnklMjIlN0QlNUQlN0QlMkMlN0IlMjJ0eXBlJTIyJTNBJTIycGFyYWdyYXBoJTIyJTJDJTIyY2hpbGRyZW4lMjIlM0ElNUIlN0IlMjJ0ZXh0JTIyJTNBJTIyQ2hlcnJ5JTIwQ29sYSUyMiU3RCU1RCU3RCUyQyU3QiUyMnR5cGUlMjIlM0ElMjJwYXJhZ3JhcGglMjIlMkMlMjJjaGlsZHJlbiUyMiUzQSU1QiU3QiUyMnRleHQlMjIlM0ElMjJDaGVycnklMjBMZW1vbiUyMiU3RCU1RCU3RCUyQyU3QiUyMnR5cGUlMjIlM0ElMjJwYXJhZ3JhcGglMjIlMkMlMjJjaGlsZHJlbiUyMiUzQSU1QiU3QiUyMnRleHQlMjIlM0ElMjJHcmFwZSUyMEJ1cnN0JTIyJTdEJTVEJTdEJTJDJTdCJTIydHlwZSUyMiUzQSUyMnBhcmFncmFwaCUyMiUyQyUyMmNoaWxkcmVuJTIyJTNBJTVCJTdCJTIydGV4dCUyMiUzQSUyMktpd2klMjBQYXNzaW9uJTIwRnJ1aXQlMjBHdWF2YSUyMiU3RCU1RCU3RCUyQyU3QiUyMnR5cGUlMjIlM0ElMjJwYXJhZ3JhcGglMjIlMkMlMjJjaGlsZHJlbiUyMiUzQSU1QiU3QiUyMnRleHQlMjIlM0ElMjJMZW1vbiUyMExpbWUlMjIlN0QlNUQlN0QlMkMlN0IlMjJ0eXBlJTIyJTNBJTIycGFyYWdyYXBoJTIyJTJDJTIyY2hpbGRyZW4lMjIlM0ElNUIlN0IlMjJ0ZXh0JTIyJTNBJTIyTG92ZSUyMDY2JTIyJTdEJTVEJTdEJTJDJTdCJTIydHlwZSUyMiUzQSUyMnBhcmFncmFwaCUyMiUyQyUyMmNoaWxkcmVuJTIyJTNBJTVCJTdCJTIydGV4dCUyMiUzQSUyMk1peGVkJTIwQmVycnklMjIlN0QlNUQlN0QlMkMlN0IlMjJ0eXBlJTIyJTNBJTIycGFyYWdyYXBoJTIyJTJDJTIyY2hpbGRyZW4lMjIlM0ElNUIlN0IlMjJ0ZXh0JTIyJTNBJTIyUGVhY2glMjBCZXJyeSUyMiU3RCU1RCU3RCUyQyU3QiUyMnR5cGUlMjIlM0ElMjJwYXJhZ3JhcGglMjIlMkMlMjJjaGlsZHJlbiUyMiUzQSU1QiU3QiUyMnRleHQlMjIlM0ElMjJQZWFjaCUyME1hbmdvJTIwUGluZWFwcGxlJTIyJTdEJTVEJTdEJTJDJTdCJTIydHlwZSUyMiUzQSUyMnBhcmFncmFwaCUyMiUyQyUyMmNoaWxkcmVuJTIyJTNBJTVCJTdCJTIydGV4dCUyMiUzQSUyMlN0cmF3YmVycnklMjBCYW5hbmElMjIlN0QlNUQlN0QlMkMlN0IlMjJ0eXBlJTIyJTNBJTIycGFyYWdyYXBoJTIyJTJDJTIyY2hpbGRyZW4lMjIlM0ElNUIlN0IlMjJ0ZXh0JTIyJTNBJTIyU3RyYXdiZXJyeSUyMEtpd2klMjIlN0QlNUQlN0QlMkMlN0IlMjJ0eXBlJTIyJTNBJTIycGFyYWdyYXBoJTIyJTJDJTIyY2hpbGRyZW4lMjIlM0ElNUIlN0IlMjJ0ZXh0JTIyJTNBJTIyU3RyYXdiZXJyeSUyMFdhdGVybWVsb24lMjIlN0QlNUQlN0QlMkMlN0IlMjJ0eXBlJTIyJTNBJTIycGFyYWdyYXBoJTIyJTJDJTIyY2hpbGRyZW4lMjIlM0ElNUIlN0IlMjJ0ZXh0JTIyJTNBJTIyV2F0ZXJtZWxvbiUyMEljZSUyMiU3RCU1RCU3RCU1RA==\">Lyser\u00f8d limonade<\/li>\n<\/ol>\n<h2 data-start=\"625\" data-end=\"860\">Pakkeliste<\/h2>\n<p>10*Vapsolo King Pro 40.000 pust til engangsbrug<\/p>\n<figure id=\"attachment_4957\" aria-describedby=\"caption-attachment-4957\" style=\"width: 800px\" class=\"wp-caption alignnone\"><img decoding=\"async\" class=\"size-full wp-image-4957\" title=\"Vapsolo King Pro 40000 Bl\u00e5b\u00e6r sur hindb\u00e6r\" src=\"https:\/\/www.spacexvape.com\/wp-content\/uploads\/2025\/05\/Vapsolo-King-Pro-40000-Blueberry-Sour-Raspberry.webp\" alt=\"Vapsolo King Pro 40000 Bl\u00e5b\u00e6r sur hindb\u00e6r\" width=\"800\" height=\"800\" srcset=\"https:\/\/www.spacexvape.com\/wp-content\/uploads\/2025\/05\/Vapsolo-King-Pro-40000-Blueberry-Sour-Raspberry.webp 800w, https:\/\/www.spacexvape.com\/wp-content\/uploads\/2025\/05\/Vapsolo-King-Pro-40000-Blueberry-Sour-Raspberry-247x247.webp 247w, https:\/\/www.spacexvape.com\/wp-content\/uploads\/2025\/05\/Vapsolo-King-Pro-40000-Blueberry-Sour-Raspberry-100x100.webp 100w, https:\/\/www.spacexvape.com\/wp-content\/uploads\/2025\/05\/Vapsolo-King-Pro-40000-Blueberry-Sour-Raspberry-510x510.webp 510w, https:\/\/www.spacexvape.com\/wp-content\/uploads\/2025\/05\/Vapsolo-King-Pro-40000-Blueberry-Sour-Raspberry-300x300.webp 300w, https:\/\/www.spacexvape.com\/wp-content\/uploads\/2025\/05\/Vapsolo-King-Pro-40000-Blueberry-Sour-Raspberry-150x150.webp 150w, https:\/\/www.spacexvape.com\/wp-content\/uploads\/2025\/05\/Vapsolo-King-Pro-40000-Blueberry-Sour-Raspberry-768x768.webp 768w, https:\/\/www.spacexvape.com\/wp-content\/uploads\/2025\/05\/Vapsolo-King-Pro-40000-Blueberry-Sour-Raspberry-12x12.webp 12w, https:\/\/www.spacexvape.com\/wp-content\/uploads\/2025\/05\/Vapsolo-King-Pro-40000-Blueberry-Sour-Raspberry-96x96.webp 96w\" sizes=\"(max-width: 800px) 100vw, 800px\" \/><figcaption id=\"caption-attachment-4957\" class=\"wp-caption-text\">Vapsolo King Pro 40000 Bl\u00e5b\u00e6r sur hindb\u00e6r<\/figcaption><\/figure>\n<\/div>","protected":false},"excerpt":{"rendered":"<p><span style=\"color: #ed1c24;\"><a style=\"color: #ed1c24;\" href=\"https:\/\/www.spacexvape.com\/da\/vare\/vapsolo-king-pro-40000-puffs-engangs-vape\/\"><strong>Vapsolo King Pro 40000 detailhandel<\/strong><\/a> <\/span>\/ 2% &amp; <span data-slate-node=\"text\">5% <\/span>styrke \/ 650 mAh genopladeligt batteri \/ 40 ml kapacitet \/ 40.000 pust \/ europ\u00e6isk lager<\/p>","protected":false},"featured_media":4955,"comment_status":"open","ping_status":"closed","template":"","meta":[],"product_brand":[525],"product_cat":[15],"product_tag":[514,554,541],"class_list":{"0":"post-6465","1":"product","2":"type-product","3":"status-publish","4":"has-post-thumbnail","6":"product_brand-vapsolo","7":"product_cat-disposable-vapes","8":"product_tag-40000-puffs","9":"product_tag-40ml","10":"product_tag-650mah","11":"product_shipping_class-europe-warehouse-wholesale","12":"pa_battery-650mah","13":"pa_e-liquid-40ml","14":"pa_flavor-black-ice-dragon-fruit-strawberry","15":"pa_flavor-blueberry-sour-raspberry","16":"pa_flavor-cherry-cola","17":"pa_flavor-cherry-lemon","18":"pa_flavor-fizzy-cherry","19":"pa_flavor-grape-burst","20":"pa_flavor-kiwi-passion-fruit-guava","21":"pa_flavor-lemon-lime","22":"pa_flavor-love-66","23":"pa_flavor-mixed-berry","24":"pa_flavor-monster-mangot","25":"pa_flavor-peach-berry","26":"pa_flavor-peach-mango-pineapple","27":"pa_flavor-pina-colada","28":"pa_flavor-pink-lemonade","29":"pa_flavor-sex-on-the-beach","30":"pa_flavor-strawberry-banana","31":"pa_flavor-strawberry-kiwi","32":"pa_flavor-strawberry-watermelon","33":"pa_flavor-watermelon-ice","34":"pa_nicotine-2-percent","35":"pa_nicotine-5-percent","36":"pa_puffs-40000-puffs","37":"pa_rechargeable-yes","38":"pa_selling-type-micro-wholesale","40":"first","41":"instock","42":"shipping-taxable","43":"purchasable","44":"product-type-variable"},"wcpa_form_fields":null,"_links":{"self":[{"href":"https:\/\/www.spacexvape.com\/da\/wp-json\/wp\/v2\/product\/6465","targetHints":{"allow":["GET"]}}],"collection":[{"href":"https:\/\/www.spacexvape.com\/da\/wp-json\/wp\/v2\/product"}],"about":[{"href":"https:\/\/www.spacexvape.com\/da\/wp-json\/wp\/v2\/types\/product"}],"replies":[{"embeddable":true,"href":"https:\/\/www.spacexvape.com\/da\/wp-json\/wp\/v2\/comments?post=6465"}],"wp:featuredmedia":[{"embeddable":true,"href":"https:\/\/www.spacexvape.com\/da\/wp-json\/wp\/v2\/media\/4955"}],"wp:attachment":[{"href":"https:\/\/www.spacexvape.com\/da\/wp-json\/wp\/v2\/media?parent=6465"}],"wp:term":[{"taxonomy":"product_brand","embeddable":true,"href":"https:\/\/www.spacexvape.com\/da\/wp-json\/wp\/v2\/product_brand?post=6465"},{"taxonomy":"product_cat","embeddable":true,"href":"https:\/\/www.spacexvape.com\/da\/wp-json\/wp\/v2\/product_cat?post=6465"},{"taxonomy":"product_tag","embeddable":true,"href":"https:\/\/www.spacexvape.com\/da\/wp-json\/wp\/v2\/product_tag?post=6465"}],"curies":[{"name":"wp","href":"https:\/\/api.w.org\/{rel}","templated":true}]}}