{"id":6895,"date":"2025-06-23T17:14:50","date_gmt":"2025-06-23T09:14:50","guid":{"rendered":"https:\/\/www.spacexvape.com\/?post_type=product&#038;p=6895"},"modified":"2025-11-05T10:39:38","modified_gmt":"2025-11-05T02:39:38","slug":"bang-gear-20000-puffs-disposable-vape-wholesale","status":"publish","type":"product","link":"https:\/\/www.spacexvape.com\/da\/vare\/bang-gear-20000-puffs-engangs-vape-engros","title":{"rendered":"Bang Gear 20000 Puffs Engangsdamp Engros"},"content":{"rendered":"<div data-slate-node=\"element\" data-slate-fragment=\"JTVCJTdCJTIydHlwZSUyMiUzQSUyMnBhcmFncmFwaCUyMiUyQyUyMmNoaWxkcmVuJTIyJTNBJTVCJTdCJTIydGV4dCUyMiUzQSUyMjMwbWwlMjBlLWxpcXVpZCUyMGNhcGFjaXR5JTIwYW5kJTIwNjUwbUFoJTIwcmVjaGFyZ2VhYmxlJTIwYmF0dGVyeS4lMjBDaG9vc2UlMjB5b3VyJTIwcGVyZmVjdCUyMG5pY290aW5lJTIwc3RyZW5ndGglMjBmcm9tJTIwMCUyNSUyQyUyMDIlMjUlMkMlMjAzJTI1JTJDJTIwb3IlMjA1JTI1JTIwb3B0aW9ucyUyMGZvciUyMGElMjB0cnVseSUyMGN1c3RvbWl6ZWQlMjB2YXBpbmclMjBleHBlcmllbmNlJTIwdGhhdCUyMGxhc3RzLiUyMiU3RCU1RCU3RCUyQyU3QiUyMnR5cGUlMjIlM0ElMjJwYXJhZ3JhcGglMjIlMkMlMjJjaGlsZHJlbiUyMiUzQSU1QiU3QiUyMnRleHQlMjIlM0ElMjIlMjIlN0QlNUQlN0QlMkMlN0IlMjJ0eXBlJTIyJTNBJTIycGFyYWdyYXBoJTIyJTJDJTIyY2hpbGRyZW4lMjIlM0ElNUIlN0IlMjJ0ZXh0JTIyJTNBJTIyUG93ZXJlZCUyMGJ5JTIwYW4lMjBhZHZhbmNlZCUyMDEuMm9obSUyMGR1YWwlMjBtZXNoJTIwY29pbCUyQyUyMHRoZSUyMFZhcHNvbG8lMjBQcm9NYXglMjBkZWxpdmVycyUyMGV4Y2VwdGlvbmFsbHklMjByaWNoJTIwZmxhdm9yJTIwYWNyb3NzJTIwYWxsJTIwMjUwMDAlMjBwdWZmcy4lMjBUaGUlMjBidWlsdC1pbiUyMHNtYXJ0JTIwTEVEJTIwZGlzcGxheSUyMHByb3ZpZGVzJTIwcmVhbC10aW1lJTIwZS1qdWljZSUyMGFuZCUyMGJhdHRlcnklMjBtb25pdG9yaW5nJTJDJTIwZW5zdXJpbmclMjB5b3UncmUlMjBhbHdheXMlMjBpbiUyMGNvbnRyb2wuJTIyJTdEJTVEJTdEJTJDJTdCJTIydHlwZSUyMiUzQSUyMnBhcmFncmFwaCUyMiUyQyUyMmNoaWxkcmVuJTIyJTNBJTVCJTdCJTIydGV4dCUyMiUzQSUyMiUyMiU3RCU1RCU3RCUyQyU3QiUyMnR5cGUlMjIlM0ElMjJwYXJhZ3JhcGglMjIlMkMlMjJjaGlsZHJlbiUyMiUzQSU1QiU3QiUyMnRleHQlMjIlM0ElMjJXaXRoJTIwYW4lMjBleGNpdGluZyUyMHNlbGVjdGlvbiUyMG9mJTIwcHJlbWl1bSUyMGZsYXZvcnMlMkMlMjB0aGUlMjBWYXBzb2xvJTIwUHJvTWF4JTIwMjUwMDAlMjBQdWZmcyUyMERpc3Bvc2FibGUlMjBWYXBlJTIwb2ZmZXJzJTIwdW5wYXJhbGxlbGVkJTIwc2F0aXNmYWN0aW9uJTIwZm9yJTIwZXZlcnklMjB2YXBpbmclMjBzdHlsZS4lMjIlN0QlNUQlN0QlNUQ=\">\n<p>Den <a href=\"https:\/\/www.spacexvape.com\/da\/brand\/bang\/\"><strong>Bang<\/strong><\/a> Gear 20000 Puffs <span data-slate-node=\"text\">Engangs-vape <\/span>l\u00f8fter din dampoplevelse med sin gener\u00f8se 20 ml-kapacitet og kraftfulde 600 mAh integrerede batteri. Desuden tilbyder den fleksibel styrke (0%\/2%\/3%\/5%), s\u00e5 den passer perfekt til dine pr\u00e6ferencer og sikrer ensartet tilfredshed under hele brugen.<\/p>\n<p data-start=\"1106\" data-end=\"1395\">Hemmeligheden bag dens enest\u00e5ende ydeevne ligger i den f\u00f8rsteklasses 1,0 ohm mesh coil-teknologi, der giver en fyldig, stabil indstilling over alle 20.000 pust. Derudover giver det smarte LED-display realtidsoverv\u00e5gning af kapacitet og batteriniveau, s\u00e5 du altid er fuldt informeret.<\/p>\n<p data-start=\"1400\" data-end=\"1692\">Det bedste af det hele er, at vores mesterligt udformede udvalg af valgmuligheder - med saftige frugtblandinger og forfriskende iskolde mentoler - garanterer en ekstraordin\u00e6r oplevelse for alle dampere. Bang 20000 Gear er mere end bare en engangsenhed, den bliver din trofaste f\u00f8lgesvend til f\u00f8rsteklasses dampning overalt.<\/p>\n<\/div>\n<h2>Bang Gear 20000 Puffs Engangs-vape Specifikation<\/h2>\n<ul>\n<li data-slate-node=\"element\"><span data-slate-node=\"text\">Batteri: 550 mAh<\/span><\/li>\n<li data-slate-node=\"element\"><span data-slate-node=\"text\">E-v\u00e6ske: 25 ml<\/span><\/li>\n<li data-slate-node=\"element\"><span data-slate-node=\"text\">Nikotin: 0% &amp; 2% &amp; 3% &amp; 5%<\/span><\/li>\n<li data-slate-node=\"element\"><span data-slate-node=\"text\">Puffer: 20000 puffer<\/span><\/li>\n<li data-slate-node=\"element\"><span data-slate-node=\"text\">Spole: 1,0 ohm Mesh-spole<\/span><\/li>\n<li data-slate-node=\"element\" data-slate-fragment=\"JTVCJTdCJTIydHlwZSUyMiUzQSUyMnBhcmFncmFwaCUyMiUyQyUyMmNoaWxkcmVuJTIyJTNBJTVCJTdCJTIydGV4dCUyMiUzQSUyMkJhdHRlcnklM0ElMjA1NTBtQWglMjIlN0QlNUQlN0QlMkMlN0IlMjJ0eXBlJTIyJTNBJTIycGFyYWdyYXBoJTIyJTJDJTIyY2hpbGRyZW4lMjIlM0ElNUIlN0IlMjJ0ZXh0JTIyJTNBJTIyRS1MaXF1aWQlMjBDYXBhY2l0eSUzQSUyMDI1bWwlMjIlN0QlNUQlN0QlMkMlN0IlMjJ0eXBlJTIyJTNBJTIycGFyYWdyYXBoJTIyJTJDJTIyY2hpbGRyZW4lMjIlM0ElNUIlN0IlMjJ0ZXh0JTIyJTNBJTIyTmljb3RpbmUlMjBTdHJlbmd0aCUzQSUyMDAlMjUlMkMlMjAyJTI1JTJDJTIwMyUyNSUyQyUyMDUlMjUlMjIlN0QlNUQlN0QlMkMlN0IlMjJ0eXBlJTIyJTNBJTIycGFyYWdyYXBoJTIyJTJDJTIyY2hpbGRyZW4lMjIlM0ElNUIlN0IlMjJ0ZXh0JTIyJTNBJTIyUHVmZnMlM0ElMjAyMDAwMCUyMHB1ZmZzJTIyJTdEJTVEJTdEJTJDJTdCJTIydHlwZSUyMiUzQSUyMnBhcmFncmFwaCUyMiUyQyUyMmNoaWxkcmVuJTIyJTNBJTVCJTdCJTIydGV4dCUyMiUzQSUyMkZsYXZvcnMlM0ElMjAxMiUyMGF2YWlsYWJsZSUyMiU3RCU1RCU3RCUyQyU3QiUyMnR5cGUlMjIlM0ElMjJwYXJhZ3JhcGglMjIlMkMlMjJjaGlsZHJlbiUyMiUzQSU1QiU3QiUyMnRleHQlMjIlM0ElMjJDb2lsJTNBJTIwMS4wb2htJTIwTWVzaCUyMENvaWwlMjIlN0QlNUQlN0QlMkMlN0IlMjJ0eXBlJTIyJTNBJTIycGFyYWdyYXBoJTIyJTJDJTIyY2hpbGRyZW4lMjIlM0ElNUIlN0IlMjJ0ZXh0JTIyJTNBJTIyTEVEJTIwU2NyZWVuJTIwRnVuY3Rpb25zJTNBJTIwRS1saXF1aWQlMjBkaXNwbGF5JTIwJTI2JTIwcG93ZXIlMjBkaXNwbGF5JTIyJTdEJTVEJTdEJTVE\"><span data-slate-node=\"text\">LED-sk\u00e6rmfunktioner: E-v\u00e6skevisning og str\u00f8mvisning<\/span><\/li>\n<\/ul>\n<h2>Liste over valgmuligheder<\/h2>\n<ol>\n<li data-slate-node=\"element\"><span data-slate-node=\"text\">Jordb\u00e6r og mango<\/span><\/li>\n<li data-slate-node=\"element\"><span data-slate-node=\"text\">Energidrik<\/span><\/li>\n<li data-slate-node=\"element\"><span data-slate-node=\"text\">Bl\u00e5b\u00e6r-kirseb\u00e6r-limonade<\/span><\/li>\n<li data-slate-node=\"element\"><span data-slate-node=\"text\">Sort drage-is<\/span><\/li>\n<li data-slate-node=\"element\"><span data-slate-node=\"text\">Fersken-is<\/span><\/li>\n<li data-slate-node=\"element\"><span data-slate-node=\"text\">Jordb\u00e6r og banan<\/span><\/li>\n<li data-slate-node=\"element\"><span data-slate-node=\"text\">Bland frugt<\/span><\/li>\n<li data-slate-node=\"element\"><span data-slate-node=\"text\">Bl\u00e5b\u00e6r-is<\/span><\/li>\n<li data-slate-node=\"element\"><span data-slate-node=\"text\">Vandmelon-is<\/span><\/li>\n<li data-slate-node=\"element\"><span data-slate-node=\"text\">Jordb\u00e6r Kiwi<\/span><\/li>\n<li data-slate-node=\"element\"><span data-slate-node=\"text\">Bl\u00e5b\u00e6r Hindb\u00e6r<\/span><\/li>\n<li data-slate-node=\"element\" data-slate-fragment=\"JTVCJTdCJTIydHlwZSUyMiUzQSUyMnBhcmFncmFwaCUyMiUyQyUyMmNoaWxkcmVuJTIyJTNBJTVCJTdCJTIydGV4dCUyMiUzQSUyMlN0cmF3YmVycnklMjBNYW5nbyUyMiU3RCU1RCU3RCUyQyU3QiUyMnR5cGUlMjIlM0ElMjJwYXJhZ3JhcGglMjIlMkMlMjJjaGlsZHJlbiUyMiUzQSU1QiU3QiUyMnRleHQlMjIlM0ElMjIlMjIlN0QlNUQlN0QlMkMlN0IlMjJ0eXBlJTIyJTNBJTIycGFyYWdyYXBoJTIyJTJDJTIyY2hpbGRyZW4lMjIlM0ElNUIlN0IlMjJ0ZXh0JTIyJTNBJTIyRW5lcmd5JTIwRHJpbmslMjIlN0QlNUQlN0QlMkMlN0IlMjJ0eXBlJTIyJTNBJTIycGFyYWdyYXBoJTIyJTJDJTIyY2hpbGRyZW4lMjIlM0ElNUIlN0IlMjJ0ZXh0JTIyJTNBJTIyJTIyJTdEJTVEJTdEJTJDJTdCJTIydHlwZSUyMiUzQSUyMnBhcmFncmFwaCUyMiUyQyUyMmNoaWxkcmVuJTIyJTNBJTVCJTdCJTIydGV4dCUyMiUzQSUyMkJsdWViZXJyeSUyMENoZXJyeSUyMExlbW9uYWRlJTIyJTdEJTVEJTdEJTJDJTdCJTIydHlwZSUyMiUzQSUyMnBhcmFncmFwaCUyMiUyQyUyMmNoaWxkcmVuJTIyJTNBJTVCJTdCJTIydGV4dCUyMiUzQSUyMiUyMiU3RCU1RCU3RCUyQyU3QiUyMnR5cGUlMjIlM0ElMjJwYXJhZ3JhcGglMjIlMkMlMjJjaGlsZHJlbiUyMiUzQSU1QiU3QiUyMnRleHQlMjIlM0ElMjJCbGFjayUyMERyYWdvbiUyMEljZSUyMiU3RCU1RCU3RCUyQyU3QiUyMnR5cGUlMjIlM0ElMjJwYXJhZ3JhcGglMjIlMkMlMjJjaGlsZHJlbiUyMiUzQSU1QiU3QiUyMnRleHQlMjIlM0ElMjIlMjIlN0QlNUQlN0QlMkMlN0IlMjJ0eXBlJTIyJTNBJTIycGFyYWdyYXBoJTIyJTJDJTIyY2hpbGRyZW4lMjIlM0ElNUIlN0IlMjJ0ZXh0JTIyJTNBJTIyUGVhY2glMjBJY2UlMjIlN0QlNUQlN0QlMkMlN0IlMjJ0eXBlJTIyJTNBJTIycGFyYWdyYXBoJTIyJTJDJTIyY2hpbGRyZW4lMjIlM0ElNUIlN0IlMjJ0ZXh0JTIyJTNBJTIyJTIyJTdEJTVEJTdEJTJDJTdCJTIydHlwZSUyMiUzQSUyMnBhcmFncmFwaCUyMiUyQyUyMmNoaWxkcmVuJTIyJTNBJTVCJTdCJTIydGV4dCUyMiUzQSUyMlN0cmF3YmVycnklMjBCYW5hbmElMjIlN0QlNUQlN0QlMkMlN0IlMjJ0eXBlJTIyJTNBJTIycGFyYWdyYXBoJTIyJTJDJTIyY2hpbGRyZW4lMjIlM0ElNUIlN0IlMjJ0ZXh0JTIyJTNBJTIyJTIyJTdEJTVEJTdEJTJDJTdCJTIydHlwZSUyMiUzQSUyMnBhcmFncmFwaCUyMiUyQyUyMmNoaWxkcmVuJTIyJTNBJTVCJTdCJTIydGV4dCUyMiUzQSUyMk1peCUyMEZydWl0JTIyJTdEJTVEJTdEJTJDJTdCJTIydHlwZSUyMiUzQSUyMnBhcmFncmFwaCUyMiUyQyUyMmNoaWxkcmVuJTIyJTNBJTVCJTdCJTIydGV4dCUyMiUzQSUyMiUyMiU3RCU1RCU3RCUyQyU3QiUyMnR5cGUlMjIlM0ElMjJwYXJhZ3JhcGglMjIlMkMlMjJjaGlsZHJlbiUyMiUzQSU1QiU3QiUyMnRleHQlMjIlM0ElMjJCbHVlYmVycnklMjBJY2UlMjIlN0QlNUQlN0QlMkMlN0IlMjJ0eXBlJTIyJTNBJTIycGFyYWdyYXBoJTIyJTJDJTIyY2hpbGRyZW4lMjIlM0ElNUIlN0IlMjJ0ZXh0JTIyJTNBJTIyJTIyJTdEJTVEJTdEJTJDJTdCJTIydHlwZSUyMiUzQSUyMnBhcmFncmFwaCUyMiUyQyUyMmNoaWxkcmVuJTIyJTNBJTVCJTdCJTIydGV4dCUyMiUzQSUyMldhdGVybWVsb24lMjBJY2UlMjIlN0QlNUQlN0QlMkMlN0IlMjJ0eXBlJTIyJTNBJTIycGFyYWdyYXBoJTIyJTJDJTIyY2hpbGRyZW4lMjIlM0ElNUIlN0IlMjJ0ZXh0JTIyJTNBJTIyJTIyJTdEJTVEJTdEJTJDJTdCJTIydHlwZSUyMiUzQSUyMnBhcmFncmFwaCUyMiUyQyUyMmNoaWxkcmVuJTIyJTNBJTVCJTdCJTIydGV4dCUyMiUzQSUyMlN0cmF3YmVycnklMjBLaXdpJTIyJTdEJTVEJTdEJTJDJTdCJTIydHlwZSUyMiUzQSUyMnBhcmFncmFwaCUyMiUyQyUyMmNoaWxkcmVuJTIyJTNBJTVCJTdCJTIydGV4dCUyMiUzQSUyMiUyMiU3RCU1RCU3RCUyQyU3QiUyMnR5cGUlMjIlM0ElMjJwYXJhZ3JhcGglMjIlMkMlMjJjaGlsZHJlbiUyMiUzQSU1QiU3QiUyMnRleHQlMjIlM0ElMjJCbHVlYmVycnklMjBSYXNwYmVycnklMjIlN0QlNUQlN0QlMkMlN0IlMjJ0eXBlJTIyJTNBJTIycGFyYWdyYXBoJTIyJTJDJTIyY2hpbGRyZW4lMjIlM0ElNUIlN0IlMjJ0ZXh0JTIyJTNBJTIyJTIyJTdEJTVEJTdEJTJDJTdCJTIydHlwZSUyMiUzQSUyMnBhcmFncmFwaCUyMiUyQyUyMmNoaWxkcmVuJTIyJTNBJTVCJTdCJTIydGV4dCUyMiUzQSUyMlN0cmF3YmVycnklMjBXYXRlcm1lbG9uJTIyJTdEJTVEJTdEJTVE\"><span data-slate-node=\"text\">Jordb\u00e6r og vandmelon<\/span><\/li>\n<\/ol>\n<h2>Pakkeliste<\/h2>\n<p>10*Bang Gear 20000 Puffs Engangs Vapes<\/p>\n<figure id=\"attachment_7010\" aria-describedby=\"caption-attachment-7010\" style=\"width: 800px\" class=\"wp-caption alignnone\"><img decoding=\"async\" class=\"size-full wp-image-7010\" title=\"Bang Gear 20000 Black Dragon Ice\" src=\"https:\/\/www.spacexvape.com\/wp-content\/uploads\/2025\/06\/Bang-Gear-20000-Black-Dragon-Ice.webp\" alt=\"Bang Gear 20000 Black Dragon Ice\" width=\"800\" height=\"800\" srcset=\"https:\/\/www.spacexvape.com\/wp-content\/uploads\/2025\/06\/Bang-Gear-20000-Black-Dragon-Ice.webp 800w, https:\/\/www.spacexvape.com\/wp-content\/uploads\/2025\/06\/Bang-Gear-20000-Black-Dragon-Ice-300x300.webp 300w, https:\/\/www.spacexvape.com\/wp-content\/uploads\/2025\/06\/Bang-Gear-20000-Black-Dragon-Ice-150x150.webp 150w, https:\/\/www.spacexvape.com\/wp-content\/uploads\/2025\/06\/Bang-Gear-20000-Black-Dragon-Ice-768x768.webp 768w, https:\/\/www.spacexvape.com\/wp-content\/uploads\/2025\/06\/Bang-Gear-20000-Black-Dragon-Ice-12x12.webp 12w, https:\/\/www.spacexvape.com\/wp-content\/uploads\/2025\/06\/Bang-Gear-20000-Black-Dragon-Ice-247x247.webp 247w, https:\/\/www.spacexvape.com\/wp-content\/uploads\/2025\/06\/Bang-Gear-20000-Black-Dragon-Ice-510x510.webp 510w, https:\/\/www.spacexvape.com\/wp-content\/uploads\/2025\/06\/Bang-Gear-20000-Black-Dragon-Ice-100x100.webp 100w\" sizes=\"(max-width: 800px) 100vw, 800px\" \/><figcaption id=\"caption-attachment-7010\" class=\"wp-caption-text\">Bang Gear 20000 Black Dragon Ice<\/figcaption><\/figure>","protected":false},"excerpt":{"rendered":"<p>Bang Gear 20000 \/. <span data-slate-node=\"text\">0% &amp; 2% &amp; 3% &amp; 5%<\/span> styrke \/ 550 mAh genopladeligt batteri \/ 25 ml kapacitet \/ 20.000 pust \/ Kina-lager<\/p>","protected":false},"featured_media":7016,"comment_status":"open","ping_status":"closed","template":"","meta":[],"product_brand":[609],"product_cat":[15],"product_tag":[508,548,566],"class_list":{"0":"post-6895","1":"product","2":"type-product","3":"status-publish","4":"has-post-thumbnail","6":"product_brand-bang","7":"product_cat-disposable-vapes","8":"product_tag-20000-puffs","9":"product_tag-25ml","10":"product_tag-550mah","11":"product_shipping_class-china-warehouse-wholesale","12":"pa_battery-550mah","13":"pa_e-liquid-25ml","14":"pa_flavor-black-dragon-ice","15":"pa_flavor-blueberry-cherry-lemonade","16":"pa_flavor-blueberry-ice","17":"pa_flavor-blueberry-raspberry","18":"pa_flavor-energy-drink","19":"pa_flavor-mix-fruit","20":"pa_flavor-peach-ice","21":"pa_flavor-strawberry-banana","22":"pa_flavor-strawberry-kiwi","23":"pa_flavor-strawberry-mango","24":"pa_flavor-strawberry-watermelon","25":"pa_flavor-watermelon-ice","26":"pa_nicotine-0-percent","27":"pa_nicotine-2-percent","28":"pa_nicotine-3-percent","29":"pa_nicotine-5-percent","30":"pa_puffs-20000-puffs","31":"pa_rechargeable-yes","32":"pa_selling-type-micro-wholesale","34":"first","35":"instock","36":"shipping-taxable","37":"purchasable","38":"product-type-variable"},"wcpa_form_fields":null,"_links":{"self":[{"href":"https:\/\/www.spacexvape.com\/da\/wp-json\/wp\/v2\/product\/6895","targetHints":{"allow":["GET"]}}],"collection":[{"href":"https:\/\/www.spacexvape.com\/da\/wp-json\/wp\/v2\/product"}],"about":[{"href":"https:\/\/www.spacexvape.com\/da\/wp-json\/wp\/v2\/types\/product"}],"replies":[{"embeddable":true,"href":"https:\/\/www.spacexvape.com\/da\/wp-json\/wp\/v2\/comments?post=6895"}],"wp:featuredmedia":[{"embeddable":true,"href":"https:\/\/www.spacexvape.com\/da\/wp-json\/wp\/v2\/media\/7016"}],"wp:attachment":[{"href":"https:\/\/www.spacexvape.com\/da\/wp-json\/wp\/v2\/media?parent=6895"}],"wp:term":[{"taxonomy":"product_brand","embeddable":true,"href":"https:\/\/www.spacexvape.com\/da\/wp-json\/wp\/v2\/product_brand?post=6895"},{"taxonomy":"product_cat","embeddable":true,"href":"https:\/\/www.spacexvape.com\/da\/wp-json\/wp\/v2\/product_cat?post=6895"},{"taxonomy":"product_tag","embeddable":true,"href":"https:\/\/www.spacexvape.com\/da\/wp-json\/wp\/v2\/product_tag?post=6895"}],"curies":[{"name":"wp","href":"https:\/\/api.w.org\/{rel}","templated":true}]}}