{"id":9760,"date":"2025-07-24T09:02:52","date_gmt":"2025-07-24T01:02:52","guid":{"rendered":"https:\/\/www.spacexvape.com\/?post_type=product&#038;p=9760"},"modified":"2025-11-05T10:23:21","modified_gmt":"2025-11-05T02:23:21","slug":"bang-28000-puffs-ice-control-vape","status":"publish","type":"product","link":"https:\/\/www.spacexvape.com\/da\/vare\/bang-28000-puffs-ice-control-vape","title":{"rendered":"Bang 28000 Puffs Ice Control Vape Engros"},"content":{"rendered":"<p>Den <a href=\"https:\/\/www.spacexvape.com\/da\/brand\/bang\/\"><strong>Bang<\/strong><\/a> 28000 Puffs Ice Control Vape er det ultimative valg til udvidet dampnydelse. Med en massiv kapacitet p\u00e5 30 ml og et langtidsholdbart batteri p\u00e5 650 mAh leverer denne slanke enhed op til 28.000 glatte, tilfredsstillende pust. Den f\u00e5s i styrkerne 0%, 2%, 3% og 5% og er perfekt til amerikanske og europ\u00e6iske dampere, der \u00f8nsker en brugertilpasset oplevelse.<\/p>\n<p>Hvad f\u00e5r den til at skille sig ud? Den avancerede k\u00f8leteknologi sikrer en konstant forfriskende oplevelse, mens det tr\u00e6kaktiverede design g\u00f8r den ubesv\u00e6ret at bruge. Uanset om du foretr\u00e6kker nulstyrke eller st\u00e6rkere botanisk ekstrakt, giver denne engangs-damp pr\u00e6cis kontrol til alle brugere.<\/p>\n<p>Den kompakte, men kraftfulde Bang 28000 Puffs Ice Control Vape er ideel til en livsstil p\u00e5 farten. Ingen opladning, ingen genopfyldning - bare ren, smagfuld nydelse fra f\u00f8rste til sidste pust.<\/p>\n<h2>Bang 28000 Puffs Ice Control Vape Specifikation<\/h2>\n<ul>\n<li>Nikotin: 0% &amp; 2% &amp; 3% &amp; 5%<\/li>\n<li>Antal pust: Op til 28.000 pust<\/li>\n<li>Batteri E-v\u00e6ske: 650mAh<\/li>\n<li>E-v\u00e6ske: 30 ml<\/li>\n<li>Opladningsport: TYPE-C<\/li>\n<\/ul>\n<h2>Liste over valgmuligheder<\/h2>\n<ol>\n<li class=\"ds-markdown-paragraph\">Jordb\u00e6r-vandmelon-is<\/li>\n<li class=\"ds-markdown-paragraph\">Bl\u00e5b\u00e6r-is<\/li>\n<li class=\"ds-markdowThe ultimate choice for extended vaping pleasure. With a massive 30mL capacity and a long-lasting 650mAh battery, this sleek device delivers up to 28,000 smooth, satisfying puffs. Available in 0%, 2%, 3% &amp; 5% strength options, it's perfect for US and European vapers seeking customizable experiences. What sets it apart? The advanced cooling tech ensures a consistently refreshing experience, while the draw-activated design makes it effortless to use. Whether you prefer zero-strength or stronger botanical extract options, this disposable vape offers precision control for every user. Compact yet powerful, the Bang 28000 Puffs is ideal for on-the-go lifestyles. No charging, no refilling\u2014just pure, flavorful enjoyment from the first puff to the last.n-paragraph\">Blod og sand<\/li>\n<li class=\"ds-markdown-paragraph\">Ananas-kokosn\u00f8d<\/li>\n<li class=\"ds-markdown-paragraph\">Jordb\u00e6r og banan<\/li>\n<li class=\"ds-markdown-paragraph\">Blandet frugt<\/li>\n<li class=\"ds-markdown-paragraph\">Bl\u00e5b\u00e6r Hindb\u00e6r<\/li>\n<li class=\"ds-markdown-paragraph\">Fersken-is<\/li>\n<li class=\"ds-markdown-paragraph\">Mango Fersken<\/li>\n<li class=\"ds-markdown-paragraph\">Vandmelon<\/li>\n<li class=\"ds-markdown-paragraph\">Drue-is<\/li>\n<li class=\"ds-markdown-paragraph\">Jordb\u00e6r Kiwi Frugt<\/li>\n<\/ol>\n<h2>Pakkeliste<\/h2>\n<p>10*Bang 28000 Puffs Ice Control Vapes<\/p>\n<figure id=\"attachment_10070\" aria-describedby=\"caption-attachment-10070\" style=\"width: 800px\" class=\"wp-caption alignnone\"><img decoding=\"async\" class=\"size-full wp-image-10070\" title=\"Bang 28000 Puffs Ice Control Ananas Kokosn\u00f8d\" src=\"https:\/\/www.spacexvape.com\/wp-content\/uploads\/2025\/07\/Bang-28000-Puffs-Ice-Control-Pineapple-Coconut.webp\" alt=\"Bang 28000 Puffs Ice Control Ananas Kokosn\u00f8d\" width=\"800\" height=\"800\" srcset=\"https:\/\/www.spacexvape.com\/wp-content\/uploads\/2025\/07\/Bang-28000-Puffs-Ice-Control-Pineapple-Coconut.webp 800w, https:\/\/www.spacexvape.com\/wp-content\/uploads\/2025\/07\/Bang-28000-Puffs-Ice-Control-Pineapple-Coconut-300x300.webp 300w, https:\/\/www.spacexvape.com\/wp-content\/uploads\/2025\/07\/Bang-28000-Puffs-Ice-Control-Pineapple-Coconut-150x150.webp 150w, https:\/\/www.spacexvape.com\/wp-content\/uploads\/2025\/07\/Bang-28000-Puffs-Ice-Control-Pineapple-Coconut-768x768.webp 768w, https:\/\/www.spacexvape.com\/wp-content\/uploads\/2025\/07\/Bang-28000-Puffs-Ice-Control-Pineapple-Coconut-12x12.webp 12w, https:\/\/www.spacexvape.com\/wp-content\/uploads\/2025\/07\/Bang-28000-Puffs-Ice-Control-Pineapple-Coconut-247x247.webp 247w, https:\/\/www.spacexvape.com\/wp-content\/uploads\/2025\/07\/Bang-28000-Puffs-Ice-Control-Pineapple-Coconut-510x510.webp 510w, https:\/\/www.spacexvape.com\/wp-content\/uploads\/2025\/07\/Bang-28000-Puffs-Ice-Control-Pineapple-Coconut-100x100.webp 100w\" sizes=\"(max-width: 800px) 100vw, 800px\" \/><figcaption id=\"caption-attachment-10070\" class=\"wp-caption-text\">Bang 28000 Puffs Ice Control Ananas Kokosn\u00f8d<\/figcaption><\/figure>","protected":false},"excerpt":{"rendered":"<p>Bang 28000 \/ 0% &amp; 2% &amp; 3% &amp; 5% styrke \/ 650mAh genopladeligt batteri \/ 30ml kapacitet \/ 28,000 Puffs \/ China Warehouse<\/p>","protected":false},"featured_media":10062,"comment_status":"open","ping_status":"closed","template":"","meta":[],"product_brand":[609],"product_cat":[15],"product_tag":[511,564,541],"class_list":{"0":"post-9760","1":"product","2":"type-product","3":"status-publish","4":"has-post-thumbnail","6":"product_brand-bang","7":"product_cat-disposable-vapes","8":"product_tag-28000-puffs","9":"product_tag-30ml","10":"product_tag-650mah","11":"product_shipping_class-china-warehouse-wholesale","12":"pa_battery-650mah","13":"pa_e-liquid-30ml","14":"pa_flavor-blood-and-sand","15":"pa_flavor-blueberries-raspberries","16":"pa_flavor-blueberry-ice","17":"pa_flavor-grape-ice","18":"pa_flavor-mango-peach","19":"pa_flavor-mixed-fruit","20":"pa_flavor-peach-ice","21":"pa_flavor-pineapple-coconut","22":"pa_flavor-strawberry-banana","23":"pa_flavor-strawberry-kiwi-fruit","24":"pa_flavor-strawberry-watermelon-ice","25":"pa_flavor-watermelon","26":"pa_nicotine-0-percent","27":"pa_nicotine-2-percent","28":"pa_nicotine-3-percent","29":"pa_nicotine-5-percent","30":"pa_puffs-28000-puffs","31":"pa_rechargeable-yes","32":"pa_selling-type-micro-wholesale","34":"first","35":"instock","36":"shipping-taxable","37":"purchasable","38":"product-type-variable"},"wcpa_form_fields":null,"_links":{"self":[{"href":"https:\/\/www.spacexvape.com\/da\/wp-json\/wp\/v2\/product\/9760","targetHints":{"allow":["GET"]}}],"collection":[{"href":"https:\/\/www.spacexvape.com\/da\/wp-json\/wp\/v2\/product"}],"about":[{"href":"https:\/\/www.spacexvape.com\/da\/wp-json\/wp\/v2\/types\/product"}],"replies":[{"embeddable":true,"href":"https:\/\/www.spacexvape.com\/da\/wp-json\/wp\/v2\/comments?post=9760"}],"wp:featuredmedia":[{"embeddable":true,"href":"https:\/\/www.spacexvape.com\/da\/wp-json\/wp\/v2\/media\/10062"}],"wp:attachment":[{"href":"https:\/\/www.spacexvape.com\/da\/wp-json\/wp\/v2\/media?parent=9760"}],"wp:term":[{"taxonomy":"product_brand","embeddable":true,"href":"https:\/\/www.spacexvape.com\/da\/wp-json\/wp\/v2\/product_brand?post=9760"},{"taxonomy":"product_cat","embeddable":true,"href":"https:\/\/www.spacexvape.com\/da\/wp-json\/wp\/v2\/product_cat?post=9760"},{"taxonomy":"product_tag","embeddable":true,"href":"https:\/\/www.spacexvape.com\/da\/wp-json\/wp\/v2\/product_tag?post=9760"}],"curies":[{"name":"wp","href":"https:\/\/api.w.org\/{rel}","templated":true}]}}