{"id":1185,"date":"2025-02-05T06:11:29","date_gmt":"2025-02-05T06:11:29","guid":{"rendered":"https:\/\/www.spacexvape.com\/?post_type=product&#038;p=1185"},"modified":"2026-04-09T15:46:26","modified_gmt":"2026-04-09T07:46:26","slug":"jnr-alien-10000-puffs-disposable-vape","status":"publish","type":"product","link":"https:\/\/www.spacexvape.com\/de\/produkt\/jnr-alien-10000-puffs-wegwerfbare-vape","title":{"rendered":"JNR Alien 10000 Puffs Einweg Vape"},"content":{"rendered":"<p>Die <a title=\"JNR\" href=\"https:\/\/www.spacexvape.com\/de\/brand\/jnr\/\">JNR<\/a> Alien 10000 Puffs Einweg Vape liefert einen glatten Zug und reichen Dampf mit einem 1.2\u03a9 Spule, r\u00fchmt sich eine beeindruckende Kapazit\u00e4t von etwa 10.000 Puffs, angetrieben von einem 850mAh Akku. Er wird mit 20 ml E-Liquid bef\u00fcllt und bietet Optionen von erfrischendem Eis bis hin zu k\u00f6stlichen Fr\u00fcchten. Der Komfort eines Typ-C-Ladeanschlusses sorgt f\u00fcr schnelles und problemloses Aufladen.<\/p>\n<p data-start=\"1087\" data-end=\"1414\">Dieser Einwegdampfer ist bereits bef\u00fcllt, aufgeladen und einsatzbereit und damit die ideale Wahl sowohl f\u00fcr Anf\u00e4nger als auch f\u00fcr erfahrene Dampfer. Sein schlankes, ergonomisches Design liegt gut in der Hand, w\u00e4hrend die Vielfalt der verf\u00fcgbaren Optionen sicherstellt, dass f\u00fcr jeden Geschmack etwas dabei ist.<\/p>\n<p>JNR Alien 10000 Puffs Disposable, zertifiziert durch CE, ROHS und FCC, ist ein Beweis f\u00fcr Qualit\u00e4t und Sicherheit. Egal, ob Sie neu beim Dampfen sind oder ein erfahrener Profi, der 10000 Puffs Einweg-Vape Pen ist Ihr perfekter Begleiter f\u00fcr eine unvergleichliche Dampfreise.<\/p>\n<h2>\u00a0JNR Ailen 10000 Puffs Einweg Vape Spezifikation<\/h2>\n<ul>\n<li>Spulenwiderstand: 1.2\u03a9<\/li>\n<li>E-Fl\u00fcssigkeit: 20ml<\/li>\n<li>Akku: 850mAh<\/li>\n<li>Nikotin: 2% &amp; 5%<\/li>\n<li>Marke und Modell: JNR Alien<\/li>\n<li>Puffs: 10.000 Puffs<\/li>\n<\/ul>\n<h2>Liste der Optionen<\/h2>\n<ol>\n<li>\n<div data-slate-node=\"element\"><span data-slate-node=\"text\">Blauer Razzia Kirsche<\/span><\/div>\n<\/li>\n<li>\n<div data-slate-node=\"element\"><span data-slate-node=\"text\">Heidelbeere Kirsche Cranberry<\/span><\/div>\n<\/li>\n<li>\n<div data-slate-node=\"element\"><span data-slate-node=\"text\">Erdbeereis<\/span><\/div>\n<\/li>\n<li>\n<div data-slate-node=\"element\"><span data-slate-node=\"text\">Gemischte Beere<\/span><\/div>\n<\/li>\n<li>\n<div data-slate-node=\"element\"><span data-slate-node=\"text\">Wassermelone Eis<\/span><\/div>\n<\/li>\n<li>\n<div data-slate-node=\"element\"><span data-slate-node=\"text\">Pfirsich Beere<\/span><\/div>\n<\/li>\n<li>\n<div data-slate-node=\"element\"><span data-slate-node=\"text\">Pfirsich-Eis<\/span><\/div>\n<\/li>\n<li>\n<div data-slate-node=\"element\"><span data-slate-node=\"text\">Pfirsich Mango Ananas<\/span><\/div>\n<\/li>\n<li>\n<div data-slate-node=\"element\"><span data-slate-node=\"text\">Blauer Razzia Kirsche<\/span><\/div>\n<\/li>\n<li>\n<div data-slate-node=\"element\"><span data-slate-node=\"text\">Heidelbeere auf Eis<\/span><\/div>\n<\/li>\n<li>\n<div data-slate-node=\"element\"><span data-slate-node=\"text\">Himbeere Wassermelone<\/span><\/div>\n<\/li>\n<li>\n<div data-slate-node=\"element\"><span data-slate-node=\"text\">Erdbeere-Banane<\/span><\/div>\n<\/li>\n<li>\n<div data-slate-node=\"element\"><span data-slate-node=\"text\">Doppelter Apfel<\/span><\/div>\n<\/li>\n<li>\n<div data-slate-node=\"element\"><span data-slate-node=\"text\">Kirsche Beere<\/span><\/div>\n<\/li>\n<li>\n<div data-slate-node=\"element\"><span data-slate-node=\"text\">Erdbeer-Wassermelonen-Eis<\/span><\/div>\n<\/li>\n<li>\n<div data-slate-node=\"element\"><span data-slate-node=\"text\">Erdbeer-Pina Colada<\/span><\/div>\n<\/li>\n<li>\n<div data-slate-node=\"element\"><span data-slate-node=\"text\">Erdbeer-Bonboneis<\/span><\/div>\n<\/li>\n<li>\n<div data-slate-node=\"element\"><span data-slate-node=\"text\">Wassermelone Kaugummi<\/span><\/div>\n<\/li>\n<li>\n<div data-slate-node=\"element\"><span data-slate-node=\"text\">Blaubeere Bubblegum<\/span><\/div>\n<\/li>\n<li>\n<div data-slate-node=\"element\"><span data-slate-node=\"text\">Gummib\u00e4rchen<\/span><\/div>\n<\/li>\n<li>\n<div data-slate-node=\"element\"><span data-slate-node=\"text\">Blaubeere-Sauer-Himbeere<\/span><\/div>\n<\/li>\n<\/ol>\n<h2>Packliste<\/h2>\n<p>1*JNR Alien 10.000 Puffs Einweg Vapes<\/p>\n<p>&nbsp;<\/p>\n<figure id=\"attachment_1251\" aria-describedby=\"caption-attachment-1251\" style=\"width: 800px\" class=\"wp-caption alignnone\"><img decoding=\"async\" class=\"size-full wp-image-1251\" title=\"JNR Alien 10000 Saurer Apfel\" src=\"https:\/\/www.spacexvape.com\/wp-content\/uploads\/2025\/01\/JNR-Alien-10000-Sour-Apple.webp\" alt=\"JNR Alien 10000 Saurer Apfel\" width=\"800\" height=\"800\" srcset=\"https:\/\/www.spacexvape.com\/wp-content\/uploads\/2025\/01\/JNR-Alien-10000-Sour-Apple.webp 800w, https:\/\/www.spacexvape.com\/wp-content\/uploads\/2025\/01\/JNR-Alien-10000-Sour-Apple-247x247.webp 247w, https:\/\/www.spacexvape.com\/wp-content\/uploads\/2025\/01\/JNR-Alien-10000-Sour-Apple-100x100.webp 100w, https:\/\/www.spacexvape.com\/wp-content\/uploads\/2025\/01\/JNR-Alien-10000-Sour-Apple-510x510.webp 510w, https:\/\/www.spacexvape.com\/wp-content\/uploads\/2025\/01\/JNR-Alien-10000-Sour-Apple-300x300.webp 300w, https:\/\/www.spacexvape.com\/wp-content\/uploads\/2025\/01\/JNR-Alien-10000-Sour-Apple-150x150.webp 150w, https:\/\/www.spacexvape.com\/wp-content\/uploads\/2025\/01\/JNR-Alien-10000-Sour-Apple-768x768.webp 768w, https:\/\/www.spacexvape.com\/wp-content\/uploads\/2025\/01\/JNR-Alien-10000-Sour-Apple-96x96.webp 96w\" sizes=\"(max-width: 800px) 100vw, 800px\" \/><figcaption id=\"caption-attachment-1251\" class=\"wp-caption-text\">JNR Alien 10000 Saurer Apfel<\/figcaption><\/figure>\n<p>&nbsp;<\/p>\n<p>&nbsp;<\/p>","protected":false},"excerpt":{"rendered":"<p>JNR Alien 10000 \/ 2% &amp; 5% Nikotin \/ 850 mAh Akku \/ 20ml E-Fl\u00fcssigkeit \/ 10000 Puffs \/ European Warehouse<\/p>","protected":false},"featured_media":1241,"comment_status":"open","ping_status":"closed","template":"","meta":[],"product_brand":[535],"product_cat":[15],"product_tag":[503,556,549],"class_list":{"0":"post-1185","1":"product","2":"type-product","3":"status-publish","4":"has-post-thumbnail","6":"product_brand-jnr","7":"product_cat-disposable-vapes","8":"product_tag-10000-puffs","9":"product_tag-20ml","10":"product_tag-850mah","11":"product_shipping_class-china-warehouse-wholesale","12":"pa_battery-850mah","13":"pa_e-liquid-20ml","14":"pa_nicotine-2-percent","15":"pa_puffs-10000-puffs","16":"pa_rechargeable-yes","18":"first","19":"instock","20":"shipping-taxable","21":"purchasable","22":"product-type-variable"},"wcpa_form_fields":null,"_links":{"self":[{"href":"https:\/\/www.spacexvape.com\/de\/wp-json\/wp\/v2\/product\/1185","targetHints":{"allow":["GET"]}}],"collection":[{"href":"https:\/\/www.spacexvape.com\/de\/wp-json\/wp\/v2\/product"}],"about":[{"href":"https:\/\/www.spacexvape.com\/de\/wp-json\/wp\/v2\/types\/product"}],"replies":[{"embeddable":true,"href":"https:\/\/www.spacexvape.com\/de\/wp-json\/wp\/v2\/comments?post=1185"}],"wp:featuredmedia":[{"embeddable":true,"href":"https:\/\/www.spacexvape.com\/de\/wp-json\/wp\/v2\/media\/1241"}],"wp:attachment":[{"href":"https:\/\/www.spacexvape.com\/de\/wp-json\/wp\/v2\/media?parent=1185"}],"wp:term":[{"taxonomy":"product_brand","embeddable":true,"href":"https:\/\/www.spacexvape.com\/de\/wp-json\/wp\/v2\/product_brand?post=1185"},{"taxonomy":"product_cat","embeddable":true,"href":"https:\/\/www.spacexvape.com\/de\/wp-json\/wp\/v2\/product_cat?post=1185"},{"taxonomy":"product_tag","embeddable":true,"href":"https:\/\/www.spacexvape.com\/de\/wp-json\/wp\/v2\/product_tag?post=1185"}],"curies":[{"name":"wp","href":"https:\/\/api.w.org\/{rel}","templated":true}]}}