{"id":2032,"date":"2025-02-26T02:17:36","date_gmt":"2025-02-26T02:17:36","guid":{"rendered":"https:\/\/www.spacexvape.com\/?post_type=product&#038;p=2032"},"modified":"2026-04-08T11:46:14","modified_gmt":"2026-04-08T03:46:14","slug":"jnr-falcon-x-18000-puffs-disposable-vape","status":"publish","type":"product","link":"https:\/\/www.spacexvape.com\/de\/produkt\/jnr-falcon-x-18000-puffs-wegwerfbare-vape","title":{"rendered":"JNR Falcon X 18000 Puffs Einweg Vape"},"content":{"rendered":"<p>Die <a title=\"JNR\" href=\"https:\/\/www.spacexvape.com\/de\/brand\/jnr\/\">JNR<\/a> Der Falcon X 18000 definiert das Einwegdampfen neu und bietet bis zu 18.000 Z\u00fcge f\u00fcr ein lang anhaltendes und befriedigendes Erlebnis. Mit einem 950mAh-Akku und Typ-C-Schnellladung sorgt er f\u00fcr ununterbrochene Nutzung und schnelles Aufladen, wann immer es n\u00f6tig ist. Er wurde f\u00fcr Komfort und Leistung entwickelt und ist die perfekte Wahl f\u00fcr Dampfer, die ein Premium-Erlebnis suchen, ohne Kompromisse bei der Qualit\u00e4t einzugehen. 30 Sekunden sind alles, was Sie brauchen.<\/p>\n<p>Ausgestattet mit einer Dual-Mesh-Spule und einem Dual-Core-System, liefert der Falcon X 18000 konsistente, reichhaltige Optionen mit jedem Zug. Die einstellbare Airflow-Funktion erm\u00f6glicht es Ihnen, Ihr Dampferlebnis anzupassen, egal ob Sie sanfte, weiche Z\u00fcge oder intensivere Z\u00fcge bevorzugen. Das digitale Display informiert Sie \u00fcber den Batteriestand und den F\u00fcllstand des E-Liquids, so dass Sie immer die Kontrolle \u00fcber Ihr Ger\u00e4t haben.<\/p>\n<p>Mit seinem schlanken, ergonomischen Design und seinen fortschrittlichen Funktionen ist der JNR Falcon X 18000 f\u00fcr alle gedacht, die Wert auf Stil und Funktionalit\u00e4t legen. Von der robusten Bauweise bis hin zur lang anhaltenden Leistung ist dieser Einwegdampfer ideal f\u00fcr alle, die eine zuverl\u00e4ssige und problemlose Dampfl\u00f6sung mit modernen Innovationen suchen.<\/p>\n<h2>JNR Falcon X 18000 Puffs Einweg Vape Spezifikation<\/h2>\n<ul>\n<li>Marke und Modell: JNR Falcon X<\/li>\n<li>Puffs Unterst\u00fctzung: Bis zu 18.000<\/li>\n<li>E-Fl\u00fcssigkeit: 24ml<\/li>\n<li>Spule Typ: Dual Mesh Spule<\/li>\n<li>Spulenwiderstand: 0.6\u03a9<\/li>\n<li>Crystal Craft Design<\/li>\n<li>Doppelmaschige Spule &amp; Doppelkern<\/li>\n<\/ul>\n<h2>Liste der Optionen<\/h2>\n<ol>\n<li>Heidelbeere-Himbeere<\/li>\n<li>Kiwi-Wassermelonen-Eis<\/li>\n<li>Traubeneis<\/li>\n<li>Erdbeer-Kiwi<\/li>\n<li>Erdbeer-Wassermelonen-Eis<\/li>\n<li>Wassermelone Eis<\/li>\n<li>Erdbeereis<\/li>\n<li>Gemischte Beeren<\/li>\n<li>Pfirsich-Eis<\/li>\n<li>Kirsche Beere<\/li>\n<li>Erdbeere-Banane<\/li>\n<li>Zitrone-Limette<\/li>\n<li>Wei\u00dfer Pfirsich Razz<\/li>\n<li>Blaues Razzeis<\/li>\n<li>K\u00fchle Minze<\/li>\n<li>Wassermelone Kaugummi<\/li>\n<li>Saurer Apfel Eis<\/li>\n<li>Gummib\u00e4rchen<\/li>\n<li>Berry Burs<\/li>\n<li>Heidelbeere-Himbeere-Kirsche<\/li>\n<li>Heidelbeere-Kiwi<\/li>\n<li>Passionsfrucht-Kiwi<\/li>\n<li>Blauer Razzia Kirsche<\/li>\n<li>Kirsche Wassermelone Freeze<\/li>\n<li>Bananeneis<\/li>\n<li>Kegeln<\/li>\n<li>Dreifache Melone<\/li>\n<li>Wassermelone-Litschi<\/li>\n<li>Kirsche Cola<\/li>\n<li>Kirsche Eis<\/li>\n<li>Prickelnde Kirsche<\/li>\n<li>Wassermelone Rooty Fizz<\/li>\n<li>Blaues Kakao-Mousseux<\/li>\n<li>W\u00fcrzige Fruchtbeeren<\/li>\n<li>Himbeer-Rouge-Gummibonbon<\/li>\n<\/ol>\n<h2>Packliste<\/h2>\n<p>1*JNR Falcon X 18000 Puffs Einweg Vape<\/p>\n<figure id=\"attachment_3048\" aria-describedby=\"caption-attachment-3048\" style=\"width: 800px\" class=\"wp-caption alignnone\"><img decoding=\"async\" class=\"size-full wp-image-3048\" title=\"JNR Falcon X 18000 Wei\u00dfer Pfirsich Razz\" src=\"https:\/\/www.spacexvape.com\/wp-content\/uploads\/2025\/03\/JNR-Falcon-X-18000-White-Peach-Razz.webp\" alt=\"JNR Falcon X 18000 Wei\u00dfer Pfirsich Razz\" width=\"800\" height=\"800\" srcset=\"https:\/\/www.spacexvape.com\/wp-content\/uploads\/2025\/03\/JNR-Falcon-X-18000-White-Peach-Razz.webp 800w, https:\/\/www.spacexvape.com\/wp-content\/uploads\/2025\/03\/JNR-Falcon-X-18000-White-Peach-Razz-247x247.webp 247w, https:\/\/www.spacexvape.com\/wp-content\/uploads\/2025\/03\/JNR-Falcon-X-18000-White-Peach-Razz-100x100.webp 100w, https:\/\/www.spacexvape.com\/wp-content\/uploads\/2025\/03\/JNR-Falcon-X-18000-White-Peach-Razz-510x510.webp 510w, https:\/\/www.spacexvape.com\/wp-content\/uploads\/2025\/03\/JNR-Falcon-X-18000-White-Peach-Razz-300x300.webp 300w, https:\/\/www.spacexvape.com\/wp-content\/uploads\/2025\/03\/JNR-Falcon-X-18000-White-Peach-Razz-150x150.webp 150w, https:\/\/www.spacexvape.com\/wp-content\/uploads\/2025\/03\/JNR-Falcon-X-18000-White-Peach-Razz-768x768.webp 768w, https:\/\/www.spacexvape.com\/wp-content\/uploads\/2025\/03\/JNR-Falcon-X-18000-White-Peach-Razz-12x12.webp 12w, https:\/\/www.spacexvape.com\/wp-content\/uploads\/2025\/03\/JNR-Falcon-X-18000-White-Peach-Razz-96x96.webp 96w\" sizes=\"(max-width: 800px) 100vw, 800px\" \/><figcaption id=\"caption-attachment-3048\" class=\"wp-caption-text\">JNR Falcon X 18000 Wei\u00dfer Pfirsich Razz<\/figcaption><\/figure>","protected":false},"excerpt":{"rendered":"<p>JNR Falcon X 18000\/ 2% Nikotin\/ 950mAh Akku\/ 24ml e-liquid\/ 18.000 Puffs \/ European Warehouse<\/p>","protected":false},"featured_media":2077,"comment_status":"open","ping_status":"closed","template":"","meta":[],"product_brand":[535],"product_cat":[15],"product_tag":[507,559,562],"class_list":{"0":"post-2032","1":"product","2":"type-product","3":"status-publish","4":"has-post-thumbnail","6":"product_brand-jnr","7":"product_cat-disposable-vapes","8":"product_tag-18000-puffs","9":"product_tag-24ml","10":"product_tag-950mah","11":"product_shipping_class-europe-warehouse-retail","12":"pa_battery-950mah","13":"pa_e-liquid-24ml","14":"pa_nicotine-2-percent","15":"pa_puffs-18000-puffs","16":"pa_rechargeable-yes","17":"pa_selling-type-retail","19":"first","20":"instock","21":"featured","22":"shipping-taxable","23":"purchasable","24":"product-type-variable"},"wcpa_form_fields":null,"_links":{"self":[{"href":"https:\/\/www.spacexvape.com\/de\/wp-json\/wp\/v2\/product\/2032","targetHints":{"allow":["GET"]}}],"collection":[{"href":"https:\/\/www.spacexvape.com\/de\/wp-json\/wp\/v2\/product"}],"about":[{"href":"https:\/\/www.spacexvape.com\/de\/wp-json\/wp\/v2\/types\/product"}],"replies":[{"embeddable":true,"href":"https:\/\/www.spacexvape.com\/de\/wp-json\/wp\/v2\/comments?post=2032"}],"wp:featuredmedia":[{"embeddable":true,"href":"https:\/\/www.spacexvape.com\/de\/wp-json\/wp\/v2\/media\/2077"}],"wp:attachment":[{"href":"https:\/\/www.spacexvape.com\/de\/wp-json\/wp\/v2\/media?parent=2032"}],"wp:term":[{"taxonomy":"product_brand","embeddable":true,"href":"https:\/\/www.spacexvape.com\/de\/wp-json\/wp\/v2\/product_brand?post=2032"},{"taxonomy":"product_cat","embeddable":true,"href":"https:\/\/www.spacexvape.com\/de\/wp-json\/wp\/v2\/product_cat?post=2032"},{"taxonomy":"product_tag","embeddable":true,"href":"https:\/\/www.spacexvape.com\/de\/wp-json\/wp\/v2\/product_tag?post=2032"}],"curies":[{"name":"wp","href":"https:\/\/api.w.org\/{rel}","templated":true}]}}