{"id":3498,"date":"2025-04-07T17:04:21","date_gmt":"2025-04-07T09:04:21","guid":{"rendered":"https:\/\/www.spacexvape.com\/?post_type=product&#038;p=3498"},"modified":"2026-02-06T16:46:28","modified_gmt":"2026-02-06T08:46:28","slug":"jnr-falcon-x-28000-puffs-vape","status":"publish","type":"product","link":"https:\/\/www.spacexvape.com\/de\/produkt\/jnr-falcon-x-28000-puffs-vape","title":{"rendered":"JNR Falcon X 28000 Puffs Vape"},"content":{"rendered":"<p>Die <a title=\"JNR\" href=\"https:\/\/www.spacexvape.com\/de\/brand\/jnr\/\"><strong>JNR<\/strong><\/a> Der Falcon X 28000 wurde f\u00fcr Dampfer entwickelt, die sich nach lang anhaltender Zufriedenheit sehnen. Mit bis zu 28.000 Z\u00fcgen bietet dieser fortschrittliche, wiederaufladbare Verdampfer eine unglaubliche Langlebigkeit - perfekt f\u00fcr einen l\u00e4ngeren Gebrauch ohne Unterbrechung. Er wird mit 2 ml E-Liquid bef\u00fcllt und enth\u00e4lt zwei zus\u00e4tzliche Nachf\u00fcllflaschen (je 10 ml, 20 mg\/ml St\u00e4rke), die Ihnen sowohl Komfort als auch Kontrolle bieten. Die Strawberry &amp; Watermelon Optionen Mischung bringt einen erfrischenden und fruchtigen Hit mit jedem Inhalieren, erinnert an Sommertage.<\/p>\n<p>Angetrieben von einem robusten 950mAh USB-C-Akku sorgt der JNR Falcon X 28000 daf\u00fcr, dass Sie immer bereit sind, ohne Verz\u00f6gerung zu verdampfen. Sein schlankes, ergonomisches Design liegt bequem in der Hand, w\u00e4hrend die eingebaute doppelte Mesh-Spule reichlich Dampf und verbesserte Optionen Intensit\u00e4t liefert. Egal, ob Sie sich zu Hause oder unterwegs entspannen, dieser Verdampfer ist sowohl f\u00fcr Stil als auch f\u00fcr Funktionalit\u00e4t gemacht. Die moderne \u00c4sthetik in Kombination mit dem intelligenten Luftstrom und der gleichm\u00e4\u00dfigen Dampfproduktion machen ihn zu einem Allrounder.<\/p>\n<p>Im Gegensatz zu herk\u00f6mmlichen Einwegdampfern ist der JNR Falcon X 28000 ein hybrider, wiederbef\u00fcllbarer Einwegdampfer, der einfach aufzuladen und nachzuf\u00fcllen ist - eine wirtschaftliche und umweltfreundliche Wahl. Keine Kn\u00f6pfe, keine Einrichtung: einfach aufladen und dampfen. Sein leichtes Gewicht von 120 g ist perfekt f\u00fcr die Reise oder den t\u00e4glichen Gebrauch. Die widerstandsarme Spule und das Luftstromsystem wurden speziell f\u00fcr das DTL-Vapen entwickelt und sorgen bei jedem Zug f\u00fcr ein angenehmes Gef\u00fchl im Hals.<\/p>\n<h2>JNR Falcon X 28000 Puffs Vape Spezifikation<\/h2>\n<ul>\n<li>Marke und Modell: JNR Falcon X 28000<\/li>\n<li>Puffs Unterst\u00fctzung: Bis zu 28.000<\/li>\n<li>Batterie und Fl\u00fcssiganzeige<\/li>\n<li>Spule Typ: Dual Mesh Coil 1,2 Ohm<\/li>\n<li>Einstellbarer Luftstrom<\/li>\n<li>Auto-Draw-System<\/li>\n<li>2 ml vorgef\u00fcllte Fl\u00fcssigkeit + 2 x 10 ml Fl\u00e4schchen enthalten<\/li>\n<\/ul>\n<h2>Liste der Optionen<\/h2>\n<ol>\n<li>Schwarzer Drache Eis<\/li>\n<li>Brombeere Rote Himbeere<\/li>\n<li>Heidelbeer-Granatapfel-Eis<\/li>\n<li>Heidelbeere-Himbeere-Kirsche<\/li>\n<li>Mango-Passionsfrucht<\/li>\n<li>Gemischte Beeren<\/li>\n<li>Pfirsich Beere<\/li>\n<li>Erdbeer-Kiwi<\/li>\n<li>Erdbeer-Wassermelonen-Eis<\/li>\n<li>Wassermelone Mango Pfirsich<\/li>\n<\/ol>\n<h2>Packliste<\/h2>\n<p>2 ml vorgef\u00fcllte Fl\u00fcssigkeit + 2 x 10 ml Fl\u00e4schchen enthalten<\/p>\n<figure id=\"attachment_3503\" aria-describedby=\"caption-attachment-3503\" style=\"width: 800px\" class=\"wp-caption alignnone\"><img decoding=\"async\" class=\"size-full wp-image-3503\" title=\"JNR Falcon X 28K Brombeere Rote Himbeere\" src=\"https:\/\/www.spacexvape.com\/wp-content\/uploads\/2025\/04\/JNR-Falcon-X-28K-Blackberry-Red-Raspberry.webp\" alt=\"JNR Falcon X 28K Brombeere Rote Himbeere\" width=\"800\" height=\"800\" srcset=\"https:\/\/www.spacexvape.com\/wp-content\/uploads\/2025\/04\/JNR-Falcon-X-28K-Blackberry-Red-Raspberry.webp 800w, https:\/\/www.spacexvape.com\/wp-content\/uploads\/2025\/04\/JNR-Falcon-X-28K-Blackberry-Red-Raspberry-247x247.webp 247w, https:\/\/www.spacexvape.com\/wp-content\/uploads\/2025\/04\/JNR-Falcon-X-28K-Blackberry-Red-Raspberry-100x100.webp 100w, https:\/\/www.spacexvape.com\/wp-content\/uploads\/2025\/04\/JNR-Falcon-X-28K-Blackberry-Red-Raspberry-510x510.webp 510w, https:\/\/www.spacexvape.com\/wp-content\/uploads\/2025\/04\/JNR-Falcon-X-28K-Blackberry-Red-Raspberry-300x300.webp 300w, https:\/\/www.spacexvape.com\/wp-content\/uploads\/2025\/04\/JNR-Falcon-X-28K-Blackberry-Red-Raspberry-150x150.webp 150w, https:\/\/www.spacexvape.com\/wp-content\/uploads\/2025\/04\/JNR-Falcon-X-28K-Blackberry-Red-Raspberry-768x768.webp 768w, https:\/\/www.spacexvape.com\/wp-content\/uploads\/2025\/04\/JNR-Falcon-X-28K-Blackberry-Red-Raspberry-12x12.webp 12w, https:\/\/www.spacexvape.com\/wp-content\/uploads\/2025\/04\/JNR-Falcon-X-28K-Blackberry-Red-Raspberry-96x96.webp 96w\" sizes=\"(max-width: 800px) 100vw, 800px\" \/><figcaption id=\"caption-attachment-3503\" class=\"wp-caption-text\">JNR Falcon X 28K Brombeere Rote Himbeere<\/figcaption><\/figure>\n<p>&nbsp;<\/p>","protected":false},"excerpt":{"rendered":"<p>JNR Falcon X 28000\/ 2% St\u00e4rke\/ 950mAh Akku\/ 28.000 Puffs \/ European Warehouse<\/p>","protected":false},"featured_media":14629,"comment_status":"open","ping_status":"closed","template":"","meta":[],"product_brand":[535],"product_cat":[17],"product_tag":[511,562],"class_list":{"0":"post-3498","1":"product","2":"type-product","3":"status-publish","4":"has-post-thumbnail","6":"product_brand-jnr","7":"product_cat-refillable-vapes","8":"product_tag-28000-puffs","9":"product_tag-950mah","10":"product_shipping_class-europe-warehouse-retail","11":"pa_nicotine-2-percent","12":"pa_puffs-28000-puffs","13":"pa_rechargeable-yes","15":"first","16":"instock","17":"featured","18":"shipping-taxable","19":"purchasable","20":"product-type-variable"},"wcpa_form_fields":null,"_links":{"self":[{"href":"https:\/\/www.spacexvape.com\/de\/wp-json\/wp\/v2\/product\/3498","targetHints":{"allow":["GET"]}}],"collection":[{"href":"https:\/\/www.spacexvape.com\/de\/wp-json\/wp\/v2\/product"}],"about":[{"href":"https:\/\/www.spacexvape.com\/de\/wp-json\/wp\/v2\/types\/product"}],"replies":[{"embeddable":true,"href":"https:\/\/www.spacexvape.com\/de\/wp-json\/wp\/v2\/comments?post=3498"}],"wp:featuredmedia":[{"embeddable":true,"href":"https:\/\/www.spacexvape.com\/de\/wp-json\/wp\/v2\/media\/14629"}],"wp:attachment":[{"href":"https:\/\/www.spacexvape.com\/de\/wp-json\/wp\/v2\/media?parent=3498"}],"wp:term":[{"taxonomy":"product_brand","embeddable":true,"href":"https:\/\/www.spacexvape.com\/de\/wp-json\/wp\/v2\/product_brand?post=3498"},{"taxonomy":"product_cat","embeddable":true,"href":"https:\/\/www.spacexvape.com\/de\/wp-json\/wp\/v2\/product_cat?post=3498"},{"taxonomy":"product_tag","embeddable":true,"href":"https:\/\/www.spacexvape.com\/de\/wp-json\/wp\/v2\/product_tag?post=3498"}],"curies":[{"name":"wp","href":"https:\/\/api.w.org\/{rel}","templated":true}]}}