{"id":6226,"date":"2025-06-17T10:31:31","date_gmt":"2025-06-17T02:31:31","guid":{"rendered":"https:\/\/www.spacexvape.com\/?post_type=product&#038;p=6226"},"modified":"2025-12-19T10:01:43","modified_gmt":"2025-12-19T02:01:43","slug":"bang-king-digital-box-15k-puffs-disposable-vape-wholesale","status":"publish","type":"product","link":"https:\/\/www.spacexvape.com\/de\/produkt\/knall-konig-digitale-box-15k-puffs-einweg-vape-groshandel","title":{"rendered":"Bang King Digital Box 15k Puffs Einweg Vape Gro\u00dfhandel"},"content":{"rendered":"<p>Die <a href=\"https:\/\/www.spacexvape.com\/de\/brand\/bang\/\"><strong>Bang<\/strong><\/a> King Digital Box 15k Puffs Disposable Vape, ausgestattet mit einem zuverl\u00e4ssigen 500mAh Akku und einem massiven 23ml vorgef\u00fcllten Tank, liefert bis zu 15.000 zufriedenstellende Z\u00fcge. Egal, ob Sie die St\u00e4rke 0%, 2%, 3% oder 5% bevorzugen, Sie werden die perfekte St\u00e4rke finden, die zu Ihrem Lebensstil passt. Und dank der integrierten Digitalanzeige sind Sie immer \u00fcber Ihren Akkustand und die Anzahl der Z\u00fcge informiert - so wird Dampfen intelligenter.<\/p>\n<p data-start=\"1153\" data-end=\"1487\">Was dieses Ger\u00e4t wirklich von anderen abhebt, ist seine m\u00fchelose Dampfqualit\u00e4t und Optionsvielfalt. Das optimierte Spulendesign sorgt f\u00fcr weiche und konsistente Wolken, w\u00e4hrend die ergonomische Bauweise es zu einer nat\u00fcrlichen Passform f\u00fcr Ihre Hand oder Tasche macht. Schnell, intuitiv und leistungsstark - er wurde entwickelt, um Ihr Dampferlebnis vom ersten Zug an zu verbessern.<\/p>\n<p data-start=\"1492\" data-end=\"1848\">W\u00e4hlen Sie aus 10 aufregenden und fachm\u00e4nnisch hergestellten Optionen, die jedes Verlangen befriedigen: von eisig-frischen Hits wie Blue Freeze, Peach Freeze und Lush Ice bis hin zu fruchtigen Mischungen wie Berry Blast, Sour Apple Razberry und Triple Fruit. Egal, ob Sie neu beim Dampfen sind oder ein erfahrener Enthusiast, dieses kompakte Kraftpaket ist Ihr Tor zu lebendigem Geschmack und moderner Einfachheit.<\/p>\n<h2>Bang King Digital Box 15k Puffs Einweg Vape Spezifikation<\/h2>\n<ul>\n<li data-slate-node=\"element\"><span data-slate-node=\"text\">Nikotingehalt: 0% &amp; 2% &amp; 3% &amp; 5%<\/span><\/li>\n<li data-slate-node=\"element\"><span data-slate-node=\"text\">Anzahl der Z\u00fcge: Bis zu 15.000 Z\u00fcge<\/span><\/li>\n<li data-slate-node=\"element\"><span data-slate-node=\"text\">Akku E-Fl\u00fcssigkeit: 500mAh<\/span><\/li>\n<li data-slate-node=\"element\"><span data-slate-node=\"text\">E-Fl\u00fcssigkeit: 23ml<\/span><\/li>\n<li data-slate-node=\"element\"><span data-slate-node=\"text\">Spulentyp Maschenspule<\/span><\/li>\n<li data-slate-node=\"element\"><span data-slate-node=\"text\">Ladeanschluss TYPE-C<\/span><\/li>\n<li data-slate-node=\"element\" data-slate-fragment=\"JTVCJTdCJTIydHlwZSUyMiUzQSUyMnBhcmFncmFwaCUyMiUyQyUyMmNoaWxkcmVuJTIyJTNBJTVCJTdCJTIyaWQlMjIlM0ElMjJlRVFvMzJ5SkVlJTIyJTJDJTIycGFyYUlkeCUyMiUzQTAlMkMlMjJzcmMlMjIlM0ElMjJOaWNvdGluZSUyMExldmVscyUzQSUyMDAlMjUlMkMlMjAyJTI1JTJDJTIwMyUyNSUyQyUyMDUlMjUlMjIlMkMlMjJkc3QlMjIlM0ElMjIlRTUlQjAlQkMlRTUlOEYlQTQlRTQlQjglODElRTYlQjAlQjQlRTUlQjklQjMlRUYlQkMlOUEwJTI1JUUzJTgwJTgxMiUyNSVFMyU4MCU4MTMlMjUlRTMlODAlODE1JTI1JTIyJTJDJTIybWV0YWRhdGElMjIlM0ElMjIlMjIlMkMlMjJtYXRjaGVzJTIyJTNBbnVsbCUyQyUyMm1ldGFEYXRhJTIyJTNBJTVCJTVEJTJDJTIydGV4dCUyMiUzQSUyMk5pY290aW5lJTIwTGV2ZWxzJTNBJTIwMCUyNSUyQyUyMDIlMjUlMkMlMjAzJTI1JTJDJTIwNSUyNSUyMiU3RCU1RCU3RCUyQyU3QiUyMnR5cGUlMjIlM0ElMjJwYXJhZ3JhcGglMjIlMkMlMjJjaGlsZHJlbiUyMiUzQSU1QiU3QiUyMmlkJTIyJTNBJTIyQm9iRW52bHcweiUyMiUyQyUyMnBhcmFJZHglMjIlM0ExJTJDJTIyc3JjJTIyJTNBJTIyUHVmZiUyMENvdW50JTNBJTIwVXAlMjB0byUyMDEyJTJDMDAwJTIwcHVmZnMlMjIlMkMlMjJkc3QlMjIlM0ElMjIlRTYlQjMlQTElRTglOEElOTklRTYlOTUlQjAlRTklODclOEYlRUYlQkMlOUElRTYlOUMlODAlRTUlQTQlOUExMjAwMCVFNiVBQyVBMSUyMiUyQyUyMm1ldGFkYXRhJTIyJTNBJTIyJTIyJTJDJTIybWF0Y2hlcyUyMiUzQW51bGwlMkMlMjJtZXRhRGF0YSUyMiUzQSU1QiU1RCUyQyUyMnRleHQlMjIlM0ElMjJQdWZmJTIwQ291bnQlM0ElMjBVcCUyMHRvJTIwMTIlMkMwMDAlMjBwdWZmcyUyMiU3RCU1RCU3RCUyQyU3QiUyMnR5cGUlMjIlM0ElMjJwYXJhZ3JhcGglMjIlMkMlMjJjaGlsZHJlbiUyMiUzQSU1QiU3QiUyMmlkJTIyJTNBJTIyVjBRZHBKZ3cyeiUyMiUyQyUyMnBhcmFJZHglMjIlM0EyJTJDJTIyc3JjJTIyJTNBJTIyQmF0dGVyeSUyMENhcGFjaXR5JTNBJTIwNTUwbUFoJTIyJTJDJTIyZHN0JTIyJTNBJTIyJUU3JTk0JUI1JUU2JUIxJUEwJUU1JUFFJUI5JUU5JTg3JThGJUVGJUJDJTlBNTUwbUFoJTIyJTJDJTIybWV0YWRhdGElMjIlM0ElMjIlMjIlMkMlMjJtYXRjaGVzJTIyJTNBbnVsbCUyQyUyMm1ldGFEYXRhJTIyJTNBJTVCJTVEJTJDJTIydGV4dCUyMiUzQSUyMkJhdHRlcnklMjBDYXBhY2l0eSUzQSUyMDU1MG1BaCUyMiU3RCU1RCU3RCUyQyU3QiUyMnR5cGUlMjIlM0ElMjJwYXJhZ3JhcGglMjIlMkMlMjJjaGlsZHJlbiUyMiUzQSU1QiU3QiUyMmlkJTIyJTNBJTIyZUpxdjNYeTUyQiUyMiUyQyUyMnBhcmFJZHglMjIlM0EzJTJDJTIyc3JjJTIyJTNBJTIyRS1MaXF1aWQlMjBDYXBhY2l0eSUzQSUyMDE4bWwlMjIlMkMlMjJkc3QlMjIlM0ElMjJFLSVFNiVCNiVCMiVFNCVCRCU5MyVFNSVBRSVCOSVFOSU4NyU4RiVFRiVCQyU5QTE4bWwlMjIlMkMlMjJtZXRhZGF0YSUyMiUzQSUyMiUyMiUyQyUyMm1hdGNoZXMlMjIlM0FudWxsJTJDJTIybWV0YURhdGElMjIlM0ElNUIlNUQlMkMlMjJ0ZXh0JTIyJTNBJTIyRS1MaXF1aWQlMjBDYXBhY2l0eSUzQSUyMDE4bWwlMjIlN0QlNUQlN0QlMkMlN0IlMjJ0eXBlJTIyJTNBJTIycGFyYWdyYXBoJTIyJTJDJTIyY2hpbGRyZW4lMjIlM0ElNUIlN0IlMjJpZCUyMiUzQSUyMkJYZHEzTmt4cUIlMjIlMkMlMjJwYXJhSWR4JTIyJTNBNCUyQyUyMnNyYyUyMiUzQSUyMkNvaWwlMjBUeXBlJTVDdE1lc2glMjBjb2lsJTIyJTJDJTIyZHN0JTIyJTNBJTIyJUU3JUJBJUJGJUU1JTlDJTg4JUU3JUIxJUJCJUU1JTlFJThCJUU3JUJEJTkxJUU3JThBJUI2JUU3JUJBJUJGJUU1JTlDJTg4JTIyJTJDJTIybWV0YWRhdGElMjIlM0ElMjIlMjIlMkMlMjJtYXRjaGVzJTIyJTNBbnVsbCUyQyUyMm1ldGFEYXRhJTIyJTNBJTVCJTVEJTJDJTIydGV4dCUyMiUzQSUyMkNvaWwlMjBUeXBlJTVDdE1lc2glMjBjb2lsJTIyJTdEJTVEJTdEJTJDJTdCJTIydHlwZSUyMiUzQSUyMnBhcmFncmFwaCUyMiUyQyUyMmNoaWxkcmVuJTIyJTNBJTVCJTdCJTIyaWQlMjIlM0ElMjJleHFFOVA4dldWJTIyJTJDJTIycGFyYUlkeCUyMiUzQTUlMkMlMjJzcmMlMjIlM0ElMjJSZXNpc3RhbmNlJTNBJTIwMS4yJUNFJUE5JTIyJTJDJTIyZHN0JTIyJTNBJTIyJUU3JTk0JUI1JUU5JTk4JUJCJUVGJUJDJTlBMS4yJUNFJUE5JTIyJTJDJTIybWV0YWRhdGElMjIlM0ElMjIlMjIlMkMlMjJtYXRjaGVzJTIyJTNBbnVsbCUyQyUyMm1ldGFEYXRhJTIyJTNBJTVCJTVEJTJDJTIydGV4dCUyMiUzQSUyMlJlc2lzdGFuY2UlM0ElMjAxLjIlQ0UlQTklMjIlN0QlNUQlN0QlMkMlN0IlMjJ0eXBlJTIyJTNBJTIycGFyYWdyYXBoJTIyJTJDJTIyY2hpbGRyZW4lMjIlM0ElNUIlN0IlMjJpZCUyMiUzQSUyMmUzbVFxNGxQSnolMjIlMkMlMjJwYXJhSWR4JTIyJTNBNiUyQyUyMnNyYyUyMiUzQSUyMkNoYXJnaW5nJTIwUG9ydCU1Q3RUWVBFLUMlMjIlMkMlMjJkc3QlMjIlM0ElMjIlRTUlODUlODUlRTclOTQlQjUlRTclQUIlQUYlRTUlOEYlQTNUWVBFLUMlMjIlMkMlMjJtZXRhZGF0YSUyMiUzQSUyMiUyMiUyQyUyMm1hdGNoZXMlMjIlM0FudWxsJTJDJTIybWV0YURhdGElMjIlM0ElNUIlNUQlMkMlMjJ0ZXh0JTIyJTNBJTIyQ2hhcmdpbmclMjBQb3J0JTVDdFRZUEUtQyUyMiU3RCU1RCU3RCUyQyU3QiUyMnR5cGUlMjIlM0ElMjJwYXJhZ3JhcGglMjIlMkMlMjJjaGlsZHJlbiUyMiUzQSU1QiU3QiUyMmlkJTIyJTNBJTIyVk9YUjNFb25aeiUyMiUyQyUyMnBhcmFJZHglMjIlM0E3JTJDJTIyc3JjJTIyJTNBJTIyRGVzaWduJTNBJTIwQnVsbGV0LXN0eWxlJTIwc2xlZWslMjBkZXNpZ24lMjIlMkMlMjJkc3QlMjIlM0ElMjIlRTglQUUlQkUlRTglQUUlQTElRUYlQkMlOUElRTUlQUQlOTAlRTUlQkMlQjklRTUlOUUlOEIlRTYlOTclQjYlRTUlQjAlOUElRTglQUUlQkUlRTglQUUlQTElMjIlMkMlMjJtZXRhZGF0YSUyMiUzQSUyMiUyMiUyQyUyMm1hdGNoZXMlMjIlM0FudWxsJTJDJTIybWV0YURhdGElMjIlM0ElNUIlNUQlMkMlMjJ0ZXh0JTIyJTNBJTIyRGVzaWduJTNBJTIwQnVsbGV0LXN0eWxlJTIwc2xlZWslMjBkZXNpZ24lMjIlN0QlNUQlN0QlNUQ=\">Mit einem Display ausgestattet<\/li>\n<\/ul>\n<h2>Liste der Optionen<\/h2>\n<ol>\n<li>Blaues Gefrieren<\/li>\n<li>Beerenexplosion<\/li>\n<li>Blaubeere-Kirsche-Zitrone<\/li>\n<li>Pfirsich einfrieren<\/li>\n<li>Traubenfrost<\/li>\n<li>Pfirsich Beere<\/li>\n<li>Saurer Apfel Razberry<\/li>\n<li>Dreifache Frucht<\/li>\n<li>\u00dcppiges Eis<\/li>\n<li>Erdbeere Wassermelone<\/li>\n<\/ol>\n<h2>Packliste<\/h2>\n<p>10*Bang King Digital Box 15k Puffs Einweg Vapes<\/p>\n<figure id=\"attachment_6273\" aria-describedby=\"caption-attachment-6273\" style=\"width: 800px\" class=\"wp-caption alignnone\"><img decoding=\"async\" class=\"size-full wp-image-6273\" title=\"Bang King Digital Box 15k Erdbeere Wassermelone\" src=\"https:\/\/www.spacexvape.com\/wp-content\/uploads\/2025\/06\/Bang-King-Digital-Box-15k-Strawberry-Watermelon.webp\" alt=\"Bang King Digital Box 15k Erdbeere Wassermelone\" width=\"800\" height=\"800\" srcset=\"https:\/\/www.spacexvape.com\/wp-content\/uploads\/2025\/06\/Bang-King-Digital-Box-15k-Strawberry-Watermelon.webp 800w, https:\/\/www.spacexvape.com\/wp-content\/uploads\/2025\/06\/Bang-King-Digital-Box-15k-Strawberry-Watermelon-300x300.webp 300w, https:\/\/www.spacexvape.com\/wp-content\/uploads\/2025\/06\/Bang-King-Digital-Box-15k-Strawberry-Watermelon-150x150.webp 150w, https:\/\/www.spacexvape.com\/wp-content\/uploads\/2025\/06\/Bang-King-Digital-Box-15k-Strawberry-Watermelon-768x768.webp 768w, https:\/\/www.spacexvape.com\/wp-content\/uploads\/2025\/06\/Bang-King-Digital-Box-15k-Strawberry-Watermelon-12x12.webp 12w, https:\/\/www.spacexvape.com\/wp-content\/uploads\/2025\/06\/Bang-King-Digital-Box-15k-Strawberry-Watermelon-247x247.webp 247w, https:\/\/www.spacexvape.com\/wp-content\/uploads\/2025\/06\/Bang-King-Digital-Box-15k-Strawberry-Watermelon-510x510.webp 510w, https:\/\/www.spacexvape.com\/wp-content\/uploads\/2025\/06\/Bang-King-Digital-Box-15k-Strawberry-Watermelon-100x100.webp 100w\" sizes=\"(max-width: 800px) 100vw, 800px\" \/><figcaption id=\"caption-attachment-6273\" class=\"wp-caption-text\">Bang King Digital Box 15k Erdbeere Wassermelone<\/figcaption><\/figure>","protected":false},"excerpt":{"rendered":"<p>Bang King Digital Box 15k \/ 0% &amp; 2% &amp; 3% &amp; 5% St\u00e4rke \/ <span data-slate-node=\"text\">500mAh <\/span>wiederaufladbare Batterie \/ 23ml Fassungsverm\u00f6gen \/ 15.000 Puffs \/ China Warehouse<\/p>","protected":false},"featured_media":6274,"comment_status":"open","ping_status":"closed","template":"","meta":[],"product_brand":[609],"product_cat":[15],"product_tag":[505,625,561],"class_list":{"0":"post-6226","1":"product","2":"type-product","3":"status-publish","4":"has-post-thumbnail","6":"product_brand-bang","7":"product_cat-disposable-vapes","8":"product_tag-15000-puffs","9":"product_tag-23ml","10":"product_tag-500mah","11":"product_shipping_class-china-warehouse-wholesale","12":"pa_battery-500mah","13":"pa_e-liquid-23ml","14":"pa_flavor-berry-blast","15":"pa_flavor-blue-freeze","16":"pa_flavor-blueberry-cherry-lemon","17":"pa_flavor-grape-freeze","18":"pa_flavor-lush-ice","19":"pa_flavor-peach-berry","20":"pa_flavor-peach-freeze","21":"pa_flavor-sour-apple-razberry","22":"pa_flavor-strawberry-watermelon","23":"pa_flavor-troiple-fruit","24":"pa_nicotine-0-percent","25":"pa_nicotine-2-percent","26":"pa_nicotine-3-percent","27":"pa_nicotine-5-percent","28":"pa_puffs-15000-puffs","29":"pa_rechargeable-yes","30":"pa_selling-type-micro-wholesale","32":"first","33":"outofstock","34":"shipping-taxable","35":"purchasable","36":"product-type-variable"},"wcpa_form_fields":null,"_links":{"self":[{"href":"https:\/\/www.spacexvape.com\/de\/wp-json\/wp\/v2\/product\/6226","targetHints":{"allow":["GET"]}}],"collection":[{"href":"https:\/\/www.spacexvape.com\/de\/wp-json\/wp\/v2\/product"}],"about":[{"href":"https:\/\/www.spacexvape.com\/de\/wp-json\/wp\/v2\/types\/product"}],"replies":[{"embeddable":true,"href":"https:\/\/www.spacexvape.com\/de\/wp-json\/wp\/v2\/comments?post=6226"}],"wp:featuredmedia":[{"embeddable":true,"href":"https:\/\/www.spacexvape.com\/de\/wp-json\/wp\/v2\/media\/6274"}],"wp:attachment":[{"href":"https:\/\/www.spacexvape.com\/de\/wp-json\/wp\/v2\/media?parent=6226"}],"wp:term":[{"taxonomy":"product_brand","embeddable":true,"href":"https:\/\/www.spacexvape.com\/de\/wp-json\/wp\/v2\/product_brand?post=6226"},{"taxonomy":"product_cat","embeddable":true,"href":"https:\/\/www.spacexvape.com\/de\/wp-json\/wp\/v2\/product_cat?post=6226"},{"taxonomy":"product_tag","embeddable":true,"href":"https:\/\/www.spacexvape.com\/de\/wp-json\/wp\/v2\/product_tag?post=6226"}],"curies":[{"name":"wp","href":"https:\/\/api.w.org\/{rel}","templated":true}]}}