{"id":8970,"date":"2025-07-16T10:40:29","date_gmt":"2025-07-16T02:40:29","guid":{"rendered":"https:\/\/www.spacexvape.com\/?post_type=product&#038;p=8970"},"modified":"2025-11-05T18:23:27","modified_gmt":"2025-11-05T10:23:27","slug":"bang-36000-puffs-deep-lung-vape","status":"publish","type":"product","link":"https:\/\/www.spacexvape.com\/de\/produkt\/knall-36000-zuge-tief-lunge-vape","title":{"rendered":"Bang 36000 Puffs Deep Lung Vape Gro\u00dfhandel"},"content":{"rendered":"<p>Die <a href=\"https:\/\/www.spacexvape.com\/de\/brand\/bang\/\"><strong>Bang<\/strong><\/a> 36000 Puffs Deep Lung Vape revolutioniert das tragbare Dampfen mit seiner branchenf\u00fchrenden 40ml-Kapazit\u00e4t, die bis zu 36.000 befriedigende Z\u00fcge liefert. Der Deep Lung Vape ist in verschiedenen St\u00e4rken erh\u00e4ltlich (0%, 2%, 3%, 5%) und wurde f\u00fcr die pers\u00f6nliche Zufriedenheit ohne Wartung entwickelt. Die innovative Mesh-Coil-Technologie sorgt f\u00fcr reichhaltigen, gleichm\u00e4\u00dfigen Dampf bei jedem Gebrauch.<\/p>\n<p>Was mehr ist, die 650mAh Typ-C Akku und einstellbare Airflow-System erm\u00f6glichen die vollst\u00e4ndige Kontrolle \u00fcber Ihr Dampferlebnis. W\u00e4hlen Sie aus 12 Premium-Optionen, um Ihr perfektes Produkt zu finden, und genie\u00dfen Sie dabei den Komfort eines Einwegdesigns.<\/p>\n<p>Das Beste von allem ist, dass dieses hochmoderne Ger\u00e4t maximale Puffs mit \u00fcberlegener Aromatechnologie kombiniert, was den Bang 36000 zur intelligenten Wahl f\u00fcr anspruchsvolle Vaper macht, die sowohl Leistung als auch Komfort sch\u00e4tzen.<\/p>\n<div>\n<h2>Bang 36000 Puffs Deep Lung Vape Spezifikation<\/h2>\n<ul>\n<li>Nikotin: 0% &amp; 2% &amp; 3% &amp; 5%<\/li>\n<li>Anzahl der Z\u00fcge: Bis zu 36.000 Z\u00fcge<\/li>\n<li>Akku E-Fl\u00fcssigkeit: 650mAh<\/li>\n<li>E-Fl\u00fcssigkeit: 40ml<\/li>\n<li>Ladeanschluss: TYPE-C<\/li>\n<\/ul>\n<h2>Liste der Optionen<\/h2>\n<\/div>\n<ol>\n<li data-slate-node=\"element\"><span data-slate-node=\"text\">Erdbeer-Kiwi<\/span><\/li>\n<li data-slate-node=\"element\"><span data-slate-node=\"text\">Pfirsich Mango Wassermelone<\/span><\/li>\n<li data-slate-node=\"element\"><span data-slate-node=\"text\">Gemischte Fr\u00fcchte<\/span><\/li>\n<li data-slate-node=\"element\"><span data-slate-node=\"text\">Minze Eis<\/span><\/li>\n<li data-slate-node=\"element\"><span data-slate-node=\"text\">Mango Pfirsich <\/span><\/li>\n<li data-slate-node=\"element\"><span data-slate-node=\"text\">Traubeneis<\/span><\/li>\n<li data-slate-node=\"element\"><span data-slate-node=\"text\">Doppelte \u00c4pfel<\/span><\/li>\n<li data-slate-node=\"element\"><span data-slate-node=\"text\">Heidelbeere-Himbeere<\/span><\/li>\n<li data-slate-node=\"element\"><span data-slate-node=\"text\">Blaubeereis<\/span><\/li>\n<li data-slate-node=\"element\"><span data-slate-node=\"text\">Erdbeere Wassermelone<\/span><\/li>\n<li data-slate-node=\"element\"><span data-slate-node=\"text\">Wassermelone Eis<\/span><\/li>\n<li data-slate-node=\"element\" data-slate-fragment=\"JTVCJTdCJTIydHlwZSUyMiUzQSUyMnBhcmFncmFwaCUyMiUyQyUyMmNoaWxkcmVuJTIyJTNBJTVCJTdCJTIydGV4dCUyMiUzQSUyMlN0cmF3YmVycnklMjBLaXdpJTIyJTdEJTVEJTdEJTJDJTdCJTIydHlwZSUyMiUzQSUyMnBhcmFncmFwaCUyMiUyQyUyMmNoaWxkcmVuJTIyJTNBJTVCJTdCJTIydGV4dCUyMiUzQSUyMiUyMiU3RCU1RCU3RCUyQyU3QiUyMnR5cGUlMjIlM0ElMjJwYXJhZ3JhcGglMjIlMkMlMjJjaGlsZHJlbiUyMiUzQSU1QiU3QiUyMnRleHQlMjIlM0ElMjJQZWFjaCUyME1hbmdvJTIwV2F0ZXJtZWxvbiUyMiU3RCU1RCU3RCUyQyU3QiUyMnR5cGUlMjIlM0ElMjJwYXJhZ3JhcGglMjIlMkMlMjJjaGlsZHJlbiUyMiUzQSU1QiU3QiUyMnRleHQlMjIlM0ElMjIlMjIlN0QlNUQlN0QlMkMlN0IlMjJ0eXBlJTIyJTNBJTIycGFyYWdyYXBoJTIyJTJDJTIyY2hpbGRyZW4lMjIlM0ElNUIlN0IlMjJ0ZXh0JTIyJTNBJTIyTWl4ZWQlMjBGcnVpdHMlMjIlN0QlNUQlN0QlMkMlN0IlMjJ0eXBlJTIyJTNBJTIycGFyYWdyYXBoJTIyJTJDJTIyY2hpbGRyZW4lMjIlM0ElNUIlN0IlMjJ0ZXh0JTIyJTNBJTIyJTIyJTdEJTVEJTdEJTJDJTdCJTIydHlwZSUyMiUzQSUyMnBhcmFncmFwaCUyMiUyQyUyMmNoaWxkcmVuJTIyJTNBJTVCJTdCJTIydGV4dCUyMiUzQSUyMk1pbnQlMjBJY2UlMjIlN0QlNUQlN0QlMkMlN0IlMjJ0eXBlJTIyJTNBJTIycGFyYWdyYXBoJTIyJTJDJTIyY2hpbGRyZW4lMjIlM0ElNUIlN0IlMjJ0ZXh0JTIyJTNBJTIyJTIyJTdEJTVEJTdEJTJDJTdCJTIydHlwZSUyMiUzQSUyMnBhcmFncmFwaCUyMiUyQyUyMmNoaWxkcmVuJTIyJTNBJTVCJTdCJTIydGV4dCUyMiUzQSUyMlBlYWNoJTIwTWFuZ28lMjIlN0QlNUQlN0QlMkMlN0IlMjJ0eXBlJTIyJTNBJTIycGFyYWdyYXBoJTIyJTJDJTIyY2hpbGRyZW4lMjIlM0ElNUIlN0IlMjJ0ZXh0JTIyJTNBJTIyJTIyJTdEJTVEJTdEJTJDJTdCJTIydHlwZSUyMiUzQSUyMnBhcmFncmFwaCUyMiUyQyUyMmNoaWxkcmVuJTIyJTNBJTVCJTdCJTIydGV4dCUyMiUzQSUyMkdyYXBlJTIwSWNlJTIyJTdEJTVEJTdEJTJDJTdCJTIydHlwZSUyMiUzQSUyMnBhcmFncmFwaCUyMiUyQyUyMmNoaWxkcmVuJTIyJTNBJTVCJTdCJTIydGV4dCUyMiUzQSUyMiUyMiU3RCU1RCU3RCUyQyU3QiUyMnR5cGUlMjIlM0ElMjJwYXJhZ3JhcGglMjIlMkMlMjJjaGlsZHJlbiUyMiUzQSU1QiU3QiUyMnRleHQlMjIlM0ElMjJEb3VibGUlMjBBcHBsZXMlMjIlN0QlNUQlN0QlMkMlN0IlMjJ0eXBlJTIyJTNBJTIycGFyYWdyYXBoJTIyJTJDJTIyY2hpbGRyZW4lMjIlM0ElNUIlN0IlMjJ0ZXh0JTIyJTNBJTIyJTIyJTdEJTVEJTdEJTJDJTdCJTIydHlwZSUyMiUzQSUyMnBhcmFncmFwaCUyMiUyQyUyMmNoaWxkcmVuJTIyJTNBJTVCJTdCJTIydGV4dCUyMiUzQSUyMkJsdWViZXJyeSUyMFJhc3BiZXJyeSUyMiU3RCU1RCU3RCUyQyU3QiUyMnR5cGUlMjIlM0ElMjJwYXJhZ3JhcGglMjIlMkMlMjJjaGlsZHJlbiUyMiUzQSU1QiU3QiUyMnRleHQlMjIlM0ElMjIlMjIlN0QlNUQlN0QlMkMlN0IlMjJ0eXBlJTIyJTNBJTIycGFyYWdyYXBoJTIyJTJDJTIyY2hpbGRyZW4lMjIlM0ElNUIlN0IlMjJ0ZXh0JTIyJTNBJTIyQmx1ZWJlcnJ5JTIwSWNlJTIyJTdEJTVEJTdEJTJDJTdCJTIydHlwZSUyMiUzQSUyMnBhcmFncmFwaCUyMiUyQyUyMmNoaWxkcmVuJTIyJTNBJTVCJTdCJTIydGV4dCUyMiUzQSUyMiUyMiU3RCU1RCU3RCUyQyU3QiUyMnR5cGUlMjIlM0ElMjJwYXJhZ3JhcGglMjIlMkMlMjJjaGlsZHJlbiUyMiUzQSU1QiU3QiUyMnRleHQlMjIlM0ElMjJTdHJhd2JlcnJ5JTIwV2F0ZXJtZWxvbiUyMiU3RCU1RCU3RCUyQyU3QiUyMnR5cGUlMjIlM0ElMjJwYXJhZ3JhcGglMjIlMkMlMjJjaGlsZHJlbiUyMiUzQSU1QiU3QiUyMnRleHQlMjIlM0ElMjIlMjIlN0QlNUQlN0QlMkMlN0IlMjJ0eXBlJTIyJTNBJTIycGFyYWdyYXBoJTIyJTJDJTIyY2hpbGRyZW4lMjIlM0ElNUIlN0IlMjJ0ZXh0JTIyJTNBJTIyV2F0ZXJtZWxvbiUyMEljZSUyMiU3RCU1RCU3RCUyQyU3QiUyMnR5cGUlMjIlM0ElMjJwYXJhZ3JhcGglMjIlMkMlMjJjaGlsZHJlbiUyMiUzQSU1QiU3QiUyMnRleHQlMjIlM0ElMjIlMjIlN0QlNUQlN0QlMkMlN0IlMjJ0eXBlJTIyJTNBJTIycGFyYWdyYXBoJTIyJTJDJTIyY2hpbGRyZW4lMjIlM0ElNUIlN0IlMjJ0ZXh0JTIyJTNBJTIyU3RyYXdiZXJyeSUyME1hbmdvJTIyJTdEJTVEJTdEJTVE\"><span data-slate-node=\"text\">Erdbeer-Mango<\/span><\/li>\n<\/ol>\n<h2>Packliste<\/h2>\n<p>10*Bang 36000 Puffs Deep Lung Vapes<\/p>\n<figure id=\"attachment_9100\" aria-describedby=\"caption-attachment-9100\" style=\"width: 800px\" class=\"wp-caption alignnone\"><img decoding=\"async\" class=\"size-full wp-image-9100\" title=\"Bang 36000 Doppel\u00e4pfel\" src=\"https:\/\/www.spacexvape.com\/wp-content\/uploads\/2025\/07\/Bang-36000-Double-Apples.webp\" alt=\"Bang 36000 Doppel\u00e4pfel\" width=\"800\" height=\"800\" srcset=\"https:\/\/www.spacexvape.com\/wp-content\/uploads\/2025\/07\/Bang-36000-Double-Apples.webp 800w, https:\/\/www.spacexvape.com\/wp-content\/uploads\/2025\/07\/Bang-36000-Double-Apples-300x300.webp 300w, https:\/\/www.spacexvape.com\/wp-content\/uploads\/2025\/07\/Bang-36000-Double-Apples-150x150.webp 150w, https:\/\/www.spacexvape.com\/wp-content\/uploads\/2025\/07\/Bang-36000-Double-Apples-768x768.webp 768w, https:\/\/www.spacexvape.com\/wp-content\/uploads\/2025\/07\/Bang-36000-Double-Apples-12x12.webp 12w, https:\/\/www.spacexvape.com\/wp-content\/uploads\/2025\/07\/Bang-36000-Double-Apples-247x247.webp 247w, https:\/\/www.spacexvape.com\/wp-content\/uploads\/2025\/07\/Bang-36000-Double-Apples-510x510.webp 510w, https:\/\/www.spacexvape.com\/wp-content\/uploads\/2025\/07\/Bang-36000-Double-Apples-100x100.webp 100w\" sizes=\"(max-width: 800px) 100vw, 800px\" \/><figcaption id=\"caption-attachment-9100\" class=\"wp-caption-text\">Bang 36000 Doppel\u00e4pfel<\/figcaption><\/figure>","protected":false},"excerpt":{"rendered":"<p>Bang 36000 Puffs Deep Lung \/ 0% &amp; 2% &amp; 3% &amp; 5% St\u00e4rke \/ 650mAh wiederaufladbare Batterie \/ 40ml Kapazit\u00e4t \/ 36.000 Puffs \/ China Warehouse<\/p>","protected":false},"featured_media":9092,"comment_status":"open","ping_status":"closed","template":"","meta":[],"product_brand":[609],"product_cat":[15],"product_tag":[796,554,541],"class_list":{"0":"post-8970","1":"product","2":"type-product","3":"status-publish","4":"has-post-thumbnail","6":"product_brand-bang","7":"product_cat-disposable-vapes","8":"product_tag-36000-puffs","9":"product_tag-40ml","10":"product_tag-650mah","11":"product_shipping_class-china-warehouse-wholesale","12":"pa_battery-650mah","13":"pa_e-liquid-40ml","14":"pa_flavor-blueberry-ice","15":"pa_flavor-blueberry-raspberry","16":"pa_flavor-double-apples","17":"pa_flavor-grape-ice","18":"pa_flavor-mango-peach","19":"pa_flavor-mint-ice","20":"pa_flavor-mixed-fruits","21":"pa_flavor-peach-mango-watermelon","22":"pa_flavor-strawberry-kiwi","23":"pa_flavor-strawberry-mango","24":"pa_flavor-strawberry-watermelon","25":"pa_flavor-watermelon-ice","26":"pa_nicotine-0-percent","27":"pa_nicotine-2-percent","28":"pa_nicotine-3-percent","29":"pa_nicotine-5-percent","30":"pa_puffs-36000-puffs","31":"pa_rechargeable-yes","32":"pa_selling-type-micro-wholesale","34":"first","35":"instock","36":"shipping-taxable","37":"purchasable","38":"product-type-variable"},"wcpa_form_fields":null,"_links":{"self":[{"href":"https:\/\/www.spacexvape.com\/de\/wp-json\/wp\/v2\/product\/8970","targetHints":{"allow":["GET"]}}],"collection":[{"href":"https:\/\/www.spacexvape.com\/de\/wp-json\/wp\/v2\/product"}],"about":[{"href":"https:\/\/www.spacexvape.com\/de\/wp-json\/wp\/v2\/types\/product"}],"replies":[{"embeddable":true,"href":"https:\/\/www.spacexvape.com\/de\/wp-json\/wp\/v2\/comments?post=8970"}],"wp:featuredmedia":[{"embeddable":true,"href":"https:\/\/www.spacexvape.com\/de\/wp-json\/wp\/v2\/media\/9092"}],"wp:attachment":[{"href":"https:\/\/www.spacexvape.com\/de\/wp-json\/wp\/v2\/media?parent=8970"}],"wp:term":[{"taxonomy":"product_brand","embeddable":true,"href":"https:\/\/www.spacexvape.com\/de\/wp-json\/wp\/v2\/product_brand?post=8970"},{"taxonomy":"product_cat","embeddable":true,"href":"https:\/\/www.spacexvape.com\/de\/wp-json\/wp\/v2\/product_cat?post=8970"},{"taxonomy":"product_tag","embeddable":true,"href":"https:\/\/www.spacexvape.com\/de\/wp-json\/wp\/v2\/product_tag?post=8970"}],"curies":[{"name":"wp","href":"https:\/\/api.w.org\/{rel}","templated":true}]}}