{"id":9206,"date":"2025-07-17T17:40:41","date_gmt":"2025-07-17T09:40:41","guid":{"rendered":"https:\/\/www.spacexvape.com\/?post_type=product&#038;p=9206"},"modified":"2025-11-05T10:26:19","modified_gmt":"2025-11-05T02:26:19","slug":"bang-36000-power-puffs-vape","status":"publish","type":"product","link":"https:\/\/www.spacexvape.com\/de\/produkt\/bang-36000-macht-puffs-vape","title":{"rendered":"Bang 36000 Power Puffs Vape Gro\u00dfhandel"},"content":{"rendered":"<p data-slate-node=\"element\">Die <a href=\"https:\/\/www.spacexvape.com\/de\/brand\/bang\/\"><strong>Bang<\/strong><\/a> 36000 Power Puffs Vape setzt einen neuen Standard mit seiner bahnbrechenden Kapazit\u00e4t von 36.000 Z\u00fcgen, unterst\u00fctzt durch einen 850mAh-Akku und 36mL E-Liquid-Reserve. F\u00fcr alle Vorlieben bietet es pr\u00e4zise Optionen f\u00fcr die St\u00e4rke des Pflanzenextrakts (0%, 2%, 3%, 5%) f\u00fcr individuelle Erfahrungen. Gro\u00dfh\u00e4ndler k\u00f6nnen von exklusiven Mengenpreisen f\u00fcr diese erstklassige Vaping-L\u00f6sung profitieren.<\/p>\n<p data-slate-node=\"element\">Das fortschrittliche auslaufsichere System und der automatische Entnahmemechanismus sorgen f\u00fcr einen sorgenfreien Betrieb. Das ergonomische Design kombiniert Tragbarkeit mit Langlebigkeit, w\u00e4hrend die massive E-Liquid-Kapazit\u00e4t eine lange Zufriedenheit mit allen botanischen Extraktstufen garantiert.<\/p>\n<p data-slate-node=\"element\">Die Bang 36000 entspricht der wachsenden Marktnachfrage nach leistungsstarken Vaping-Systemen und bietet dank ihrer bew\u00e4hrten Zuverl\u00e4ssigkeit und Kundenzufriedenheit au\u00dfergew\u00f6hnliche Gewinnspannen. Diese Premium-Produktlinie verspricht ein hohes Wiederholungsgesch\u00e4ftspotenzial f\u00fcr H\u00e4ndler.<\/p>\n<h2>Bang 36000 Power Puffs Vape Spezifikation<\/h2>\n<ul>\n<li>Nikotin: 0% &amp; 2% &amp; 3% &amp; 5%<\/li>\n<li>Anzahl der Z\u00fcge: Bis zu 36.000 Z\u00fcge<\/li>\n<li>Akku E-Fl\u00fcssigkeit: 850mAh<\/li>\n<li>E-Fl\u00fcssigkeit: 36ml<\/li>\n<li>Ladeanschluss: TYPE-C<\/li>\n<\/ul>\n<h2>Liste der Optionen<\/h2>\n<ol>\n<li data-slate-node=\"element\"><span data-slate-node=\"text\">Gemischtes Obst<\/span><\/li>\n<li data-slate-node=\"element\"><span data-slate-node=\"text\">Dreifach-Beere<\/span><\/li>\n<li data-slate-node=\"element\"><span data-slate-node=\"text\">Pfirsich Mango Wassermelone<\/span><\/li>\n<li data-slate-node=\"element\"><span data-slate-node=\"text\">Heidelbeere-Himbeere<\/span><\/li>\n<li data-slate-node=\"element\"><span data-slate-node=\"text\">Schwarzer Drache Eis<\/span><\/li>\n<li data-slate-node=\"element\"><span data-slate-node=\"text\">Traubeneis<\/span><\/li>\n<li data-slate-node=\"element\"><span data-slate-node=\"text\">Blaubeereis<\/span><\/li>\n<li data-slate-node=\"element\"><span data-slate-node=\"text\">Erdbeere Wassermelone<\/span><\/li>\n<li data-slate-node=\"element\"><span data-slate-node=\"text\">Erdbeere-Banane<\/span><\/li>\n<li data-slate-node=\"element\"><span data-slate-node=\"text\">Erdbeer-Kiwi<\/span><\/li>\n<li data-slate-node=\"element\"><span data-slate-node=\"text\">Erdbeer-Mango<\/span><\/li>\n<li data-slate-node=\"element\" data-slate-fragment=\"JTVCJTdCJTIydHlwZSUyMiUzQSUyMnBhcmFncmFwaCUyMiUyQyUyMmNoaWxkcmVuJTIyJTNBJTVCJTdCJTIyaWQlMjIlM0ElMjJWTWs4TE5kWFJCJTIyJTJDJTIycGFyYUlkeCUyMiUzQTAlMkMlMjJzcmMlMjIlM0ElMjJNaXhlZCUyMEZydWl0JTIyJTJDJTIyZHN0JTIyJTNBJTIyJUU2JUI3JUI3JUU1JTkwJTg4JUU2JUIwJUI0JUU2JTlFJTlDJTIyJTJDJTIybWV0YWRhdGElMjIlM0ElMjIlMjIlMkMlMjJtYXRjaGVzJTIyJTNBbnVsbCUyQyUyMm1ldGFEYXRhJTIyJTNBJTVCJTVEJTJDJTIydGV4dCUyMiUzQSUyMk1peGVkJTIwRnJ1aXQlMjIlN0QlNUQlN0QlMkMlN0IlMjJ0eXBlJTIyJTNBJTIycGFyYWdyYXBoJTIyJTJDJTIyY2hpbGRyZW4lMjIlM0ElNUIlN0IlMjJpZCUyMiUzQSUyMmVLT3Bsdm5La2UlMjIlMkMlMjJwYXJhSWR4JTIyJTNBMSUyQyUyMnNyYyUyMiUzQSUyMlRyaXBsZSUyMEJlcnJ5JTIyJTJDJTIyZHN0JTIyJTNBJTIyJUU0JUI4JTg5JUU5JTg3JThEJUU2JUI1JTg2JUU2JTlFJTlDJTIyJTJDJTIybWV0YWRhdGElMjIlM0ElMjIlMjIlMkMlMjJtYXRjaGVzJTIyJTNBbnVsbCUyQyUyMm1ldGFEYXRhJTIyJTNBJTVCJTVEJTJDJTIydGV4dCUyMiUzQSUyMlRyaXBsZSUyMEJlcnJ5JTIyJTdEJTVEJTdEJTJDJTdCJTIydHlwZSUyMiUzQSUyMnBhcmFncmFwaCUyMiUyQyUyMmNoaWxkcmVuJTIyJTNBJTVCJTdCJTIyaWQlMjIlM0ElMjJWNzZxUmt3SjVlJTIyJTJDJTIycGFyYUlkeCUyMiUzQTIlMkMlMjJzcmMlMjIlM0ElMjJQZWFjaCUyME1hbmdvJTIwV2F0ZXJtZWxvbiUyMiUyQyUyMmRzdCUyMiUzQSUyMiVFNiVBMSU4MyVFOCU4QSU5MiVFNiU5RSU5QyVFOCVBNSVCRiVFNyU5MyU5QyUyMiUyQyUyMm1ldGFkYXRhJTIyJTNBJTIyJTIyJTJDJTIybWF0Y2hlcyUyMiUzQW51bGwlMkMlMjJtZXRhRGF0YSUyMiUzQSU1QiU1RCUyQyUyMnRleHQlMjIlM0ElMjJQZWFjaCUyME1hbmdvJTIwV2F0ZXJtZWxvbiUyMiU3RCU1RCU3RCUyQyU3QiUyMnR5cGUlMjIlM0ElMjJwYXJhZ3JhcGglMjIlMkMlMjJjaGlsZHJlbiUyMiUzQSU1QiU3QiUyMmlkJTIyJTNBJTIyQjRBWUVOTXBSZSUyMiUyQyUyMnBhcmFJZHglMjIlM0EzJTJDJTIyc3JjJTIyJTNBJTIyQmx1ZWJlcnJ5JTIwUmFzcGJlcnJ5JTIyJTJDJTIyZHN0JTIyJTNBJTIyJUU4JTkzJTlEJUU4JThFJTkzJUU4JUE2JTg2JUU3JTlCJTg2JUU1JUFEJTkwJTIyJTJDJTIybWV0YWRhdGElMjIlM0ElMjIlMjIlMkMlMjJtYXRjaGVzJTIyJTNBbnVsbCUyQyUyMm1ldGFEYXRhJTIyJTNBJTVCJTVEJTJDJTIydGV4dCUyMiUzQSUyMkJsdWViZXJyeSUyMFJhc3BiZXJyeSUyMiU3RCU1RCU3RCUyQyU3QiUyMnR5cGUlMjIlM0ElMjJwYXJhZ3JhcGglMjIlMkMlMjJjaGlsZHJlbiUyMiUzQSU1QiU3QiUyMmlkJTIyJTNBJTIyVkFvZ21ESjUxQiUyMiUyQyUyMnBhcmFJZHglMjIlM0E0JTJDJTIyc3JjJTIyJTNBJTIyQmxhY2slMjBEcmFnb24lMjBJY2UlMjIlMkMlMjJkc3QlMjIlM0ElMjIlRTklQkIlOTElRTklQkUlOTklRTUlODYlQjAlMjIlMkMlMjJtZXRhZGF0YSUyMiUzQSUyMiUyMiUyQyUyMm1hdGNoZXMlMjIlM0FudWxsJTJDJTIybWV0YURhdGElMjIlM0ElNUIlNUQlMkMlMjJ0ZXh0JTIyJTNBJTIyQmxhY2slMjBEcmFnb24lMjBJY2UlMjIlN0QlNUQlN0QlMkMlN0IlMjJ0eXBlJTIyJTNBJTIycGFyYWdyYXBoJTIyJTJDJTIyY2hpbGRyZW4lMjIlM0ElNUIlN0IlMjJpZCUyMiUzQSUyMmVHR2RhcUo1TGUlMjIlMkMlMjJwYXJhSWR4JTIyJTNBNSUyQyUyMnNyYyUyMiUzQSUyMkdyYXBlJTIwSWNlJTIyJTJDJTIyZHN0JTIyJTNBJTIyJUU4JTkxJUExJUU4JTkwJTg0JUU1JTg2JUIwJTIyJTJDJTIybWV0YWRhdGElMjIlM0ElMjIlMjIlMkMlMjJtYXRjaGVzJTIyJTNBbnVsbCUyQyUyMm1ldGFEYXRhJTIyJTNBJTVCJTVEJTJDJTIydGV4dCUyMiUzQSUyMkdyYXBlJTIwSWNlJTIyJTdEJTVEJTdEJTJDJTdCJTIydHlwZSUyMiUzQSUyMnBhcmFncmFwaCUyMiUyQyUyMmNoaWxkcmVuJTIyJTNBJTVCJTdCJTIyaWQlMjIlM0ElMjJlNjZtSlliM2dlJTIyJTJDJTIycGFyYUlkeCUyMiUzQTYlMkMlMjJzcmMlMjIlM0ElMjJCbHVlYmVycnklMjBJY2UlMjIlMkMlMjJkc3QlMjIlM0ElMjIlRTglOTMlOUQlRTklOUMlODklRTUlODYlQjAlMjIlMkMlMjJtZXRhZGF0YSUyMiUzQSUyMiUyMiUyQyUyMm1hdGNoZXMlMjIlM0FudWxsJTJDJTIybWV0YURhdGElMjIlM0ElNUIlNUQlMkMlMjJ0ZXh0JTIyJTNBJTIyQmx1ZWJlcnJ5JTIwSWNlJTIyJTdEJTVEJTdEJTJDJTdCJTIydHlwZSUyMiUzQSUyMnBhcmFncmFwaCUyMiUyQyUyMmNoaWxkcmVuJTIyJTNBJTVCJTdCJTIyaWQlMjIlM0ElMjJWUm9ucE1nT0V6JTIyJTJDJTIycGFyYUlkeCUyMiUzQTclMkMlMjJzcmMlMjIlM0ElMjJTdHJhd2JlcnJ5JTIwV2F0ZXJtZWxvbiUyMiUyQyUyMmRzdCUyMiUzQSUyMiVFOCU4RCU4OSVFOCU4RSU5MyVFOCVBNSVCRiVFNyU5MyU5QyUyMiUyQyUyMm1ldGFkYXRhJTIyJTNBJTIyJTIyJTJDJTIybWF0Y2hlcyUyMiUzQW51bGwlMkMlMjJtZXRhRGF0YSUyMiUzQSU1QiU1RCUyQyUyMnRleHQlMjIlM0ElMjJTdHJhd2JlcnJ5JTIwV2F0ZXJtZWxvbiUyMiU3RCU1RCU3RCUyQyU3QiUyMnR5cGUlMjIlM0ElMjJwYXJhZ3JhcGglMjIlMkMlMjJjaGlsZHJlbiUyMiUzQSU1QiU3QiUyMmlkJTIyJTNBJTIyVjV2a21xb1BaeiUyMiUyQyUyMnBhcmFJZHglMjIlM0E4JTJDJTIyc3JjJTIyJTNBJTIyU3RyYXdiZXJyeSUyMEJhbmFuYSUyMiUyQyUyMmRzdCUyMiUzQSUyMiVFOCU4RCU4OSVFOCU4RSU5MyVFOSVBNiU5OSVFOCU5NSU4OSUyMiUyQyUyMm1ldGFkYXRhJTIyJTNBJTIyJTIyJTJDJTIybWF0Y2hlcyUyMiUzQW51bGwlMkMlMjJtZXRhRGF0YSUyMiUzQSU1QiU1RCUyQyUyMnRleHQlMjIlM0ElMjJTdHJhd2JlcnJ5JTIwQmFuYW5hJTIyJTdEJTVEJTdEJTJDJTdCJTIydHlwZSUyMiUzQSUyMnBhcmFncmFwaCUyMiUyQyUyMmNoaWxkcmVuJTIyJTNBJTVCJTdCJTIyaWQlMjIlM0ElMjJ6eWJPOXBMOEtCJTIyJTJDJTIycGFyYUlkeCUyMiUzQTklMkMlMjJzcmMlMjIlM0ElMjJTdHJhd2JlcnJ5JTIwS2l3aSUyMiUyQyUyMmRzdCUyMiUzQSUyMiVFNSVBNSU4NyVFNSVCQyU4MiVFNiU5RSU5QyUyMiUyQyUyMm1ldGFkYXRhJTIyJTNBJTIyJTIyJTJDJTIybWF0Y2hlcyUyMiUzQW51bGwlMkMlMjJtZXRhRGF0YSUyMiUzQSU1QiU1RCUyQyUyMnRleHQlMjIlM0ElMjJTdHJhd2JlcnJ5JTIwS2l3aSUyMiU3RCU1RCU3RCUyQyU3QiUyMnR5cGUlMjIlM0ElMjJwYXJhZ3JhcGglMjIlMkMlMjJjaGlsZHJlbiUyMiUzQSU1QiU3QiUyMmlkJTIyJTNBJTIyZTJiTjV2SkxvZSUyMiUyQyUyMnBhcmFJZHglMjIlM0ExMCUyQyUyMnNyYyUyMiUzQSUyMlN0cmF3YmVycnklMjBNYW5nbyUyMiUyQyUyMmRzdCUyMiUzQSUyMiVFOCU4RCU4OSVFOCU4RSU5MyVFOCU4QSU5MiVFNiU5RSU5QyUyMiUyQyUyMm1ldGFkYXRhJTIyJTNBJTIyJTIyJTJDJTIybWF0Y2hlcyUyMiUzQW51bGwlMkMlMjJtZXRhRGF0YSUyMiUzQSU1QiU1RCUyQyUyMnRleHQlMjIlM0ElMjJTdHJhd2JlcnJ5JTIwTWFuZ28lMjIlN0QlNUQlN0QlMkMlN0IlMjJ0eXBlJTIyJTNBJTIycGFyYWdyYXBoJTIyJTJDJTIyY2hpbGRyZW4lMjIlM0ElNUIlN0IlMjJpZCUyMiUzQSUyMmVFUUR3UGJLSmUlMjIlMkMlMjJwYXJhSWR4JTIyJTNBMTElMkMlMjJzcmMlMjIlM0ElMjJXYXRlcm1lbG9uJTIwSWNlJTIyJTJDJTIyZHN0JTIyJTNBJTIyJUU4JUE1JUJGJUU3JTkzJTlDJUU1JTg2JUIwJTIyJTJDJTIybWV0YWRhdGElMjIlM0ElMjIlMjIlMkMlMjJtYXRjaGVzJTIyJTNBbnVsbCUyQyUyMm1ldGFEYXRhJTIyJTNBJTVCJTVEJTJDJTIydGV4dCUyMiUzQSUyMldhdGVybWVsb24lMjBJY2UlMjIlN0QlNUQlN0QlNUQ=\"><span data-slate-node=\"text\">Wassermelone Eis<\/span><\/li>\n<\/ol>\n<h2>Packliste<\/h2>\n<p>10*Bang 36000 Power Puffs Vapes<\/p>\n<figure id=\"attachment_9300\" aria-describedby=\"caption-attachment-9300\" style=\"width: 800px\" class=\"wp-caption alignnone\"><img decoding=\"async\" class=\"size-full wp-image-9300\" title=\"Bang 36000 Power Dreifachbeere\" src=\"https:\/\/www.spacexvape.com\/wp-content\/uploads\/2025\/07\/Bang-36000-Power-Triple-Berry.webp\" alt=\"Bang 36000 Power Dreifachbeere\" width=\"800\" height=\"800\" srcset=\"https:\/\/www.spacexvape.com\/wp-content\/uploads\/2025\/07\/Bang-36000-Power-Triple-Berry.webp 800w, https:\/\/www.spacexvape.com\/wp-content\/uploads\/2025\/07\/Bang-36000-Power-Triple-Berry-300x300.webp 300w, https:\/\/www.spacexvape.com\/wp-content\/uploads\/2025\/07\/Bang-36000-Power-Triple-Berry-150x150.webp 150w, https:\/\/www.spacexvape.com\/wp-content\/uploads\/2025\/07\/Bang-36000-Power-Triple-Berry-768x768.webp 768w, https:\/\/www.spacexvape.com\/wp-content\/uploads\/2025\/07\/Bang-36000-Power-Triple-Berry-12x12.webp 12w, https:\/\/www.spacexvape.com\/wp-content\/uploads\/2025\/07\/Bang-36000-Power-Triple-Berry-247x247.webp 247w, https:\/\/www.spacexvape.com\/wp-content\/uploads\/2025\/07\/Bang-36000-Power-Triple-Berry-510x510.webp 510w, https:\/\/www.spacexvape.com\/wp-content\/uploads\/2025\/07\/Bang-36000-Power-Triple-Berry-100x100.webp 100w\" sizes=\"(max-width: 800px) 100vw, 800px\" \/><figcaption id=\"caption-attachment-9300\" class=\"wp-caption-text\">Bang 36000 Power Dreifachbeere<\/figcaption><\/figure>","protected":false},"excerpt":{"rendered":"<p>Bang 36000 Power \/ 0% &amp; 2% &amp; 3% &amp; 5% St\u00e4rke \/ 850mAh wiederaufladbare Batterie \/ 36ml Inhalt \/ 36.000 Puffs \/ China Warehouse<\/p>","protected":false},"featured_media":9289,"comment_status":"open","ping_status":"closed","template":"","meta":[],"product_brand":[609],"product_cat":[15],"product_tag":[796,555,549],"class_list":{"0":"post-9206","1":"product","2":"type-product","3":"status-publish","4":"has-post-thumbnail","6":"product_brand-bang","7":"product_cat-disposable-vapes","8":"product_tag-36000-puffs","9":"product_tag-36ml","10":"product_tag-850mah","11":"product_shipping_class-china-warehouse-wholesale","12":"pa_battery-850mah","13":"pa_e-liquid-36ml","14":"pa_flavor-black-dragon-ice","15":"pa_flavor-blueberry-ice","16":"pa_flavor-blueberry-raspberry","17":"pa_flavor-grape-ice","18":"pa_flavor-mixed-fruit","19":"pa_flavor-peach-mango-watermelon","20":"pa_flavor-strawberry-banana","21":"pa_flavor-strawberry-kiwi","22":"pa_flavor-strawberry-mango","23":"pa_flavor-strawberry-watermelon","24":"pa_flavor-triple-berry","25":"pa_flavor-watermelon-ice","26":"pa_nicotine-0-percent","27":"pa_nicotine-2-percent","28":"pa_nicotine-3-percent","29":"pa_nicotine-5-percent","30":"pa_puffs-36000-puffs","31":"pa_rechargeable-yes","32":"pa_selling-type-micro-wholesale","34":"first","35":"instock","36":"shipping-taxable","37":"purchasable","38":"product-type-variable"},"wcpa_form_fields":null,"_links":{"self":[{"href":"https:\/\/www.spacexvape.com\/de\/wp-json\/wp\/v2\/product\/9206","targetHints":{"allow":["GET"]}}],"collection":[{"href":"https:\/\/www.spacexvape.com\/de\/wp-json\/wp\/v2\/product"}],"about":[{"href":"https:\/\/www.spacexvape.com\/de\/wp-json\/wp\/v2\/types\/product"}],"replies":[{"embeddable":true,"href":"https:\/\/www.spacexvape.com\/de\/wp-json\/wp\/v2\/comments?post=9206"}],"wp:featuredmedia":[{"embeddable":true,"href":"https:\/\/www.spacexvape.com\/de\/wp-json\/wp\/v2\/media\/9289"}],"wp:attachment":[{"href":"https:\/\/www.spacexvape.com\/de\/wp-json\/wp\/v2\/media?parent=9206"}],"wp:term":[{"taxonomy":"product_brand","embeddable":true,"href":"https:\/\/www.spacexvape.com\/de\/wp-json\/wp\/v2\/product_brand?post=9206"},{"taxonomy":"product_cat","embeddable":true,"href":"https:\/\/www.spacexvape.com\/de\/wp-json\/wp\/v2\/product_cat?post=9206"},{"taxonomy":"product_tag","embeddable":true,"href":"https:\/\/www.spacexvape.com\/de\/wp-json\/wp\/v2\/product_tag?post=9206"}],"curies":[{"name":"wp","href":"https:\/\/api.w.org\/{rel}","templated":true}]}}