{"id":506,"date":"2026-01-21T10:06:11","date_gmt":"2026-01-21T02:06:11","guid":{"rendered":"https:\/\/www.spacexvape.com\/?page_id=506"},"modified":"2026-01-21T10:06:11","modified_gmt":"2026-01-21T02:06:11","slug":"terms-and-conditions","status":"publish","type":"page","link":"https:\/\/www.spacexvape.com\/es\/condiciones-generales","title":{"rendered":"Condiciones generales"},"content":{"rendered":"<p><strong><b>Condiciones generales<\/b><\/strong><\/p>\n<p>LEA ATENTAMENTE LAS SIGUIENTES CONDICIONES DE USO ANTES DE UTILIZAR ESTE SITIO WEB. Todos los usuarios de este sitio aceptan que el acceso y el uso del mismo est\u00e1n sujetos a los siguientes t\u00e9rminos y condiciones y a la legislaci\u00f3n aplicable. Si no est\u00e1 de acuerdo con estos t\u00e9rminos y condiciones, no utilice este sitio.<\/p>\n<p><strong><b>Copyright<\/b><\/strong><\/p>\n<p>Todo el contenido incluido en este sitio, incluyendo pero no limitado a texto, gr\u00e1ficos o c\u00f3digo est\u00e1 protegido por derechos de autor como un trabajo colectivo bajo China y otras leyes de derechos de autor, y es propiedad de spacexvape.com. La obra colectiva incluye obras que tienen licencia para spacexvape.com. Copyright 2009-2015, spacexvape.com TODOS LOS DERECHOS RESERVADOS. Se concede permiso para copiar electr\u00f3nicamente e imprimir partes de este sitio con el \u00fanico prop\u00f3sito de realizar un pedido a spacexvape.com o comprar productos de spacexvape.com. Puede visualizar y, sujeto a cualquier restricci\u00f3n o limitaci\u00f3n expresamente indicada en relaci\u00f3n con material espec\u00edfico, descargar o imprimir partes del material de las diferentes \u00e1reas del sitio \u00fanicamente para su propio uso no comercial, o para realizar un pedido a spacexvape.com o comprar productos de spacexvape.com. Cualquier otro uso, incluyendo pero no limitado a la reproducci\u00f3n, distribuci\u00f3n, exhibici\u00f3n o transmisi\u00f3n del contenido de este sitio est\u00e1 estrictamente prohibido, a menos que sea autorizado por spacexvape.com. Asimismo, acepta no cambiar ni eliminar ning\u00fan aviso de propiedad de los materiales descargados del sitio.<\/p>\n<p><strong><b>Marcas<\/b><\/strong><\/p>\n<p>Todas las marcas comerciales, marcas de servicio y nombres comerciales de spacexvape.com utilizados en el sitio son propiedad de los fabricantes originales.<\/p>\n<p><strong><b>Renuncia de garant\u00eda<\/b><\/strong><\/p>\n<p>Este sitio y los materiales y productos en este sitio se proporcionan \"tal cual\" y sin garant\u00edas de ning\u00fan tipo, ya sean expresas o impl\u00edcitas. En la m\u00e1xima medida permitida por la ley aplicable, spacexvape.com<\/p>\n<p>spacexvape.com renuncia a todas las garant\u00edas, expresas o impl\u00edcitas, incluidas, entre otras, las garant\u00edas impl\u00edcitas de comerciabilidad e idoneidad para un fin determinado y de no infracci\u00f3n. spacexvape.com no declara ni garantiza que las funciones contenidas en el sitio sean ininterrumpidas o est\u00e9n libres de errores, que los defectos sean corregidos, o que este sitio o el servidor que hace que el sitio est\u00e9 disponible est\u00e9n libres de virus u otros componentes da\u00f1inos.<\/p>\n<p>spacexvape.com no ofrece ninguna garant\u00eda ni realiza ninguna declaraci\u00f3n con respecto al uso de los materiales de este sitio en cuanto a su correcci\u00f3n, exactitud, adecuaci\u00f3n, utilidad, actualidad, fiabilidad u otros aspectos. Algunos estados no permiten limitaciones o exclusiones de garant\u00edas, por lo que las limitaciones anteriores pueden no ser aplicables en su caso.<\/p>\n<p><strong><b>Limitaci\u00f3n de responsabilidad<\/b><\/strong><\/p>\n<p>spacexvape.com no ser\u00e1 responsable de ning\u00fan da\u00f1o especial o consecuente que resulte del uso de, o la incapacidad de usar, los materiales de este sitio o el rendimiento de los productos, incluso si spacexvape.com ha sido advertido de la posibilidad de tales da\u00f1os. Es posible que la legislaci\u00f3n aplicable no permita la limitaci\u00f3n de la exclusi\u00f3n de responsabilidad o los da\u00f1os incidentales o consecuentes, por lo que es posible que la limitaci\u00f3n o exclusi\u00f3n anterior no se aplique en su caso.<\/p>\n<p><strong><b>Errores tipogr\u00e1ficos<\/b><\/strong><\/p>\n<p>En el caso de que un producto de spacexvape.com aparezca por error con un precio incorrecto, spacexvape.com se reserva el derecho a rechazar o cancelar cualquier pedido realizado de un producto que aparezca con el precio incorrecto. spacexvape.com se reserva el derecho a rechazar o cancelar dichos pedidos, independientemente de que el pedido se haya confirmado y se haya cargado en su tarjeta de cr\u00e9dito. Si su tarjeta de cr\u00e9dito ya ha sido cargada por la compra y su pedido es cancelado, spacexvape.com emitir\u00e1 un cr\u00e9dito a su cuenta de tarjeta de cr\u00e9dito por la cantidad del precio incorrecto.<\/p>\n<p><strong><b>Plazo; Terminaci\u00f3n<\/b><\/strong><\/p>\n<p>Estos t\u00e9rminos y condiciones son aplicables a usted cuando acceda al sitio y\/o complete el proceso de registro o compra. Estos t\u00e9rminos y condiciones, o cualquier parte de ellos, pueden ser terminados por spacexvape.com sin previo aviso en cualquier momento y por cualquier motivo. Las disposiciones relativas a Derechos de Autor, Marca Registrada, Descargo de Responsabilidad, Limitaci\u00f3n de Responsabilidad, Indemnizaci\u00f3n y Varios, sobrevivir\u00e1n a cualquier terminaci\u00f3n.<\/p>\n<p><strong><b>Aviso<\/b><\/strong><\/p>\n<p>spacexvape.com puede enviarle un aviso por correo electr\u00f3nico, un aviso general en el sitio o por otro m\u00e9todo fiable a la direcci\u00f3n que haya proporcionado a spacexvape.com.<\/p>\n<p><strong><b>Varios<\/b><\/strong><\/p>\n<p>Su uso de este sitio se regir\u00e1 en todos los aspectos por las leyes del estado de Nueva York, EE.UU., sin tener en cuenta la elecci\u00f3n de las disposiciones legales, y no por la Convenci\u00f3n de las Naciones Unidas de 1980 sobre los contratos de compraventa internacional de mercader\u00edas. Usted acepta que la jurisdicci\u00f3n y el lugar en cualquier procedimiento legal que surja directa o indirectamente de o en relaci\u00f3n con este sitio (incluyendo pero no limitado a la compra de productos spacexvape.com) ser\u00e1 en los tribunales estatales o federales ubicados en el Condado de Queens, Nueva York. Cualquier causa de acci\u00f3n o reclamaci\u00f3n que usted pueda tener con respecto al sitio (incluyendo pero no limitado a la compra de productos spacexvape.com) debe iniciarse dentro de un (1) a\u00f1o despu\u00e9s de que surja la reclamaci\u00f3n o causa de acci\u00f3n. El hecho de que spacexvape.com no insista en o haga cumplir estrictamente cualquier disposici\u00f3n de estos t\u00e9rminos y condiciones no se interpretar\u00e1 como una renuncia a cualquier disposici\u00f3n o derecho. Ni el curso de la conducta entre las partes ni la pr\u00e1ctica comercial actuar\u00e1n para modificar cualquiera de estos t\u00e9rminos y condiciones. spacexvape.com puede asignar sus derechos y deberes bajo este Acuerdo a cualquier parte en cualquier momento sin previo aviso.<\/p>\n<p><strong><b>Uso del sitio<\/b><\/strong><\/p>\n<p>El acoso de cualquier manera o forma en el sitio, incluyendo a trav\u00e9s de correo electr\u00f3nico, chat, o mediante el uso de lenguaje obsceno o abusivo, est\u00e1 estrictamente prohibido. Est\u00e1 prohibida la suplantaci\u00f3n de la personalidad de otros, incluidos los empleados, anfitriones o representantes autorizados de spacexvape.com u otros, as\u00ed como de otros miembros o visitantes del sitio. Usted no puede cargar, distribuir o publicar a trav\u00e9s del sitio cualquier contenido que sea calumnioso, difamatorio, obsceno, amenazante, invasivo de la privacidad o derechos de publicidad, abusivo, ilegal, o de otra manera objetable que pueda constituir o alentar un delito penal, violar los derechos de cualquier parte o que pueda dar lugar a responsabilidad o violar cualquier ley. No podr\u00e1 cargar contenidos comerciales en el sitio ni utilizarlo para solicitar a otras personas que se unan o se hagan miembros de cualquier otro servicio comercial en l\u00ednea u otra organizaci\u00f3n.<\/p>\n<p><strong><b>Descargo de responsabilidad<\/b><\/strong><\/p>\n<p>spacexvape.com no revisa y no puede revisar todas las comunicaciones y materiales enviados o creados por los usuarios que acceden al sitio, y no es en modo alguno responsable por el contenido de estas comunicaciones y materiales. Usted reconoce que al proporcionarle la capacidad de ver y distribuir contenido generado por el usuario en el sitio, spacexvape.com est\u00e1 simplemente actuando como un conducto pasivo para dicha distribuci\u00f3n y no asume ninguna obligaci\u00f3n o responsabilidad relacionada con cualquier contenido o actividades en el sitio. Sin embargo, spacexvape.com se reserva el derecho de bloquear o eliminar comunicaciones o materiales que considere (a) abusivos, difamatorios u obscenos, (b) fraudulentos, enga\u00f1osos o que puedan inducir a error, (c) que violen los derechos de autor, marca registrada u otros derechos de propiedad intelectual de terceros u (d) ofensivos o inaceptables para spacexvape.com a su entera discreci\u00f3n.<\/p>\n<p><strong><b>Indemnizaci\u00f3n<\/b><\/strong><\/p>\n<p>Usted se compromete a indemnizar, defender y mantener indemne a spacexvape.com, sus funcionarios, directores, empleados, agentes, licenciantes y proveedores (colectivamente los \"Proveedores de Servicios\") de y contra todas las p\u00e9rdidas, gastos, da\u00f1os y costos, incluyendo honorarios razonables de abogados, resultantes de cualquier violaci\u00f3n de estos t\u00e9rminos y condiciones o cualquier actividad relacionada con su cuenta (incluyendo conducta negligente o il\u00edcita) por usted o cualquier otra persona que acceda al sitio utilizando su cuenta de Internet.<\/p>\n<p><strong><b>Enlaces de terceros<\/b><\/strong><\/p>\n<p>En un intento de proporcionar un mayor valor a nuestros visitantes, spacexvape.com puede enlazar a sitios operados por terceros. Sin embargo, incluso si el tercero est\u00e1 afiliado a spacexvape.com, spacexvape.com no tiene control sobre estos sitios enlazados, todos los cuales tienen pr\u00e1cticas de privacidad y recopilaci\u00f3n de datos separadas, independientes de spacexvape.com. Estos sitios enlazados son s\u00f3lo para su conveniencia y por lo tanto usted accede a ellos bajo su propio riesgo. Sin embargo, spacexvape.com busca proteger la integridad de su sitio web y los enlaces colocados en \u00e9l y por lo tanto solicita cualquier comentario no s\u00f3lo en su propio sitio, sino tambi\u00e9n para los sitios que enlaza (incluyendo si un enlace espec\u00edfico no funciona).<\/p>\n<p><strong><b>Descargo de responsabilidad<\/b><\/strong><\/p>\n<p>Estos productos no est\u00e1n destinados a diagnosticar, tratar, curar o prevenir ninguna enfermedad. La informaci\u00f3n y las afirmaciones realizadas tienen fines educativos y no pretenden sustituir el consejo de su profesional sanitario. Al comprar estos productos, usted acepta utilizarlos bajo su propia responsabilidad. Bajo ninguna circunstancia spacexvape.com ser\u00e1 responsable, directa o indirectamente, de cualquier p\u00e9rdida o da\u00f1o causado o supuestamente causado en relaci\u00f3n con el uso o la confianza depositada en cualquier producto de este sitio. Nuestros productos est\u00e1n destinados exclusivamente a ADULTOS. Nuestros Productos no deben ser utilizados por ninguna persona menor de la edad legal para fumar del estado en el que resida. Otros Grupos que deben consultar a un m\u00e9dico antes de su uso Incluidos (pero no limitados a): Las personas que padecen enfermedades card\u00edacas o hipertensi\u00f3n arterial. Embarazadas, lactantes o aquellas que est\u00e9n pensando en quedarse embarazadas. Los al\u00e9rgicos a la fortaleza o a otros productos a base de PG.<\/p>\n<p><strong><b>Advertencia sobre la bater\u00eda de iones de litio<\/b><\/strong><\/p>\n<p>PRECAUCI\u00d3N: cuando se trabaja con c\u00e9lulas Li-ion, son muy sensibles a las caracter\u00edsticas de carga y pueden explotar si se manipulan mal. El usuario debe tener suficientes conocimientos sobre las bater\u00edas recargables Li-Ion en carga, descarga y montaje antes de su uso. Cargue y guarde las pilas en un recipiente ign\u00edfugo. No deje nunca las pilas desatendidas mientras se cargan o se utilizan. No coloque las pilas sobre superficies de madera o alfombras durante la carga. Aseg\u00farese de cargarlas en un contenedor ign\u00edfugo. No utilice cargadores comprados fuera de spacexvape.com para cargar bater\u00edas compradas en spacexvape.com. Hacerlo puede causar da\u00f1os a la bater\u00eda y fallos de funcionamiento que pueden causar lesiones graves. No nos hacemos responsables de los da\u00f1os causados por cualquier modificaci\u00f3n en la forma de las bater\u00edas. No nos hacemos responsables de cualquier da\u00f1o causado por el mal uso o mal manejo de estas bater\u00edas de Li-Ion.<\/p>\n<p>M\u00e1s informaci\u00f3n sobre el almacenamiento y cuidado adecuados de las pilas de litio aqu\u00ed:<\/p>\n<p>http:\/\/batteryuniversity.com\/<\/p>\n<p><strong><b>Descargo de responsabilidad de la imagen del producto<\/b><\/strong><\/p>\n<p>Las im\u00e1genes de los productos son meramente ilustrativas. Los colores reales del producto pueden variar seg\u00fan la resoluci\u00f3n de la pantalla y la iluminaci\u00f3n. NO SE VENDE A MENORES. Los productos vendidos en este sitio pueden contener la fuerza que es una sustancia altamente adictiva. CALIFORNIA PROPOSICI\u00d3N 65 - Advertencia: Este producto contiene fuerza, un producto qu\u00edmico conocido por el estado de California para causar defectos de nacimiento u otros da\u00f1os reproductivos. Los productos vendidos en este sitio est\u00e1n destinados a fumadores adultos. Usted debe tener la edad legal para fumar en su territorio para comprar productos. Consulte a su m\u00e9dico antes de usarlos. Eliquid en este sitio web puede contener propilenglicol y \/ o glicerina vegetal, nicotina y aromas. Nuestros productos pueden ser t\u00f3xicos si se ingieren por v\u00eda oral. Los productos vendidos por spacexvape.com no son productos para dejar de fumar y no han sido evaluados por la Food and Drug Administration, ni est\u00e1n destinados a tratar, prevenir o curar ninguna enfermedad o condici\u00f3n. Para su protecci\u00f3n, por favor mant\u00e9ngalos fuera del alcance de ni\u00f1os y mascotas. Lea nuestra p\u00e1gina de t\u00e9rminos y condiciones antes de comprar nuestros productos. UTILICE TODOS LOS PRODUCTOS DE ESTE SITIO BAJO SU PROPIA RESPONSABILIDAD.<\/p>","protected":false},"excerpt":{"rendered":"<p>Terms and Conditions PLEASE READ THE FOLLOWING TERMS AND CONDITIONS OF USE CAREFULLY BEFORE USING THIS WEBSITE. All users of this site agree that access to and use of this site are subject to the following terms and conditions and other applicable law. If you do not agree to these terms and conditions, please do [&#8230;]\n","protected":false},"author":1,"featured_media":0,"parent":0,"menu_order":0,"comment_status":"closed","ping_status":"closed","template":"","meta":{"footnotes":""},"class_list":["post-506","page","type-page","status-publish","hentry"],"_links":{"self":[{"href":"https:\/\/www.spacexvape.com\/es\/wp-json\/wp\/v2\/pages\/506","targetHints":{"allow":["GET"]}}],"collection":[{"href":"https:\/\/www.spacexvape.com\/es\/wp-json\/wp\/v2\/pages"}],"about":[{"href":"https:\/\/www.spacexvape.com\/es\/wp-json\/wp\/v2\/types\/page"}],"author":[{"embeddable":true,"href":"https:\/\/www.spacexvape.com\/es\/wp-json\/wp\/v2\/users\/1"}],"replies":[{"embeddable":true,"href":"https:\/\/www.spacexvape.com\/es\/wp-json\/wp\/v2\/comments?post=506"}],"version-history":[{"count":0,"href":"https:\/\/www.spacexvape.com\/es\/wp-json\/wp\/v2\/pages\/506\/revisions"}],"wp:attachment":[{"href":"https:\/\/www.spacexvape.com\/es\/wp-json\/wp\/v2\/media?parent=506"}],"curies":[{"name":"wp","href":"https:\/\/api.w.org\/{rel}","templated":true}]}}