{"id":1612,"date":"2025-02-20T12:13:19","date_gmt":"2025-02-20T12:13:19","guid":{"rendered":"https:\/\/www.spacexvape.com\/?post_type=product&#038;p=1612"},"modified":"2026-03-18T09:46:14","modified_gmt":"2026-03-18T01:46:14","slug":"fumot-digital-box-12000-puffs-disposable-vape","status":"publish","type":"product","link":"https:\/\/www.spacexvape.com\/es\/producto\/fumot-digital-box-12000-puffs-vape-desechable","title":{"rendered":"Fumot Digital Box 12000 Puffs Vape Desechable"},"content":{"rendered":"<p>En <a title=\"Fumot\" href=\"https:\/\/www.spacexvape.com\/es\/brand\/fumot\/\">Fumot<\/a> El vapeador desechable Digital Box 12000 Puffs es un vapeador desechable de alto rendimiento dise\u00f1ado para usuarios que buscan longevidad y comodidad. Con un dise\u00f1o de mono \u00fanico y elegante, este dispositivo destaca tanto por su aspecto como por su funcionalidad. La pantalla LED incorporada muestra la duraci\u00f3n de la bater\u00eda, asegurando que siempre est\u00e9s informado y nunca te pille desprevenido.<\/p>\n<p>El Fumot Digital Box 12000 ofrece unas impresionantes 12000 caladas, este dispositivo es perfecto para largas sesiones de vapeo sin reemplazos frecuentes. La capacidad de 20ml de E-l\u00edquido proporciona unas opciones suaves y consistentes de principio a fin, por lo que es una opci\u00f3n ideal para los entusiastas del vapeo.<\/p>\n<p>El Fumot Digital Box 12000 es perfecto para vapers que buscan una experiencia prolongada y de alta calidad,la bater\u00eda recargable de 500mAh y la carga USB Tipo-C ofrecen una mayor comodidad y rendimiento.<\/p>\n<h2>Fumot Digital Box 12000 Puffs Vape Desechable Especificaci\u00f3n<\/h2>\n<ul>\n<li>Marca y modelo: Fumot Digital Box<\/li>\n<li>Soporte Puffs: Hasta 12.000<\/li>\n<li>E-l\u00edquido: 20ML<\/li>\n<li>Bobina de tres mallas: 0,8\u03a9<\/li>\n<li>500mAh Recargable<\/li>\n<li>Nicotina: 2% &amp; 5%<\/li>\n<li>USB tipo C (cable no incluido)<\/li>\n<\/ul>\n<h2>Lista de opciones<\/h2>\n<ol>\n<li>Menta fresca<\/li>\n<li>Hielo de sand\u00eda<\/li>\n<li>Ar\u00e1ndano Frambuesa<\/li>\n<li>Sand\u00eda con fresa<\/li>\n<li>Fresa Pl\u00e1tano<\/li>\n<li>Hielo exuberante<\/li>\n<li>Cereza<\/li>\n<li>Fresa helada<\/li>\n<li>Helados<\/li>\n<li>Limonada rosa<\/li>\n<li>Mango sobre hielo<\/li>\n<li>Mezcla de bayas<\/li>\n<li>Fresa Uva<\/li>\n<li>Cereza Cola<\/li>\n<li>Dr. Azul<\/li>\n<li>Ar\u00e1ndanos sobre hielo<\/li>\n<li>Kiwi Fruta de la pasi\u00f3n Guayaba<\/li>\n<li>Fresa Kiwi<\/li>\n<li>Melocot\u00f3n Mango<\/li>\n<li>Melocot\u00f3n helado<\/li>\n<li>Chicle de ar\u00e1ndanos<\/li>\n<li>Limonada de bayas<\/li>\n<li>Limonada Blue Razz<\/li>\n<li>Bluesour Frambuesa<\/li>\n<li>Red Bull de fresa<\/li>\n<li>Chicle de sand\u00eda<\/li>\n<li>Sand\u00eda con frambuesa<\/li>\n<li>Hielo negro<\/li>\n<li>Ar\u00e1ndano Cereza Ar\u00e1ndano<\/li>\n<li>Pompa de fresa (Granada)<\/li>\n<li>Vimto<\/li>\n<li>Cereza<\/li>\n<li>Lim\u00f3n y lima<\/li>\n<li>Bingo Crush<\/li>\n<li>Ar\u00e1ndano Kiwi<\/li>\n<li>Hielo de pl\u00e1tano<\/li>\n<li>Fruta del drag\u00f3n helada<\/li>\n<li>Fusi\u00f3n de frutas<\/li>\n<li>Amor 66<\/li>\n<li>Pi\u00f1a helada<\/li>\n<li>Dos manzanas<\/li>\n<\/ol>\n<h2>Lista de embalaje<\/h2>\n<p>1*Caja Digital 12.000 Puffs Vape Desechable<\/p>\n<figure id=\"attachment_4420\" aria-describedby=\"caption-attachment-4420\" style=\"width: 800px\" class=\"wp-caption alignnone\"><img decoding=\"async\" class=\"size-full wp-image-4420\" title=\"Fumot Digital Box 12000 Lush Ice\" src=\"https:\/\/www.spacexvape.com\/wp-content\/uploads\/2025\/04\/Fumot-Digital-Box-12000-Lush-Ice.webp\" alt=\"Fumot Digital Box 12000 Lush Ice\" width=\"800\" height=\"800\" srcset=\"https:\/\/www.spacexvape.com\/wp-content\/uploads\/2025\/04\/Fumot-Digital-Box-12000-Lush-Ice.webp 800w, https:\/\/www.spacexvape.com\/wp-content\/uploads\/2025\/04\/Fumot-Digital-Box-12000-Lush-Ice-247x247.webp 247w, https:\/\/www.spacexvape.com\/wp-content\/uploads\/2025\/04\/Fumot-Digital-Box-12000-Lush-Ice-100x100.webp 100w, https:\/\/www.spacexvape.com\/wp-content\/uploads\/2025\/04\/Fumot-Digital-Box-12000-Lush-Ice-510x510.webp 510w, https:\/\/www.spacexvape.com\/wp-content\/uploads\/2025\/04\/Fumot-Digital-Box-12000-Lush-Ice-300x300.webp 300w, https:\/\/www.spacexvape.com\/wp-content\/uploads\/2025\/04\/Fumot-Digital-Box-12000-Lush-Ice-150x150.webp 150w, https:\/\/www.spacexvape.com\/wp-content\/uploads\/2025\/04\/Fumot-Digital-Box-12000-Lush-Ice-768x768.webp 768w, https:\/\/www.spacexvape.com\/wp-content\/uploads\/2025\/04\/Fumot-Digital-Box-12000-Lush-Ice-12x12.webp 12w, https:\/\/www.spacexvape.com\/wp-content\/uploads\/2025\/04\/Fumot-Digital-Box-12000-Lush-Ice-96x96.webp 96w\" sizes=\"(max-width: 800px) 100vw, 800px\" \/><figcaption id=\"caption-attachment-4420\" class=\"wp-caption-text\">Fumot Digital Box 12000 Lush Ice<\/figcaption><\/figure>","protected":false},"excerpt":{"rendered":"<p>Fumot Digital Box 12000\/ 2% nicotina\/ Bater\u00eda recargable 500mAh\/ 20ml ejuice\/ 12.000 Puffs<\/p>","protected":false},"featured_media":4429,"comment_status":"open","ping_status":"closed","template":"","meta":[],"product_brand":[538],"product_cat":[15],"product_tag":[504,556,561],"class_list":{"0":"post-1612","1":"product","2":"type-product","3":"status-publish","4":"has-post-thumbnail","6":"product_brand-fumot","7":"product_cat-disposable-vapes","8":"product_tag-12000-puffs","9":"product_tag-20ml","10":"product_tag-500mah","11":"product_shipping_class-europe-warehouse-retail","12":"pa_battery-500mah","13":"pa_e-liquid-20ml","14":"pa_nicotine-2-percent","15":"pa_puffs-12000-puffs","16":"pa_rechargeable-yes","17":"pa_selling-type-retail","19":"first","20":"instock","21":"featured","22":"shipping-taxable","23":"purchasable","24":"product-type-variable"},"wcpa_form_fields":null,"_links":{"self":[{"href":"https:\/\/www.spacexvape.com\/es\/wp-json\/wp\/v2\/product\/1612","targetHints":{"allow":["GET"]}}],"collection":[{"href":"https:\/\/www.spacexvape.com\/es\/wp-json\/wp\/v2\/product"}],"about":[{"href":"https:\/\/www.spacexvape.com\/es\/wp-json\/wp\/v2\/types\/product"}],"replies":[{"embeddable":true,"href":"https:\/\/www.spacexvape.com\/es\/wp-json\/wp\/v2\/comments?post=1612"}],"wp:featuredmedia":[{"embeddable":true,"href":"https:\/\/www.spacexvape.com\/es\/wp-json\/wp\/v2\/media\/4429"}],"wp:attachment":[{"href":"https:\/\/www.spacexvape.com\/es\/wp-json\/wp\/v2\/media?parent=1612"}],"wp:term":[{"taxonomy":"product_brand","embeddable":true,"href":"https:\/\/www.spacexvape.com\/es\/wp-json\/wp\/v2\/product_brand?post=1612"},{"taxonomy":"product_cat","embeddable":true,"href":"https:\/\/www.spacexvape.com\/es\/wp-json\/wp\/v2\/product_cat?post=1612"},{"taxonomy":"product_tag","embeddable":true,"href":"https:\/\/www.spacexvape.com\/es\/wp-json\/wp\/v2\/product_tag?post=1612"}],"curies":[{"name":"wp","href":"https:\/\/api.w.org\/{rel}","templated":true}]}}