{"id":3498,"date":"2025-04-07T17:04:21","date_gmt":"2025-04-07T09:04:21","guid":{"rendered":"https:\/\/www.spacexvape.com\/?post_type=product&#038;p=3498"},"modified":"2026-02-06T16:46:28","modified_gmt":"2026-02-06T08:46:28","slug":"jnr-falcon-x-28000-puffs-vape","status":"publish","type":"product","link":"https:\/\/www.spacexvape.com\/es\/producto\/jnr-falcon-x-28000-puffs-vape","title":{"rendered":"JNR Falcon X 28000 Puffs Vape"},"content":{"rendered":"<p>En <a title=\"JNR\" href=\"https:\/\/www.spacexvape.com\/es\/brand\/jnr\/\"><strong>JNR<\/strong><\/a> Falcon X 28000 est\u00e1 dise\u00f1ado para los vapeadores que anhelan una satisfacci\u00f3n duradera. Con hasta 28.000 caladas, este avanzado vapeador recargable ofrece una incre\u00edble longevidad, perfecto para un uso prolongado sin interrupci\u00f3n. Viene precargado con 2mL de e-l\u00edquido e incluye dos botellas de recarga extra (10mL cada una, 20mg\/ml de potencia), ofreci\u00e9ndote comodidad y control. La mezcla de opciones de fresa y sand\u00eda aporta un golpe refrescante y afrutado con cada inhalaci\u00f3n, que recuerda a los d\u00edas de verano.<\/p>\n<p>Alimentado por una robusta bater\u00eda recargable USB-C de 950 mAh, el JNR Falcon X 28000 garantiza que siempre est\u00e9s listo para vapear sin demora. Su dise\u00f1o elegante y ergon\u00f3mico se adapta c\u00f3modamente a tu mano, mientras que la doble bobina de malla integrada proporciona un vapor abundante y una intensidad de opciones mejorada. Tanto si te relajas en casa como si est\u00e1s fuera, este vapeador est\u00e1 dise\u00f1ado para ofrecer estilo y funcionalidad. La est\u00e9tica moderna combinada con un flujo de aire inteligente y una producci\u00f3n de vapor consistente lo convierten en un todo terreno.<\/p>\n<p>A diferencia de los desechables tradicionales, el JNR Falcon X 28000 es un vaporizador desechable h\u00edbrido recargable que es f\u00e1cil de recargar y rellenar, lo que lo convierte en una opci\u00f3n m\u00e1s econ\u00f3mica y respetuosa con el medio ambiente. Sin botones, sin configuraci\u00f3n: s\u00f3lo cargar y vapear. Su cuerpo ligero de 120 g es perfecto para llevar de viaje o a diario. Dise\u00f1ado pensando en el vapeo DTL, la bobina de baja resistencia y el sistema de flujo de aire proporcionan un satisfactorio golpe de garganta en cada calada.<\/p>\n<h2>JNR Falcon X 28000 Puffs Vape Especificaci\u00f3n<\/h2>\n<ul>\n<li>Marca y modelo: JNR Falcon X 28000<\/li>\n<li>Soporte Puffs: Hasta 28.000<\/li>\n<li>Bater\u00eda y pantalla l\u00edquida<\/li>\n<li>Tipo de bobina: Dual Mesh Coil 1.2 ohm<\/li>\n<li>Flujo de aire ajustable<\/li>\n<li>Sistema Auto-Draw<\/li>\n<li>L\u00edquido precargado de 2 ml + 2 viales de 10 ml incluidos<\/li>\n<\/ul>\n<h2>Lista de opciones<\/h2>\n<ol>\n<li>Hielo del Drag\u00f3n Negro<\/li>\n<li>Zarzamora Frambuesa roja<\/li>\n<li>Hielo de ar\u00e1ndano y granada<\/li>\n<li>Ar\u00e1ndano Frambuesa Cereza<\/li>\n<li>Mango Fruta de la pasi\u00f3n<\/li>\n<li>Mezcla de bayas<\/li>\n<li>Melocot\u00f3n baya<\/li>\n<li>Fresa Kiwi<\/li>\n<li>Hielo de fresa y sand\u00eda<\/li>\n<li>Sand\u00eda Mango Melocot\u00f3n<\/li>\n<\/ol>\n<h2>Lista de embalaje<\/h2>\n<p>L\u00edquido precargado de 2 ml + 2 viales de 10 ml incluidos<\/p>\n<figure id=\"attachment_3503\" aria-describedby=\"caption-attachment-3503\" style=\"width: 800px\" class=\"wp-caption alignnone\"><img decoding=\"async\" class=\"size-full wp-image-3503\" title=\"JNR Falcon X 28K Zarzamora Frambuesa roja\" src=\"https:\/\/www.spacexvape.com\/wp-content\/uploads\/2025\/04\/JNR-Falcon-X-28K-Blackberry-Red-Raspberry.webp\" alt=\"JNR Falcon X 28K Zarzamora Frambuesa roja\" width=\"800\" height=\"800\" srcset=\"https:\/\/www.spacexvape.com\/wp-content\/uploads\/2025\/04\/JNR-Falcon-X-28K-Blackberry-Red-Raspberry.webp 800w, https:\/\/www.spacexvape.com\/wp-content\/uploads\/2025\/04\/JNR-Falcon-X-28K-Blackberry-Red-Raspberry-247x247.webp 247w, https:\/\/www.spacexvape.com\/wp-content\/uploads\/2025\/04\/JNR-Falcon-X-28K-Blackberry-Red-Raspberry-100x100.webp 100w, https:\/\/www.spacexvape.com\/wp-content\/uploads\/2025\/04\/JNR-Falcon-X-28K-Blackberry-Red-Raspberry-510x510.webp 510w, https:\/\/www.spacexvape.com\/wp-content\/uploads\/2025\/04\/JNR-Falcon-X-28K-Blackberry-Red-Raspberry-300x300.webp 300w, https:\/\/www.spacexvape.com\/wp-content\/uploads\/2025\/04\/JNR-Falcon-X-28K-Blackberry-Red-Raspberry-150x150.webp 150w, https:\/\/www.spacexvape.com\/wp-content\/uploads\/2025\/04\/JNR-Falcon-X-28K-Blackberry-Red-Raspberry-768x768.webp 768w, https:\/\/www.spacexvape.com\/wp-content\/uploads\/2025\/04\/JNR-Falcon-X-28K-Blackberry-Red-Raspberry-12x12.webp 12w, https:\/\/www.spacexvape.com\/wp-content\/uploads\/2025\/04\/JNR-Falcon-X-28K-Blackberry-Red-Raspberry-96x96.webp 96w\" sizes=\"(max-width: 800px) 100vw, 800px\" \/><figcaption id=\"caption-attachment-3503\" class=\"wp-caption-text\">JNR Falcon X 28K Zarzamora Frambuesa roja<\/figcaption><\/figure>\n<p>&nbsp;<\/p>","protected":false},"excerpt":{"rendered":"<p>JNR Falcon X 28000\/ potencia 2%\/ bater\u00eda recargable 950mAh\/ 28.000 Puffs \/ Almac\u00e9n Europeo<\/p>","protected":false},"featured_media":14629,"comment_status":"open","ping_status":"closed","template":"","meta":[],"product_brand":[535],"product_cat":[17],"product_tag":[511,562],"class_list":{"0":"post-3498","1":"product","2":"type-product","3":"status-publish","4":"has-post-thumbnail","6":"product_brand-jnr","7":"product_cat-refillable-vapes","8":"product_tag-28000-puffs","9":"product_tag-950mah","10":"product_shipping_class-europe-warehouse-retail","11":"pa_nicotine-2-percent","12":"pa_puffs-28000-puffs","13":"pa_rechargeable-yes","15":"first","16":"instock","17":"featured","18":"shipping-taxable","19":"purchasable","20":"product-type-variable"},"wcpa_form_fields":null,"_links":{"self":[{"href":"https:\/\/www.spacexvape.com\/es\/wp-json\/wp\/v2\/product\/3498","targetHints":{"allow":["GET"]}}],"collection":[{"href":"https:\/\/www.spacexvape.com\/es\/wp-json\/wp\/v2\/product"}],"about":[{"href":"https:\/\/www.spacexvape.com\/es\/wp-json\/wp\/v2\/types\/product"}],"replies":[{"embeddable":true,"href":"https:\/\/www.spacexvape.com\/es\/wp-json\/wp\/v2\/comments?post=3498"}],"wp:featuredmedia":[{"embeddable":true,"href":"https:\/\/www.spacexvape.com\/es\/wp-json\/wp\/v2\/media\/14629"}],"wp:attachment":[{"href":"https:\/\/www.spacexvape.com\/es\/wp-json\/wp\/v2\/media?parent=3498"}],"wp:term":[{"taxonomy":"product_brand","embeddable":true,"href":"https:\/\/www.spacexvape.com\/es\/wp-json\/wp\/v2\/product_brand?post=3498"},{"taxonomy":"product_cat","embeddable":true,"href":"https:\/\/www.spacexvape.com\/es\/wp-json\/wp\/v2\/product_cat?post=3498"},{"taxonomy":"product_tag","embeddable":true,"href":"https:\/\/www.spacexvape.com\/es\/wp-json\/wp\/v2\/product_tag?post=3498"}],"curies":[{"name":"wp","href":"https:\/\/api.w.org\/{rel}","templated":true}]}}