{"id":781,"date":"2025-01-06T19:43:45","date_gmt":"2025-01-06T19:43:45","guid":{"rendered":"https:\/\/www.spacexvape.com\/?post_type=product&#038;p=781"},"modified":"2025-11-03T16:18:46","modified_gmt":"2025-11-03T08:18:46","slug":"vapsolo-triple-30000-puffs-disposable-vape","status":"publish","type":"product","link":"https:\/\/www.spacexvape.com\/es\/producto\/vapsolo-triple-30000-puffs-vape-desechable","title":{"rendered":"Vapsolo Triple 30000 Puffs Vape Desechable"},"content":{"rendered":"<p>En <a href=\"https:\/\/www.spacexvape.com\/es\/brand\/vapsolo\/\"><strong>Vapsolo<\/strong><\/a> Triple 30000 redefine el vapeo desechable con su revolucionario sistema de 3 tanques, que proporciona 30.000 caladas de sabores ricos y estratificados. Alimentado por tres bobinas de malla independientes, este dispositivo de vanguardia le permite cambiar entre tres e-l\u00edquidos de primera calidad en una unidad elegante. Elige entre las potencias 2% o 5% para personalizar tu experiencia, garantizando nubes suaves y sabrosas en todo momento.<\/p>\n<p>\u00bfPor qu\u00e9 conformarse con menos? A diferencia de los desechables est\u00e1ndar, el Triple 30000 ofrece el triple de variedad de sabores, perfecto para los vapeadores que anhelan la diversidad. Su bater\u00eda de 650 mAh y la carga r\u00e1pida Type-C te permiten vapear durante m\u00e1s tiempo, mientras que su dise\u00f1o resistente a las fugas garantiza un disfrute sin complicaciones.<\/p>\n<p>Dise\u00f1ado para la versatilidad, este dispositivo es ideal para los amantes del sabor a fruta, hielo y bebidas energ\u00e9ticas. Con bobinas de malla de 1\u03a9 para una producci\u00f3n de vapor \u00f3ptima, es tu compa\u00f1ero de vapeo definitivo para todo el d\u00eda.<\/p>\n<h2 data-slate-node=\"element\">Vapsolo Triple 30000 Puffs Vape Desechable Especificaci\u00f3n<\/h2>\n<ul>\n<li data-slate-node=\"element\">Nicotina Nicotina: 2% &amp; 5%<\/li>\n<li data-slate-node=\"element\">Cantidad de caladas: Hasta 30.000 caladas<\/li>\n<li data-slate-node=\"element\">Bater\u00eda E-liquid: 650mAh<\/li>\n<li data-slate-node=\"element\">Dep\u00f3sitos Mesh Coil 3<\/li>\n<li data-slate-node=\"element\">Resistencia: 1\u03a9<\/li>\n<li data-slate-node=\"element\">Puerto de carga: TIPO-C<\/li>\n<\/ul>\n<h2 data-slate-node=\"element\">Lista de sabores<\/h2>\n<ol>\n<li data-pm-slice=\"0 0 []\">Sand\u00eda Helada &amp; Red Bull &amp; Fresa Kiwi<\/li>\n<li>Lim\u00f3n Lima y Fresa Sand\u00eda y Ar\u00e1ndanos Hielo<\/li>\n<li>Fresa Pl\u00e1tano y Frambuesa Sand\u00eda y Lima Lim\u00f3n<\/li>\n<li>Fresa Kiwi &amp; Amor 66 &amp; Cereza Cola<\/li>\n<li>Fruta tropical y fresa Sand\u00eda y melocot\u00f3n lim\u00f3n<\/li>\n<li>Pi\u00f1a Coco &amp; Fresa Pl\u00e1tano &amp; Blue Razz<\/li>\n<li>Fresa Frambuesa y Cereza Baya y Uva Menta<\/li>\n<li>Frambuesa Sand\u00eda y Mango Melocot\u00f3n y Fresa Kiwi<\/li>\n<li>Fresa Vainilla Coca-Cola &amp; Ar\u00e1ndano Frambuesa &amp; Lim\u00f3n Lima<\/li>\n<li>Helado de Sand\u00eda &amp; Helado de Fresa &amp; Triple Mel\u00f3n<\/li>\n<li>Kiwi Maracuy\u00e1 &amp; Amor 66 &amp; Vainilla<\/li>\n<li>Hielo de melocot\u00f3n y fruta del drag\u00f3n Hielo y mezcla de frutas<\/li>\n<li>Melocot\u00f3n Berry &amp; Black Ice &amp; Coca-Cola de Fresa y Vainilla<\/li>\n<li>Ar\u00e1ndano Frambuesa y Fresa Mango y Lim\u00f3n Cola<\/li>\n<li>Grosella negra helada &amp; limonada rosa &amp; kiwi fruta de la pasi\u00f3n guayaba<\/li>\n<\/ol>\n<h2 data-slate-node=\"element\">Lista de embalaje<\/h2>\n<p>1*<span data-slate-node=\"text\">Vapsolo <\/span>Triple 30000 Puffs Vape Desechable<\/p>\n<figure id=\"attachment_730\" aria-describedby=\"caption-attachment-730\" style=\"width: 800px\" class=\"wp-caption alignnone\"><img decoding=\"async\" class=\"size-full wp-image-730\" title=\"Vapsolo Triple 30000 Fresa Pl\u00e1tano Frambuesa Sand\u00eda Lim\u00f3n Lima\" src=\"https:\/\/www.spacexvape.com\/wp-content\/uploads\/2025\/01\/Vapsolo-Triple-30000-Strawberry-Banana-Raspberry-Watermelon-Lemon-Lime.webp\" alt=\"Vapsolo Triple 30000 Fresa Pl\u00e1tano Frambuesa Sand\u00eda Lim\u00f3n Lima\" width=\"800\" height=\"800\" srcset=\"https:\/\/www.spacexvape.com\/wp-content\/uploads\/2025\/01\/Vapsolo-Triple-30000-Strawberry-Banana-Raspberry-Watermelon-Lemon-Lime.webp 800w, https:\/\/www.spacexvape.com\/wp-content\/uploads\/2025\/01\/Vapsolo-Triple-30000-Strawberry-Banana-Raspberry-Watermelon-Lemon-Lime-247x247.webp 247w, https:\/\/www.spacexvape.com\/wp-content\/uploads\/2025\/01\/Vapsolo-Triple-30000-Strawberry-Banana-Raspberry-Watermelon-Lemon-Lime-100x100.webp 100w, https:\/\/www.spacexvape.com\/wp-content\/uploads\/2025\/01\/Vapsolo-Triple-30000-Strawberry-Banana-Raspberry-Watermelon-Lemon-Lime-510x510.webp 510w, https:\/\/www.spacexvape.com\/wp-content\/uploads\/2025\/01\/Vapsolo-Triple-30000-Strawberry-Banana-Raspberry-Watermelon-Lemon-Lime-300x300.webp 300w, https:\/\/www.spacexvape.com\/wp-content\/uploads\/2025\/01\/Vapsolo-Triple-30000-Strawberry-Banana-Raspberry-Watermelon-Lemon-Lime-150x150.webp 150w, https:\/\/www.spacexvape.com\/wp-content\/uploads\/2025\/01\/Vapsolo-Triple-30000-Strawberry-Banana-Raspberry-Watermelon-Lemon-Lime-768x768.webp 768w, https:\/\/www.spacexvape.com\/wp-content\/uploads\/2025\/01\/Vapsolo-Triple-30000-Strawberry-Banana-Raspberry-Watermelon-Lemon-Lime-96x96.webp 96w\" sizes=\"(max-width: 800px) 100vw, 800px\" \/><figcaption id=\"caption-attachment-730\" class=\"wp-caption-text\">Vapsolo Triple 30000 Fresa Pl\u00e1tano Frambuesa Sand\u00eda Lim\u00f3n Lima<\/figcaption><\/figure>","protected":false},"excerpt":{"rendered":"<p>Vapsolo Triple 30000 \/ potencia 2% &amp; 5% \/ bater\u00eda recargable 650mAh \/ 30.000 Puffs<\/p>\n<p><span style=\"color: #008000;\"><strong>Se ha subido a 60000 Puffs, para pedir la nueva versi\u00f3n, por favor &gt; <a style=\"color: #008000;\" title=\"Vapsolo Triple 60000\" href=\"https:\/\/www.spacexvape.com\/es\/product\/vapsolo-triple-pro-60000-puffs-single-use-vape\/\" target=\"_blank\" rel=\"noopener\">Haga clic aqu\u00ed<\/a><\/strong><\/span><\/p>","protected":false},"featured_media":728,"comment_status":"open","ping_status":"closed","template":"","meta":[],"product_brand":[525],"product_cat":[15],"product_tag":[685,541],"class_list":{"0":"post-781","1":"product","2":"type-product","3":"status-publish","4":"has-post-thumbnail","6":"product_brand-vapsolo","7":"product_cat-disposable-vapes","8":"product_tag-60000-puffs","9":"product_tag-650mah","10":"product_shipping_class-europe-warehouse-retail","11":"pa_battery-650mah","12":"pa_flavor-blackcurrant-ice-pink-lemonade-kiwi-passion-fruit-guava","13":"pa_flavor-blueberry-raspberry-strawberry-mango-lemon-cola","14":"pa_flavor-kiwi-passion-fruit-love-66-vanilla","15":"pa_flavor-lemon-lime-strawberry-watermelon-blueberry-ice","16":"pa_flavor-peach-berry-black-ice-strawberry-vanilla-coke","17":"pa_flavor-peach-ice-dragon-fruit-ice-mix-fruit","18":"pa_flavor-pineapple-coconut-strawberry-banana-blue-razz","19":"pa_flavor-raspberry-watermelon-mango-peach-strawberry-kiwi","20":"pa_flavor-strawberry-banana-raspberry-watermelon-lemon-lime","21":"pa_flavor-strawberry-kiwi-love-66-cherry-cola","22":"pa_flavor-strawberry-raspberry-cherry-berry-grape-mint","23":"pa_flavor-strawberry-vanilla-coke-blueberry-raspberry-lemon-lime","24":"pa_flavor-tropical-fruit-strawberry-watermelon-lemon-peach","25":"pa_flavor-watermelon-ice-red-bull-strawberry-kiwi","26":"pa_flavor-watermelon-ice-strawberry-ice-cream-triple-melon","27":"pa_nicotine-2-percent","28":"pa_nicotine-5-percent","29":"pa_puffs-60000-puffs","30":"pa_rechargeable-yes","31":"pa_selling-type-retail","33":"first","34":"outofstock","35":"shipping-taxable","36":"purchasable","37":"product-type-variable"},"wcpa_form_fields":null,"_links":{"self":[{"href":"https:\/\/www.spacexvape.com\/es\/wp-json\/wp\/v2\/product\/781","targetHints":{"allow":["GET"]}}],"collection":[{"href":"https:\/\/www.spacexvape.com\/es\/wp-json\/wp\/v2\/product"}],"about":[{"href":"https:\/\/www.spacexvape.com\/es\/wp-json\/wp\/v2\/types\/product"}],"replies":[{"embeddable":true,"href":"https:\/\/www.spacexvape.com\/es\/wp-json\/wp\/v2\/comments?post=781"}],"wp:featuredmedia":[{"embeddable":true,"href":"https:\/\/www.spacexvape.com\/es\/wp-json\/wp\/v2\/media\/728"}],"wp:attachment":[{"href":"https:\/\/www.spacexvape.com\/es\/wp-json\/wp\/v2\/media?parent=781"}],"wp:term":[{"taxonomy":"product_brand","embeddable":true,"href":"https:\/\/www.spacexvape.com\/es\/wp-json\/wp\/v2\/product_brand?post=781"},{"taxonomy":"product_cat","embeddable":true,"href":"https:\/\/www.spacexvape.com\/es\/wp-json\/wp\/v2\/product_cat?post=781"},{"taxonomy":"product_tag","embeddable":true,"href":"https:\/\/www.spacexvape.com\/es\/wp-json\/wp\/v2\/product_tag?post=781"}],"curies":[{"name":"wp","href":"https:\/\/api.w.org\/{rel}","templated":true}]}}