{"id":8970,"date":"2025-07-16T10:40:29","date_gmt":"2025-07-16T02:40:29","guid":{"rendered":"https:\/\/www.spacexvape.com\/?post_type=product&#038;p=8970"},"modified":"2025-11-05T18:23:27","modified_gmt":"2025-11-05T10:23:27","slug":"bang-36000-puffs-deep-lung-vape","status":"publish","type":"product","link":"https:\/\/www.spacexvape.com\/es\/producto\/bang-36000-caladas-deep-lung-vape","title":{"rendered":"Bang 36000 Puffs Deep Lung Vape al por mayor"},"content":{"rendered":"<p>En <a href=\"https:\/\/www.spacexvape.com\/es\/brand\/bang\/\"><strong>Bang<\/strong><\/a> 36000 Puffs Deep Lung Vape revoluciona el vapeo port\u00e1til con su capacidad de 40 ml, l\u00edder en la industria, que proporciona hasta 36.000 caladas satisfactorias. Disponible en varios niveles de potencia (0%, 2%, 3%, 5%), est\u00e1 dise\u00f1ado para una satisfacci\u00f3n personalizada sin mantenimiento. La innovadora tecnolog\u00eda de bobina de malla asegura un vapor rico y consistente en cada uso.<\/p>\n<p>Adem\u00e1s, la bater\u00eda recargable Type-C de 650 mAh y el sistema de flujo de aire ajustable te permiten controlar por completo tu experiencia de vapeo. Elija entre 12 opciones premium para descubrir su combinaci\u00f3n perfecta, mientras disfruta de la comodidad de un dise\u00f1o desechable.<\/p>\n<p>Lo mejor de todo es que este vanguardista dispositivo combina las m\u00e1ximas caladas con una tecnolog\u00eda de sabor superior, lo que convierte al Bang 36000 en la elecci\u00f3n inteligente para los vapeadores exigentes que valoran tanto el rendimiento como la comodidad.<\/p>\n<div>\n<h2>Bang 36000 Puffs Deep Lung Vape Especificaci\u00f3n<\/h2>\n<ul>\n<li>Nicotina: 0% &amp; 2% &amp; 3% &amp; 5%<\/li>\n<li>Cantidad de caladas: Hasta 36.000 caladas<\/li>\n<li>Bater\u00eda E-liquid: 650mAh<\/li>\n<li>E-l\u00edquido: 40ml<\/li>\n<li>Puerto de carga: TIPO-C<\/li>\n<\/ul>\n<h2>Lista de opciones<\/h2>\n<\/div>\n<ol>\n<li data-slate-node=\"element\"><span data-slate-node=\"text\">Fresa Kiwi<\/span><\/li>\n<li data-slate-node=\"element\"><span data-slate-node=\"text\">Melocot\u00f3n Mango Sand\u00eda<\/span><\/li>\n<li data-slate-node=\"element\"><span data-slate-node=\"text\">Frutas variadas<\/span><\/li>\n<li data-slate-node=\"element\"><span data-slate-node=\"text\">Hielo de menta<\/span><\/li>\n<li data-slate-node=\"element\"><span data-slate-node=\"text\">Mango Melocot\u00f3n <\/span><\/li>\n<li data-slate-node=\"element\"><span data-slate-node=\"text\">Hielo de uva<\/span><\/li>\n<li data-slate-node=\"element\"><span data-slate-node=\"text\">Manzanas dobles<\/span><\/li>\n<li data-slate-node=\"element\"><span data-slate-node=\"text\">Ar\u00e1ndano Frambuesa<\/span><\/li>\n<li data-slate-node=\"element\"><span data-slate-node=\"text\">Hielo de ar\u00e1ndanos<\/span><\/li>\n<li data-slate-node=\"element\"><span data-slate-node=\"text\">Sand\u00eda con fresa<\/span><\/li>\n<li data-slate-node=\"element\"><span data-slate-node=\"text\">Hielo de sand\u00eda<\/span><\/li>\n<li data-slate-node=\"element\" data-slate-fragment=\"JTVCJTdCJTIydHlwZSUyMiUzQSUyMnBhcmFncmFwaCUyMiUyQyUyMmNoaWxkcmVuJTIyJTNBJTVCJTdCJTIydGV4dCUyMiUzQSUyMlN0cmF3YmVycnklMjBLaXdpJTIyJTdEJTVEJTdEJTJDJTdCJTIydHlwZSUyMiUzQSUyMnBhcmFncmFwaCUyMiUyQyUyMmNoaWxkcmVuJTIyJTNBJTVCJTdCJTIydGV4dCUyMiUzQSUyMiUyMiU3RCU1RCU3RCUyQyU3QiUyMnR5cGUlMjIlM0ElMjJwYXJhZ3JhcGglMjIlMkMlMjJjaGlsZHJlbiUyMiUzQSU1QiU3QiUyMnRleHQlMjIlM0ElMjJQZWFjaCUyME1hbmdvJTIwV2F0ZXJtZWxvbiUyMiU3RCU1RCU3RCUyQyU3QiUyMnR5cGUlMjIlM0ElMjJwYXJhZ3JhcGglMjIlMkMlMjJjaGlsZHJlbiUyMiUzQSU1QiU3QiUyMnRleHQlMjIlM0ElMjIlMjIlN0QlNUQlN0QlMkMlN0IlMjJ0eXBlJTIyJTNBJTIycGFyYWdyYXBoJTIyJTJDJTIyY2hpbGRyZW4lMjIlM0ElNUIlN0IlMjJ0ZXh0JTIyJTNBJTIyTWl4ZWQlMjBGcnVpdHMlMjIlN0QlNUQlN0QlMkMlN0IlMjJ0eXBlJTIyJTNBJTIycGFyYWdyYXBoJTIyJTJDJTIyY2hpbGRyZW4lMjIlM0ElNUIlN0IlMjJ0ZXh0JTIyJTNBJTIyJTIyJTdEJTVEJTdEJTJDJTdCJTIydHlwZSUyMiUzQSUyMnBhcmFncmFwaCUyMiUyQyUyMmNoaWxkcmVuJTIyJTNBJTVCJTdCJTIydGV4dCUyMiUzQSUyMk1pbnQlMjBJY2UlMjIlN0QlNUQlN0QlMkMlN0IlMjJ0eXBlJTIyJTNBJTIycGFyYWdyYXBoJTIyJTJDJTIyY2hpbGRyZW4lMjIlM0ElNUIlN0IlMjJ0ZXh0JTIyJTNBJTIyJTIyJTdEJTVEJTdEJTJDJTdCJTIydHlwZSUyMiUzQSUyMnBhcmFncmFwaCUyMiUyQyUyMmNoaWxkcmVuJTIyJTNBJTVCJTdCJTIydGV4dCUyMiUzQSUyMlBlYWNoJTIwTWFuZ28lMjIlN0QlNUQlN0QlMkMlN0IlMjJ0eXBlJTIyJTNBJTIycGFyYWdyYXBoJTIyJTJDJTIyY2hpbGRyZW4lMjIlM0ElNUIlN0IlMjJ0ZXh0JTIyJTNBJTIyJTIyJTdEJTVEJTdEJTJDJTdCJTIydHlwZSUyMiUzQSUyMnBhcmFncmFwaCUyMiUyQyUyMmNoaWxkcmVuJTIyJTNBJTVCJTdCJTIydGV4dCUyMiUzQSUyMkdyYXBlJTIwSWNlJTIyJTdEJTVEJTdEJTJDJTdCJTIydHlwZSUyMiUzQSUyMnBhcmFncmFwaCUyMiUyQyUyMmNoaWxkcmVuJTIyJTNBJTVCJTdCJTIydGV4dCUyMiUzQSUyMiUyMiU3RCU1RCU3RCUyQyU3QiUyMnR5cGUlMjIlM0ElMjJwYXJhZ3JhcGglMjIlMkMlMjJjaGlsZHJlbiUyMiUzQSU1QiU3QiUyMnRleHQlMjIlM0ElMjJEb3VibGUlMjBBcHBsZXMlMjIlN0QlNUQlN0QlMkMlN0IlMjJ0eXBlJTIyJTNBJTIycGFyYWdyYXBoJTIyJTJDJTIyY2hpbGRyZW4lMjIlM0ElNUIlN0IlMjJ0ZXh0JTIyJTNBJTIyJTIyJTdEJTVEJTdEJTJDJTdCJTIydHlwZSUyMiUzQSUyMnBhcmFncmFwaCUyMiUyQyUyMmNoaWxkcmVuJTIyJTNBJTVCJTdCJTIydGV4dCUyMiUzQSUyMkJsdWViZXJyeSUyMFJhc3BiZXJyeSUyMiU3RCU1RCU3RCUyQyU3QiUyMnR5cGUlMjIlM0ElMjJwYXJhZ3JhcGglMjIlMkMlMjJjaGlsZHJlbiUyMiUzQSU1QiU3QiUyMnRleHQlMjIlM0ElMjIlMjIlN0QlNUQlN0QlMkMlN0IlMjJ0eXBlJTIyJTNBJTIycGFyYWdyYXBoJTIyJTJDJTIyY2hpbGRyZW4lMjIlM0ElNUIlN0IlMjJ0ZXh0JTIyJTNBJTIyQmx1ZWJlcnJ5JTIwSWNlJTIyJTdEJTVEJTdEJTJDJTdCJTIydHlwZSUyMiUzQSUyMnBhcmFncmFwaCUyMiUyQyUyMmNoaWxkcmVuJTIyJTNBJTVCJTdCJTIydGV4dCUyMiUzQSUyMiUyMiU3RCU1RCU3RCUyQyU3QiUyMnR5cGUlMjIlM0ElMjJwYXJhZ3JhcGglMjIlMkMlMjJjaGlsZHJlbiUyMiUzQSU1QiU3QiUyMnRleHQlMjIlM0ElMjJTdHJhd2JlcnJ5JTIwV2F0ZXJtZWxvbiUyMiU3RCU1RCU3RCUyQyU3QiUyMnR5cGUlMjIlM0ElMjJwYXJhZ3JhcGglMjIlMkMlMjJjaGlsZHJlbiUyMiUzQSU1QiU3QiUyMnRleHQlMjIlM0ElMjIlMjIlN0QlNUQlN0QlMkMlN0IlMjJ0eXBlJTIyJTNBJTIycGFyYWdyYXBoJTIyJTJDJTIyY2hpbGRyZW4lMjIlM0ElNUIlN0IlMjJ0ZXh0JTIyJTNBJTIyV2F0ZXJtZWxvbiUyMEljZSUyMiU3RCU1RCU3RCUyQyU3QiUyMnR5cGUlMjIlM0ElMjJwYXJhZ3JhcGglMjIlMkMlMjJjaGlsZHJlbiUyMiUzQSU1QiU3QiUyMnRleHQlMjIlM0ElMjIlMjIlN0QlNUQlN0QlMkMlN0IlMjJ0eXBlJTIyJTNBJTIycGFyYWdyYXBoJTIyJTJDJTIyY2hpbGRyZW4lMjIlM0ElNUIlN0IlMjJ0ZXh0JTIyJTNBJTIyU3RyYXdiZXJyeSUyME1hbmdvJTIyJTdEJTVEJTdEJTVE\"><span data-slate-node=\"text\">Fresa Mango<\/span><\/li>\n<\/ol>\n<h2>Lista de embalaje<\/h2>\n<p>10*Bang 36000 Puffs Deep Lung Vapes<\/p>\n<figure id=\"attachment_9100\" aria-describedby=\"caption-attachment-9100\" style=\"width: 800px\" class=\"wp-caption alignnone\"><img decoding=\"async\" class=\"size-full wp-image-9100\" title=\"Bang 36000 Manzanas dobles\" src=\"https:\/\/www.spacexvape.com\/wp-content\/uploads\/2025\/07\/Bang-36000-Double-Apples.webp\" alt=\"Bang 36000 Manzanas dobles\" width=\"800\" height=\"800\" srcset=\"https:\/\/www.spacexvape.com\/wp-content\/uploads\/2025\/07\/Bang-36000-Double-Apples.webp 800w, https:\/\/www.spacexvape.com\/wp-content\/uploads\/2025\/07\/Bang-36000-Double-Apples-300x300.webp 300w, https:\/\/www.spacexvape.com\/wp-content\/uploads\/2025\/07\/Bang-36000-Double-Apples-150x150.webp 150w, https:\/\/www.spacexvape.com\/wp-content\/uploads\/2025\/07\/Bang-36000-Double-Apples-768x768.webp 768w, https:\/\/www.spacexvape.com\/wp-content\/uploads\/2025\/07\/Bang-36000-Double-Apples-12x12.webp 12w, https:\/\/www.spacexvape.com\/wp-content\/uploads\/2025\/07\/Bang-36000-Double-Apples-247x247.webp 247w, https:\/\/www.spacexvape.com\/wp-content\/uploads\/2025\/07\/Bang-36000-Double-Apples-510x510.webp 510w, https:\/\/www.spacexvape.com\/wp-content\/uploads\/2025\/07\/Bang-36000-Double-Apples-100x100.webp 100w\" sizes=\"(max-width: 800px) 100vw, 800px\" \/><figcaption id=\"caption-attachment-9100\" class=\"wp-caption-text\">Bang 36000 Manzanas dobles<\/figcaption><\/figure>","protected":false},"excerpt":{"rendered":"<p>Bang 36000 Puffs Deep Lung \/ 0% &amp; 2% &amp; 3% &amp; 5% fuerza \/ 650mAh bater\u00eda recargable \/ 40ml capacidad \/ 36.000 Puffs \/ China Warehouse<\/p>","protected":false},"featured_media":9092,"comment_status":"open","ping_status":"closed","template":"","meta":[],"product_brand":[609],"product_cat":[15],"product_tag":[796,554,541],"class_list":{"0":"post-8970","1":"product","2":"type-product","3":"status-publish","4":"has-post-thumbnail","6":"product_brand-bang","7":"product_cat-disposable-vapes","8":"product_tag-36000-puffs","9":"product_tag-40ml","10":"product_tag-650mah","11":"product_shipping_class-china-warehouse-wholesale","12":"pa_battery-650mah","13":"pa_e-liquid-40ml","14":"pa_flavor-blueberry-ice","15":"pa_flavor-blueberry-raspberry","16":"pa_flavor-double-apples","17":"pa_flavor-grape-ice","18":"pa_flavor-mango-peach","19":"pa_flavor-mint-ice","20":"pa_flavor-mixed-fruits","21":"pa_flavor-peach-mango-watermelon","22":"pa_flavor-strawberry-kiwi","23":"pa_flavor-strawberry-mango","24":"pa_flavor-strawberry-watermelon","25":"pa_flavor-watermelon-ice","26":"pa_nicotine-0-percent","27":"pa_nicotine-2-percent","28":"pa_nicotine-3-percent","29":"pa_nicotine-5-percent","30":"pa_puffs-36000-puffs","31":"pa_rechargeable-yes","32":"pa_selling-type-micro-wholesale","34":"first","35":"instock","36":"shipping-taxable","37":"purchasable","38":"product-type-variable"},"wcpa_form_fields":null,"_links":{"self":[{"href":"https:\/\/www.spacexvape.com\/es\/wp-json\/wp\/v2\/product\/8970","targetHints":{"allow":["GET"]}}],"collection":[{"href":"https:\/\/www.spacexvape.com\/es\/wp-json\/wp\/v2\/product"}],"about":[{"href":"https:\/\/www.spacexvape.com\/es\/wp-json\/wp\/v2\/types\/product"}],"replies":[{"embeddable":true,"href":"https:\/\/www.spacexvape.com\/es\/wp-json\/wp\/v2\/comments?post=8970"}],"wp:featuredmedia":[{"embeddable":true,"href":"https:\/\/www.spacexvape.com\/es\/wp-json\/wp\/v2\/media\/9092"}],"wp:attachment":[{"href":"https:\/\/www.spacexvape.com\/es\/wp-json\/wp\/v2\/media?parent=8970"}],"wp:term":[{"taxonomy":"product_brand","embeddable":true,"href":"https:\/\/www.spacexvape.com\/es\/wp-json\/wp\/v2\/product_brand?post=8970"},{"taxonomy":"product_cat","embeddable":true,"href":"https:\/\/www.spacexvape.com\/es\/wp-json\/wp\/v2\/product_cat?post=8970"},{"taxonomy":"product_tag","embeddable":true,"href":"https:\/\/www.spacexvape.com\/es\/wp-json\/wp\/v2\/product_tag?post=8970"}],"curies":[{"name":"wp","href":"https:\/\/api.w.org\/{rel}","templated":true}]}}