{"id":13194,"date":"2025-10-04T20:26:57","date_gmt":"2025-10-04T12:26:57","guid":{"rendered":"https:\/\/www.spacexvape.com\/?post_type=product&#038;p=13194"},"modified":"2025-12-18T09:48:43","modified_gmt":"2025-12-18T01:48:43","slug":"al-fakher-crown-bar-8000-pro-crystal-disposable-vape","status":"publish","type":"product","link":"https:\/\/www.spacexvape.com\/fr\/produit\/al-fakher-crown-bar-8000-pro-crystal-disposable-vape","title":{"rendered":"AL Fakher Crown Bar 8000 Pro Crystal Disposable Vape Wholesale"},"content":{"rendered":"<p>Chaque<strong> <a title=\"Al Fakher\" href=\"https:\/\/www.spacexvape.com\/fr\/brand\/al-fakher\/\">Al Fakher<\/a><\/strong> Crown Bar Crystal 8000 Disposable d\u00e9livre jusqu'\u00e0 8 000 bouff\u00e9es avec un r\u00e9servoir pr\u00e9-rempli de 18mL, un coil mesh de 0,6\u03a9 et une batterie rechargeable de 650mAh. Les utilisateurs b\u00e9n\u00e9ficient d'une saveur douce, d'une vapeur constante et d'un contr\u00f4le en temps r\u00e9el gr\u00e2ce \u00e0 un \u00e9cran num\u00e9rique clair.<\/p>\n<p>Avec 45 saveurs authentiques Al Fakher disponibles, des m\u00e9langes fruit\u00e9s aux menthols rafra\u00eechissants, cette vape jetable satisfait les diverses pr\u00e9f\u00e9rences des clients. Parfait pour les d\u00e9taillants qui souhaitent une vari\u00e9t\u00e9 et une rotation \u00e9lev\u00e9e de leur gamme de produits.<\/p>\n<p>Vendue en pack de 5, la Crown Bar Crystal 8000 combine des performances durables, un design moderne et la marque de confiance Al Fakher. Id\u00e9al pour les commandes en gros, les boutiques de vape et les distributeurs \u00e0 travers l'Europe (version Com, v\u00e9rifiable sur le site officiel).<\/p>\n<h2>AL Fakher Crown Bar 8000 Pro Crystal Disposable Vape Sp\u00e9cification<\/h2>\n<ul>\n<li>Nicotine : 5mg\/ml(0.5%)<\/li>\n<li>Nombre de bouff\u00e9es : Jusqu'\u00e0 80 000 bouff\u00e9es<\/li>\n<li>Batterie : 1200mAh<\/li>\n<li>E-liquide : 18ml<\/li>\n<li>Port de charge : TYPE-C<\/li>\n<li>45 saveurs<\/li>\n<\/ul>\n<h2>Liste des ar\u00f4mes<\/h2>\n<ol>\n<li>Bleu fonc\u00e9<\/li>\n<li>Glace aux baies<\/li>\n<li>Glace au cassis<\/li>\n<li>Cassis Menthe<\/li>\n<li>\u00c9clat bleu Razz<\/li>\n<li>Limonade Blue Razz<\/li>\n<li>Myrtille Cerise<\/li>\n<li>Gomme \u00e0 la myrtille<\/li>\n<li>Limonade aux myrtilles<\/li>\n<li>Myrtille Menthe<\/li>\n<li>Myrtille Framboise<\/li>\n<li>Myrtille framboise acidul\u00e9e<\/li>\n<li>Fiesta de cerises<\/li>\n<li>Fizz \u00e0 la cerise<\/li>\n<li>Glace \u00e0 la cerise<\/li>\n<li>Mangue fra\u00eeche<\/li>\n<li>Fusion Pop<\/li>\n<li>Raisin<\/li>\n<li>Baies de raisin<\/li>\n<li>Raisin Menthe<\/li>\n<li>Gomme \u00e0 m\u00e2cher<\/li>\n<li>Hubba<\/li>\n<li>Bleu glacier<\/li>\n<li>Citron vert<\/li>\n<li>Fizz citron-citron vert-cerise<\/li>\n<li>Menthe citronn\u00e9e<\/li>\n<li>Glace luxuriante<\/li>\n<li>L'amour magique<\/li>\n<li>Mangue Ananas<\/li>\n<li>Menthol<\/li>\n<li>Menthe<\/li>\n<li>Baies m\u00e9lang\u00e9es<\/li>\n<li>Orange Menthe<\/li>\n<li>Glace \u00e0 la p\u00eache<\/li>\n<li>Glace \u00e0 l'ananas<\/li>\n<li>Le r\u00eave de l'espace<\/li>\n<li>Menthe verte<\/li>\n<li>Fraise et cerise<\/li>\n<li>Punch aux fraises<\/li>\n<li>R\u00eave d'\u00e9t\u00e9<\/li>\n<li>Deux pommes<\/li>\n<li>Past\u00e8que Cerise<\/li>\n<li>Past\u00e8que Kiwi<\/li>\n<li>Past\u00e8que Citron vert<\/li>\n<li>Past\u00e8que Ananas<\/li>\n<\/ol>\n<h2>Liste de colisage<\/h2>\n<p>10*AL Fakher Crown Bar 8000 Pro Crystal Vape jetable<\/p>\n<figure id=\"attachment_13276\" aria-describedby=\"caption-attachment-13276\" style=\"width: 800px\" class=\"wp-caption alignnone\"><img decoding=\"async\" class=\"size-full wp-image-13276\" title=\"AL Fakher Crown Bar 8000 Pro Crystal Watermelon Cherry\" src=\"https:\/\/www.spacexvape.com\/wp-content\/uploads\/2025\/10\/AL-Fakher-Crown-Bar-8000-Pro-Crystal-Watermelon-Cherry.webp\" alt=\"AL Fakher Crown Bar 8000 Pro Crystal Watermelon Cherry\" width=\"800\" height=\"800\" srcset=\"https:\/\/www.spacexvape.com\/wp-content\/uploads\/2025\/10\/AL-Fakher-Crown-Bar-8000-Pro-Crystal-Watermelon-Cherry.webp 800w, https:\/\/www.spacexvape.com\/wp-content\/uploads\/2025\/10\/AL-Fakher-Crown-Bar-8000-Pro-Crystal-Watermelon-Cherry-300x300.webp 300w, https:\/\/www.spacexvape.com\/wp-content\/uploads\/2025\/10\/AL-Fakher-Crown-Bar-8000-Pro-Crystal-Watermelon-Cherry-150x150.webp 150w, https:\/\/www.spacexvape.com\/wp-content\/uploads\/2025\/10\/AL-Fakher-Crown-Bar-8000-Pro-Crystal-Watermelon-Cherry-768x768.webp 768w, https:\/\/www.spacexvape.com\/wp-content\/uploads\/2025\/10\/AL-Fakher-Crown-Bar-8000-Pro-Crystal-Watermelon-Cherry-12x12.webp 12w, https:\/\/www.spacexvape.com\/wp-content\/uploads\/2025\/10\/AL-Fakher-Crown-Bar-8000-Pro-Crystal-Watermelon-Cherry-247x247.webp 247w, https:\/\/www.spacexvape.com\/wp-content\/uploads\/2025\/10\/AL-Fakher-Crown-Bar-8000-Pro-Crystal-Watermelon-Cherry-510x510.webp 510w, https:\/\/www.spacexvape.com\/wp-content\/uploads\/2025\/10\/AL-Fakher-Crown-Bar-8000-Pro-Crystal-Watermelon-Cherry-100x100.webp 100w\" sizes=\"(max-width: 800px) 100vw, 800px\" \/><figcaption id=\"caption-attachment-13276\" class=\"wp-caption-text\">AL Fakher Crown Bar 8000 Pro Crystal Watermelon Cherry<\/figcaption><\/figure>","protected":false},"excerpt":{"rendered":"<p>AL Fakher Crown Bar 8000 Pro Crystal \/ 0.5% nicotine \/ 1200mAh batterie rechargeable \/ 18ml capacit\u00e9 \/ 8,000 bouff\u00e9es \/ China Warehouse<\/p>","protected":false},"featured_media":13392,"comment_status":"open","ping_status":"closed","template":"","meta":[],"product_brand":[522],"product_cat":[15],"product_tag":[],"class_list":{"0":"post-13194","1":"product","2":"type-product","3":"status-publish","4":"has-post-thumbnail","6":"product_brand-al-fakher","7":"product_cat-disposable-vapes","8":"product_shipping_class-china-warehouse-wholesale","9":"pa_battery-1200mah","10":"pa_e-liquid-18ml","11":"pa_nicotine-0-5","12":"pa_puffs-8000-puffs","13":"pa_rechargeable-yes","14":"pa_selling-type-wholesale","16":"first","17":"instock","18":"shipping-taxable","19":"purchasable","20":"product-type-variable"},"wcpa_form_fields":null,"_links":{"self":[{"href":"https:\/\/www.spacexvape.com\/fr\/wp-json\/wp\/v2\/product\/13194","targetHints":{"allow":["GET"]}}],"collection":[{"href":"https:\/\/www.spacexvape.com\/fr\/wp-json\/wp\/v2\/product"}],"about":[{"href":"https:\/\/www.spacexvape.com\/fr\/wp-json\/wp\/v2\/types\/product"}],"replies":[{"embeddable":true,"href":"https:\/\/www.spacexvape.com\/fr\/wp-json\/wp\/v2\/comments?post=13194"}],"wp:featuredmedia":[{"embeddable":true,"href":"https:\/\/www.spacexvape.com\/fr\/wp-json\/wp\/v2\/media\/13392"}],"wp:attachment":[{"href":"https:\/\/www.spacexvape.com\/fr\/wp-json\/wp\/v2\/media?parent=13194"}],"wp:term":[{"taxonomy":"product_brand","embeddable":true,"href":"https:\/\/www.spacexvape.com\/fr\/wp-json\/wp\/v2\/product_brand?post=13194"},{"taxonomy":"product_cat","embeddable":true,"href":"https:\/\/www.spacexvape.com\/fr\/wp-json\/wp\/v2\/product_cat?post=13194"},{"taxonomy":"product_tag","embeddable":true,"href":"https:\/\/www.spacexvape.com\/fr\/wp-json\/wp\/v2\/product_tag?post=13194"}],"curies":[{"name":"wp","href":"https:\/\/api.w.org\/{rel}","templated":true}]}}