{"id":1915,"date":"2025-02-24T09:57:19","date_gmt":"2025-02-24T09:57:19","guid":{"rendered":"https:\/\/www.spacexvape.com\/?post_type=product&#038;p=1915"},"modified":"2026-04-01T11:46:49","modified_gmt":"2026-04-01T03:46:49","slug":"fumot-tornado-30k-music-disposable-vape","status":"publish","type":"product","link":"https:\/\/www.spacexvape.com\/fr\/produit\/fumot-tornado-30k-music-jetable-vape","title":{"rendered":"Fumot Tornado 30K Music Vape jetable"},"content":{"rendered":"<p>Le <a title=\"Fumot\" href=\"https:\/\/www.spacexvape.com\/fr\/brand\/fumot\/\">Fumot<\/a> Le Tornado 30K Music est con\u00e7u pour ceux qui exigent une exp\u00e9rience de vapotage sup\u00e9rieure. Avec une impressionnante capacit\u00e9 de 30 000 bouff\u00e9es et 30 ml d'e-liquide pr\u00e9-rempli, il offre une satisfaction durable avec un minimum de recharges. Que vous pr\u00e9f\u00e9riez la nicotine 2% ou 5%, cette vape jetable r\u00e9pond \u00e0 vos besoins individuels, garantissant \u00e0 chaque session une vapeur r\u00e9guli\u00e8re et douce. La technologie innovante du mesh coil (1.0\u03a9) garantit des performances optimales, offrant une vapeur riche et optionnelle \u00e0 chaque fois.<\/p>\n<p>Con\u00e7u dans un souci de commodit\u00e9, le Fumot Tornado 30K Music est dot\u00e9 d'une batterie rechargeable de 600mAh, offrant une fiabilit\u00e9 pour les sessions de vapotage prolong\u00e9es. Le chargement rapide Type-C vous permet d'alimenter rapidement votre appareil, ce qui minimise les temps d'arr\u00eat et permet un plaisir ininterrompu. De plus, avec 30 options passionnantes \u00e0 choisir, cette vape jetable r\u00e9pond \u00e0 toutes les pr\u00e9f\u00e9rences, ce qui en fait le choix parfait pour ceux qui cherchent \u00e0 am\u00e9liorer leur exp\u00e9rience de la vape avec vari\u00e9t\u00e9 et style.<\/p>\n<p>Pas seulement une vape, mais une exp\u00e9rience. Le Fumot Tornado 30K Music est \u00e9quip\u00e9 de lumi\u00e8res LED qui se synchronisent au rythme de votre musique, offrant un voyage de vapotage visuellement stup\u00e9fiant et immersif. Que vous soyez en train de vous d\u00e9tendre ou de sortir avec des amis, les lumi\u00e8res vibrantes cr\u00e9ent une atmosph\u00e8re amusante et dynamique, \u00e9levant votre exp\u00e9rience au-del\u00e0 du simple go\u00fbt. Cette vape jetable allie performance, innovation et esth\u00e9tique, ce qui en fait un choix id\u00e9al pour ceux qui recherchent \u00e0 la fois le style et la substance.<\/p>\n<h2>Fumot Tornado 30K Music Vape jetable Sp\u00e9cification<\/h2>\n<ul>\n<li>Marque et mod\u00e8le : Fumot Tornado 30K<\/li>\n<li>Puffs Support : Jusqu'\u00e0 30K<\/li>\n<li>E-liquide : 30ML<\/li>\n<li>R\u00e9sistance de la bobine : 1.0\u03a9<\/li>\n<li>Lumi\u00e8res LED synchronis\u00e9es avec la musique<\/li>\n<li>Options de nicotine : 2% &amp; 5%<\/li>\n<\/ul>\n<h2>Liste des options<\/h2>\n<ol>\n<li>Banane glac\u00e9e<\/li>\n<li>Glace noire<\/li>\n<li>Glace Blue Razz<\/li>\n<li>Myrtille framboise acidul\u00e9e<\/li>\n<li>Glace \u00e0 la cerise<\/li>\n<li>Cola \u00e0 la cerise<\/li>\n<li>Cola Ice<\/li>\n<li>Menthe fra\u00eeche<\/li>\n<li>Myrtille Framboise<\/li>\n<li>Double pomme<\/li>\n<li>Dr Blue<\/li>\n<li>Glace de raisin<\/li>\n<li>Myrtille sur glace<\/li>\n<li>Glaces<\/li>\n<li>Kiwi Fruit de la passion Goyave<\/li>\n<li>Amour 66<\/li>\n<li>Glace luxuriante<\/li>\n<li>Baies m\u00e9lang\u00e9es<\/li>\n<li>P\u00eache Baies<\/li>\n<li>Glace \u00e0 la p\u00eache<\/li>\n<li>Glace \u00e0 la fraise<\/li>\n<li>Peachy Mango Pineapple<\/li>\n<li>Glace \u00e0 l'ananas<\/li>\n<li>Limonade rose<\/li>\n<li>Skittles<\/li>\n<li>Fraise et banane<\/li>\n<li>Past\u00e8que \u00e0 la fraise<\/li>\n<li>Triple mangue<\/li>\n<li>Vimto<\/li>\n<li>Fraise Raisin<\/li>\n<\/ol>\n<h2>Liste de colisage<\/h2>\n<p>1*Fumot Tornado 30K Music Vape jetable<\/p>\n<figure id=\"attachment_4412\" aria-describedby=\"caption-attachment-4412\" style=\"width: 800px\" class=\"wp-caption alignnone\"><img decoding=\"async\" class=\"size-full wp-image-4412\" title=\"Fumot Tornado 30K Music Triple Mango\" src=\"https:\/\/www.spacexvape.com\/wp-content\/uploads\/2025\/04\/Fumot-Tornado-30K-Music-Triple-Mango.webp\" alt=\"Fumot Tornado 30K Music Triple Mango\" width=\"800\" height=\"800\" srcset=\"https:\/\/www.spacexvape.com\/wp-content\/uploads\/2025\/04\/Fumot-Tornado-30K-Music-Triple-Mango.webp 800w, https:\/\/www.spacexvape.com\/wp-content\/uploads\/2025\/04\/Fumot-Tornado-30K-Music-Triple-Mango-247x247.webp 247w, https:\/\/www.spacexvape.com\/wp-content\/uploads\/2025\/04\/Fumot-Tornado-30K-Music-Triple-Mango-100x100.webp 100w, https:\/\/www.spacexvape.com\/wp-content\/uploads\/2025\/04\/Fumot-Tornado-30K-Music-Triple-Mango-510x510.webp 510w, https:\/\/www.spacexvape.com\/wp-content\/uploads\/2025\/04\/Fumot-Tornado-30K-Music-Triple-Mango-300x300.webp 300w, https:\/\/www.spacexvape.com\/wp-content\/uploads\/2025\/04\/Fumot-Tornado-30K-Music-Triple-Mango-150x150.webp 150w, https:\/\/www.spacexvape.com\/wp-content\/uploads\/2025\/04\/Fumot-Tornado-30K-Music-Triple-Mango-768x768.webp 768w, https:\/\/www.spacexvape.com\/wp-content\/uploads\/2025\/04\/Fumot-Tornado-30K-Music-Triple-Mango-12x12.webp 12w, https:\/\/www.spacexvape.com\/wp-content\/uploads\/2025\/04\/Fumot-Tornado-30K-Music-Triple-Mango-96x96.webp 96w\" sizes=\"(max-width: 800px) 100vw, 800px\" \/><figcaption id=\"caption-attachment-4412\" class=\"wp-caption-text\">Fumot Tornado 30K Music Triple Mango<\/figcaption><\/figure>","protected":false},"excerpt":{"rendered":"<p>Fumot Tornado 30K Music\/ 2% nicotine\/ 600mAh batterie rechargeable\/ 30ml E-liquide\/ 30,000 bouff\u00e9es<\/p>","protected":false},"featured_media":4413,"comment_status":"open","ping_status":"closed","template":"","meta":[],"product_brand":[538],"product_cat":[15],"product_tag":[512,564,560],"class_list":{"0":"post-1915","1":"product","2":"type-product","3":"status-publish","4":"has-post-thumbnail","6":"product_brand-fumot","7":"product_cat-disposable-vapes","8":"product_tag-30000-puffs","9":"product_tag-30ml","10":"product_tag-600mah","11":"product_shipping_class-europe-warehouse-retail","12":"pa_battery-600mah","13":"pa_e-liquid-30ml","14":"pa_puffs-30000-puffs","15":"pa_rechargeable-yes","16":"pa_selling-type-retail","18":"first","19":"instock","20":"shipping-taxable","21":"purchasable","22":"product-type-variable"},"wcpa_form_fields":null,"_links":{"self":[{"href":"https:\/\/www.spacexvape.com\/fr\/wp-json\/wp\/v2\/product\/1915","targetHints":{"allow":["GET"]}}],"collection":[{"href":"https:\/\/www.spacexvape.com\/fr\/wp-json\/wp\/v2\/product"}],"about":[{"href":"https:\/\/www.spacexvape.com\/fr\/wp-json\/wp\/v2\/types\/product"}],"replies":[{"embeddable":true,"href":"https:\/\/www.spacexvape.com\/fr\/wp-json\/wp\/v2\/comments?post=1915"}],"wp:featuredmedia":[{"embeddable":true,"href":"https:\/\/www.spacexvape.com\/fr\/wp-json\/wp\/v2\/media\/4413"}],"wp:attachment":[{"href":"https:\/\/www.spacexvape.com\/fr\/wp-json\/wp\/v2\/media?parent=1915"}],"wp:term":[{"taxonomy":"product_brand","embeddable":true,"href":"https:\/\/www.spacexvape.com\/fr\/wp-json\/wp\/v2\/product_brand?post=1915"},{"taxonomy":"product_cat","embeddable":true,"href":"https:\/\/www.spacexvape.com\/fr\/wp-json\/wp\/v2\/product_cat?post=1915"},{"taxonomy":"product_tag","embeddable":true,"href":"https:\/\/www.spacexvape.com\/fr\/wp-json\/wp\/v2\/product_tag?post=1915"}],"curies":[{"name":"wp","href":"https:\/\/api.w.org\/{rel}","templated":true}]}}