{"id":3498,"date":"2025-04-07T17:04:21","date_gmt":"2025-04-07T09:04:21","guid":{"rendered":"https:\/\/www.spacexvape.com\/?post_type=product&#038;p=3498"},"modified":"2026-02-06T16:46:28","modified_gmt":"2026-02-06T08:46:28","slug":"jnr-falcon-x-28000-puffs-vape","status":"publish","type":"product","link":"https:\/\/www.spacexvape.com\/fr\/produit\/jnr-falcon-x-28000-puffs-vape","title":{"rendered":"JNR Falcon X 28000 Puffs Vape"},"content":{"rendered":"<p>Le <a title=\"JNR\" href=\"https:\/\/www.spacexvape.com\/fr\/brand\/jnr\/\"><strong>JNR<\/strong><\/a> Falcon X 28000 est con\u00e7u pour les vapoteurs qui recherchent une satisfaction durable. Avec jusqu'\u00e0 28 000 bouff\u00e9es, cette vape rechargeable avanc\u00e9e offre une long\u00e9vit\u00e9 incroyable, parfaite pour une utilisation prolong\u00e9e sans interruption. Il est pr\u00e9-rempli de 2 ml d'e-liquide et comprend deux flacons de recharge suppl\u00e9mentaires (10 ml chacun, concentration de 20 mg\/ml), ce qui vous offre \u00e0 la fois commodit\u00e9 et contr\u00f4le. Le m\u00e9lange d'options Fraise et Past\u00e8que apporte une touche rafra\u00eechissante et fruit\u00e9e \u00e0 chaque inhalation, rappelant les jours d'\u00e9t\u00e9.<\/p>\n<p>Aliment\u00e9 par une robuste batterie rechargeable USB-C de 950mAh, le JNR Falcon X 28000 vous assure d'\u00eatre toujours pr\u00eat \u00e0 vaper sans d\u00e9lai. Son design \u00e9l\u00e9gant et ergonomique s'adapte confortablement \u00e0 votre main, tandis que la bobine \u00e0 double maille int\u00e9gr\u00e9e offre une vapeur riche et des options am\u00e9lior\u00e9es en intensit\u00e9. Que vous vous d\u00e9tendiez \u00e0 la maison ou que vous soyez en d\u00e9placement, cette vape est con\u00e7ue \u00e0 la fois pour le style et la fonctionnalit\u00e9. L'esth\u00e9tique moderne combin\u00e9e \u00e0 un flux d'air intelligent et \u00e0 une production de vapeur constante en font un produit polyvalent.<\/p>\n<p>Contrairement aux produits jetables traditionnels, le JNR Falcon X 28000 est un vaporisateur hybride jetable rechargeable qui est simple \u00e0 recharger, ce qui en fait un choix plus \u00e9conomique et plus respectueux de l'environnement. Pas de boutons, pas de configuration : il suffit de charger et de vaper. Son poids l\u00e9ger de 120 g est parfait pour le voyage ou le transport quotidien. Con\u00e7ue pour le vapotage DTL, la bobine \u00e0 faible r\u00e9sistance et le syst\u00e8me d'\u00e9coulement de l'air procurent un effet de gorge satisfaisant \u00e0 chaque bouff\u00e9e.<\/p>\n<h2>JNR Falcon X 28000 Puffs Vape Sp\u00e9cification<\/h2>\n<ul>\n<li>Marque et mod\u00e8le : JNR Falcon X 28000<\/li>\n<li>Puffs Support : Jusqu'\u00e0 28 000<\/li>\n<li>Batterie et \u00e9cran liquide<\/li>\n<li>Type de bobine : Dual Mesh Coil 1.2 ohm<\/li>\n<li>Flux d'air r\u00e9glable<\/li>\n<li>Syst\u00e8me de dessin automatique<\/li>\n<li>2 ml de liquide pr\u00e9-rempli + 2 flacons de 10 ml inclus<\/li>\n<\/ul>\n<h2>Liste des options<\/h2>\n<ol>\n<li>Glace du dragon noir<\/li>\n<li>M\u00fbre Rouge Framboise<\/li>\n<li>Glace aux myrtilles et \u00e0 la grenade<\/li>\n<li>Myrtille Framboise Cerise<\/li>\n<li>Mangue Fruit de la passion<\/li>\n<li>Baies m\u00e9lang\u00e9es<\/li>\n<li>P\u00eache Baies<\/li>\n<li>Fraise Kiwi<\/li>\n<li>Glace \u00e0 la fraise et \u00e0 la past\u00e8que<\/li>\n<li>Past\u00e8que Mangue P\u00eache<\/li>\n<\/ol>\n<h2>Liste de colisage<\/h2>\n<p>2 ml de liquide pr\u00e9-rempli + 2 flacons de 10 ml inclus<\/p>\n<figure id=\"attachment_3503\" aria-describedby=\"caption-attachment-3503\" style=\"width: 800px\" class=\"wp-caption alignnone\"><img decoding=\"async\" class=\"size-full wp-image-3503\" title=\"JNR Falcon X 28K M\u00fbre Rouge Framboise\" src=\"https:\/\/www.spacexvape.com\/wp-content\/uploads\/2025\/04\/JNR-Falcon-X-28K-Blackberry-Red-Raspberry.webp\" alt=\"JNR Falcon X 28K M\u00fbre Rouge Framboise\" width=\"800\" height=\"800\" srcset=\"https:\/\/www.spacexvape.com\/wp-content\/uploads\/2025\/04\/JNR-Falcon-X-28K-Blackberry-Red-Raspberry.webp 800w, https:\/\/www.spacexvape.com\/wp-content\/uploads\/2025\/04\/JNR-Falcon-X-28K-Blackberry-Red-Raspberry-247x247.webp 247w, https:\/\/www.spacexvape.com\/wp-content\/uploads\/2025\/04\/JNR-Falcon-X-28K-Blackberry-Red-Raspberry-100x100.webp 100w, https:\/\/www.spacexvape.com\/wp-content\/uploads\/2025\/04\/JNR-Falcon-X-28K-Blackberry-Red-Raspberry-510x510.webp 510w, https:\/\/www.spacexvape.com\/wp-content\/uploads\/2025\/04\/JNR-Falcon-X-28K-Blackberry-Red-Raspberry-300x300.webp 300w, https:\/\/www.spacexvape.com\/wp-content\/uploads\/2025\/04\/JNR-Falcon-X-28K-Blackberry-Red-Raspberry-150x150.webp 150w, https:\/\/www.spacexvape.com\/wp-content\/uploads\/2025\/04\/JNR-Falcon-X-28K-Blackberry-Red-Raspberry-768x768.webp 768w, https:\/\/www.spacexvape.com\/wp-content\/uploads\/2025\/04\/JNR-Falcon-X-28K-Blackberry-Red-Raspberry-12x12.webp 12w, https:\/\/www.spacexvape.com\/wp-content\/uploads\/2025\/04\/JNR-Falcon-X-28K-Blackberry-Red-Raspberry-96x96.webp 96w\" sizes=\"(max-width: 800px) 100vw, 800px\" \/><figcaption id=\"caption-attachment-3503\" class=\"wp-caption-text\">JNR Falcon X 28K M\u00fbre Rouge Framboise<\/figcaption><\/figure>\n<p>&nbsp;<\/p>","protected":false},"excerpt":{"rendered":"<p>JNR Falcon X 28000\/ 2% strength\/ 950mAh rechargeable battery\/ 28,000 Puffs \/ European Warehouse<\/p>","protected":false},"featured_media":14629,"comment_status":"open","ping_status":"closed","template":"","meta":[],"product_brand":[535],"product_cat":[17],"product_tag":[511,562],"class_list":{"0":"post-3498","1":"product","2":"type-product","3":"status-publish","4":"has-post-thumbnail","6":"product_brand-jnr","7":"product_cat-refillable-vapes","8":"product_tag-28000-puffs","9":"product_tag-950mah","10":"product_shipping_class-europe-warehouse-retail","11":"pa_nicotine-2-percent","12":"pa_puffs-28000-puffs","13":"pa_rechargeable-yes","15":"first","16":"instock","17":"featured","18":"shipping-taxable","19":"purchasable","20":"product-type-variable"},"wcpa_form_fields":null,"_links":{"self":[{"href":"https:\/\/www.spacexvape.com\/fr\/wp-json\/wp\/v2\/product\/3498","targetHints":{"allow":["GET"]}}],"collection":[{"href":"https:\/\/www.spacexvape.com\/fr\/wp-json\/wp\/v2\/product"}],"about":[{"href":"https:\/\/www.spacexvape.com\/fr\/wp-json\/wp\/v2\/types\/product"}],"replies":[{"embeddable":true,"href":"https:\/\/www.spacexvape.com\/fr\/wp-json\/wp\/v2\/comments?post=3498"}],"wp:featuredmedia":[{"embeddable":true,"href":"https:\/\/www.spacexvape.com\/fr\/wp-json\/wp\/v2\/media\/14629"}],"wp:attachment":[{"href":"https:\/\/www.spacexvape.com\/fr\/wp-json\/wp\/v2\/media?parent=3498"}],"wp:term":[{"taxonomy":"product_brand","embeddable":true,"href":"https:\/\/www.spacexvape.com\/fr\/wp-json\/wp\/v2\/product_brand?post=3498"},{"taxonomy":"product_cat","embeddable":true,"href":"https:\/\/www.spacexvape.com\/fr\/wp-json\/wp\/v2\/product_cat?post=3498"},{"taxonomy":"product_tag","embeddable":true,"href":"https:\/\/www.spacexvape.com\/fr\/wp-json\/wp\/v2\/product_tag?post=3498"}],"curies":[{"name":"wp","href":"https:\/\/api.w.org\/{rel}","templated":true}]}}