{"id":762,"date":"2025-01-06T10:28:54","date_gmt":"2025-01-06T10:28:54","guid":{"rendered":"https:\/\/www.spacexvape.com\/?post_type=product&#038;p=762"},"modified":"2026-03-31T18:30:02","modified_gmt":"2026-03-31T10:30:02","slug":"vapsolo-twins-20000-puffs-disposable-vape","status":"publish","type":"product","link":"https:\/\/www.spacexvape.com\/fr\/produit\/vapsolo-twins-20000-puffs-jetable-vape","title":{"rendered":"Vapsolo Twins 20000 Puffs Vape jetable"},"content":{"rendered":"<p>Le\u00a0<a title=\"Vapsolo\" href=\"https:\/\/www.spacexvape.com\/fr\/brand\/vapsolo\/\" rel=\"nofollow \"><strong>Vapsolo<\/strong><\/a> Twins 20000 est une vape \u00e0 double option qui se compose de 2 pods qui permettent d'ajuster facilement les options en tournant l'embout. Il a une capacit\u00e9 totale de 32 ml d'e-liquide et permet de tirer jusqu'\u00e0 2000 bouff\u00e9es.<\/p>\n<p>Il est dot\u00e9 d'un \u00e9cran qui affiche la capacit\u00e9 de la batterie et le pourcentage de capacit\u00e9 de l'e-liquide, ce qui vous permet de lire ces donn\u00e9es pour vous tenir inform\u00e9 de l'\u00e9tat actuel de l'appareil.<\/p>\n<p>Sa conception \u00e0 deux dosettes vous permet d'avoir deux options diff\u00e9rentes tout en tenant un seul appareil. Cela vous permet de passer d'une option \u00e0 l'autre. Pour en savoir plus sur ce produit, regardez la vid\u00e9o suivante <a title=\"Vid\u00e9o des jumeaux Vapsolo\" href=\"https:\/\/www.youtube.com\/watch?v=QrqSE-cQxo0\" target=\"_blank\" rel=\"noopener nofollow\">vid\u00e9o<\/a>.<\/p>\n<h2>Vapsolo Twins 20000 Vape jetable Sp\u00e9cification<\/h2>\n<ul>\n<li>Marque et mod\u00e8le : Vapsolo Twins<\/li>\n<li>Puffs Support : Jusqu'\u00e0 20 000<\/li>\n<li>Double option, double enveloppe<\/li>\n<li>Affichage de la capacit\u00e9 de l'Eliquide et de la batterie<\/li>\n<li>E-liquide : 32ML<\/li>\n<li>Type de bobine : Dual Mesh Coil<\/li>\n<li>R\u00e9sistance de la bobine : 1.0\u03a9<\/li>\n<li>Poids corporel\uff1a105g<\/li>\n<\/ul>\n<h2>Liste des options<\/h2>\n<ol>\n<li>Glace au citron vert et \u00e0 la past\u00e8que<\/li>\n<li>Raisin glac\u00e9 et fraise kiwi<\/li>\n<li>Ananas noix de coco et fraise banane<\/li>\n<li>Glace aux myrtilles et cerise p\u00e9tillante<\/li>\n<li>Glace \u00e0 la past\u00e8que et baies m\u00e9lang\u00e9es<\/li>\n<li>Fraise, banane et cerise p\u00e9tillante<\/li>\n<li>Glace fraise framboise cerise et glace raisin<\/li>\n<li>Blue Razz Lemonade &amp; Lemon Lime<\/li>\n<li>Glace \u00e0 la past\u00e8que et mangue \u00e0 la fraise<\/li>\n<li>Triple melon et past\u00e8que \u00e0 la framboise<\/li>\n<li>Glace noire Fruit du dragon Fraise et framboise Past\u00e8que<\/li>\n<li>Glace \u00e0 la fraise et p\u00eache \u00e0 la mangue Past\u00e8que<\/li>\n<li>Glace Chery fraise kiwi et fraise framboise<\/li>\n<li>Black Ice Dragon Fruit Strawberry &amp; Love 66<\/li>\n<li>Vanilla Cola &amp; Lemon Peach<\/li>\n<li>P\u00eache, baies et kiwi, fruit de la passion, goyave<\/li>\n<\/ol>\n<h2>Liste de colisage<\/h2>\n<p>1* Vapsolo Twins 20 000 bouff\u00e9es Vape jetable<\/p>\n<figure id=\"attachment_749\" aria-describedby=\"caption-attachment-749\" style=\"width: 800px\" class=\"wp-caption alignnone\"><img decoding=\"async\" class=\"size-full wp-image-749\" title=\"Vapsolo Twins 20000 Fraise kiwi Fraise framboise Chery ice\" src=\"https:\/\/www.spacexvape.com\/wp-content\/uploads\/2025\/01\/Vapsolo-Twins-20000-Strawberry-kiwi-Strawberry-Raspberry-Chery-ice.webp\" alt=\"Vapsolo Twins 20000 Fraise kiwi Fraise framboise Chery ice\" width=\"800\" height=\"800\" srcset=\"https:\/\/www.spacexvape.com\/wp-content\/uploads\/2025\/01\/Vapsolo-Twins-20000-Strawberry-kiwi-Strawberry-Raspberry-Chery-ice.webp 800w, https:\/\/www.spacexvape.com\/wp-content\/uploads\/2025\/01\/Vapsolo-Twins-20000-Strawberry-kiwi-Strawberry-Raspberry-Chery-ice-247x247.webp 247w, https:\/\/www.spacexvape.com\/wp-content\/uploads\/2025\/01\/Vapsolo-Twins-20000-Strawberry-kiwi-Strawberry-Raspberry-Chery-ice-100x100.webp 100w, https:\/\/www.spacexvape.com\/wp-content\/uploads\/2025\/01\/Vapsolo-Twins-20000-Strawberry-kiwi-Strawberry-Raspberry-Chery-ice-510x510.webp 510w, https:\/\/www.spacexvape.com\/wp-content\/uploads\/2025\/01\/Vapsolo-Twins-20000-Strawberry-kiwi-Strawberry-Raspberry-Chery-ice-300x300.webp 300w, https:\/\/www.spacexvape.com\/wp-content\/uploads\/2025\/01\/Vapsolo-Twins-20000-Strawberry-kiwi-Strawberry-Raspberry-Chery-ice-150x150.webp 150w, https:\/\/www.spacexvape.com\/wp-content\/uploads\/2025\/01\/Vapsolo-Twins-20000-Strawberry-kiwi-Strawberry-Raspberry-Chery-ice-768x768.webp 768w, https:\/\/www.spacexvape.com\/wp-content\/uploads\/2025\/01\/Vapsolo-Twins-20000-Strawberry-kiwi-Strawberry-Raspberry-Chery-ice-96x96.webp 96w\" sizes=\"(max-width: 800px) 100vw, 800px\" \/><figcaption id=\"caption-attachment-749\" class=\"wp-caption-text\">Vapsolo Twins 20000 Fraise kiwi Fraise framboise Chery ice<\/figcaption><\/figure>","protected":false},"excerpt":{"rendered":"<p>Vapsolo Twins 20000 \/ 5% strength\/ 650mAh rechargeable battery \/ 32ml ejuice \/ 20,000 Puffs<\/p>","protected":false},"featured_media":746,"comment_status":"open","ping_status":"closed","template":"","meta":[],"product_brand":[525],"product_cat":[15],"product_tag":[508,553,541],"class_list":{"0":"post-762","1":"product","2":"type-product","3":"status-publish","4":"has-post-thumbnail","6":"product_brand-vapsolo","7":"product_cat-disposable-vapes","8":"product_tag-20000-puffs","9":"product_tag-32ml","10":"product_tag-650mah","11":"product_shipping_class-europe-warehouse-retail","12":"pa_battery-650mah","13":"pa_e-liquid-32ml","14":"pa_flavor-black-ice-dragon-fruit-strawberry-love-66","15":"pa_flavor-black-ice-dragon-fruit-strawberry-raspberry-watermelon","16":"pa_flavor-blue-razz-lemonade-lemon-lime","17":"pa_flavor-blueberry-ice-fizzy-cherry","18":"pa_flavor-grape-ice-strawberry-kiwi","19":"pa_flavor-lemon-lime-watermelon-ice","20":"pa_flavor-peach-berry-kiwi-passion-fruit-guava","21":"pa_flavor-pineapple-coconut-strawberry-banana","22":"pa_flavor-strawberry-banana-fizzy-cherry","23":"pa_flavor-strawberry-ice-mango-peach-watermelon","24":"pa_flavor-strawberry-kiwi-strawberry-raspberry-cherry-ice","25":"pa_flavor-strawberry-raspberry-cherry-ice-grape-ice","26":"pa_flavor-triple-melon-raspberry-watermelon","27":"pa_flavor-vanilla-cola-lemon-peach","28":"pa_flavor-watermelon-ice-mixed-berry","29":"pa_flavor-watermelon-ice-strawberry-mango","30":"pa_nicotine-2-percent","31":"pa_nicotine-5-percent","32":"pa_puffs-20000-puffs","33":"pa_rechargeable-yes","34":"pa_selling-type-retail","36":"first","37":"outofstock","38":"shipping-taxable","39":"purchasable","40":"product-type-variable"},"wcpa_form_fields":null,"_links":{"self":[{"href":"https:\/\/www.spacexvape.com\/fr\/wp-json\/wp\/v2\/product\/762","targetHints":{"allow":["GET"]}}],"collection":[{"href":"https:\/\/www.spacexvape.com\/fr\/wp-json\/wp\/v2\/product"}],"about":[{"href":"https:\/\/www.spacexvape.com\/fr\/wp-json\/wp\/v2\/types\/product"}],"replies":[{"embeddable":true,"href":"https:\/\/www.spacexvape.com\/fr\/wp-json\/wp\/v2\/comments?post=762"}],"wp:featuredmedia":[{"embeddable":true,"href":"https:\/\/www.spacexvape.com\/fr\/wp-json\/wp\/v2\/media\/746"}],"wp:attachment":[{"href":"https:\/\/www.spacexvape.com\/fr\/wp-json\/wp\/v2\/media?parent=762"}],"wp:term":[{"taxonomy":"product_brand","embeddable":true,"href":"https:\/\/www.spacexvape.com\/fr\/wp-json\/wp\/v2\/product_brand?post=762"},{"taxonomy":"product_cat","embeddable":true,"href":"https:\/\/www.spacexvape.com\/fr\/wp-json\/wp\/v2\/product_cat?post=762"},{"taxonomy":"product_tag","embeddable":true,"href":"https:\/\/www.spacexvape.com\/fr\/wp-json\/wp\/v2\/product_tag?post=762"}],"curies":[{"name":"wp","href":"https:\/\/api.w.org\/{rel}","templated":true}]}}