{"id":78,"date":"2024-12-23T06:24:10","date_gmt":"2024-12-23T06:24:10","guid":{"rendered":"https:\/\/www.spacexvape.com\/?post_type=product&#038;p=78"},"modified":"2026-03-30T14:49:45","modified_gmt":"2026-03-30T06:49:45","slug":"vapsolo-super-15000-puffs-disposable-vape","status":"publish","type":"product","link":"https:\/\/www.spacexvape.com\/fr\/produit\/vapsolo-super-15000-puffs-jetable-vape","title":{"rendered":"Vapsolo Super 15000 bouff\u00e9es Vape jetable"},"content":{"rendered":"<p>Le <strong><a title=\"Vapsolo\" href=\"https:\/\/www.spacexvape.com\/fr\/brand\/vapsolo\/\">Vapsolo<\/a><\/strong> Super 15000 est un dispositif de vape jetable avanc\u00e9, dot\u00e9 d'un flux d'air r\u00e9glable \u00e0 4 niveaux, d'un volume de 25 ml et d'une batterie rechargeable de 650 mAh, ce qui lui permet de supporter jusqu'\u00e0 15 000 bouff\u00e9es. Vous voulez voir comment il fonctionne ? Regardez le <a href=\"https:\/\/www.youtube.com\/watch?v=nlgEzL0St5I\" rel=\"nofollow noopener\" target=\"_blank\"><strong>vid\u00e9o<\/strong><\/a> ici.<\/p>\n<p data-start=\"675\" data-end=\"871\">Tout d'abord, il se distingue par son airflow r\u00e9glable sur 4 niveaux. En effet, chaque vapoteur peut avoir des besoins diff\u00e9rents en mati\u00e8re d'airflow, et le Vapsolo Super s'adapte \u00e0 tous les besoins \u00e0 cet \u00e9gard.<\/p>\n<p data-start=\"876\" data-end=\"1009\">Deuxi\u00e8mement, sa forme triangulaire le rend suffisamment unique pour qu'on le reconnaisse \u00e0 son ext\u00e9rieur en acrylique ray\u00e9 et \u00e0 ses d\u00e9calcomanies dor\u00e9es.<\/p>\n<p data-start=\"1014\" data-end=\"1326\">Enfin, le pod extra-large rend ce produit plus rentable. Si vous \u00eates \u00e0 la recherche d'une vape qui peut vous soutenir pendant une p\u00e9riode plus longue, alors le Vapsolo Super est plus que suffisant pour r\u00e9pondre \u00e0 vos besoins. Vous comprendrez pourquoi il s'agit d'un produit de gros vedette - il vous aidera \u00e0 vous d\u00e9marquer sur le march\u00e9.<\/p>\n<h2>Vapsolo Super 15000 Puffs Vape jetable Sp\u00e9cification<\/h2>\n<ul>\n<li>Bouff\u00e9es : 15000 bouff\u00e9es<\/li>\n<li>D\u00e9bit d'air \u00e0 4 niveaux<\/li>\n<li>E-liquide : 25ml<\/li>\n<li>Batterie E-liquide : 650mAh<\/li>\n<li>Bobine de maille<\/li>\n<li>R\u00e9sistance de la bobine : 1.0\u03a9<\/li>\n<li>Port Type-C, Rechargeable<\/li>\n<\/ul>\n<h2>Liste des options<\/h2>\n<ol>\n<li>Glace aux myrtilles<\/li>\n<li>Double pomme<\/li>\n<li>Glace \u00e0 la past\u00e8que<\/li>\n<li>Fraise Kiwi<\/li>\n<li>Baies m\u00e9lang\u00e9es<\/li>\n<li>Red Bull<\/li>\n<li>Myrtille Cerise Canneberge<\/li>\n<li>Citron vert<\/li>\n<li>Fraise et banane<\/li>\n<li>Melon d'eau \u00e0 la framboise<\/li>\n<li>Cola \u00e0 la myrtille et \u00e0 la cerise<\/li>\n<li>Glace noire fruit du dragon fraise<\/li>\n<li>Amour 66<\/li>\n<li>Menthe fra\u00eeche<\/li>\n<li>\u00c9clat de raisin<\/li>\n<\/ol>\n<h2>Contenu de la bo\u00eete<\/h2>\n<p>1* Vapsolo Super 15000 Vape jetable<\/p>\n<figure id=\"attachment_7678\" aria-describedby=\"caption-attachment-7678\" style=\"width: 800px\" class=\"wp-caption alignnone\"><img decoding=\"async\" class=\"size-full wp-image-7678\" title=\"Vapsolo Super 15000 Cool Mint\" src=\"https:\/\/www.spacexvape.com\/wp-content\/uploads\/2025\/07\/Vapsolo-Super-15000-Cool-Mint.webp\" alt=\"Vapsolo Super 15000 Cool Mint\" width=\"800\" height=\"800\" srcset=\"https:\/\/www.spacexvape.com\/wp-content\/uploads\/2025\/07\/Vapsolo-Super-15000-Cool-Mint.webp 800w, https:\/\/www.spacexvape.com\/wp-content\/uploads\/2025\/07\/Vapsolo-Super-15000-Cool-Mint-300x300.webp 300w, https:\/\/www.spacexvape.com\/wp-content\/uploads\/2025\/07\/Vapsolo-Super-15000-Cool-Mint-150x150.webp 150w, https:\/\/www.spacexvape.com\/wp-content\/uploads\/2025\/07\/Vapsolo-Super-15000-Cool-Mint-768x768.webp 768w, https:\/\/www.spacexvape.com\/wp-content\/uploads\/2025\/07\/Vapsolo-Super-15000-Cool-Mint-12x12.webp 12w, https:\/\/www.spacexvape.com\/wp-content\/uploads\/2025\/07\/Vapsolo-Super-15000-Cool-Mint-247x247.webp 247w, https:\/\/www.spacexvape.com\/wp-content\/uploads\/2025\/07\/Vapsolo-Super-15000-Cool-Mint-510x510.webp 510w, https:\/\/www.spacexvape.com\/wp-content\/uploads\/2025\/07\/Vapsolo-Super-15000-Cool-Mint-100x100.webp 100w\" sizes=\"(max-width: 800px) 100vw, 800px\" \/><figcaption id=\"caption-attachment-7678\" class=\"wp-caption-text\">Vapsolo Super 15000 Cool Mint<\/figcaption><\/figure>","protected":false},"excerpt":{"rendered":"<p>Le Vapsolo Super 15000 \/ force 2% &amp; 5% \/ batterie rechargeable 650mah \/ capacit\u00e9 25ml \/ 15 000 bouff\u00e9es \/ entrep\u00f4t europ\u00e9en<\/p>","protected":false},"featured_media":3410,"comment_status":"open","ping_status":"closed","template":"","meta":[],"product_brand":[525],"product_cat":[15],"product_tag":[505,548,541],"class_list":{"0":"post-78","1":"product","2":"type-product","3":"status-publish","4":"has-post-thumbnail","6":"product_brand-vapsolo","7":"product_cat-disposable-vapes","8":"product_tag-15000-puffs","9":"product_tag-25ml","10":"product_tag-650mah","11":"product_shipping_class-europe-warehouse-retail","12":"pa_battery-650mah","13":"pa_e-liquid-25ml","14":"pa_flavor-black-ice-dragonfruit-strawberry","15":"pa_flavor-blueberry-cherry-cola","16":"pa_flavor-blueberry-cherry-cranberry","17":"pa_flavor-blueberry-ice","18":"pa_flavor-cool-mint","19":"pa_flavor-double-apple","20":"pa_flavor-grape-burst","21":"pa_flavor-lemon-lime","22":"pa_flavor-love-66","23":"pa_flavor-mixed-berry","24":"pa_flavor-raspberry-watermelon","25":"pa_flavor-red-bull","26":"pa_flavor-strawberry-banana","27":"pa_flavor-strawberry-kiwi","28":"pa_flavor-watermelon-ice","29":"pa_nicotine-2-percent","30":"pa_nicotine-5-percent","31":"pa_puffs-15000-puffs","32":"pa_rechargeable-yes","33":"pa_selling-type-retail","35":"first","36":"instock","37":"shipping-taxable","38":"purchasable","39":"product-type-variable"},"wcpa_form_fields":null,"_links":{"self":[{"href":"https:\/\/www.spacexvape.com\/fr\/wp-json\/wp\/v2\/product\/78","targetHints":{"allow":["GET"]}}],"collection":[{"href":"https:\/\/www.spacexvape.com\/fr\/wp-json\/wp\/v2\/product"}],"about":[{"href":"https:\/\/www.spacexvape.com\/fr\/wp-json\/wp\/v2\/types\/product"}],"replies":[{"embeddable":true,"href":"https:\/\/www.spacexvape.com\/fr\/wp-json\/wp\/v2\/comments?post=78"}],"wp:featuredmedia":[{"embeddable":true,"href":"https:\/\/www.spacexvape.com\/fr\/wp-json\/wp\/v2\/media\/3410"}],"wp:attachment":[{"href":"https:\/\/www.spacexvape.com\/fr\/wp-json\/wp\/v2\/media?parent=78"}],"wp:term":[{"taxonomy":"product_brand","embeddable":true,"href":"https:\/\/www.spacexvape.com\/fr\/wp-json\/wp\/v2\/product_brand?post=78"},{"taxonomy":"product_cat","embeddable":true,"href":"https:\/\/www.spacexvape.com\/fr\/wp-json\/wp\/v2\/product_cat?post=78"},{"taxonomy":"product_tag","embeddable":true,"href":"https:\/\/www.spacexvape.com\/fr\/wp-json\/wp\/v2\/product_tag?post=78"}],"curies":[{"name":"wp","href":"https:\/\/api.w.org\/{rel}","templated":true}]}}