{"id":9761,"date":"2025-07-24T10:39:09","date_gmt":"2025-07-24T02:39:09","guid":{"rendered":"https:\/\/www.spacexvape.com\/?post_type=product&#038;p=9761"},"modified":"2025-11-05T10:21:13","modified_gmt":"2025-11-05T02:21:13","slug":"bang-king-25000-puffs-vape","status":"publish","type":"product","link":"https:\/\/www.spacexvape.com\/fr\/produit\/bang-king-25000-puffs-vape","title":{"rendered":"Bang King 25000 Puffs Vape Wholesale"},"content":{"rendered":"<p>Le <a href=\"https:\/\/www.spacexvape.com\/fr\/brand\/bang\/\"><strong>Bang<\/strong><\/a> King 25000 Puffs Vape red\u00e9finit la commodit\u00e9 avec sa capacit\u00e9 massive de 25 000 bouff\u00e9es, parfaite pour les vapoteurs qui exigent des performances durables. Dot\u00e9 de deux dosettes d'une capacit\u00e9 de 23 ml (46 ml au total) et d'une batterie de 650 mAh avec charge rapide de type C, il offre une endurance in\u00e9gal\u00e9e et un contr\u00f4le fluide du flux d'air. Choisissez parmi 12 options rafra\u00eechissantes, chacune con\u00e7ue pour une exp\u00e9rience haut de gamme, et profitez de niveaux de puissance adapt\u00e9s \u00e0 vos pr\u00e9f\u00e9rences.<\/p>\n<p>De plus, son design \u00e9l\u00e9gant et jetable \u00e9limine les probl\u00e8mes de recharge ou de rechargement, ce qui le rend id\u00e9al pour les modes de vie nomades. Le syst\u00e8me de d\u00e9bit d'air r\u00e9glable permet de personnaliser chaque bouff\u00e9e, que vous ayez envie de nuages puissants ou d'un tirage plus doux.<\/p>\n<p>Avec Bang King 25000 Puffs Vape, la qualit\u00e9 rencontre l'innovation. Explorez un monde de saveurs riches et de vapotage sans effort - pas de compromis, juste de la pure satisfaction.<\/p>\n<h2>Bang King 25000 Vape Sp\u00e9cification<\/h2>\n<ul>\n<li>Nicotine : 0% &amp; 2% &amp; 3% &amp; 5%<\/li>\n<li>Nombre de bouff\u00e9es : Jusqu'\u00e0 25 000 bouff\u00e9es<\/li>\n<li>Batterie E-liquide : 650mAh<\/li>\n<li>E-liquide : 46ml<\/li>\n<li>Port de charge : TYPE-C<\/li>\n<\/ul>\n<h2>Liste des options<\/h2>\n<ol>\n<li>Glace Blue Razz<\/li>\n<li>Glace \u00e0 la p\u00eache juteuse<\/li>\n<li>Past\u00e8que \u00e0 la fraise<\/li>\n<li>Glace \u00e0 la past\u00e8que<\/li>\n<li>Fraise et banane<\/li>\n<li>Glace \u00e0 la pomme acide<\/li>\n<li>Glace aux trois baies<\/li>\n<li>Fruits tropicaux<\/li>\n<li>Bombe \u00e0 la cerise<\/li>\n<li>Glace de raisin<\/li>\n<li>P\u00eache Mangue<\/li>\n<li>Fraise Mangue<\/li>\n<\/ol>\n<h2>Liste de colisage<\/h2>\n<p>10*Bang King 25000 Puffs Vapes<\/p>\n<figure id=\"attachment_10104\" aria-describedby=\"caption-attachment-10104\" style=\"width: 800px\" class=\"wp-caption alignnone\"><img decoding=\"async\" class=\"size-full wp-image-10104\" title=\"Bang King 25000 Blue Razz Ice\" src=\"https:\/\/www.spacexvape.com\/wp-content\/uploads\/2025\/07\/Bang-King-25000-Blue-Razz-Ice.webp\" alt=\"Bang King 25000 Blue Razz Ice\" width=\"800\" height=\"800\" srcset=\"https:\/\/www.spacexvape.com\/wp-content\/uploads\/2025\/07\/Bang-King-25000-Blue-Razz-Ice.webp 800w, https:\/\/www.spacexvape.com\/wp-content\/uploads\/2025\/07\/Bang-King-25000-Blue-Razz-Ice-300x300.webp 300w, https:\/\/www.spacexvape.com\/wp-content\/uploads\/2025\/07\/Bang-King-25000-Blue-Razz-Ice-150x150.webp 150w, https:\/\/www.spacexvape.com\/wp-content\/uploads\/2025\/07\/Bang-King-25000-Blue-Razz-Ice-768x768.webp 768w, https:\/\/www.spacexvape.com\/wp-content\/uploads\/2025\/07\/Bang-King-25000-Blue-Razz-Ice-12x12.webp 12w, https:\/\/www.spacexvape.com\/wp-content\/uploads\/2025\/07\/Bang-King-25000-Blue-Razz-Ice-247x247.webp 247w, https:\/\/www.spacexvape.com\/wp-content\/uploads\/2025\/07\/Bang-King-25000-Blue-Razz-Ice-510x510.webp 510w, https:\/\/www.spacexvape.com\/wp-content\/uploads\/2025\/07\/Bang-King-25000-Blue-Razz-Ice-100x100.webp 100w\" sizes=\"(max-width: 800px) 100vw, 800px\" \/><figcaption id=\"caption-attachment-10104\" class=\"wp-caption-text\">Bang King 25000 Blue Razz Ice<\/figcaption><\/figure>","protected":false},"excerpt":{"rendered":"<p>Bang King 25000 \/ 0% &amp; 2% &amp; 3% &amp; 5% puissance \/ batterie rechargeable 650mAh \/ capacit\u00e9 46ml \/ 25 000 bouff\u00e9es \/ China Warehouse<\/p>","protected":false},"featured_media":10103,"comment_status":"open","ping_status":"closed","template":"","meta":[],"product_brand":[609],"product_cat":[15],"product_tag":[510,841,541],"class_list":{"0":"post-9761","1":"product","2":"type-product","3":"status-publish","4":"has-post-thumbnail","6":"product_brand-bang","7":"product_cat-disposable-vapes","8":"product_tag-25000-puffs","9":"product_tag-46ml","10":"product_tag-650mah","11":"product_shipping_class-china-warehouse-wholesale","12":"pa_battery-650mah","13":"pa_e-liquid-46ml","14":"pa_flavor-blue-razz-ice","15":"pa_flavor-cherry-bomb","16":"pa_flavor-grape-ice","17":"pa_flavor-juicy-peach-ice","18":"pa_flavor-peach-mango","19":"pa_flavor-sour-apple-ice","20":"pa_flavor-strawberry-banana","21":"pa_flavor-strawberry-mango","22":"pa_flavor-strawberry-watermelon","23":"pa_flavor-triple-berry-ice","24":"pa_flavor-tropical-fruit","25":"pa_flavor-watermelon-ice","26":"pa_nicotine-0-percent","27":"pa_nicotine-2-percent","28":"pa_nicotine-3-percent","29":"pa_nicotine-5-percent","30":"pa_puffs-25000-puffs","31":"pa_rechargeable-yes","32":"pa_selling-type-micro-wholesale","34":"first","35":"instock","36":"shipping-taxable","37":"purchasable","38":"product-type-variable"},"wcpa_form_fields":null,"_links":{"self":[{"href":"https:\/\/www.spacexvape.com\/fr\/wp-json\/wp\/v2\/product\/9761","targetHints":{"allow":["GET"]}}],"collection":[{"href":"https:\/\/www.spacexvape.com\/fr\/wp-json\/wp\/v2\/product"}],"about":[{"href":"https:\/\/www.spacexvape.com\/fr\/wp-json\/wp\/v2\/types\/product"}],"replies":[{"embeddable":true,"href":"https:\/\/www.spacexvape.com\/fr\/wp-json\/wp\/v2\/comments?post=9761"}],"wp:featuredmedia":[{"embeddable":true,"href":"https:\/\/www.spacexvape.com\/fr\/wp-json\/wp\/v2\/media\/10103"}],"wp:attachment":[{"href":"https:\/\/www.spacexvape.com\/fr\/wp-json\/wp\/v2\/media?parent=9761"}],"wp:term":[{"taxonomy":"product_brand","embeddable":true,"href":"https:\/\/www.spacexvape.com\/fr\/wp-json\/wp\/v2\/product_brand?post=9761"},{"taxonomy":"product_cat","embeddable":true,"href":"https:\/\/www.spacexvape.com\/fr\/wp-json\/wp\/v2\/product_cat?post=9761"},{"taxonomy":"product_tag","embeddable":true,"href":"https:\/\/www.spacexvape.com\/fr\/wp-json\/wp\/v2\/product_tag?post=9761"}],"curies":[{"name":"wp","href":"https:\/\/api.w.org\/{rel}","templated":true}]}}