{"id":1185,"date":"2025-02-05T06:11:29","date_gmt":"2025-02-05T06:11:29","guid":{"rendered":"https:\/\/www.spacexvape.com\/?post_type=product&#038;p=1185"},"modified":"2026-04-09T15:46:26","modified_gmt":"2026-04-09T07:46:26","slug":"jnr-alien-10000-puffs-disposable-vape","status":"publish","type":"product","link":"https:\/\/www.spacexvape.com\/hu\/termek\/jnr-alien-10000-puffs-eldobhato-vape","title":{"rendered":"JNR Alien 10000 Puffs Eldobhat\u00f3 Vape"},"content":{"rendered":"<p>A <a title=\"JNR\" href=\"https:\/\/www.spacexvape.com\/hu\/brand\/jnr\/\">JNR<\/a> Az Alien 10000 Puffs eldobhat\u00f3 Vape sima h\u00faz\u00e1st \u00e9s gazdag g\u0151zt biztos\u00edt egy 1,2\u03a9-os tekerccsel, amely egy 850mAh-s akkumul\u00e1torral m\u0171k\u00f6dtetett, leny\u0171g\u00f6z\u0151, k\u00f6r\u00fclbel\u00fcl 10.000 puff kapacit\u00e1ssal b\u00fcszk\u00e9lkedhet. El\u0151re felt\u00f6ltve 20ml E-folyad\u00e9kkal \u00e9rkezik, amely a friss\u00edt\u0151 j\u00e9gt\u0151l az \u00e9lvezetes gy\u00fcm\u00f6lcs\u00f6kig terjed\u0151 lehet\u0151s\u00e9geket k\u00edn\u00e1l. A C t\u00edpus\u00fa t\u00f6lt\u0151port k\u00e9nyelme gyors \u00e9s probl\u00e9mamentes \u00fajrat\u00f6lt\u00e9st biztos\u00edt.<\/p>\n<p data-start=\"1087\" data-end=\"1414\">Ez az eldobhat\u00f3 vape a k\u00e9nyelmet szem el\u0151tt tartva k\u00e9sz\u00fclt, el\u0151re felt\u00f6ltve, el\u0151re felt\u00f6ltve \u00e9s haszn\u00e1latra k\u00e9szen, \u00edgy ide\u00e1lis v\u00e1laszt\u00e1s mind a kezd\u0151, mind a tapasztalt vaperek sz\u00e1m\u00e1ra. Eleg\u00e1ns, ergonomikus kialak\u00edt\u00e1sa k\u00e9nyelmesen illeszkedik a kez\u00e9be, m\u00edg a rendelkez\u00e9sre \u00e1ll\u00f3 opci\u00f3k sokas\u00e1ga biztos\u00edtja, hogy minden \u00edzl\u00e9snek megfeleljen.<\/p>\n<p>A CE, ROHS \u00e9s FCC \u00e1ltal tan\u00fas\u00edtott JNR Alien 10000 Puffs Disposable a min\u0151s\u00e9g \u00e9s a biztons\u00e1g bizony\u00edt\u00e9ka. Ak\u00e1r \u00faj a p\u00e1rologtat\u00e1sban, ak\u00e1r tapasztalt profi, a 10000 Puffs eldobhat\u00f3 vape Pen a t\u00f6k\u00e9letes t\u00e1rsad egy p\u00e1ratlan p\u00e1rologtat\u00e1si utaz\u00e1shoz.<\/p>\n<h2>\u00a0JNR Ailen 10000 Puffs Eldobhat\u00f3 Vape specifik\u00e1ci\u00f3<\/h2>\n<ul>\n<li>Tekercs ellen\u00e1ll\u00e1s: 1.2\u03a9<\/li>\n<li>E-folyad\u00e9k: 20ml<\/li>\n<li>Akkumul\u00e1tor: 850mAh<\/li>\n<li>nikotin: 2% &amp; 5%<\/li>\n<li>M\u00e1rka \u00e9s modell: JNR Alien<\/li>\n<li>Puffs: 10,000 Puffs<\/li>\n<\/ul>\n<h2>Opci\u00f3k list\u00e1ja<\/h2>\n<ol>\n<li>\n<div data-slate-node=\"element\"><span data-slate-node=\"text\">K\u00e9k Razz cseresznye<\/span><\/div>\n<\/li>\n<li>\n<div data-slate-node=\"element\"><span data-slate-node=\"text\">\u00c1fonya Cseresznye \u00c1fonya<\/span><\/div>\n<\/li>\n<li>\n<div data-slate-node=\"element\"><span data-slate-node=\"text\">Eper j\u00e9g<\/span><\/div>\n<\/li>\n<li>\n<div data-slate-node=\"element\"><span data-slate-node=\"text\">Vegyes bogy\u00f3s gy\u00fcm\u00f6lcs<\/span><\/div>\n<\/li>\n<li>\n<div data-slate-node=\"element\"><span data-slate-node=\"text\">G\u00f6r\u00f6gdinnye j\u00e9g<\/span><\/div>\n<\/li>\n<li>\n<div data-slate-node=\"element\"><span data-slate-node=\"text\">Barack bogy\u00f3<\/span><\/div>\n<\/li>\n<li>\n<div data-slate-node=\"element\"><span data-slate-node=\"text\">Barack j\u00e9g<\/span><\/div>\n<\/li>\n<li>\n<div data-slate-node=\"element\"><span data-slate-node=\"text\">Barack Mang\u00f3 Anan\u00e1sz<\/span><\/div>\n<\/li>\n<li>\n<div data-slate-node=\"element\"><span data-slate-node=\"text\">K\u00e9k Razz cseresznye<\/span><\/div>\n<\/li>\n<li>\n<div data-slate-node=\"element\"><span data-slate-node=\"text\">\u00c1fonya j\u00e9gen<\/span><\/div>\n<\/li>\n<li>\n<div data-slate-node=\"element\"><span data-slate-node=\"text\">M\u00e1lna g\u00f6r\u00f6gdinnye<\/span><\/div>\n<\/li>\n<li>\n<div data-slate-node=\"element\"><span data-slate-node=\"text\">Eper ban\u00e1n<\/span><\/div>\n<\/li>\n<li>\n<div data-slate-node=\"element\"><span data-slate-node=\"text\">Dupla alma<\/span><\/div>\n<\/li>\n<li>\n<div data-slate-node=\"element\"><span data-slate-node=\"text\">Cherry Berry<\/span><\/div>\n<\/li>\n<li>\n<div data-slate-node=\"element\"><span data-slate-node=\"text\">Eper g\u00f6r\u00f6gdinnye j\u00e9g<\/span><\/div>\n<\/li>\n<li>\n<div data-slate-node=\"element\"><span data-slate-node=\"text\">Eper Pina Colada<\/span><\/div>\n<\/li>\n<li>\n<div data-slate-node=\"element\"><span data-slate-node=\"text\">Eper cukorka j\u00e9g<\/span><\/div>\n<\/li>\n<li>\n<div data-slate-node=\"element\"><span data-slate-node=\"text\">G\u00f6r\u00f6gdinnye r\u00e1g\u00f3gumi<\/span><\/div>\n<\/li>\n<li>\n<div data-slate-node=\"element\"><span data-slate-node=\"text\">\u00c1fonya r\u00e1g\u00f3gumi<\/span><\/div>\n<\/li>\n<li>\n<div data-slate-node=\"element\"><span data-slate-node=\"text\">Gumimaci<\/span><\/div>\n<\/li>\n<li>\n<div data-slate-node=\"element\"><span data-slate-node=\"text\">\u00c1fonya savany\u00fa m\u00e1lna<\/span><\/div>\n<\/li>\n<\/ol>\n<h2>Csomagol\u00e1si lista<\/h2>\n<p>1 * JNR Alien 10,000 Puffs eldobhat\u00f3 vapes<\/p>\n<p>&nbsp;<\/p>\n<figure id=\"attachment_1251\" aria-describedby=\"caption-attachment-1251\" style=\"width: 800px\" class=\"wp-caption alignnone\"><img decoding=\"async\" class=\"size-full wp-image-1251\" title=\"JNR Alien 10000 Sour Apple\" src=\"https:\/\/www.spacexvape.com\/wp-content\/uploads\/2025\/01\/JNR-Alien-10000-Sour-Apple.webp\" alt=\"JNR Alien 10000 Sour Apple\" width=\"800\" height=\"800\" srcset=\"https:\/\/www.spacexvape.com\/wp-content\/uploads\/2025\/01\/JNR-Alien-10000-Sour-Apple.webp 800w, https:\/\/www.spacexvape.com\/wp-content\/uploads\/2025\/01\/JNR-Alien-10000-Sour-Apple-247x247.webp 247w, https:\/\/www.spacexvape.com\/wp-content\/uploads\/2025\/01\/JNR-Alien-10000-Sour-Apple-100x100.webp 100w, https:\/\/www.spacexvape.com\/wp-content\/uploads\/2025\/01\/JNR-Alien-10000-Sour-Apple-510x510.webp 510w, https:\/\/www.spacexvape.com\/wp-content\/uploads\/2025\/01\/JNR-Alien-10000-Sour-Apple-300x300.webp 300w, https:\/\/www.spacexvape.com\/wp-content\/uploads\/2025\/01\/JNR-Alien-10000-Sour-Apple-150x150.webp 150w, https:\/\/www.spacexvape.com\/wp-content\/uploads\/2025\/01\/JNR-Alien-10000-Sour-Apple-768x768.webp 768w, https:\/\/www.spacexvape.com\/wp-content\/uploads\/2025\/01\/JNR-Alien-10000-Sour-Apple-96x96.webp 96w\" sizes=\"(max-width: 800px) 100vw, 800px\" \/><figcaption id=\"caption-attachment-1251\" class=\"wp-caption-text\">JNR Alien 10000 Sour Apple<\/figcaption><\/figure>\n<p>&nbsp;<\/p>\n<p>&nbsp;<\/p>","protected":false},"excerpt":{"rendered":"<p>JNR Alien 10000 \/ 2% &amp; 5% nikotin \/ 850 mAh \u00fajrat\u00f6lthet\u0151 akkumul\u00e1tor \/ 20ml E-liquid \/ 10000 Puffs \/ European Warehouse<\/p>","protected":false},"featured_media":1241,"comment_status":"open","ping_status":"closed","template":"","meta":[],"product_brand":[535],"product_cat":[15],"product_tag":[503,556,549],"class_list":{"0":"post-1185","1":"product","2":"type-product","3":"status-publish","4":"has-post-thumbnail","6":"product_brand-jnr","7":"product_cat-disposable-vapes","8":"product_tag-10000-puffs","9":"product_tag-20ml","10":"product_tag-850mah","11":"product_shipping_class-china-warehouse-wholesale","12":"pa_battery-850mah","13":"pa_e-liquid-20ml","14":"pa_nicotine-2-percent","15":"pa_puffs-10000-puffs","16":"pa_rechargeable-yes","18":"first","19":"instock","20":"shipping-taxable","21":"purchasable","22":"product-type-variable"},"wcpa_form_fields":null,"_links":{"self":[{"href":"https:\/\/www.spacexvape.com\/hu\/wp-json\/wp\/v2\/product\/1185","targetHints":{"allow":["GET"]}}],"collection":[{"href":"https:\/\/www.spacexvape.com\/hu\/wp-json\/wp\/v2\/product"}],"about":[{"href":"https:\/\/www.spacexvape.com\/hu\/wp-json\/wp\/v2\/types\/product"}],"replies":[{"embeddable":true,"href":"https:\/\/www.spacexvape.com\/hu\/wp-json\/wp\/v2\/comments?post=1185"}],"wp:featuredmedia":[{"embeddable":true,"href":"https:\/\/www.spacexvape.com\/hu\/wp-json\/wp\/v2\/media\/1241"}],"wp:attachment":[{"href":"https:\/\/www.spacexvape.com\/hu\/wp-json\/wp\/v2\/media?parent=1185"}],"wp:term":[{"taxonomy":"product_brand","embeddable":true,"href":"https:\/\/www.spacexvape.com\/hu\/wp-json\/wp\/v2\/product_brand?post=1185"},{"taxonomy":"product_cat","embeddable":true,"href":"https:\/\/www.spacexvape.com\/hu\/wp-json\/wp\/v2\/product_cat?post=1185"},{"taxonomy":"product_tag","embeddable":true,"href":"https:\/\/www.spacexvape.com\/hu\/wp-json\/wp\/v2\/product_tag?post=1185"}],"curies":[{"name":"wp","href":"https:\/\/api.w.org\/{rel}","templated":true}]}}