{"id":1612,"date":"2025-02-20T12:13:19","date_gmt":"2025-02-20T12:13:19","guid":{"rendered":"https:\/\/www.spacexvape.com\/?post_type=product&#038;p=1612"},"modified":"2026-03-18T09:46:14","modified_gmt":"2026-03-18T01:46:14","slug":"fumot-digital-box-12000-puffs-disposable-vape","status":"publish","type":"product","link":"https:\/\/www.spacexvape.com\/hu\/termek\/fumot-digitalis-doboz-12000-puffs-eldobhato-vape","title":{"rendered":"Fumot digit\u00e1lis doboz 12000 Puffs eldobhat\u00f3 Vape"},"content":{"rendered":"<p>A <a title=\"Fumot\" href=\"https:\/\/www.spacexvape.com\/hu\/brand\/fumot\/\">Fumot<\/a> A Digital Box 12000 Puffs eldobhat\u00f3 vape egy nagy teljes\u00edtm\u00e9ny\u0171 eldobhat\u00f3 vape, amelyet a hossz\u00fa \u00e9lettartamot \u00e9s k\u00e9nyelmet keres\u0151 felhaszn\u00e1l\u00f3k sz\u00e1m\u00e1ra terveztek. Az egyedi \u00e9s st\u00edlusos majom diz\u00e1jnnal ez a k\u00e9sz\u00fcl\u00e9k mind megjelen\u00e9s\u00e9ben, mind funkcionalit\u00e1s\u00e1ban kiemelkedik. A be\u00e9p\u00edtett LED-k\u00e9perny\u0151 kijelzi az akkumul\u00e1tor \u00e9lettartam\u00e1t, \u00edgy mindig t\u00e1j\u00e9kozott lehet, \u00e9s soha nem \u00e9rheti meglepet\u00e9s.<\/p>\n<p>A Fumot Digital Box 12000 leny\u0171g\u00f6z\u0151 12000 puffot k\u00edn\u00e1l, ez a k\u00e9sz\u00fcl\u00e9k t\u00f6k\u00e9letes a hosszabb vaping \u00fcl\u00e9sekhez gyakori cser\u00e9k n\u00e9lk\u00fcl. A 20 ml-es E-folyad\u00e9k kapacit\u00e1s sima, egyenletes opci\u00f3kat biztos\u00edt az elej\u00e9t\u0151l a v\u00e9g\u00e9ig, \u00edgy ide\u00e1lis v\u00e1laszt\u00e1s a vape rajong\u00f3k sz\u00e1m\u00e1ra.<\/p>\n<p>A Fumot Digital Box 12000 t\u00f6k\u00e9letes a hosszabb, kiv\u00e1l\u00f3 min\u0151s\u00e9g\u0171 \u00e9lm\u00e9nyt keres\u0151 vaperek sz\u00e1m\u00e1ra, az 500mAh \u00fajrat\u00f6lthet\u0151 akkumul\u00e1tor \u00e9s az USB Type-C t\u00f6lt\u00e9s fokozott k\u00e9nyelmet \u00e9s teljes\u00edtm\u00e9nyt ny\u00fajt.<\/p>\n<h2>Fumot Digital Box 12000 Puffs Eldobhat\u00f3 Vape specifik\u00e1ci\u00f3<\/h2>\n<ul>\n<li>M\u00e1rka \u00e9s modell: Fumot Digital Box<\/li>\n<li>Puffs t\u00e1mogat\u00e1s: 12,000<\/li>\n<li>E-folyad\u00e9k: 20ML<\/li>\n<li>H\u00e1rom h\u00e1l\u00f3s tekercs: 0.8\u03a9<\/li>\n<li>500mAh \u00fajrat\u00f6lthet\u0151<\/li>\n<li>Nikotin: 2% \u00e9s 5%<\/li>\n<li>USB Type-C (k\u00e1bel nem tartoz\u00e9k)<\/li>\n<\/ul>\n<h2>Opci\u00f3k list\u00e1ja<\/h2>\n<ol>\n<li>Cool Mint<\/li>\n<li>G\u00f6r\u00f6gdinnye j\u00e9g<\/li>\n<li>\u00c1fonya m\u00e1lna<\/li>\n<li>Eper g\u00f6r\u00f6gdinnye<\/li>\n<li>Eper ban\u00e1n<\/li>\n<li>buja j\u00e9g<\/li>\n<li>Cherry<\/li>\n<li>Eper j\u00e9g<\/li>\n<li>Ice Pop<\/li>\n<li>R\u00f3zsasz\u00edn limon\u00e1d\u00e9<\/li>\n<li>Mang\u00f3 j\u00e9gen<\/li>\n<li>Vegyes bogy\u00f3s gy\u00fcm\u00f6lcs\u00f6k<\/li>\n<li>Eper sz\u0151l\u0151<\/li>\n<li>Cherry Cola<\/li>\n<li>Dr. Blue<\/li>\n<li>\u00c1fonya j\u00e9gen<\/li>\n<li>Kiwi Golgotavir\u00e1g Guava<\/li>\n<li>Eper Kiwi<\/li>\n<li>Barack mang\u00f3<\/li>\n<li>Barack j\u00e9g<\/li>\n<li>\u00c1fonya r\u00e1g\u00f3gumi<\/li>\n<li>Berry limon\u00e1d\u00e9<\/li>\n<li>Blue Razz limon\u00e1d\u00e9<\/li>\n<li>Bluesour m\u00e1lna<\/li>\n<li>Epres Red Bull<\/li>\n<li>G\u00f6r\u00f6gdinnye r\u00e1g\u00f3gumi<\/li>\n<li>M\u00e1lna g\u00f6r\u00f6gdinnye<\/li>\n<li>Fekete j\u00e9g<\/li>\n<li>\u00c1fonya Cseresznye \u00c1fonya<\/li>\n<li>Strawberry Pomp (gr\u00e1n\u00e1talma)<\/li>\n<li>Vimto<\/li>\n<li>Cherry Berry<\/li>\n<li>Citrom \u00e9s lime<\/li>\n<li>Bingo Crush<\/li>\n<li>\u00c1fonya Kiwi<\/li>\n<li>Ban\u00e1n j\u00e9g<\/li>\n<li>S\u00e1rk\u00e1nygy\u00fcm\u00f6lcs j\u00e9g<\/li>\n<li>Gy\u00fcm\u00f6lcs\u00f6s f\u00fazi\u00f3<\/li>\n<li>Szerelem 66<\/li>\n<li>Anan\u00e1sz j\u00e9g<\/li>\n<li>K\u00e9t alma<\/li>\n<\/ol>\n<h2>Csomagol\u00e1si lista<\/h2>\n<p>1 * Digit\u00e1lis doboz 12,000 Puffs Eldobhat\u00f3 Vape<\/p>\n<figure id=\"attachment_4420\" aria-describedby=\"caption-attachment-4420\" style=\"width: 800px\" class=\"wp-caption alignnone\"><img decoding=\"async\" class=\"size-full wp-image-4420\" title=\"Fumot digit\u00e1lis doboz 12000 Lush Ice\" src=\"https:\/\/www.spacexvape.com\/wp-content\/uploads\/2025\/04\/Fumot-Digital-Box-12000-Lush-Ice.webp\" alt=\"Fumot digit\u00e1lis doboz 12000 Lush Ice\" width=\"800\" height=\"800\" srcset=\"https:\/\/www.spacexvape.com\/wp-content\/uploads\/2025\/04\/Fumot-Digital-Box-12000-Lush-Ice.webp 800w, https:\/\/www.spacexvape.com\/wp-content\/uploads\/2025\/04\/Fumot-Digital-Box-12000-Lush-Ice-247x247.webp 247w, https:\/\/www.spacexvape.com\/wp-content\/uploads\/2025\/04\/Fumot-Digital-Box-12000-Lush-Ice-100x100.webp 100w, https:\/\/www.spacexvape.com\/wp-content\/uploads\/2025\/04\/Fumot-Digital-Box-12000-Lush-Ice-510x510.webp 510w, https:\/\/www.spacexvape.com\/wp-content\/uploads\/2025\/04\/Fumot-Digital-Box-12000-Lush-Ice-300x300.webp 300w, https:\/\/www.spacexvape.com\/wp-content\/uploads\/2025\/04\/Fumot-Digital-Box-12000-Lush-Ice-150x150.webp 150w, https:\/\/www.spacexvape.com\/wp-content\/uploads\/2025\/04\/Fumot-Digital-Box-12000-Lush-Ice-768x768.webp 768w, https:\/\/www.spacexvape.com\/wp-content\/uploads\/2025\/04\/Fumot-Digital-Box-12000-Lush-Ice-12x12.webp 12w, https:\/\/www.spacexvape.com\/wp-content\/uploads\/2025\/04\/Fumot-Digital-Box-12000-Lush-Ice-96x96.webp 96w\" sizes=\"(max-width: 800px) 100vw, 800px\" \/><figcaption id=\"caption-attachment-4420\" class=\"wp-caption-text\">Fumot digit\u00e1lis doboz 12000 Lush Ice<\/figcaption><\/figure>","protected":false},"excerpt":{"rendered":"<p>Fumot Digital Box 12000\/ 2% nikotin\/ 500mAh \u00fajrat\u00f6lthet\u0151 akkumul\u00e1tor\/ 20ml ejuice\/ 12,000 Puffs<\/p>","protected":false},"featured_media":4429,"comment_status":"open","ping_status":"closed","template":"","meta":[],"product_brand":[538],"product_cat":[15],"product_tag":[504,556,561],"class_list":{"0":"post-1612","1":"product","2":"type-product","3":"status-publish","4":"has-post-thumbnail","6":"product_brand-fumot","7":"product_cat-disposable-vapes","8":"product_tag-12000-puffs","9":"product_tag-20ml","10":"product_tag-500mah","11":"product_shipping_class-europe-warehouse-retail","12":"pa_battery-500mah","13":"pa_e-liquid-20ml","14":"pa_nicotine-2-percent","15":"pa_puffs-12000-puffs","16":"pa_rechargeable-yes","17":"pa_selling-type-retail","19":"first","20":"instock","21":"featured","22":"shipping-taxable","23":"purchasable","24":"product-type-variable"},"wcpa_form_fields":null,"_links":{"self":[{"href":"https:\/\/www.spacexvape.com\/hu\/wp-json\/wp\/v2\/product\/1612","targetHints":{"allow":["GET"]}}],"collection":[{"href":"https:\/\/www.spacexvape.com\/hu\/wp-json\/wp\/v2\/product"}],"about":[{"href":"https:\/\/www.spacexvape.com\/hu\/wp-json\/wp\/v2\/types\/product"}],"replies":[{"embeddable":true,"href":"https:\/\/www.spacexvape.com\/hu\/wp-json\/wp\/v2\/comments?post=1612"}],"wp:featuredmedia":[{"embeddable":true,"href":"https:\/\/www.spacexvape.com\/hu\/wp-json\/wp\/v2\/media\/4429"}],"wp:attachment":[{"href":"https:\/\/www.spacexvape.com\/hu\/wp-json\/wp\/v2\/media?parent=1612"}],"wp:term":[{"taxonomy":"product_brand","embeddable":true,"href":"https:\/\/www.spacexvape.com\/hu\/wp-json\/wp\/v2\/product_brand?post=1612"},{"taxonomy":"product_cat","embeddable":true,"href":"https:\/\/www.spacexvape.com\/hu\/wp-json\/wp\/v2\/product_cat?post=1612"},{"taxonomy":"product_tag","embeddable":true,"href":"https:\/\/www.spacexvape.com\/hu\/wp-json\/wp\/v2\/product_tag?post=1612"}],"curies":[{"name":"wp","href":"https:\/\/api.w.org\/{rel}","templated":true}]}}