{"id":1915,"date":"2025-02-24T09:57:19","date_gmt":"2025-02-24T09:57:19","guid":{"rendered":"https:\/\/www.spacexvape.com\/?post_type=product&#038;p=1915"},"modified":"2026-04-01T11:46:49","modified_gmt":"2026-04-01T03:46:49","slug":"fumot-tornado-30k-music-disposable-vape","status":"publish","type":"product","link":"https:\/\/www.spacexvape.com\/hu\/termek\/fumot-tornado-30k-zene-eldobhato-vape","title":{"rendered":"Fumot Tornado 30K zenei eldobhat\u00f3 Vape"},"content":{"rendered":"<p>A <a title=\"Fumot\" href=\"https:\/\/www.spacexvape.com\/hu\/brand\/fumot\/\">Fumot<\/a> A Tornado 30K Music azok sz\u00e1m\u00e1ra k\u00e9sz\u00fclt, akik ig\u00e9nylik a kiv\u00e1l\u00f3 g\u0151z\u00f6l\u00e9si \u00e9lm\u00e9nyt. A leny\u0171g\u00f6z\u0151 30K puffol\u00e1ssal \u00e9s 30ml el\u0151re t\u00f6lt\u00f6tt E-folyad\u00e9kkal hossz\u00fa t\u00e1v\u00fa el\u00e9gedetts\u00e9get k\u00edn\u00e1l minim\u00e1lis \u00fajrat\u00f6lt\u00e9ssel. Ak\u00e1r a 2%, ak\u00e1r az 5% nikotint r\u00e9szes\u00edti el\u0151nyben, ez az eldobhat\u00f3 vape az \u00d6n egy\u00e9ni ig\u00e9nyeit szolg\u00e1lja ki, biztos\u00edtva, hogy minden egyes \u00fcl\u00e9s egyenletes, sima g\u0151zzel szolg\u00e1ljon. Az innovat\u00edv h\u00e1l\u00f3s tekercs technol\u00f3gia (1,0\u03a9) garant\u00e1lja az optim\u00e1lis teljes\u00edtm\u00e9nyt, minden alkalommal gazdag \u00e9s opcion\u00e1lis g\u0151zt biztos\u00edtva.<\/p>\n<p>A Fumot Tornado 30K Music a k\u00e9nyelmet szem el\u0151tt tartva 600mAh-s \u00fajrat\u00f6lthet\u0151 akkumul\u00e1torral rendelkezik, amely megb\u00edzhat\u00f3s\u00e1got k\u00edn\u00e1l a hosszabb vaping \u00fcl\u00e9sekhez. A Type-C gyorst\u00f6lt\u00e9s biztos\u00edtja, hogy gyorsan felt\u00f6lthesse k\u00e9sz\u00fcl\u00e9k\u00e9t, minimaliz\u00e1lva az \u00e1ll\u00e1sid\u0151t \u00e9s lehet\u0151v\u00e9 t\u00e9ve a megszak\u00edt\u00e1s n\u00e9lk\u00fcli \u00e9lvezetet. R\u00e1ad\u00e1sul ez az eldobhat\u00f3 vape 30 izgalmas opci\u00f3 k\u00f6z\u00fcl v\u00e1laszthat, \u00edgy minden v\u00e1laszt\u00e1si preferenci\u00e1nak megfelel, \u00edgy t\u00f6k\u00e9letes v\u00e1laszt\u00e1s azok sz\u00e1m\u00e1ra, akik v\u00e1ltozatoss\u00e1ggal \u00e9s st\u00edlussal szeretn\u00e9k fokozni a vaping \u00e9lm\u00e9nyt.<\/p>\n<p>Nem csak egy vape, hanem egy \u00e9lm\u00e9ny. A Fumot Tornado 30K Music LED f\u00e9nyekkel van felszerelve, amelyek a zene \u00fctem\u00e9re szinkroniz\u00e1l\u00f3dnak, \u00edgy vizu\u00e1lisan leny\u0171g\u00f6z\u0151 \u00e9s mag\u00e1val ragad\u00f3 g\u0151z\u00f6l\u00e9si utaz\u00e1st k\u00edn\u00e1l. Ak\u00e1r pihensz, ak\u00e1r a bar\u00e1taiddal vagy sz\u00f3rakozol, a vibr\u00e1l\u00f3 f\u00e9nyek sz\u00f3rakoztat\u00f3 \u00e9s dinamikus l\u00e9gk\u00f6rt teremtenek, \u00e9s az \u00e9lm\u00e9nyt az \u00edzl\u00e9sen t\u00fal is felemelik. Ez az eldobhat\u00f3 vape egyes\u00edti a teljes\u00edtm\u00e9nyt, az innov\u00e1ci\u00f3t \u00e9s az eszt\u00e9tik\u00e1t, \u00edgy ide\u00e1lis v\u00e1laszt\u00e1s azoknak, akik egyszerre keresik a st\u00edlust \u00e9s a tartalmat.<\/p>\n<h2>Fumot Tornado 30K Music Eldobhat\u00f3 Vape specifik\u00e1ci\u00f3<\/h2>\n<ul>\n<li>M\u00e1rka \u00e9s modell: Fumot Tornado 30K<\/li>\n<li>Puffs t\u00e1mogat\u00e1s: T\u00e1mogat\u00e1s: 30K-ig<\/li>\n<li>E-folyad\u00e9k: 30ML<\/li>\n<li>Tekercs ellen\u00e1ll\u00e1s: 1.0\u03a9<\/li>\n<li>Zen\u00e9vel szinkroniz\u00e1lt LED f\u00e9nyek<\/li>\n<li>Nikotin opci\u00f3k:2% &amp; 5%<\/li>\n<\/ul>\n<h2>Opci\u00f3k list\u00e1ja<\/h2>\n<ol>\n<li>Ban\u00e1n j\u00e9g<\/li>\n<li>Fekete j\u00e9g<\/li>\n<li>K\u00e9k Razz j\u00e9g<\/li>\n<li>\u00c1fonya savany\u00fa m\u00e1lna<\/li>\n<li>Cherry Ice<\/li>\n<li>Cherry Cola<\/li>\n<li>Cola Ice<\/li>\n<li>Cool Mint<\/li>\n<li>\u00c1fonya m\u00e1lna<\/li>\n<li>Dupla alma<\/li>\n<li>Dr. Blue<\/li>\n<li>Sz\u0151l\u0151 j\u00e9g<\/li>\n<li>\u00c1fonya j\u00e9gen<\/li>\n<li>Ice Pop<\/li>\n<li>Kiwi Golgotavir\u00e1g Guava<\/li>\n<li>Szerelem 66<\/li>\n<li>buja j\u00e9g<\/li>\n<li>Vegyes bogy\u00f3s gy\u00fcm\u00f6lcs\u00f6k<\/li>\n<li>Barack bogy\u00f3<\/li>\n<li>Barack j\u00e9g<\/li>\n<li>Eper j\u00e9g<\/li>\n<li>Barackos mang\u00f3 anan\u00e1sz<\/li>\n<li>Anan\u00e1sz j\u00e9g<\/li>\n<li>R\u00f3zsasz\u00edn limon\u00e1d\u00e9<\/li>\n<li>Skittles<\/li>\n<li>Eper ban\u00e1n<\/li>\n<li>Eper g\u00f6r\u00f6gdinnye<\/li>\n<li>Tripla mang\u00f3<\/li>\n<li>Vimto<\/li>\n<li>Eper sz\u0151l\u0151<\/li>\n<\/ol>\n<h2>Csomagol\u00e1si lista<\/h2>\n<p>1 * Fumot Tornado 30K zenei eldobhat\u00f3 vape<\/p>\n<figure id=\"attachment_4412\" aria-describedby=\"caption-attachment-4412\" style=\"width: 800px\" class=\"wp-caption alignnone\"><img decoding=\"async\" class=\"size-full wp-image-4412\" title=\"Fumot Tornado 30K Zene Triple Mango\" src=\"https:\/\/www.spacexvape.com\/wp-content\/uploads\/2025\/04\/Fumot-Tornado-30K-Music-Triple-Mango.webp\" alt=\"Fumot Tornado 30K Zene Triple Mango\" width=\"800\" height=\"800\" srcset=\"https:\/\/www.spacexvape.com\/wp-content\/uploads\/2025\/04\/Fumot-Tornado-30K-Music-Triple-Mango.webp 800w, https:\/\/www.spacexvape.com\/wp-content\/uploads\/2025\/04\/Fumot-Tornado-30K-Music-Triple-Mango-247x247.webp 247w, https:\/\/www.spacexvape.com\/wp-content\/uploads\/2025\/04\/Fumot-Tornado-30K-Music-Triple-Mango-100x100.webp 100w, https:\/\/www.spacexvape.com\/wp-content\/uploads\/2025\/04\/Fumot-Tornado-30K-Music-Triple-Mango-510x510.webp 510w, https:\/\/www.spacexvape.com\/wp-content\/uploads\/2025\/04\/Fumot-Tornado-30K-Music-Triple-Mango-300x300.webp 300w, https:\/\/www.spacexvape.com\/wp-content\/uploads\/2025\/04\/Fumot-Tornado-30K-Music-Triple-Mango-150x150.webp 150w, https:\/\/www.spacexvape.com\/wp-content\/uploads\/2025\/04\/Fumot-Tornado-30K-Music-Triple-Mango-768x768.webp 768w, https:\/\/www.spacexvape.com\/wp-content\/uploads\/2025\/04\/Fumot-Tornado-30K-Music-Triple-Mango-12x12.webp 12w, https:\/\/www.spacexvape.com\/wp-content\/uploads\/2025\/04\/Fumot-Tornado-30K-Music-Triple-Mango-96x96.webp 96w\" sizes=\"(max-width: 800px) 100vw, 800px\" \/><figcaption id=\"caption-attachment-4412\" class=\"wp-caption-text\">Fumot Tornado 30K Zene Triple Mango<\/figcaption><\/figure>","protected":false},"excerpt":{"rendered":"<p>Fumot Tornado 30K Music\/ 2% nikotin\/ 600mAh \u00fajrat\u00f6lthet\u0151 akkumul\u00e1tor\/ 30ml E-liquid\/ 30,000 Puffs<\/p>","protected":false},"featured_media":4413,"comment_status":"open","ping_status":"closed","template":"","meta":[],"product_brand":[538],"product_cat":[15],"product_tag":[512,564,560],"class_list":{"0":"post-1915","1":"product","2":"type-product","3":"status-publish","4":"has-post-thumbnail","6":"product_brand-fumot","7":"product_cat-disposable-vapes","8":"product_tag-30000-puffs","9":"product_tag-30ml","10":"product_tag-600mah","11":"product_shipping_class-europe-warehouse-retail","12":"pa_battery-600mah","13":"pa_e-liquid-30ml","14":"pa_puffs-30000-puffs","15":"pa_rechargeable-yes","16":"pa_selling-type-retail","18":"first","19":"instock","20":"shipping-taxable","21":"purchasable","22":"product-type-variable"},"wcpa_form_fields":null,"_links":{"self":[{"href":"https:\/\/www.spacexvape.com\/hu\/wp-json\/wp\/v2\/product\/1915","targetHints":{"allow":["GET"]}}],"collection":[{"href":"https:\/\/www.spacexvape.com\/hu\/wp-json\/wp\/v2\/product"}],"about":[{"href":"https:\/\/www.spacexvape.com\/hu\/wp-json\/wp\/v2\/types\/product"}],"replies":[{"embeddable":true,"href":"https:\/\/www.spacexvape.com\/hu\/wp-json\/wp\/v2\/comments?post=1915"}],"wp:featuredmedia":[{"embeddable":true,"href":"https:\/\/www.spacexvape.com\/hu\/wp-json\/wp\/v2\/media\/4413"}],"wp:attachment":[{"href":"https:\/\/www.spacexvape.com\/hu\/wp-json\/wp\/v2\/media?parent=1915"}],"wp:term":[{"taxonomy":"product_brand","embeddable":true,"href":"https:\/\/www.spacexvape.com\/hu\/wp-json\/wp\/v2\/product_brand?post=1915"},{"taxonomy":"product_cat","embeddable":true,"href":"https:\/\/www.spacexvape.com\/hu\/wp-json\/wp\/v2\/product_cat?post=1915"},{"taxonomy":"product_tag","embeddable":true,"href":"https:\/\/www.spacexvape.com\/hu\/wp-json\/wp\/v2\/product_tag?post=1915"}],"curies":[{"name":"wp","href":"https:\/\/api.w.org\/{rel}","templated":true}]}}