{"id":2032,"date":"2025-02-26T02:17:36","date_gmt":"2025-02-26T02:17:36","guid":{"rendered":"https:\/\/www.spacexvape.com\/?post_type=product&#038;p=2032"},"modified":"2026-04-08T11:46:14","modified_gmt":"2026-04-08T03:46:14","slug":"jnr-falcon-x-18000-puffs-disposable-vape","status":"publish","type":"product","link":"https:\/\/www.spacexvape.com\/hu\/termek\/jnr-falcon-x-18000-puffs-eldobhato-vape","title":{"rendered":"JNR Falcon X 18000 Puffs Eldobhat\u00f3 Vape"},"content":{"rendered":"<p>A <a title=\"JNR\" href=\"https:\/\/www.spacexvape.com\/hu\/brand\/jnr\/\">JNR<\/a> A Falcon X 18000 \u00fajradefini\u00e1lja az eldobhat\u00f3 p\u00e1rologtat\u00e1st, ak\u00e1r 18.000 slukkot k\u00edn\u00e1l a hosszan tart\u00f3 \u00e9s kiel\u00e9g\u00edt\u0151 \u00e9lm\u00e9ny\u00e9rt. A 950mAh-s \u00fajrat\u00f6lthet\u0151 akkumul\u00e1torral \u00e9s Type-C gyorst\u00f6lt\u00e9ssel biztos\u00edtja a megszak\u00edt\u00e1s n\u00e9lk\u00fcli haszn\u00e1latot \u00e9s a gyors felt\u00f6lt\u00e9st, amikor csak sz\u00fcks\u00e9ges. A k\u00e9nyelem \u00e9s a teljes\u00edtm\u00e9ny \u00e9rdek\u00e9ben tervezt\u00e9k, \u00edgy t\u00f6k\u00e9letes v\u00e1laszt\u00e1s a pr\u00e9mium \u00e9lm\u00e9nyt keres\u0151 vapereknek, akik kompromisszumot nem k\u00f6tnek a min\u0151s\u00e9g ter\u00e9n. Mind\u00f6ssze 30 m\u00e1sodpercre van sz\u00fcks\u00e9g.<\/p>\n<p>A Falcon X 18000 kett\u0151s h\u00e1l\u00f3s tekercs \u00e9s kett\u0151s magrendszerrel rendelkezik, \u00edgy a Falcon X 18000 k\u00f6vetkezetes, gazdag opci\u00f3kat biztos\u00edt minden egyes sz\u00edv\u00e1sn\u00e1l. Az \u00e1ll\u00edthat\u00f3 l\u00e9g\u00e1raml\u00e1si funkci\u00f3 lehet\u0151v\u00e9 teszi, hogy testre szabja a p\u00e1rologtat\u00e1si \u00e9lm\u00e9nyt, ak\u00e1r a sima, l\u00e1gy h\u00faz\u00e1sokat, ak\u00e1r az intenz\u00edvebb tal\u00e1latokat kedveli. Digit\u00e1lis kijelz\u0151je folyamatosan t\u00e1j\u00e9koztatja \u00d6nt, megmutatja az akkumul\u00e1tor \u00e9lettartam\u00e1t \u00e9s az E-folyad\u00e9k szintj\u00e9t, \u00edgy mindig k\u00e9zben tarthatja k\u00e9sz\u00fcl\u00e9k\u00e9t.<\/p>\n<p>Eleg\u00e1ns, ergonomikus kialak\u00edt\u00e1s\u00e1val \u00e9s fejlett funkci\u00f3ival a JNR Falcon X 18000 azok sz\u00e1m\u00e1ra k\u00e9sz\u00fclt, akiknek fontos a st\u00edlus \u00e9s a funkcionalit\u00e1s. A tart\u00f3s fel\u00e9p\u00edt\u00e9s\u00e9t\u0151l kezdve a hossz\u00fa \u00e9lettartam\u00fa teljes\u00edtm\u00e9ny\u00e9ig ez az eldobhat\u00f3 vape ide\u00e1lis mindazok sz\u00e1m\u00e1ra, akik megb\u00edzhat\u00f3 \u00e9s probl\u00e9mamentes vaping megold\u00e1st keresnek modern innov\u00e1ci\u00f3kkal.<\/p>\n<h2>JNR Falcon X 18000 Puffs Eldobhat\u00f3 Vape specifik\u00e1ci\u00f3<\/h2>\n<ul>\n<li>M\u00e1rka \u00e9s modell: JNR Falcon X<\/li>\n<li>Puffs t\u00e1mogat\u00e1s: 18,000-ig<\/li>\n<li>E-folyad\u00e9k: 24ml<\/li>\n<li>Tekercs t\u00edpusa: Mesh tekercs: Dual Mesh Coil<\/li>\n<li>Tekercs ellen\u00e1ll\u00e1s: 0.6\u03a9<\/li>\n<li>Krist\u00e1ly k\u00e9zm\u0171ves design<\/li>\n<li>Kett\u0151s h\u00e1l\u00f3s tekercs \u00e9s kett\u0151s mag<\/li>\n<\/ul>\n<h2>Opci\u00f3k list\u00e1ja<\/h2>\n<ol>\n<li>\u00c1fonya m\u00e1lna<\/li>\n<li>Kiwi g\u00f6r\u00f6gdinnye j\u00e9g<\/li>\n<li>Sz\u0151l\u0151 j\u00e9g<\/li>\n<li>Eper Kiwi<\/li>\n<li>Eper g\u00f6r\u00f6gdinnye j\u00e9g<\/li>\n<li>G\u00f6r\u00f6gdinnye j\u00e9g<\/li>\n<li>Eper j\u00e9g<\/li>\n<li>Vegyes bogy\u00f3s gy\u00fcm\u00f6lcs\u00f6k<\/li>\n<li>Barack j\u00e9g<\/li>\n<li>Cherry Berry<\/li>\n<li>Eper ban\u00e1n<\/li>\n<li>Citrom Lime<\/li>\n<li>Feh\u00e9r barack Razz<\/li>\n<li>K\u00e9k Razz j\u00e9g<\/li>\n<li>Cool Mint<\/li>\n<li>G\u00f6r\u00f6gdinnye r\u00e1g\u00f3gumi<\/li>\n<li>Savany\u00fa alma j\u00e9g<\/li>\n<li>Gumimaci<\/li>\n<li>Berry Burs<\/li>\n<li>\u00c1fonya M\u00e1lna Cseresznye<\/li>\n<li>\u00c1fonya Kiwi<\/li>\n<li>Golgotavir\u00e1g Kiwi<\/li>\n<li>K\u00e9k Razz cseresznye<\/li>\n<li>Cherry g\u00f6r\u00f6gdinnye fagyaszt\u00e1s<\/li>\n<li>Ban\u00e1n j\u00e9g<\/li>\n<li>Skittles<\/li>\n<li>Tripla dinnye<\/li>\n<li>G\u00f6r\u00f6gdinnye licsi<\/li>\n<li>Cherry Cola<\/li>\n<li>Cherry Ice<\/li>\n<li>Szikr\u00e1z\u00f3 cseresznye<\/li>\n<li>G\u00f6r\u00f6gdinnye Rooty Fizz<\/li>\n<li>K\u00e9k kaka\u00f3s mousseux<\/li>\n<li>Fanyar gy\u00fcm\u00f6lcs bogy\u00f3s gy\u00fcm\u00f6lcs\u00f6k<\/li>\n<li>M\u00e1lna Rouge Gumdrop<\/li>\n<\/ol>\n<h2>Csomagol\u00e1si lista<\/h2>\n<p>1 * JNR Falcon X 18000 Puffs Eldobhat\u00f3 Vape<\/p>\n<figure id=\"attachment_3048\" aria-describedby=\"caption-attachment-3048\" style=\"width: 800px\" class=\"wp-caption alignnone\"><img decoding=\"async\" class=\"size-full wp-image-3048\" title=\"JNR Falcon X 18000 Feh\u00e9r Barack Razz\" src=\"https:\/\/www.spacexvape.com\/wp-content\/uploads\/2025\/03\/JNR-Falcon-X-18000-White-Peach-Razz.webp\" alt=\"JNR Falcon X 18000 Feh\u00e9r Barack Razz\" width=\"800\" height=\"800\" srcset=\"https:\/\/www.spacexvape.com\/wp-content\/uploads\/2025\/03\/JNR-Falcon-X-18000-White-Peach-Razz.webp 800w, https:\/\/www.spacexvape.com\/wp-content\/uploads\/2025\/03\/JNR-Falcon-X-18000-White-Peach-Razz-247x247.webp 247w, https:\/\/www.spacexvape.com\/wp-content\/uploads\/2025\/03\/JNR-Falcon-X-18000-White-Peach-Razz-100x100.webp 100w, https:\/\/www.spacexvape.com\/wp-content\/uploads\/2025\/03\/JNR-Falcon-X-18000-White-Peach-Razz-510x510.webp 510w, https:\/\/www.spacexvape.com\/wp-content\/uploads\/2025\/03\/JNR-Falcon-X-18000-White-Peach-Razz-300x300.webp 300w, https:\/\/www.spacexvape.com\/wp-content\/uploads\/2025\/03\/JNR-Falcon-X-18000-White-Peach-Razz-150x150.webp 150w, https:\/\/www.spacexvape.com\/wp-content\/uploads\/2025\/03\/JNR-Falcon-X-18000-White-Peach-Razz-768x768.webp 768w, https:\/\/www.spacexvape.com\/wp-content\/uploads\/2025\/03\/JNR-Falcon-X-18000-White-Peach-Razz-12x12.webp 12w, https:\/\/www.spacexvape.com\/wp-content\/uploads\/2025\/03\/JNR-Falcon-X-18000-White-Peach-Razz-96x96.webp 96w\" sizes=\"(max-width: 800px) 100vw, 800px\" \/><figcaption id=\"caption-attachment-3048\" class=\"wp-caption-text\">JNR Falcon X 18000 Feh\u00e9r Barack Razz<\/figcaption><\/figure>","protected":false},"excerpt":{"rendered":"<p>JNR Falcon X 18000\/ 2% nikotin\/ 950mAh \u00fajrat\u00f6lthet\u0151 akkumul\u00e1tor\/ 24ml e-liquid\/ 18,000 Puffs \/ European Warehouse<\/p>","protected":false},"featured_media":2077,"comment_status":"open","ping_status":"closed","template":"","meta":[],"product_brand":[535],"product_cat":[15],"product_tag":[507,559,562],"class_list":{"0":"post-2032","1":"product","2":"type-product","3":"status-publish","4":"has-post-thumbnail","6":"product_brand-jnr","7":"product_cat-disposable-vapes","8":"product_tag-18000-puffs","9":"product_tag-24ml","10":"product_tag-950mah","11":"product_shipping_class-europe-warehouse-retail","12":"pa_battery-950mah","13":"pa_e-liquid-24ml","14":"pa_nicotine-2-percent","15":"pa_puffs-18000-puffs","16":"pa_rechargeable-yes","17":"pa_selling-type-retail","19":"first","20":"instock","21":"featured","22":"shipping-taxable","23":"purchasable","24":"product-type-variable"},"wcpa_form_fields":null,"_links":{"self":[{"href":"https:\/\/www.spacexvape.com\/hu\/wp-json\/wp\/v2\/product\/2032","targetHints":{"allow":["GET"]}}],"collection":[{"href":"https:\/\/www.spacexvape.com\/hu\/wp-json\/wp\/v2\/product"}],"about":[{"href":"https:\/\/www.spacexvape.com\/hu\/wp-json\/wp\/v2\/types\/product"}],"replies":[{"embeddable":true,"href":"https:\/\/www.spacexvape.com\/hu\/wp-json\/wp\/v2\/comments?post=2032"}],"wp:featuredmedia":[{"embeddable":true,"href":"https:\/\/www.spacexvape.com\/hu\/wp-json\/wp\/v2\/media\/2077"}],"wp:attachment":[{"href":"https:\/\/www.spacexvape.com\/hu\/wp-json\/wp\/v2\/media?parent=2032"}],"wp:term":[{"taxonomy":"product_brand","embeddable":true,"href":"https:\/\/www.spacexvape.com\/hu\/wp-json\/wp\/v2\/product_brand?post=2032"},{"taxonomy":"product_cat","embeddable":true,"href":"https:\/\/www.spacexvape.com\/hu\/wp-json\/wp\/v2\/product_cat?post=2032"},{"taxonomy":"product_tag","embeddable":true,"href":"https:\/\/www.spacexvape.com\/hu\/wp-json\/wp\/v2\/product_tag?post=2032"}],"curies":[{"name":"wp","href":"https:\/\/api.w.org\/{rel}","templated":true}]}}