{"id":3498,"date":"2025-04-07T17:04:21","date_gmt":"2025-04-07T09:04:21","guid":{"rendered":"https:\/\/www.spacexvape.com\/?post_type=product&#038;p=3498"},"modified":"2026-02-06T16:46:28","modified_gmt":"2026-02-06T08:46:28","slug":"jnr-falcon-x-28000-puffs-vape","status":"publish","type":"product","link":"https:\/\/www.spacexvape.com\/hu\/termek\/jnr-falcon-x-28000-puff-vape","title":{"rendered":"JNR Falcon X 28000 Puffs Vape"},"content":{"rendered":"<p>A <a title=\"JNR\" href=\"https:\/\/www.spacexvape.com\/hu\/brand\/jnr\/\"><strong>JNR<\/strong><\/a> A Falcon X 28000 olyan vaperek sz\u00e1m\u00e1ra k\u00e9sz\u00fclt, akik hosszan tart\u00f3 el\u00e9gedetts\u00e9gre v\u00e1gynak. Ez a fejlett \u00fajrat\u00f6lthet\u0151 vape ak\u00e1r 28 000 slukkot is k\u00e9pes el\u00e9rni, \u00e9s hihetetlen hossz\u00fa \u00e9lettartamot k\u00edn\u00e1l - t\u00f6k\u00e9letes a megszak\u00edt\u00e1s n\u00e9lk\u00fcli, hosszabb haszn\u00e1lathoz. El\u0151re felt\u00f6ltve 2ml e-folyad\u00e9kkal \u00e9rkezik, \u00e9s k\u00e9t extra ut\u00e1nt\u00f6lt\u0151 palackot tartalmaz (egyenk\u00e9nt 10ml, 20mg\/ml er\u0151ss\u00e9g\u0171), \u00edgy egyszerre ny\u00fajt k\u00e9nyelmet \u00e9s kontrollt. Az Eper \u00e9s g\u00f6r\u00f6gdinnye opci\u00f3k kever\u00e9ke minden bel\u00e9gz\u00e9ssel friss\u00edt\u0151 \u00e9s gy\u00fcm\u00f6lcs\u00f6s hat\u00e1st hoz, amely a ny\u00e1ri napokra eml\u00e9keztet.<\/p>\n<p>A JNR Falcon X 28000 egy robusztus 950mAh-s USB-C \u00fajrat\u00f6lthet\u0151 akkumul\u00e1torral m\u0171k\u00f6dik, \u00edgy a JNR Falcon X 28000 biztos\u00edtja, hogy mindig k\u00e9sedelem n\u00e9lk\u00fcl k\u00e9szen \u00e1lljon a vape-ra. Karcs\u00fa, ergonomikus kialak\u00edt\u00e1sa k\u00e9nyelmesen illeszkedik a kezedbe, m\u00edg a be\u00e9p\u00edtett dupla h\u00e1l\u00f3s tekercs gazdag g\u0151zt \u00e9s fokozott opci\u00f3k intenzit\u00e1s\u00e1t biztos\u00edtja. Ak\u00e1r otthon pihensz, ak\u00e1r \u00fatk\u00f6zben, ez a vape a st\u00edlus \u00e9s a funkcionalit\u00e1s jegy\u00e9ben k\u00e9sz\u00fclt. A modern eszt\u00e9tika az intelligens l\u00e9g\u00e1raml\u00e1ssal \u00e9s a konzisztens g\u0151ztermel\u00e9ssel kombin\u00e1lva teszi mindenre alkalmasv\u00e1.<\/p>\n<p>A hagyom\u00e1nyos eldobhat\u00f3 k\u00e9sz\u00fcl\u00e9kekkel ellent\u00e9tben a JNR Falcon X 28000 egy hibrid, \u00fajrat\u00f6lthet\u0151 eldobhat\u00f3 vape, amelyet egyszer\u0171en \u00fajrat\u00f6lthet \u00e9s felt\u00f6lthet, \u00edgy gazdas\u00e1gosabb \u00e9s k\u00f6rnyezetbar\u00e1tabb v\u00e1laszt\u00e1s. Nincsenek gombok, nincs be\u00e1ll\u00edt\u00e1s: csak t\u00f6ltsd fel \u00e9s vape. K\u00f6nny\u0171, 120 g-os teste t\u00f6k\u00e9letes utaz\u00e1shoz vagy mindennapi visel\u00e9shez. A DTL vaping szem el\u0151tt tart\u00e1s\u00e1val tervezt\u00e9k, az alacsony ellen\u00e1ll\u00e1s\u00fa tekercs \u00e9s a l\u00e9g\u00e1raml\u00e1si rendszer kiel\u00e9g\u00edt\u0151 torok\u00fct\u00e9st biztos\u00edt minden slukkn\u00e1l.<\/p>\n<h2>JNR Falcon X 28000 Puffs Vape specifik\u00e1ci\u00f3<\/h2>\n<ul>\n<li>M\u00e1rka \u00e9s modell: JNR Falcon X 28000<\/li>\n<li>Puffs t\u00e1mogat\u00e1s: 28,000-ig<\/li>\n<li>Akkumul\u00e1tor \u00e9s foly\u00e9kony kijelz\u0151<\/li>\n<li>Tekercs t\u00edpusa: 1.2 ohm<\/li>\n<li>\u00c1ll\u00edthat\u00f3 l\u00e9g\u00e1raml\u00e1s<\/li>\n<li>Auto-Draw rendszer<\/li>\n<li>2 ml el\u0151ret\u00f6lt\u00f6tt folyad\u00e9k + 2 x 10 ml-es injekci\u00f3s \u00fcveg mell\u00e9kelve<\/li>\n<\/ul>\n<h2>Opci\u00f3k list\u00e1ja<\/h2>\n<ol>\n<li>Fekete s\u00e1rk\u00e1ny j\u00e9g<\/li>\n<li>Szeder V\u00f6r\u00f6s m\u00e1lna<\/li>\n<li>\u00c1fonya gr\u00e1n\u00e1talma j\u00e9g<\/li>\n<li>\u00c1fonya M\u00e1lna Cseresznye<\/li>\n<li>Mango passi\u00f3gy\u00fcm\u00f6lcs<\/li>\n<li>Vegyes bogy\u00f3s gy\u00fcm\u00f6lcs\u00f6k<\/li>\n<li>Barack bogy\u00f3<\/li>\n<li>Eper Kiwi<\/li>\n<li>Eper g\u00f6r\u00f6gdinnye j\u00e9g<\/li>\n<li>G\u00f6r\u00f6gdinnye Mang\u00f3 Barack<\/li>\n<\/ol>\n<h2>Csomagol\u00e1si lista<\/h2>\n<p>2 ml el\u0151ret\u00f6lt\u00f6tt folyad\u00e9k + 2 x 10 ml-es injekci\u00f3s \u00fcveg mell\u00e9kelve<\/p>\n<figure id=\"attachment_3503\" aria-describedby=\"caption-attachment-3503\" style=\"width: 800px\" class=\"wp-caption alignnone\"><img decoding=\"async\" class=\"size-full wp-image-3503\" title=\"JNR Falcon X 28K szeder v\u00f6r\u00f6s m\u00e1lna\" src=\"https:\/\/www.spacexvape.com\/wp-content\/uploads\/2025\/04\/JNR-Falcon-X-28K-Blackberry-Red-Raspberry.webp\" alt=\"JNR Falcon X 28K szeder v\u00f6r\u00f6s m\u00e1lna\" width=\"800\" height=\"800\" srcset=\"https:\/\/www.spacexvape.com\/wp-content\/uploads\/2025\/04\/JNR-Falcon-X-28K-Blackberry-Red-Raspberry.webp 800w, https:\/\/www.spacexvape.com\/wp-content\/uploads\/2025\/04\/JNR-Falcon-X-28K-Blackberry-Red-Raspberry-247x247.webp 247w, https:\/\/www.spacexvape.com\/wp-content\/uploads\/2025\/04\/JNR-Falcon-X-28K-Blackberry-Red-Raspberry-100x100.webp 100w, https:\/\/www.spacexvape.com\/wp-content\/uploads\/2025\/04\/JNR-Falcon-X-28K-Blackberry-Red-Raspberry-510x510.webp 510w, https:\/\/www.spacexvape.com\/wp-content\/uploads\/2025\/04\/JNR-Falcon-X-28K-Blackberry-Red-Raspberry-300x300.webp 300w, https:\/\/www.spacexvape.com\/wp-content\/uploads\/2025\/04\/JNR-Falcon-X-28K-Blackberry-Red-Raspberry-150x150.webp 150w, https:\/\/www.spacexvape.com\/wp-content\/uploads\/2025\/04\/JNR-Falcon-X-28K-Blackberry-Red-Raspberry-768x768.webp 768w, https:\/\/www.spacexvape.com\/wp-content\/uploads\/2025\/04\/JNR-Falcon-X-28K-Blackberry-Red-Raspberry-12x12.webp 12w, https:\/\/www.spacexvape.com\/wp-content\/uploads\/2025\/04\/JNR-Falcon-X-28K-Blackberry-Red-Raspberry-96x96.webp 96w\" sizes=\"(max-width: 800px) 100vw, 800px\" \/><figcaption id=\"caption-attachment-3503\" class=\"wp-caption-text\">JNR Falcon X 28K szeder v\u00f6r\u00f6s m\u00e1lna<\/figcaption><\/figure>\n<p>&nbsp;<\/p>","protected":false},"excerpt":{"rendered":"<p>JNR Falcon X 28000\/ 2% er\u0151ss\u00e9g\/ 950mAh \u00fajrat\u00f6lthet\u0151 akkumul\u00e1tor\/ 28,000 Puffs \/ European Warehouse<\/p>","protected":false},"featured_media":14629,"comment_status":"open","ping_status":"closed","template":"","meta":[],"product_brand":[535],"product_cat":[17],"product_tag":[511,562],"class_list":{"0":"post-3498","1":"product","2":"type-product","3":"status-publish","4":"has-post-thumbnail","6":"product_brand-jnr","7":"product_cat-refillable-vapes","8":"product_tag-28000-puffs","9":"product_tag-950mah","10":"product_shipping_class-europe-warehouse-retail","11":"pa_nicotine-2-percent","12":"pa_puffs-28000-puffs","13":"pa_rechargeable-yes","15":"first","16":"instock","17":"featured","18":"shipping-taxable","19":"purchasable","20":"product-type-variable"},"wcpa_form_fields":null,"_links":{"self":[{"href":"https:\/\/www.spacexvape.com\/hu\/wp-json\/wp\/v2\/product\/3498","targetHints":{"allow":["GET"]}}],"collection":[{"href":"https:\/\/www.spacexvape.com\/hu\/wp-json\/wp\/v2\/product"}],"about":[{"href":"https:\/\/www.spacexvape.com\/hu\/wp-json\/wp\/v2\/types\/product"}],"replies":[{"embeddable":true,"href":"https:\/\/www.spacexvape.com\/hu\/wp-json\/wp\/v2\/comments?post=3498"}],"wp:featuredmedia":[{"embeddable":true,"href":"https:\/\/www.spacexvape.com\/hu\/wp-json\/wp\/v2\/media\/14629"}],"wp:attachment":[{"href":"https:\/\/www.spacexvape.com\/hu\/wp-json\/wp\/v2\/media?parent=3498"}],"wp:term":[{"taxonomy":"product_brand","embeddable":true,"href":"https:\/\/www.spacexvape.com\/hu\/wp-json\/wp\/v2\/product_brand?post=3498"},{"taxonomy":"product_cat","embeddable":true,"href":"https:\/\/www.spacexvape.com\/hu\/wp-json\/wp\/v2\/product_cat?post=3498"},{"taxonomy":"product_tag","embeddable":true,"href":"https:\/\/www.spacexvape.com\/hu\/wp-json\/wp\/v2\/product_tag?post=3498"}],"curies":[{"name":"wp","href":"https:\/\/api.w.org\/{rel}","templated":true}]}}