{"id":3498,"date":"2025-04-07T17:04:21","date_gmt":"2025-04-07T09:04:21","guid":{"rendered":"https:\/\/www.spacexvape.com\/?post_type=product&#038;p=3498"},"modified":"2026-02-06T16:46:28","modified_gmt":"2026-02-06T08:46:28","slug":"jnr-falcon-x-28000-puffs-vape","status":"publish","type":"product","link":"https:\/\/www.spacexvape.com\/it\/prodotto\/jnr-falcon-x-28000-soffi-vape","title":{"rendered":"JNR Falcon X 28000 Boccate Vape"},"content":{"rendered":"<p>Il <a title=\"JNR\" href=\"https:\/\/www.spacexvape.com\/it\/brand\/jnr\/\"><strong>JNR<\/strong><\/a> Falcon X 28000 \u00e8 stato progettato per i vapers che desiderano una soddisfazione di lunga durata. Con un massimo di 28.000 boccate, questo vape ricaricabile avanzato offre un'incredibile longevit\u00e0, perfetta per un uso prolungato senza interruzioni. Viene fornita con 2 ml di e-liquid e include due flaconi di ricarica extra (10 ml ciascuno, gradazione 20 mg\/ml), che offrono convenienza e controllo. La miscela di opzioni alla fragola e all'anguria offre ad ogni inalazione un effetto rinfrescante e fruttato, che ricorda i giorni d'estate.<\/p>\n<p>Alimentata da una robusta batteria ricaricabile USB-C da 950 mAh, JNR Falcon X 28000 assicura che siate sempre pronti a svapare senza ritardi. Il suo design elegante ed ergonomico si adatta comodamente alla mano, mentre la doppia bobina a rete integrata offre un vapore ricco e una maggiore intensit\u00e0 delle opzioni. Sia che vi stiate rilassando a casa o in viaggio, questa svapata \u00e8 stata realizzata sia per lo stile che per la funzionalit\u00e0. L'estetica moderna, unita a un flusso d'aria intelligente e a una produzione di vapore costante, ne fanno un prodotto completo.<\/p>\n<p>A differenza dei tradizionali usa e getta, JNR Falcon X 28000 \u00e8 un vaporizzatore ibrido ricaricabile e usa e getta, semplice da ricaricare e da rifornire: una scelta pi\u00f9 economica ed ecologica. Nessun pulsante, nessuna impostazione: basta ricaricare e svapare. Il suo corpo leggero da 120 g \u00e8 perfetto per i viaggi o per il trasporto quotidiano. Progettata pensando al vaping DTL, la coil a bassa resistenza e il sistema di flusso d'aria forniscono un colpo in gola soddisfacente a ogni boccata.<\/p>\n<h2>JNR Falcon X 28000 boccate Vape Specifiche<\/h2>\n<ul>\n<li>Marca e modello: JNR Falcon X 28000<\/li>\n<li>Supporto per i bign\u00e8: Fino a 28.000<\/li>\n<li>Batteria e display liquido<\/li>\n<li>Tipo di bobina: Bobina a doppia maglia da 1,2 ohm<\/li>\n<li>Flusso d'aria regolabile<\/li>\n<li>Sistema di estrazione automatica<\/li>\n<li>2 ml di liquido preriempito + 2 flaconi da 10 ml inclusi<\/li>\n<\/ul>\n<h2>Elenco delle opzioni<\/h2>\n<ol>\n<li>Drago Nero di Ghiaccio<\/li>\n<li>Mora lampone rosso, ciliegia frizzante Cola, mango frutto della passione, pesca bianca Razz, Attiva\/Disattiva<\/li>\n<li>Ghiaccio al mirtillo e melograno<\/li>\n<li>Mirtillo Lampone Ciliegia<\/li>\n<li>Mango Passion Fruit<\/li>\n<li>Bacche miste<\/li>\n<li>Bacca di pesca<\/li>\n<li>Fragola Kiwi<\/li>\n<li>Ghiaccio alla fragola e anguria<\/li>\n<li>Anguria Mango Pesca<\/li>\n<\/ol>\n<h2>Lista di imballaggio<\/h2>\n<p>2 ml di liquido preriempito + 2 flaconi da 10 ml inclusi<\/p>\n<figure id=\"attachment_3503\" aria-describedby=\"caption-attachment-3503\" style=\"width: 800px\" class=\"wp-caption alignnone\"><img decoding=\"async\" class=\"size-full wp-image-3503\" title=\"JNR Falcon X 28K Lampone Rosso Mora\" src=\"https:\/\/www.spacexvape.com\/wp-content\/uploads\/2025\/04\/JNR-Falcon-X-28K-Blackberry-Red-Raspberry.webp\" alt=\"JNR Falcon X 28K Lampone Rosso Mora\" width=\"800\" height=\"800\" srcset=\"https:\/\/www.spacexvape.com\/wp-content\/uploads\/2025\/04\/JNR-Falcon-X-28K-Blackberry-Red-Raspberry.webp 800w, https:\/\/www.spacexvape.com\/wp-content\/uploads\/2025\/04\/JNR-Falcon-X-28K-Blackberry-Red-Raspberry-247x247.webp 247w, https:\/\/www.spacexvape.com\/wp-content\/uploads\/2025\/04\/JNR-Falcon-X-28K-Blackberry-Red-Raspberry-100x100.webp 100w, https:\/\/www.spacexvape.com\/wp-content\/uploads\/2025\/04\/JNR-Falcon-X-28K-Blackberry-Red-Raspberry-510x510.webp 510w, https:\/\/www.spacexvape.com\/wp-content\/uploads\/2025\/04\/JNR-Falcon-X-28K-Blackberry-Red-Raspberry-300x300.webp 300w, https:\/\/www.spacexvape.com\/wp-content\/uploads\/2025\/04\/JNR-Falcon-X-28K-Blackberry-Red-Raspberry-150x150.webp 150w, https:\/\/www.spacexvape.com\/wp-content\/uploads\/2025\/04\/JNR-Falcon-X-28K-Blackberry-Red-Raspberry-768x768.webp 768w, https:\/\/www.spacexvape.com\/wp-content\/uploads\/2025\/04\/JNR-Falcon-X-28K-Blackberry-Red-Raspberry-12x12.webp 12w, https:\/\/www.spacexvape.com\/wp-content\/uploads\/2025\/04\/JNR-Falcon-X-28K-Blackberry-Red-Raspberry-96x96.webp 96w\" sizes=\"(max-width: 800px) 100vw, 800px\" \/><figcaption id=\"caption-attachment-3503\" class=\"wp-caption-text\">JNR Falcon X 28K Lampone Rosso Mora<\/figcaption><\/figure>\n<p>&nbsp;<\/p>","protected":false},"excerpt":{"rendered":"<p>JNR Falcon X 28000\/ 2% forza\/ 950mAh batteria ricaricabile\/ 28.000 soffi \/ Magazzino Europeo<\/p>","protected":false},"featured_media":14629,"comment_status":"open","ping_status":"closed","template":"","meta":[],"product_brand":[535],"product_cat":[17],"product_tag":[511,562],"class_list":{"0":"post-3498","1":"product","2":"type-product","3":"status-publish","4":"has-post-thumbnail","6":"product_brand-jnr","7":"product_cat-refillable-vapes","8":"product_tag-28000-puffs","9":"product_tag-950mah","10":"product_shipping_class-europe-warehouse-retail","11":"pa_nicotine-2-percent","12":"pa_puffs-28000-puffs","13":"pa_rechargeable-yes","15":"first","16":"instock","17":"featured","18":"shipping-taxable","19":"purchasable","20":"product-type-variable"},"wcpa_form_fields":null,"_links":{"self":[{"href":"https:\/\/www.spacexvape.com\/it\/wp-json\/wp\/v2\/product\/3498","targetHints":{"allow":["GET"]}}],"collection":[{"href":"https:\/\/www.spacexvape.com\/it\/wp-json\/wp\/v2\/product"}],"about":[{"href":"https:\/\/www.spacexvape.com\/it\/wp-json\/wp\/v2\/types\/product"}],"replies":[{"embeddable":true,"href":"https:\/\/www.spacexvape.com\/it\/wp-json\/wp\/v2\/comments?post=3498"}],"wp:featuredmedia":[{"embeddable":true,"href":"https:\/\/www.spacexvape.com\/it\/wp-json\/wp\/v2\/media\/14629"}],"wp:attachment":[{"href":"https:\/\/www.spacexvape.com\/it\/wp-json\/wp\/v2\/media?parent=3498"}],"wp:term":[{"taxonomy":"product_brand","embeddable":true,"href":"https:\/\/www.spacexvape.com\/it\/wp-json\/wp\/v2\/product_brand?post=3498"},{"taxonomy":"product_cat","embeddable":true,"href":"https:\/\/www.spacexvape.com\/it\/wp-json\/wp\/v2\/product_cat?post=3498"},{"taxonomy":"product_tag","embeddable":true,"href":"https:\/\/www.spacexvape.com\/it\/wp-json\/wp\/v2\/product_tag?post=3498"}],"curies":[{"name":"wp","href":"https:\/\/api.w.org\/{rel}","templated":true}]}}