{"id":8690,"date":"2025-07-14T15:40:59","date_gmt":"2025-07-14T07:40:59","guid":{"rendered":"https:\/\/www.spacexvape.com\/?post_type=product&#038;p=8690"},"modified":"2025-11-05T18:23:30","modified_gmt":"2025-11-05T10:23:30","slug":"bang-tonardo-40000-puffs-vape","status":"publish","type":"product","link":"https:\/\/www.spacexvape.com\/it\/prodotto\/bang-tonardo-40000-soffi-vape","title":{"rendered":"Bang Tonardo 40000 Boccate Vape all'ingrosso"},"content":{"rendered":"<div data-slate-node=\"element\">\n<p data-pm-slice=\"0 0 []\">Il <a href=\"https:\/\/www.spacexvape.com\/it\/brand\/bang\/\"><strong>Bang<\/strong><\/a> Tornado 40000 Puffs Vape ridefinisce il vaping usa e getta con 40.000 puff e una potente batteria da 850 mAh. La generosa capacit\u00e0 di 40 ml consente di rimanere soddisfatti pi\u00f9 a lungo senza bisogno di continue ricariche. Grazie alle opzioni di potenza regolabili, questo dispositivo \u00e8 pensato per coloro che apprezzano un vapore morbido e saporito in ogni momento.<\/p>\n<p>Inoltre, l'avanzata bobina a rete da 1,0 ohm offre nuvole consistenti con un gusto ricco, mentre il chiaro schermo a LED mostra in tempo reale la capacit\u00e0 e i livelli della batteria per un utilizzo senza stress. Questo design accurato consente di conoscere sempre lo stato del dispositivo.<\/p>\n<p>Inoltre, Bang Tornado 40000 combina prestazioni durature e funzioni di facile utilizzo, rendendola una svapata usa e getta ideale per il divertimento quotidiano. Scegliete le vostre opzioni preferite e godetevi un piacere di svapo affidabile ovunque andiate.<\/p>\n<h2>Bang Tonardo 40000 boccate Specifiche del Vape<\/h2>\n<ul>\n<li>Nicotina: 0% &amp; 2% &amp; 3% &amp; 5%<\/li>\n<li>Conteggio dei soffi: Fino a 40.000 soffi<\/li>\n<li>Batteria E-liquid: 850mAh<\/li>\n<li>E-liquido: 40ml<\/li>\n<li>Tipo di bobina: Bobina a rete<\/li>\n<li>Resistenza: 1,0\u03a9<\/li>\n<li>Porta di ricarica: TYPE-C<\/li>\n<\/ul>\n<h2>Elenco delle opzioni<\/h2>\n<\/div>\n<ol>\n<li data-slate-node=\"element\"><span data-slate-node=\"text\">Ghiaccio alla pesca<\/span><\/li>\n<li data-slate-node=\"element\"><span data-slate-node=\"text\">Amore 66<\/span><\/li>\n<li data-slate-node=\"element\"><span data-slate-node=\"text\">Tripla bacca<\/span><\/li>\n<li data-slate-node=\"element\"><span data-slate-node=\"text\">Mirtillo e limone<\/span><\/li>\n<li data-slate-node=\"element\"><span data-slate-node=\"text\">Bevanda energetica<\/span><\/li>\n<li data-slate-node=\"element\"><span data-slate-node=\"text\">Doppia mela<\/span><\/li>\n<li data-slate-node=\"element\"><span data-slate-node=\"text\">Mango e pesca<\/span><\/li>\n<li data-slate-node=\"element\"><span data-slate-node=\"text\">Mirtillo Uva<\/span><\/li>\n<li data-slate-node=\"element\"><span data-slate-node=\"text\">Anguria alla fragola<\/span><\/li>\n<li data-slate-node=\"element\"><span data-slate-node=\"text\">Fragola Kiwi<\/span><\/li>\n<li data-slate-node=\"element\"><span data-slate-node=\"text\">Mirtillo Lampone<\/span><\/li>\n<li data-slate-node=\"element\" data-slate-fragment=\"JTVCJTdCJTIydHlwZSUyMiUzQSUyMnBhcmFncmFwaCUyMiUyQyUyMmNoaWxkcmVuJTIyJTNBJTVCJTdCJTIyaWQlMjIlM0ElMjJCUEphT3hObDFWJTIyJTJDJTIycGFyYUlkeCUyMiUzQTAlMkMlMjJzcmMlMjIlM0ElMjJQZWFjaCUyMEljZSUyMiUyQyUyMmRzdCUyMiUzQSUyMiVFNiVBMSU4MyVFNSU4NiVCMCUyMiUyQyUyMm1ldGFkYXRhJTIyJTNBJTIyJTIyJTJDJTIybWF0Y2hlcyUyMiUzQW51bGwlMkMlMjJtZXRhRGF0YSUyMiUzQSU1QiU1RCUyQyUyMnRleHQlMjIlM0ElMjJQZWFjaCUyMEljZSUyMiU3RCU1RCU3RCUyQyU3QiUyMnR5cGUlMjIlM0ElMjJwYXJhZ3JhcGglMjIlMkMlMjJjaGlsZHJlbiUyMiUzQSU1QiU3QiUyMmlkJTIyJTNBJTIyVnBNWjNsWEFreiUyMiUyQyUyMnBhcmFJZHglMjIlM0EyJTJDJTIyc3JjJTIyJTNBJTIyTG92ZSUyMDY2JTIyJTJDJTIyZHN0JTIyJTNBJTIyJUU3JTg4JUIxNjYlMjIlMkMlMjJtZXRhZGF0YSUyMiUzQSUyMiUyMiUyQyUyMm1hdGNoZXMlMjIlM0FudWxsJTJDJTIybWV0YURhdGElMjIlM0ElNUIlNUQlMkMlMjJ0ZXh0JTIyJTNBJTIyTG92ZSUyMDY2JTIyJTdEJTVEJTdEJTJDJTdCJTIydHlwZSUyMiUzQSUyMnBhcmFncmFwaCUyMiUyQyUyMmNoaWxkcmVuJTIyJTNBJTVCJTdCJTIyaWQlMjIlM0ElMjJWV3hkR2o3cDd6JTIyJTJDJTIycGFyYUlkeCUyMiUzQTMlMkMlMjJzcmMlMjIlM0ElMjJUcmlwbGUlMjBCZXJyeSUyMiUyQyUyMmRzdCUyMiUzQSUyMiVFNCVCOCU4OSVFOSU4NyU4RCVFNiVCNSU4NiVFNiU5RSU5QyUyMiUyQyUyMm1ldGFkYXRhJTIyJTNBJTIyJTIyJTJDJTIybWF0Y2hlcyUyMiUzQW51bGwlMkMlMjJtZXRhRGF0YSUyMiUzQSU1QiU1RCUyQyUyMnRleHQlMjIlM0ElMjJUcmlwbGUlMjBCZXJyeSUyMiU3RCU1RCU3RCUyQyU3QiUyMnR5cGUlMjIlM0ElMjJwYXJhZ3JhcGglMjIlMkMlMjJjaGlsZHJlbiUyMiUzQSU1QiU3QiUyMmlkJTIyJTNBJTIyQjh2eHJXeUpFViUyMiUyQyUyMnBhcmFJZHglMjIlM0E0JTJDJTIyc3JjJTIyJTNBJTIyQmx1ZWJlcnJ5JTIwTGVtb24lMjIlMkMlMjJkc3QlMjIlM0ElMjIlRTglOTMlOUQlRTglOEUlOTMlRTYlOUYlQTAlRTYlQUElQUMlMjIlMkMlMjJtZXRhZGF0YSUyMiUzQSUyMiUyMiUyQyUyMm1hdGNoZXMlMjIlM0FudWxsJTJDJTIybWV0YURhdGElMjIlM0ElNUIlNUQlMkMlMjJ0ZXh0JTIyJTNBJTIyQmx1ZWJlcnJ5JTIwTGVtb24lMjIlN0QlNUQlN0QlMkMlN0IlMjJ0eXBlJTIyJTNBJTIycGFyYWdyYXBoJTIyJTJDJTIyY2hpbGRyZW4lMjIlM0ElNUIlN0IlMjJpZCUyMiUzQSUyMlYxWU9tRDdQd1YlMjIlMkMlMjJwYXJhSWR4JTIyJTNBNSUyQyUyMnNyYyUyMiUzQSUyMkVuZXJneSUyMERyaW5rJTIyJTJDJTIyZHN0JTIyJTNBJTIyJUU4JTgzJUJEJUU5JTg3JThGJUU5JUE1JUFFJUU2JTk2JTk5JTIyJTJDJTIybWV0YWRhdGElMjIlM0ElMjIlMjIlMkMlMjJtYXRjaGVzJTIyJTNBbnVsbCUyQyUyMm1ldGFEYXRhJTIyJTNBJTVCJTVEJTJDJTIydGV4dCUyMiUzQSUyMkVuZXJneSUyMERyaW5rJTIyJTdEJTVEJTdEJTJDJTdCJTIydHlwZSUyMiUzQSUyMnBhcmFncmFwaCUyMiUyQyUyMmNoaWxkcmVuJTIyJTNBJTVCJTdCJTIyaWQlMjIlM0ElMjJCdmtQM1FYRVdlJTIyJTJDJTIycGFyYUlkeCUyMiUzQTYlMkMlMjJzcmMlMjIlM0ElMjJEb3VibGUlMjBBcHBsZSUyMiUyQyUyMmRzdCUyMiUzQSUyMiVFNSU4RiU4QyVFOCU4QiVCOSVFNiU5RSU5QyUyMiUyQyUyMm1ldGFkYXRhJTIyJTNBJTIyJTIyJTJDJTIybWF0Y2hlcyUyMiUzQW51bGwlMkMlMjJtZXRhRGF0YSUyMiUzQSU1QiU1RCUyQyUyMnRleHQlMjIlM0ElMjJEb3VibGUlMjBBcHBsZSUyMiU3RCU1RCU3RCUyQyU3QiUyMnR5cGUlMjIlM0ElMjJwYXJhZ3JhcGglMjIlMkMlMjJjaGlsZHJlbiUyMiUzQSU1QiU3QiUyMmlkJTIyJTNBJTIyVk5Ed3hYdnI0QiUyMiUyQyUyMnBhcmFJZHglMjIlM0E4JTJDJTIyc3JjJTIyJTNBJTIyTWFuZ28lMjBQZWFjaCUyMiUyQyUyMmRzdCUyMiUzQSUyMiVFOCU4QSU5MiVFNiU5RSU5QyVFNiVBMSU4MyUyMiUyQyUyMm1ldGFkYXRhJTIyJTNBJTIyJTIyJTJDJTIybWF0Y2hlcyUyMiUzQW51bGwlMkMlMjJtZXRhRGF0YSUyMiUzQSU1QiU1RCUyQyUyMnRleHQlMjIlM0ElMjJNYW5nbyUyMFBlYWNoJTIyJTdEJTVEJTdEJTJDJTdCJTIydHlwZSUyMiUzQSUyMnBhcmFncmFwaCUyMiUyQyUyMmNoaWxkcmVuJTIyJTNBJTVCJTdCJTIyaWQlMjIlM0ElMjJ6WXlQWGpBWU96JTIyJTJDJTIycGFyYUlkeCUyMiUzQTEwJTJDJTIyc3JjJTIyJTNBJTIyQmx1ZWJlcnJ5JTIwR3JhcGUlMjIlMkMlMjJkc3QlMjIlM0ElMjIlRTglOTMlOUQlRTglOEUlOTMlRTglOTElQTElRTglOTAlODQlMjIlMkMlMjJtZXRhZGF0YSUyMiUzQSUyMiUyMiUyQyUyMm1hdGNoZXMlMjIlM0FudWxsJTJDJTIybWV0YURhdGElMjIlM0ElNUIlNUQlMkMlMjJ0ZXh0JTIyJTNBJTIyQmx1ZWJlcnJ5JTIwR3JhcGUlMjIlN0QlNUQlN0QlMkMlN0IlMjJ0eXBlJTIyJTNBJTIycGFyYWdyYXBoJTIyJTJDJTIyY2hpbGRyZW4lMjIlM0ElNUIlN0IlMjJpZCUyMiUzQSUyMmVtcGEzcVgyb0IlMjIlMkMlMjJwYXJhSWR4JTIyJTNBMTIlMkMlMjJzcmMlMjIlM0ElMjJTdHJhd2JlcnJ5JTIwV2F0ZXJtZWxvbiUyMiUyQyUyMmRzdCUyMiUzQSUyMiVFOCU4RCU4OSVFOCU4RSU5MyVFOCVBNSVCRiVFNyU5MyU5QyUyMiUyQyUyMm1ldGFkYXRhJTIyJTNBJTIyJTIyJTJDJTIybWF0Y2hlcyUyMiUzQW51bGwlMkMlMjJtZXRhRGF0YSUyMiUzQSU1QiU1RCUyQyUyMnRleHQlMjIlM0ElMjJTdHJhd2JlcnJ5JTIwV2F0ZXJtZWxvbiUyMiU3RCU1RCU3RCUyQyU3QiUyMnR5cGUlMjIlM0ElMjJwYXJhZ3JhcGglMjIlMkMlMjJjaGlsZHJlbiUyMiUzQSU1QiU3QiUyMmlkJTIyJTNBJTIyZUtPeG1qVzVPZSUyMiUyQyUyMnBhcmFJZHglMjIlM0ExNCUyQyUyMnNyYyUyMiUzQSUyMlN0cmF3YmVycnklMjBLaXdpJTIyJTJDJTIyZHN0JTIyJTNBJTIyJUU1JUE1JTg3JUU1JUJDJTgyJUU2JTlFJTlDJTIyJTJDJTIybWV0YWRhdGElMjIlM0ElMjIlMjIlMkMlMjJtYXRjaGVzJTIyJTNBbnVsbCUyQyUyMm1ldGFEYXRhJTIyJTNBJTVCJTVEJTJDJTIydGV4dCUyMiUzQSUyMlN0cmF3YmVycnklMjBLaXdpJTIyJTdEJTVEJTdEJTJDJTdCJTIydHlwZSUyMiUzQSUyMnBhcmFncmFwaCUyMiUyQyUyMmNoaWxkcmVuJTIyJTNBJTVCJTdCJTIyaWQlMjIlM0ElMjJCNEF4d2JHcUxlJTIyJTJDJTIycGFyYUlkeCUyMiUzQTE2JTJDJTIyc3JjJTIyJTNBJTIyQmx1ZWJlcnJ5JTIwUmFzcGJlcnJ5JTIyJTJDJTIyZHN0JTIyJTNBJTIyJUU4JTkzJTlEJUU4JThFJTkzJUU4JUE2JTg2JUU3JTlCJTg2JUU1JUFEJTkwJTIyJTJDJTIybWV0YWRhdGElMjIlM0ElMjIlMjIlMkMlMjJtYXRjaGVzJTIyJTNBbnVsbCUyQyUyMm1ldGFEYXRhJTIyJTNBJTVCJTVEJTJDJTIydGV4dCUyMiUzQSUyMkJsdWViZXJyeSUyMFJhc3BiZXJyeSUyMiU3RCU1RCU3RCUyQyU3QiUyMnR5cGUlMjIlM0ElMjJwYXJhZ3JhcGglMjIlMkMlMjJjaGlsZHJlbiUyMiUzQSU1QiU3QiUyMmlkJTIyJTNBJTIyZUdHeE5vYjBtZSUyMiUyQyUyMnBhcmFJZHglMjIlM0ExOCUyQyUyMnNyYyUyMiUzQSUyMldhdGVybWVsb24lMjIlMkMlMjJkc3QlMjIlM0ElMjIlRTglQTUlQkYlRTclOTMlOUMlMjIlMkMlMjJtZXRhZGF0YSUyMiUzQSUyMiUyMiUyQyUyMm1hdGNoZXMlMjIlM0FudWxsJTJDJTIybWV0YURhdGElMjIlM0ElNUIlNUQlMkMlMjJ0ZXh0JTIyJTNBJTIyV2F0ZXJtZWxvbiUyMiU3RCU1RCU3RCU1RA==\"><span data-slate-node=\"text\">Anguria<br \/>\n<\/span><\/li>\n<\/ol>\n<h2>Lista di imballaggio<\/h2>\n<p>10*Bang Tornado 40000 soffi Vapes<\/p>\n<figure id=\"attachment_8944\" aria-describedby=\"caption-attachment-8944\" style=\"width: 800px\" class=\"wp-caption alignnone\"><img decoding=\"async\" class=\"size-full wp-image-8944\" title=\"Bang Tonardo 40000 Anguria\" src=\"https:\/\/www.spacexvape.com\/wp-content\/uploads\/2025\/07\/Bang-Tonardo-40000-Watermelon.webp\" alt=\"Bang Tonardo 40000 Anguria\" width=\"800\" height=\"800\" srcset=\"https:\/\/www.spacexvape.com\/wp-content\/uploads\/2025\/07\/Bang-Tonardo-40000-Watermelon.webp 800w, https:\/\/www.spacexvape.com\/wp-content\/uploads\/2025\/07\/Bang-Tonardo-40000-Watermelon-300x300.webp 300w, https:\/\/www.spacexvape.com\/wp-content\/uploads\/2025\/07\/Bang-Tonardo-40000-Watermelon-150x150.webp 150w, https:\/\/www.spacexvape.com\/wp-content\/uploads\/2025\/07\/Bang-Tonardo-40000-Watermelon-768x768.webp 768w, https:\/\/www.spacexvape.com\/wp-content\/uploads\/2025\/07\/Bang-Tonardo-40000-Watermelon-12x12.webp 12w, https:\/\/www.spacexvape.com\/wp-content\/uploads\/2025\/07\/Bang-Tonardo-40000-Watermelon-247x247.webp 247w, https:\/\/www.spacexvape.com\/wp-content\/uploads\/2025\/07\/Bang-Tonardo-40000-Watermelon-510x510.webp 510w, https:\/\/www.spacexvape.com\/wp-content\/uploads\/2025\/07\/Bang-Tonardo-40000-Watermelon-100x100.webp 100w\" sizes=\"(max-width: 800px) 100vw, 800px\" \/><figcaption id=\"caption-attachment-8944\" class=\"wp-caption-text\">Bang Tonardo 40000 Anguria<\/figcaption><\/figure>","protected":false},"excerpt":{"rendered":"<p>Bang Tornado 40000 \/ 0% &amp; 2% &amp; 3% &amp; 5% forza \/ 850mAh batteria ricaricabile \/ 40ml capacit\u00e0 \/ 40.000 soffi \/ Cina Warehouse<\/p>","protected":false},"featured_media":8945,"comment_status":"open","ping_status":"closed","template":"","meta":[],"product_brand":[609],"product_cat":[15],"product_tag":[514,554,549],"class_list":{"0":"post-8690","1":"product","2":"type-product","3":"status-publish","4":"has-post-thumbnail","6":"product_brand-bang","7":"product_cat-disposable-vapes","8":"product_tag-40000-puffs","9":"product_tag-40ml","10":"product_tag-850mah","11":"product_shipping_class-china-warehouse-wholesale","12":"pa_battery-850mah","13":"pa_e-liquid-40ml","14":"pa_flavor-blueberry-grape","15":"pa_flavor-blueberry-lemon","16":"pa_flavor-blueberry-raspberry","17":"pa_flavor-double-apple","18":"pa_flavor-energy-drink","19":"pa_flavor-love-66","20":"pa_flavor-mango-peach","21":"pa_flavor-peach-ice","22":"pa_flavor-strawberry-kiwi","23":"pa_flavor-strawberry-watermelon","24":"pa_flavor-triple-berry","25":"pa_flavor-watermelon","26":"pa_nicotine-0-percent","27":"pa_nicotine-2-percent","28":"pa_nicotine-3-percent","29":"pa_nicotine-5-percent","30":"pa_puffs-40000-puffs","31":"pa_rechargeable-yes","32":"pa_selling-type-micro-wholesale","34":"first","35":"instock","36":"shipping-taxable","37":"purchasable","38":"product-type-variable"},"wcpa_form_fields":null,"_links":{"self":[{"href":"https:\/\/www.spacexvape.com\/it\/wp-json\/wp\/v2\/product\/8690","targetHints":{"allow":["GET"]}}],"collection":[{"href":"https:\/\/www.spacexvape.com\/it\/wp-json\/wp\/v2\/product"}],"about":[{"href":"https:\/\/www.spacexvape.com\/it\/wp-json\/wp\/v2\/types\/product"}],"replies":[{"embeddable":true,"href":"https:\/\/www.spacexvape.com\/it\/wp-json\/wp\/v2\/comments?post=8690"}],"wp:featuredmedia":[{"embeddable":true,"href":"https:\/\/www.spacexvape.com\/it\/wp-json\/wp\/v2\/media\/8945"}],"wp:attachment":[{"href":"https:\/\/www.spacexvape.com\/it\/wp-json\/wp\/v2\/media?parent=8690"}],"wp:term":[{"taxonomy":"product_brand","embeddable":true,"href":"https:\/\/www.spacexvape.com\/it\/wp-json\/wp\/v2\/product_brand?post=8690"},{"taxonomy":"product_cat","embeddable":true,"href":"https:\/\/www.spacexvape.com\/it\/wp-json\/wp\/v2\/product_cat?post=8690"},{"taxonomy":"product_tag","embeddable":true,"href":"https:\/\/www.spacexvape.com\/it\/wp-json\/wp\/v2\/product_tag?post=8690"}],"curies":[{"name":"wp","href":"https:\/\/api.w.org\/{rel}","templated":true}]}}