{"id":1185,"date":"2025-02-05T06:11:29","date_gmt":"2025-02-05T06:11:29","guid":{"rendered":"https:\/\/www.spacexvape.com\/?post_type=product&#038;p=1185"},"modified":"2026-04-09T15:46:26","modified_gmt":"2026-04-09T07:46:26","slug":"jnr-alien-10000-puffs-disposable-vape","status":"publish","type":"product","link":"https:\/\/www.spacexvape.com\/pl\/produkt\/jnr-alien-10000-puffow-jednorazowy-vape","title":{"rendered":"JNR Alien 10000 Puffs Vape jednorazowego u\u017cytku"},"content":{"rendered":"<p>The <a title=\"JNR\" href=\"https:\/\/www.spacexvape.com\/pl\/brand\/jnr\/\">JNR<\/a> Jednorazowy waporyzator Alien 10000 Puffs zapewnia p\u0142ynne zaci\u0105ganie si\u0119 i bogat\u0105 par\u0119 dzi\u0119ki cewce 1,2\u03a9 i imponuj\u0105cej pojemno\u015bci oko\u0142o 10 000 zaci\u0105gni\u0119\u0107, zasilanej bateri\u0105 850 mAh. Jest on fabrycznie nape\u0142niony 20 ml e-liquidu, oferuj\u0105c opcje od orze\u017awiaj\u0105cego lodu po pyszne owoce. Wygodny port \u0142adowania typu C zapewnia szybkie i bezproblemowe \u0142adowanie.<\/p>\n<p data-start=\"1087\" data-end=\"1414\">Stworzony z my\u015bl\u0105 o wygodzie, ten jednorazowy vape jest wst\u0119pnie nape\u0142niony, wst\u0119pnie na\u0142adowany i gotowy do u\u017cycia, co czyni go idealnym wyborem zar\u00f3wno dla pocz\u0105tkuj\u0105cych, jak i do\u015bwiadczonych vaper\u00f3w. Jego elegancka, ergonomiczna konstrukcja wygodnie le\u017cy w d\u0142oni, a r\u00f3\u017cnorodno\u015b\u0107 dost\u0119pnych opcji zapewnia, \u017ce ka\u017cdy znajdzie co\u015b dla siebie.<\/p>\n<p>JNR Alien 10000 Puffs Disposable, certyfikowany przez CE, ROHS i FCC, jest \u015bwiadectwem jako\u015bci i bezpiecze\u0144stwa. Niezale\u017cnie od tego, czy jeste\u015b nowicjuszem w wapowaniu, czy do\u015bwiadczonym profesjonalist\u0105, jednorazowy vape Pen 10000 Puffs jest idealnym towarzyszem niezr\u00f3wnanej podr\u00f3\u017cy vapingowej.<\/p>\n<h2>\u00a0Specyfikacja JNR Ailen 10000 Puffs jednorazowego u\u017cytku Vape<\/h2>\n<ul>\n<li>Rezystancja cewki: 1,2\u03a9<\/li>\n<li>E-liquid: 20 ml<\/li>\n<li>Bateria: 850 mAh<\/li>\n<li>nikotyna: 2% i 5%<\/li>\n<li>Marka i model: JNR Alien<\/li>\n<li>Puffs: 10,000 Puffs<\/li>\n<\/ul>\n<h2>Lista opcji<\/h2>\n<ol>\n<li>\n<div data-slate-node=\"element\"><span data-slate-node=\"text\">Blue Razz Cherry<\/span><\/div>\n<\/li>\n<li>\n<div data-slate-node=\"element\"><span data-slate-node=\"text\">Jagoda Wi\u015bnia \u017burawina<\/span><\/div>\n<\/li>\n<li>\n<div data-slate-node=\"element\"><span data-slate-node=\"text\">L\u00f3d truskawkowy<\/span><\/div>\n<\/li>\n<li>\n<div data-slate-node=\"element\"><span data-slate-node=\"text\">Mixed Berry<\/span><\/div>\n<\/li>\n<li>\n<div data-slate-node=\"element\"><span data-slate-node=\"text\">Arbuzowy l\u00f3d<\/span><\/div>\n<\/li>\n<li>\n<div data-slate-node=\"element\"><span data-slate-node=\"text\">Peach Berry<\/span><\/div>\n<\/li>\n<li>\n<div data-slate-node=\"element\"><span data-slate-node=\"text\">L\u00f3d brzoskwiniowy<\/span><\/div>\n<\/li>\n<li>\n<div data-slate-node=\"element\"><span data-slate-node=\"text\">Brzoskwinia Mango Ananas<\/span><\/div>\n<\/li>\n<li>\n<div data-slate-node=\"element\"><span data-slate-node=\"text\">Blue Razz Cherry<\/span><\/div>\n<\/li>\n<li>\n<div data-slate-node=\"element\"><span data-slate-node=\"text\">Jagoda na lodzie<\/span><\/div>\n<\/li>\n<li>\n<div data-slate-node=\"element\"><span data-slate-node=\"text\">Arbuz malinowy<\/span><\/div>\n<\/li>\n<li>\n<div data-slate-node=\"element\"><span data-slate-node=\"text\">Banan truskawkowy<\/span><\/div>\n<\/li>\n<li>\n<div data-slate-node=\"element\"><span data-slate-node=\"text\">Podw\u00f3jne jab\u0142ko<\/span><\/div>\n<\/li>\n<li>\n<div data-slate-node=\"element\"><span data-slate-node=\"text\">Cherry Berry<\/span><\/div>\n<\/li>\n<li>\n<div data-slate-node=\"element\"><span data-slate-node=\"text\">Truskawkowy l\u00f3d arbuzowy<\/span><\/div>\n<\/li>\n<li>\n<div data-slate-node=\"element\"><span data-slate-node=\"text\">Truskawkowa Pina Colada<\/span><\/div>\n<\/li>\n<li>\n<div data-slate-node=\"element\"><span data-slate-node=\"text\">L\u00f3d truskawkowy<\/span><\/div>\n<\/li>\n<li>\n<div data-slate-node=\"element\"><span data-slate-node=\"text\">Arbuzowa guma balonowa<\/span><\/div>\n<\/li>\n<li>\n<div data-slate-node=\"element\"><span data-slate-node=\"text\">Blueberry Bubblegum<\/span><\/div>\n<\/li>\n<li>\n<div data-slate-node=\"element\"><span data-slate-node=\"text\">Gummy Bear<\/span><\/div>\n<\/li>\n<li>\n<div data-slate-node=\"element\"><span data-slate-node=\"text\">Kwa\u015bna malina z jagodami<\/span><\/div>\n<\/li>\n<\/ol>\n<h2>Lista pakowania<\/h2>\n<p>1*JNR Alien 10,000 Puffs Vapes jednorazowego u\u017cytku<\/p>\n<p>&nbsp;<\/p>\n<figure id=\"attachment_1251\" aria-describedby=\"caption-attachment-1251\" style=\"width: 800px\" class=\"wp-caption alignnone\"><img decoding=\"async\" class=\"size-full wp-image-1251\" title=\"JNR Alien 10000 Sour Apple\" src=\"https:\/\/www.spacexvape.com\/wp-content\/uploads\/2025\/01\/JNR-Alien-10000-Sour-Apple.webp\" alt=\"JNR Alien 10000 Sour Apple\" width=\"800\" height=\"800\" srcset=\"https:\/\/www.spacexvape.com\/wp-content\/uploads\/2025\/01\/JNR-Alien-10000-Sour-Apple.webp 800w, https:\/\/www.spacexvape.com\/wp-content\/uploads\/2025\/01\/JNR-Alien-10000-Sour-Apple-247x247.webp 247w, https:\/\/www.spacexvape.com\/wp-content\/uploads\/2025\/01\/JNR-Alien-10000-Sour-Apple-100x100.webp 100w, https:\/\/www.spacexvape.com\/wp-content\/uploads\/2025\/01\/JNR-Alien-10000-Sour-Apple-510x510.webp 510w, https:\/\/www.spacexvape.com\/wp-content\/uploads\/2025\/01\/JNR-Alien-10000-Sour-Apple-300x300.webp 300w, https:\/\/www.spacexvape.com\/wp-content\/uploads\/2025\/01\/JNR-Alien-10000-Sour-Apple-150x150.webp 150w, https:\/\/www.spacexvape.com\/wp-content\/uploads\/2025\/01\/JNR-Alien-10000-Sour-Apple-768x768.webp 768w, https:\/\/www.spacexvape.com\/wp-content\/uploads\/2025\/01\/JNR-Alien-10000-Sour-Apple-96x96.webp 96w\" sizes=\"(max-width: 800px) 100vw, 800px\" \/><figcaption id=\"caption-attachment-1251\" class=\"wp-caption-text\">JNR Alien 10000 Sour Apple<\/figcaption><\/figure>\n<p>&nbsp;<\/p>\n<p>&nbsp;<\/p>","protected":false},"excerpt":{"rendered":"<p>JNR Alien 10000 \/ 2% i 5% nikotyna \/ akumulator 850 mAh \/ 20 ml e-liquidu \/ 10000 zaci\u0105gni\u0119\u0107 \/ magazyn europejski<\/p>","protected":false},"featured_media":1241,"comment_status":"open","ping_status":"closed","template":"","meta":[],"product_brand":[535],"product_cat":[15],"product_tag":[503,556,549],"class_list":{"0":"post-1185","1":"product","2":"type-product","3":"status-publish","4":"has-post-thumbnail","6":"product_brand-jnr","7":"product_cat-disposable-vapes","8":"product_tag-10000-puffs","9":"product_tag-20ml","10":"product_tag-850mah","11":"product_shipping_class-china-warehouse-wholesale","12":"pa_battery-850mah","13":"pa_e-liquid-20ml","14":"pa_nicotine-2-percent","15":"pa_puffs-10000-puffs","16":"pa_rechargeable-yes","18":"first","19":"instock","20":"shipping-taxable","21":"purchasable","22":"product-type-variable"},"wcpa_form_fields":null,"_links":{"self":[{"href":"https:\/\/www.spacexvape.com\/pl\/wp-json\/wp\/v2\/product\/1185","targetHints":{"allow":["GET"]}}],"collection":[{"href":"https:\/\/www.spacexvape.com\/pl\/wp-json\/wp\/v2\/product"}],"about":[{"href":"https:\/\/www.spacexvape.com\/pl\/wp-json\/wp\/v2\/types\/product"}],"replies":[{"embeddable":true,"href":"https:\/\/www.spacexvape.com\/pl\/wp-json\/wp\/v2\/comments?post=1185"}],"wp:featuredmedia":[{"embeddable":true,"href":"https:\/\/www.spacexvape.com\/pl\/wp-json\/wp\/v2\/media\/1241"}],"wp:attachment":[{"href":"https:\/\/www.spacexvape.com\/pl\/wp-json\/wp\/v2\/media?parent=1185"}],"wp:term":[{"taxonomy":"product_brand","embeddable":true,"href":"https:\/\/www.spacexvape.com\/pl\/wp-json\/wp\/v2\/product_brand?post=1185"},{"taxonomy":"product_cat","embeddable":true,"href":"https:\/\/www.spacexvape.com\/pl\/wp-json\/wp\/v2\/product_cat?post=1185"},{"taxonomy":"product_tag","embeddable":true,"href":"https:\/\/www.spacexvape.com\/pl\/wp-json\/wp\/v2\/product_tag?post=1185"}],"curies":[{"name":"wp","href":"https:\/\/api.w.org\/{rel}","templated":true}]}}