{"id":13889,"date":"2025-10-25T14:04:29","date_gmt":"2025-10-25T06:04:29","guid":{"rendered":"https:\/\/www.spacexvape.com\/?post_type=product&#038;p=13889"},"modified":"2025-11-05T10:57:30","modified_gmt":"2025-11-05T02:57:30","slug":"jnr-rage-gorilla-55000-puffs-disposable-vape-wholesale","status":"publish","type":"product","link":"https:\/\/www.spacexvape.com\/pl\/produkt\/jnr-rage-gorilla-55000-puffow-jednorazowych-vape-hurtowo","title":{"rendered":"JNR Rage Gorilla 55000 Puffs Jednorazowy Vape Hurtownia"},"content":{"rendered":"<p data-slate-node=\"element\">The <a title=\"JNR\" href=\"https:\/\/www.spacexvape.com\/pl\/brand\/jnr\/\" target=\"_blank\" rel=\"noopener\">JNR<\/a> Rage Gorilla 55000 wyznacza nowy standard w technologii waporyzacji jednorazowej, zapewniaj\u0105c zdumiewaj\u0105c\u0105 liczb\u0119 55 000 zaci\u0105gni\u0119\u0107 z jednego urz\u0105dzenia. Zaprojektowany dla vaper\u00f3w, kt\u00f3rzy wymagaj\u0105 zar\u00f3wno d\u0142ugowieczno\u015bci, jak i sp\u00f3jno\u015bci smaku, oferuje bezproblemowe wra\u017cenia bez konieczno\u015bci uzupe\u0142niania lub cz\u0119stej wymiany. Niezale\u017cnie od tego, czy jeste\u015b zwyk\u0142ym u\u017cytkownikiem, czy do\u015bwiadczonym entuzjast\u0105, ten pot\u0119\u017cny produkt zapewnia nieprzerwan\u0105 satysfakcj\u0119.<\/p>\n<p data-slate-node=\"element\">Zasilany akumulatorem 950 mAh z szybkim \u0142adowaniem typu C, Rage Gorilla gwarantuje godziny ci\u0105g\u0142ego waporyzowania. System podw\u00f3jnych cewek siatkowych sprawia, \u017ce ka\u017cde zaci\u0105gni\u0119cie jest bogate, g\u0142adkie i pe\u0142ne smaku. Du\u017ca pojemno\u015b\u0107 42 ml wst\u0119pnie nape\u0142nionego e-liquidu minimalizuje przestoje, a inteligentny wy\u015bwietlacz informuje o poziomie na\u0142adowania baterii, stanie e-liquidu i liczbie zaci\u0105gni\u0119\u0107.<\/p>\n<p data-slate-node=\"element\">Elegancka przezroczysta konstrukcja w stylu kryszta\u0142u nie tylko wygl\u0105da osza\u0142amiaj\u0105co, ale tak\u017ce prezentuje kunszt wykonania. Wypalanie aktywowane przeci\u0105ganiem sprawia, \u017ce jest on niezwykle \u0142atwy w u\u017cyciu - po prostu wdychaj, aby cieszy\u0107 si\u0119 smakiem. Wst\u0119pnie nape\u0142niony i na\u0142adowany JNR Rage Gorilla 55K jest gotowy do u\u017cycia zaraz po wyj\u0119ciu z pude\u0142ka. To co\u015b wi\u0119cej ni\u017c tylko jednorazowy waporyzator; to wyrazisty element \u0142\u0105cz\u0105cy trwa\u0142o\u015b\u0107, wydajno\u015b\u0107 i styl w jednym.<\/p>\n<h2 data-slate-node=\"element\">JNR Rage Gorilla 55000 Puffs Jednorazowa specyfikacja Vape<\/h2>\n<p>Opcje mocy nikotyny: 2% nikotyna<br \/>\nPojemno\u015b\u0107 dmuchawy: 55000 dmuchni\u0119\u0107<br \/>\nPojemno\u015b\u0107 e-liquidu: 42 ml<br \/>\nCewka z podw\u00f3jn\u0105 siatk\u0105<br \/>\nBateria: Akumulator o pojemno\u015bci 950 mAh<br \/>\n\u0141adowarka: Szybkie \u0142adowanie typu C<\/p>\n<h2 data-slate-node=\"element\">Lista smak\u00f3w<\/h2>\n<ol>\n<li>L\u00f3d truskawkowy<\/li>\n<li>Cherry Cola<\/li>\n<li>Arbuzowy l\u00f3d<\/li>\n<li>Blue Razz Cherry<\/li>\n<li>Truskawka Kiwi<\/li>\n<li>Jagoda Malina Wi\u015bnia<\/li>\n<li>Truskawkowy l\u00f3d arbuzowy<\/li>\n<li>Kiwi Watermelon Ic<\/li>\n<li>Jagody mieszane<\/li>\n<li>Soczyste brzoskwinie<\/li>\n<li>L\u00f3d jagodowy<\/li>\n<li>Blueberry Sour Raspberry<\/li>\n<li>White Peach Razz<\/li>\n<li>Mango Passion Fruit<\/li>\n<li>Brzoskwinia Mango Arbuz<\/li>\n<li>Arbuz Bubblegum<\/li>\n<li>Banan truskawkowy<\/li>\n<li>Podw\u00f3jne jab\u0142ko<\/li>\n<li>Kiwi Passion Guava<\/li>\n<li>Cherry Berry<\/li>\n<\/ol>\n<h2 data-slate-node=\"element\">Lista pakowania<\/h2>\n<p>10*JNR JNR Rage Gorillac 55000 Puffs jednorazowe Vape<\/p>\n<figure id=\"attachment_13905\" aria-describedby=\"caption-attachment-13905\" style=\"width: 800px\" class=\"wp-caption alignnone\"><img decoding=\"async\" class=\"size-full wp-image-13905\" src=\"https:\/\/www.spacexvape.com\/wp-content\/uploads\/2025\/10\/Jnr-Rage-Gorilla-55k-Puffs-Strawberry-Watermelon-Icex.webp\" alt=\"Jnr Rage Gorilla 55k Puffs Strawberry Watermelon Icex\" width=\"800\" height=\"800\" title=\"\" srcset=\"https:\/\/www.spacexvape.com\/wp-content\/uploads\/2025\/10\/Jnr-Rage-Gorilla-55k-Puffs-Strawberry-Watermelon-Icex.webp 800w, https:\/\/www.spacexvape.com\/wp-content\/uploads\/2025\/10\/Jnr-Rage-Gorilla-55k-Puffs-Strawberry-Watermelon-Icex-300x300.webp 300w, https:\/\/www.spacexvape.com\/wp-content\/uploads\/2025\/10\/Jnr-Rage-Gorilla-55k-Puffs-Strawberry-Watermelon-Icex-150x150.webp 150w, https:\/\/www.spacexvape.com\/wp-content\/uploads\/2025\/10\/Jnr-Rage-Gorilla-55k-Puffs-Strawberry-Watermelon-Icex-768x768.webp 768w, https:\/\/www.spacexvape.com\/wp-content\/uploads\/2025\/10\/Jnr-Rage-Gorilla-55k-Puffs-Strawberry-Watermelon-Icex-12x12.webp 12w, https:\/\/www.spacexvape.com\/wp-content\/uploads\/2025\/10\/Jnr-Rage-Gorilla-55k-Puffs-Strawberry-Watermelon-Icex-247x247.webp 247w, https:\/\/www.spacexvape.com\/wp-content\/uploads\/2025\/10\/Jnr-Rage-Gorilla-55k-Puffs-Strawberry-Watermelon-Icex-510x510.webp 510w, https:\/\/www.spacexvape.com\/wp-content\/uploads\/2025\/10\/Jnr-Rage-Gorilla-55k-Puffs-Strawberry-Watermelon-Icex-100x100.webp 100w\" sizes=\"(max-width: 800px) 100vw, 800px\" \/><figcaption id=\"caption-attachment-13905\" class=\"wp-caption-text\">Jnr Rage Gorilla 55k Puffs Strawberry Watermelon Icex<\/figcaption><\/figure>","protected":false},"excerpt":{"rendered":"<p>JNR Rage Gorilla 55000 Puff\u00f3w \/ 2% Nikotyna \/ Akumulator 950mAh \/ Pojemno\u015b\u0107 E-liquidu: 42ml \/ 60,000 Puff\u00f3w \/ Magazyn w Chinach<\/p>","protected":false},"featured_media":13934,"comment_status":"open","ping_status":"closed","template":"","meta":[],"product_brand":[535],"product_cat":[15],"product_tag":[],"class_list":{"0":"post-13889","1":"product","2":"type-product","3":"status-publish","4":"has-post-thumbnail","6":"product_brand-jnr","7":"product_cat-disposable-vapes","8":"pa_battery-950mah","9":"pa_e-liquid-42ml","10":"pa_nicotine-2-percent","11":"pa_puffs-55000-puffs","12":"pa_rechargeable-yes","13":"pa_selling-type-wholesale","15":"first","16":"instock","17":"shipping-taxable","18":"purchasable","19":"product-type-variable"},"wcpa_form_fields":null,"_links":{"self":[{"href":"https:\/\/www.spacexvape.com\/pl\/wp-json\/wp\/v2\/product\/13889","targetHints":{"allow":["GET"]}}],"collection":[{"href":"https:\/\/www.spacexvape.com\/pl\/wp-json\/wp\/v2\/product"}],"about":[{"href":"https:\/\/www.spacexvape.com\/pl\/wp-json\/wp\/v2\/types\/product"}],"replies":[{"embeddable":true,"href":"https:\/\/www.spacexvape.com\/pl\/wp-json\/wp\/v2\/comments?post=13889"}],"wp:featuredmedia":[{"embeddable":true,"href":"https:\/\/www.spacexvape.com\/pl\/wp-json\/wp\/v2\/media\/13934"}],"wp:attachment":[{"href":"https:\/\/www.spacexvape.com\/pl\/wp-json\/wp\/v2\/media?parent=13889"}],"wp:term":[{"taxonomy":"product_brand","embeddable":true,"href":"https:\/\/www.spacexvape.com\/pl\/wp-json\/wp\/v2\/product_brand?post=13889"},{"taxonomy":"product_cat","embeddable":true,"href":"https:\/\/www.spacexvape.com\/pl\/wp-json\/wp\/v2\/product_cat?post=13889"},{"taxonomy":"product_tag","embeddable":true,"href":"https:\/\/www.spacexvape.com\/pl\/wp-json\/wp\/v2\/product_tag?post=13889"}],"curies":[{"name":"wp","href":"https:\/\/api.w.org\/{rel}","templated":true}]}}