{"id":1612,"date":"2025-02-20T12:13:19","date_gmt":"2025-02-20T12:13:19","guid":{"rendered":"https:\/\/www.spacexvape.com\/?post_type=product&#038;p=1612"},"modified":"2026-03-18T09:46:14","modified_gmt":"2026-03-18T01:46:14","slug":"fumot-digital-box-12000-puffs-disposable-vape","status":"publish","type":"product","link":"https:\/\/www.spacexvape.com\/pl\/produkt\/fumot-digital-box-12000-puff-jednorazowy-vape","title":{"rendered":"Fumot Digital Box 12000 puff\u00f3w jednorazowego u\u017cytku Vape"},"content":{"rendered":"<p>The <a title=\"Fumot\" href=\"https:\/\/www.spacexvape.com\/pl\/brand\/fumot\/\">Fumot<\/a> Digital Box 12000 Puffs jednorazowy Vape to wysokowydajny jednorazowy vape zaprojektowany dla u\u017cytkownik\u00f3w poszukuj\u0105cych d\u0142ugowieczno\u015bci i wygody. Dzi\u0119ki unikalnemu i stylowemu designowi, urz\u0105dzenie to wyr\u00f3\u017cnia si\u0119 zar\u00f3wno wygl\u0105dem, jak i funkcjonalno\u015bci\u0105. Wbudowany ekran LED wy\u015bwietla \u017cywotno\u015b\u0107 baterii, dzi\u0119ki czemu zawsze jeste\u015b na bie\u017c\u0105co i nigdy nie zostaniesz zaskoczony.<\/p>\n<p>Fumot Digital Box 12000 oferuje imponuj\u0105c\u0105 pojemno\u015b\u0107 12000 zaci\u0105gni\u0119\u0107, dzi\u0119ki czemu urz\u0105dzenie to jest idealne do d\u0142u\u017cszych sesji wapowania bez konieczno\u015bci cz\u0119stej wymiany. Pojemno\u015b\u0107 20 ml e-liquidu zapewnia p\u0142ynne, sp\u00f3jne opcje od pocz\u0105tku do ko\u0144ca, co czyni go idealnym wyborem dla entuzjast\u00f3w waporyzacji.<\/p>\n<p>Fumot Digital Box 12000 jest idealny dla vaper\u00f3w poszukuj\u0105cych rozszerzonych, wysokiej jako\u015bci wra\u017ce\u0144, a akumulator 500 mAh i \u0142adowanie przez USB typu C zapewniaj\u0105 zwi\u0119kszon\u0105 wygod\u0119 i wydajno\u015b\u0107.<\/p>\n<h2>Specyfikacja Fumot Digital Box 12000 Puffs jednorazowego u\u017cytku Vape<\/h2>\n<ul>\n<li>Marka i model: Fumot Digital Box<\/li>\n<li>Wsparcie Puffs: Do 12 000<\/li>\n<li>E-liquid: 20 ml<\/li>\n<li>Cewka z trzema oczkami: 0,8\u03a9<\/li>\n<li>Akumulator 500 mAh<\/li>\n<li>Nikotyna: 2% i 5%<\/li>\n<li>USB typu C (kabel nie wchodzi w sk\u0142ad zestawu)<\/li>\n<\/ul>\n<h2>Lista opcji<\/h2>\n<ol>\n<li>Cool Mint<\/li>\n<li>Arbuzowy l\u00f3d<\/li>\n<li>Bor\u00f3wka Malina<\/li>\n<li>Arbuz truskawkowy<\/li>\n<li>Banan truskawkowy<\/li>\n<li>Lush Ice<\/li>\n<li>Wi\u015bnia<\/li>\n<li>L\u00f3d truskawkowy<\/li>\n<li>Ice Pop<\/li>\n<li>R\u00f3\u017cowa Lemoniada<\/li>\n<li>Mango na lodzie<\/li>\n<li>Jagody mieszane<\/li>\n<li>Winogrono truskawkowe<\/li>\n<li>Cherry Cola<\/li>\n<li>Dr Blue<\/li>\n<li>Jagoda na lodzie<\/li>\n<li>Kiwi Passion Fruit Guava<\/li>\n<li>Truskawka Kiwi<\/li>\n<li>Brzoskwinia Mango<\/li>\n<li>L\u00f3d brzoskwiniowy<\/li>\n<li>Blueberry Bubblegum<\/li>\n<li>Lemoniada jagodowa<\/li>\n<li>Lemoniada Blue Razz<\/li>\n<li>Bluesour Raspberry<\/li>\n<li>Truskawkowy Red Bull<\/li>\n<li>Arbuzowa guma balonowa<\/li>\n<li>Arbuz malinowy<\/li>\n<li>Czarny l\u00f3d<\/li>\n<li>Jagoda Wi\u015bnia \u017burawina<\/li>\n<li>Strawberry Pomp (Granat)<\/li>\n<li>Vimto<\/li>\n<li>Cherry Berry<\/li>\n<li>Cytryna i limonka<\/li>\n<li>Bingo Crush<\/li>\n<li>Jagoda Kiwi<\/li>\n<li>L\u00f3d bananowy<\/li>\n<li>Dragonfruit Ice<\/li>\n<li>Fruity Fusion<\/li>\n<li>Love 66<\/li>\n<li>L\u00f3d ananasowy<\/li>\n<li>Dwa jab\u0142ka<\/li>\n<\/ol>\n<h2>Lista pakowania<\/h2>\n<p>1*Digital Box 12,000 puff\u00f3w jednorazowego u\u017cytku Vape<\/p>\n<figure id=\"attachment_4420\" aria-describedby=\"caption-attachment-4420\" style=\"width: 800px\" class=\"wp-caption alignnone\"><img decoding=\"async\" class=\"size-full wp-image-4420\" title=\"Fumot Digital Box 12000 Lush Ice\" src=\"https:\/\/www.spacexvape.com\/wp-content\/uploads\/2025\/04\/Fumot-Digital-Box-12000-Lush-Ice.webp\" alt=\"Fumot Digital Box 12000 Lush Ice\" width=\"800\" height=\"800\" srcset=\"https:\/\/www.spacexvape.com\/wp-content\/uploads\/2025\/04\/Fumot-Digital-Box-12000-Lush-Ice.webp 800w, https:\/\/www.spacexvape.com\/wp-content\/uploads\/2025\/04\/Fumot-Digital-Box-12000-Lush-Ice-247x247.webp 247w, https:\/\/www.spacexvape.com\/wp-content\/uploads\/2025\/04\/Fumot-Digital-Box-12000-Lush-Ice-100x100.webp 100w, https:\/\/www.spacexvape.com\/wp-content\/uploads\/2025\/04\/Fumot-Digital-Box-12000-Lush-Ice-510x510.webp 510w, https:\/\/www.spacexvape.com\/wp-content\/uploads\/2025\/04\/Fumot-Digital-Box-12000-Lush-Ice-300x300.webp 300w, https:\/\/www.spacexvape.com\/wp-content\/uploads\/2025\/04\/Fumot-Digital-Box-12000-Lush-Ice-150x150.webp 150w, https:\/\/www.spacexvape.com\/wp-content\/uploads\/2025\/04\/Fumot-Digital-Box-12000-Lush-Ice-768x768.webp 768w, https:\/\/www.spacexvape.com\/wp-content\/uploads\/2025\/04\/Fumot-Digital-Box-12000-Lush-Ice-12x12.webp 12w, https:\/\/www.spacexvape.com\/wp-content\/uploads\/2025\/04\/Fumot-Digital-Box-12000-Lush-Ice-96x96.webp 96w\" sizes=\"(max-width: 800px) 100vw, 800px\" \/><figcaption id=\"caption-attachment-4420\" class=\"wp-caption-text\">Fumot Digital Box 12000 Lush Ice<\/figcaption><\/figure>","protected":false},"excerpt":{"rendered":"<p>Fumot Digital Box 12000\/ 2% nikotyna\/ akumulator 500mAh\/ 20ml ejuice\/ 12,000 Puff\u00f3w<\/p>","protected":false},"featured_media":4429,"comment_status":"open","ping_status":"closed","template":"","meta":[],"product_brand":[538],"product_cat":[15],"product_tag":[504,556,561],"class_list":{"0":"post-1612","1":"product","2":"type-product","3":"status-publish","4":"has-post-thumbnail","6":"product_brand-fumot","7":"product_cat-disposable-vapes","8":"product_tag-12000-puffs","9":"product_tag-20ml","10":"product_tag-500mah","11":"product_shipping_class-europe-warehouse-retail","12":"pa_battery-500mah","13":"pa_e-liquid-20ml","14":"pa_nicotine-2-percent","15":"pa_puffs-12000-puffs","16":"pa_rechargeable-yes","17":"pa_selling-type-retail","19":"first","20":"instock","21":"featured","22":"shipping-taxable","23":"purchasable","24":"product-type-variable"},"wcpa_form_fields":null,"_links":{"self":[{"href":"https:\/\/www.spacexvape.com\/pl\/wp-json\/wp\/v2\/product\/1612","targetHints":{"allow":["GET"]}}],"collection":[{"href":"https:\/\/www.spacexvape.com\/pl\/wp-json\/wp\/v2\/product"}],"about":[{"href":"https:\/\/www.spacexvape.com\/pl\/wp-json\/wp\/v2\/types\/product"}],"replies":[{"embeddable":true,"href":"https:\/\/www.spacexvape.com\/pl\/wp-json\/wp\/v2\/comments?post=1612"}],"wp:featuredmedia":[{"embeddable":true,"href":"https:\/\/www.spacexvape.com\/pl\/wp-json\/wp\/v2\/media\/4429"}],"wp:attachment":[{"href":"https:\/\/www.spacexvape.com\/pl\/wp-json\/wp\/v2\/media?parent=1612"}],"wp:term":[{"taxonomy":"product_brand","embeddable":true,"href":"https:\/\/www.spacexvape.com\/pl\/wp-json\/wp\/v2\/product_brand?post=1612"},{"taxonomy":"product_cat","embeddable":true,"href":"https:\/\/www.spacexvape.com\/pl\/wp-json\/wp\/v2\/product_cat?post=1612"},{"taxonomy":"product_tag","embeddable":true,"href":"https:\/\/www.spacexvape.com\/pl\/wp-json\/wp\/v2\/product_tag?post=1612"}],"curies":[{"name":"wp","href":"https:\/\/api.w.org\/{rel}","templated":true}]}}