{"id":1915,"date":"2025-02-24T09:57:19","date_gmt":"2025-02-24T09:57:19","guid":{"rendered":"https:\/\/www.spacexvape.com\/?post_type=product&#038;p=1915"},"modified":"2026-04-01T11:46:49","modified_gmt":"2026-04-01T03:46:49","slug":"fumot-tornado-30k-music-disposable-vape","status":"publish","type":"product","link":"https:\/\/www.spacexvape.com\/pl\/produkt\/fumot-tornado-30k-music-jednorazowy-vape","title":{"rendered":"Fumot Tornado 30K Music Vape jednorazowego u\u017cytku"},"content":{"rendered":"<p>The <a title=\"Fumot\" href=\"https:\/\/www.spacexvape.com\/pl\/brand\/fumot\/\">Fumot<\/a> Tornado 30K Music zosta\u0142 zaprojektowany dla tych, kt\u00f3rzy wymagaj\u0105 najwy\u017cszej jako\u015bci wra\u017ce\u0144 z waporyzacji. Dzi\u0119ki imponuj\u0105cej pojemno\u015bci 30 tys. zaci\u0105gni\u0119\u0107 i 30 ml wst\u0119pnie nape\u0142nionego e-liquidu, oferuje on d\u0142ugotrwa\u0142\u0105 satysfakcj\u0119 przy minimalnej liczbie uzupe\u0142nie\u0144. Niezale\u017cnie od tego, czy preferujesz nikotyn\u0119 2% czy 5%, ten jednorazowy waporyzator zaspokaja twoje indywidualne potrzeby, zapewniaj\u0105c sp\u00f3jn\u0105, g\u0142adk\u0105 par\u0119 podczas ka\u017cdej sesji. Innowacyjna technologia cewki siatkowej (1,0 \u03a9) gwarantuje optymaln\u0105 wydajno\u015b\u0107, zapewniaj\u0105c bogat\u0105 i opcjonaln\u0105 par\u0119 za ka\u017cdym razem.<\/p>\n<p>Zaprojektowany z my\u015bl\u0105 o wygodzie, Fumot Tornado 30K Music jest wyposa\u017cony w akumulator o pojemno\u015bci 600 mAh, kt\u00f3ry zapewnia niezawodno\u015b\u0107 podczas d\u0142u\u017cszych sesji waporyzacji. Szybkie \u0142adowanie typu C zapewnia szybkie zasilanie urz\u0105dzenia, minimalizuj\u0105c przestoje i pozwalaj\u0105c na nieprzerwan\u0105 przyjemno\u015b\u0107. Ponadto, dzi\u0119ki 30 ekscytuj\u0105cym opcjom do wyboru, ten jednorazowy waporyzator spe\u0142nia wszystkie preferencje dotycz\u0105ce opcji, co czyni go idealnym wyborem dla tych, kt\u00f3rzy chc\u0105 zwi\u0119kszy\u0107 swoje wra\u017cenia z waporyzacji dzi\u0119ki r\u00f3\u017cnorodno\u015bci i stylowi.<\/p>\n<p>Nie tylko waporyzacja, ale i do\u015bwiadczenie. Fumot Tornado 30K Music jest wyposa\u017cony w \u015bwiat\u0142a LED, kt\u00f3re synchronizuj\u0105 si\u0119 z rytmem muzyki, oferuj\u0105c wizualnie osza\u0142amiaj\u0105c\u0105 i wci\u0105gaj\u0105c\u0105 podr\u00f3\u017c waporyzacyjn\u0105. Niezale\u017cnie od tego, czy si\u0119 relaksujesz, czy wychodzisz z przyjaci\u00f3\u0142mi, \u017cywe \u015bwiat\u0142a tworz\u0105 zabawn\u0105 i dynamiczn\u0105 atmosfer\u0119, podnosz\u0105c Twoje doznania poza sam smak. Ten jednorazowy waporyzator \u0142\u0105czy w sobie wydajno\u015b\u0107, innowacyjno\u015b\u0107 i estetyk\u0119, co czyni go idealnym wyborem dla os\u00f3b poszukuj\u0105cych zar\u00f3wno stylu, jak i tre\u015bci.<\/p>\n<h2>Specyfikacja jednorazowych urz\u0105dze\u0144 Vape Fumot Tornado 30K Music<\/h2>\n<ul>\n<li>Marka i model: Fumot Tornado 30K<\/li>\n<li>Wsparcie Puffs: Do 30 tys.<\/li>\n<li>E-liquid: 30 ml<\/li>\n<li>Rezystancja cewki: 1,0\u03a9<\/li>\n<li>\u015awiat\u0142a LED synchronizowane z muzyk\u0105<\/li>\n<li>Opcje nikotyny: 2% i 5%<\/li>\n<\/ul>\n<h2>Lista opcji<\/h2>\n<ol>\n<li>L\u00f3d bananowy<\/li>\n<li>Czarny l\u00f3d<\/li>\n<li>Blue Razz Ice<\/li>\n<li>Kwa\u015bna malina z jagodami<\/li>\n<li>Cherry Ice<\/li>\n<li>Cherry Cola<\/li>\n<li>Cola Ice<\/li>\n<li>Cool Mint<\/li>\n<li>Bor\u00f3wka Malina<\/li>\n<li>Podw\u00f3jne jab\u0142ko<\/li>\n<li>Dr Blue<\/li>\n<li>L\u00f3d winogronowy<\/li>\n<li>Jagoda na lodzie<\/li>\n<li>Ice Pop<\/li>\n<li>Kiwi Passion Fruit Guava<\/li>\n<li>Love 66<\/li>\n<li>Lush Ice<\/li>\n<li>Jagody mieszane<\/li>\n<li>Peach Berry<\/li>\n<li>L\u00f3d brzoskwiniowy<\/li>\n<li>L\u00f3d truskawkowy<\/li>\n<li>Peachy Mango Pineapple<\/li>\n<li>L\u00f3d ananasowy<\/li>\n<li>R\u00f3\u017cowa Lemoniada<\/li>\n<li>Kr\u0119gle<\/li>\n<li>Banan truskawkowy<\/li>\n<li>Arbuz truskawkowy<\/li>\n<li>Potr\u00f3jne Mango<\/li>\n<li>Vimto<\/li>\n<li>Winogrono truskawkowe<\/li>\n<\/ol>\n<h2>Lista pakowania<\/h2>\n<p>1*Fumot Tornado 30K Music Vape jednorazowego u\u017cytku<\/p>\n<figure id=\"attachment_4412\" aria-describedby=\"caption-attachment-4412\" style=\"width: 800px\" class=\"wp-caption alignnone\"><img decoding=\"async\" class=\"size-full wp-image-4412\" title=\"Fumot Tornado 30K Music Triple Mango\" src=\"https:\/\/www.spacexvape.com\/wp-content\/uploads\/2025\/04\/Fumot-Tornado-30K-Music-Triple-Mango.webp\" alt=\"Fumot Tornado 30K Music Triple Mango\" width=\"800\" height=\"800\" srcset=\"https:\/\/www.spacexvape.com\/wp-content\/uploads\/2025\/04\/Fumot-Tornado-30K-Music-Triple-Mango.webp 800w, https:\/\/www.spacexvape.com\/wp-content\/uploads\/2025\/04\/Fumot-Tornado-30K-Music-Triple-Mango-247x247.webp 247w, https:\/\/www.spacexvape.com\/wp-content\/uploads\/2025\/04\/Fumot-Tornado-30K-Music-Triple-Mango-100x100.webp 100w, https:\/\/www.spacexvape.com\/wp-content\/uploads\/2025\/04\/Fumot-Tornado-30K-Music-Triple-Mango-510x510.webp 510w, https:\/\/www.spacexvape.com\/wp-content\/uploads\/2025\/04\/Fumot-Tornado-30K-Music-Triple-Mango-300x300.webp 300w, https:\/\/www.spacexvape.com\/wp-content\/uploads\/2025\/04\/Fumot-Tornado-30K-Music-Triple-Mango-150x150.webp 150w, https:\/\/www.spacexvape.com\/wp-content\/uploads\/2025\/04\/Fumot-Tornado-30K-Music-Triple-Mango-768x768.webp 768w, https:\/\/www.spacexvape.com\/wp-content\/uploads\/2025\/04\/Fumot-Tornado-30K-Music-Triple-Mango-12x12.webp 12w, https:\/\/www.spacexvape.com\/wp-content\/uploads\/2025\/04\/Fumot-Tornado-30K-Music-Triple-Mango-96x96.webp 96w\" sizes=\"(max-width: 800px) 100vw, 800px\" \/><figcaption id=\"caption-attachment-4412\" class=\"wp-caption-text\">Fumot Tornado 30K Music Triple Mango<\/figcaption><\/figure>","protected":false},"excerpt":{"rendered":"<p>Fumot Tornado 30K Music\/ nikotyna 2%\/ akumulator 600mAh\/ 30ml E-liquidu\/ 30,000 zaci\u0105gni\u0119\u0107<\/p>","protected":false},"featured_media":4413,"comment_status":"open","ping_status":"closed","template":"","meta":[],"product_brand":[538],"product_cat":[15],"product_tag":[512,564,560],"class_list":{"0":"post-1915","1":"product","2":"type-product","3":"status-publish","4":"has-post-thumbnail","6":"product_brand-fumot","7":"product_cat-disposable-vapes","8":"product_tag-30000-puffs","9":"product_tag-30ml","10":"product_tag-600mah","11":"product_shipping_class-europe-warehouse-retail","12":"pa_battery-600mah","13":"pa_e-liquid-30ml","14":"pa_puffs-30000-puffs","15":"pa_rechargeable-yes","16":"pa_selling-type-retail","18":"first","19":"instock","20":"shipping-taxable","21":"purchasable","22":"product-type-variable"},"wcpa_form_fields":null,"_links":{"self":[{"href":"https:\/\/www.spacexvape.com\/pl\/wp-json\/wp\/v2\/product\/1915","targetHints":{"allow":["GET"]}}],"collection":[{"href":"https:\/\/www.spacexvape.com\/pl\/wp-json\/wp\/v2\/product"}],"about":[{"href":"https:\/\/www.spacexvape.com\/pl\/wp-json\/wp\/v2\/types\/product"}],"replies":[{"embeddable":true,"href":"https:\/\/www.spacexvape.com\/pl\/wp-json\/wp\/v2\/comments?post=1915"}],"wp:featuredmedia":[{"embeddable":true,"href":"https:\/\/www.spacexvape.com\/pl\/wp-json\/wp\/v2\/media\/4413"}],"wp:attachment":[{"href":"https:\/\/www.spacexvape.com\/pl\/wp-json\/wp\/v2\/media?parent=1915"}],"wp:term":[{"taxonomy":"product_brand","embeddable":true,"href":"https:\/\/www.spacexvape.com\/pl\/wp-json\/wp\/v2\/product_brand?post=1915"},{"taxonomy":"product_cat","embeddable":true,"href":"https:\/\/www.spacexvape.com\/pl\/wp-json\/wp\/v2\/product_cat?post=1915"},{"taxonomy":"product_tag","embeddable":true,"href":"https:\/\/www.spacexvape.com\/pl\/wp-json\/wp\/v2\/product_tag?post=1915"}],"curies":[{"name":"wp","href":"https:\/\/api.w.org\/{rel}","templated":true}]}}