{"id":2032,"date":"2025-02-26T02:17:36","date_gmt":"2025-02-26T02:17:36","guid":{"rendered":"https:\/\/www.spacexvape.com\/?post_type=product&#038;p=2032"},"modified":"2026-04-08T11:46:14","modified_gmt":"2026-04-08T03:46:14","slug":"jnr-falcon-x-18000-puffs-disposable-vape","status":"publish","type":"product","link":"https:\/\/www.spacexvape.com\/pl\/produkt\/jnr-falcon-x-18000-puffow-jednorazowy-vape","title":{"rendered":"JNR Falcon X 18000 Puffs jednorazowe Vape"},"content":{"rendered":"<p>The <a title=\"JNR\" href=\"https:\/\/www.spacexvape.com\/pl\/brand\/jnr\/\">JNR<\/a> Falcon X 18000 na nowo definiuje waporyzacj\u0119 jednorazow\u0105, oferuj\u0105c do 18 000 zaci\u0105gni\u0119\u0107, zapewniaj\u0105c d\u0142ugotrwa\u0142e i satysfakcjonuj\u0105ce doznania. Dzi\u0119ki akumulatorowi o pojemno\u015bci 950 mAh i szybkiemu \u0142adowaniu typu C zapewnia nieprzerwane u\u017cytkowanie i szybkie \u0142adowanie w razie potrzeby. Zaprojektowany z my\u015bl\u0105 o wygodzie i wydajno\u015bci, jest idealnym wyborem dla vaper\u00f3w poszukuj\u0105cych wra\u017ce\u0144 premium bez kompromis\u00f3w w zakresie jako\u015bci. Wystarczy 30 sekund.<\/p>\n<p>Wyposa\u017cony w podw\u00f3jn\u0105 cewk\u0119 siatkow\u0105 i system podw\u00f3jnego rdzenia, Falcon X 18000 zapewnia sp\u00f3jne, bogate opcje przy ka\u017cdym zaci\u0105gni\u0119ciu. Funkcja regulowanego przep\u0142ywu powietrza pozwala dostosowa\u0107 doznania podczas waporyzacji, niezale\u017cnie od tego, czy wolisz p\u0142ynne, \u0142agodne zaci\u0105gni\u0119cia, czy bardziej intensywne uderzenia. Cyfrowy wy\u015bwietlacz na bie\u017c\u0105co informuje o poziomie na\u0142adowania baterii i poziomu e-cieczy, zapewniaj\u0105c sta\u0142\u0105 kontrol\u0119 nad urz\u0105dzeniem.<\/p>\n<p>Dzi\u0119ki eleganckiej, ergonomicznej konstrukcji i zaawansowanym funkcjom, JNR Falcon X 18000 jest stworzony dla tych, kt\u00f3rzy ceni\u0105 sobie styl i funkcjonalno\u015b\u0107. Od trwa\u0142ej konstrukcji po d\u0142ugotrwa\u0142\u0105 wydajno\u015b\u0107, ten jednorazowy waporyzator jest idealny dla ka\u017cdego, kto szuka niezawodnego i bezproblemowego rozwi\u0105zania do waporyzacji z nowoczesnymi innowacjami.<\/p>\n<h2>JNR Falcon X 18000 Puffs Jednorazowa specyfikacja Vape<\/h2>\n<ul>\n<li>Marka i model: JNR Falcon X<\/li>\n<li>Wsparcie Puffs: Do 18 000<\/li>\n<li>E-liquid: 24 ml<\/li>\n<li>Typ cewki: Podw\u00f3jna cewka siatkowa<\/li>\n<li>Rezystancja cewki: 0.6\u03a9<\/li>\n<li>Crystal Craft Design<\/li>\n<li>Podw\u00f3jna cewka siatkowa i podw\u00f3jny rdze\u0144<\/li>\n<\/ul>\n<h2>Lista opcji<\/h2>\n<ol>\n<li>Bor\u00f3wka Malina<\/li>\n<li>Kiwi Watermelon Ice<\/li>\n<li>L\u00f3d winogronowy<\/li>\n<li>Truskawka Kiwi<\/li>\n<li>Truskawkowy l\u00f3d arbuzowy<\/li>\n<li>Arbuzowy l\u00f3d<\/li>\n<li>L\u00f3d truskawkowy<\/li>\n<li>Jagody mieszane<\/li>\n<li>L\u00f3d brzoskwiniowy<\/li>\n<li>Cherry Berry<\/li>\n<li>Banan truskawkowy<\/li>\n<li>Lemon Lime<\/li>\n<li>White Peach Razz<\/li>\n<li>Blue Razz Ice<\/li>\n<li>Cool Mint<\/li>\n<li>Arbuzowa guma balonowa<\/li>\n<li>L\u00f3d z kwa\u015bnego jab\u0142ka<\/li>\n<li>Gummy Bear<\/li>\n<li>Wiert\u0142a do jag\u00f3d<\/li>\n<li>Jagoda Malina Wi\u015bnia<\/li>\n<li>Jagoda Kiwi<\/li>\n<li>Passion Fruit Kiwi<\/li>\n<li>Blue Razz Cherry<\/li>\n<li>Wi\u015bniowy arbuz mro\u017cony<\/li>\n<li>L\u00f3d bananowy<\/li>\n<li>Kr\u0119gle<\/li>\n<li>Potr\u00f3jny melon<\/li>\n<li>Arbuz Liczi<\/li>\n<li>Cherry Cola<\/li>\n<li>Cherry Ice<\/li>\n<li>Musuj\u0105ca wi\u015bnia<\/li>\n<li>Arbuzowy Rooty Fizz<\/li>\n<li>Mus z niebieskiego kakao<\/li>\n<li>Pikantne owoce jagodowe<\/li>\n<li>Raspberry Rouge Gumdrop<\/li>\n<\/ol>\n<h2>Lista pakowania<\/h2>\n<p>1*JNR Falcon X 18000 Puffs jednorazowe Vape<\/p>\n<figure id=\"attachment_3048\" aria-describedby=\"caption-attachment-3048\" style=\"width: 800px\" class=\"wp-caption alignnone\"><img decoding=\"async\" class=\"size-full wp-image-3048\" title=\"JNR Falcon X 18000 White Peach Razz\" src=\"https:\/\/www.spacexvape.com\/wp-content\/uploads\/2025\/03\/JNR-Falcon-X-18000-White-Peach-Razz.webp\" alt=\"JNR Falcon X 18000 White Peach Razz\" width=\"800\" height=\"800\" srcset=\"https:\/\/www.spacexvape.com\/wp-content\/uploads\/2025\/03\/JNR-Falcon-X-18000-White-Peach-Razz.webp 800w, https:\/\/www.spacexvape.com\/wp-content\/uploads\/2025\/03\/JNR-Falcon-X-18000-White-Peach-Razz-247x247.webp 247w, https:\/\/www.spacexvape.com\/wp-content\/uploads\/2025\/03\/JNR-Falcon-X-18000-White-Peach-Razz-100x100.webp 100w, https:\/\/www.spacexvape.com\/wp-content\/uploads\/2025\/03\/JNR-Falcon-X-18000-White-Peach-Razz-510x510.webp 510w, https:\/\/www.spacexvape.com\/wp-content\/uploads\/2025\/03\/JNR-Falcon-X-18000-White-Peach-Razz-300x300.webp 300w, https:\/\/www.spacexvape.com\/wp-content\/uploads\/2025\/03\/JNR-Falcon-X-18000-White-Peach-Razz-150x150.webp 150w, https:\/\/www.spacexvape.com\/wp-content\/uploads\/2025\/03\/JNR-Falcon-X-18000-White-Peach-Razz-768x768.webp 768w, https:\/\/www.spacexvape.com\/wp-content\/uploads\/2025\/03\/JNR-Falcon-X-18000-White-Peach-Razz-12x12.webp 12w, https:\/\/www.spacexvape.com\/wp-content\/uploads\/2025\/03\/JNR-Falcon-X-18000-White-Peach-Razz-96x96.webp 96w\" sizes=\"(max-width: 800px) 100vw, 800px\" \/><figcaption id=\"caption-attachment-3048\" class=\"wp-caption-text\">JNR Falcon X 18000 White Peach Razz<\/figcaption><\/figure>","protected":false},"excerpt":{"rendered":"<p>JNR Falcon X 18000\/ 2% nikotyna\/ 950mAh akumulator\/ 24ml e-liquid\/ 18,000 Puffs \/ Magazyn Europejski<\/p>","protected":false},"featured_media":2077,"comment_status":"open","ping_status":"closed","template":"","meta":[],"product_brand":[535],"product_cat":[15],"product_tag":[507,559,562],"class_list":{"0":"post-2032","1":"product","2":"type-product","3":"status-publish","4":"has-post-thumbnail","6":"product_brand-jnr","7":"product_cat-disposable-vapes","8":"product_tag-18000-puffs","9":"product_tag-24ml","10":"product_tag-950mah","11":"product_shipping_class-europe-warehouse-retail","12":"pa_battery-950mah","13":"pa_e-liquid-24ml","14":"pa_nicotine-2-percent","15":"pa_puffs-18000-puffs","16":"pa_rechargeable-yes","17":"pa_selling-type-retail","19":"first","20":"instock","21":"featured","22":"shipping-taxable","23":"purchasable","24":"product-type-variable"},"wcpa_form_fields":null,"_links":{"self":[{"href":"https:\/\/www.spacexvape.com\/pl\/wp-json\/wp\/v2\/product\/2032","targetHints":{"allow":["GET"]}}],"collection":[{"href":"https:\/\/www.spacexvape.com\/pl\/wp-json\/wp\/v2\/product"}],"about":[{"href":"https:\/\/www.spacexvape.com\/pl\/wp-json\/wp\/v2\/types\/product"}],"replies":[{"embeddable":true,"href":"https:\/\/www.spacexvape.com\/pl\/wp-json\/wp\/v2\/comments?post=2032"}],"wp:featuredmedia":[{"embeddable":true,"href":"https:\/\/www.spacexvape.com\/pl\/wp-json\/wp\/v2\/media\/2077"}],"wp:attachment":[{"href":"https:\/\/www.spacexvape.com\/pl\/wp-json\/wp\/v2\/media?parent=2032"}],"wp:term":[{"taxonomy":"product_brand","embeddable":true,"href":"https:\/\/www.spacexvape.com\/pl\/wp-json\/wp\/v2\/product_brand?post=2032"},{"taxonomy":"product_cat","embeddable":true,"href":"https:\/\/www.spacexvape.com\/pl\/wp-json\/wp\/v2\/product_cat?post=2032"},{"taxonomy":"product_tag","embeddable":true,"href":"https:\/\/www.spacexvape.com\/pl\/wp-json\/wp\/v2\/product_tag?post=2032"}],"curies":[{"name":"wp","href":"https:\/\/api.w.org\/{rel}","templated":true}]}}