{"id":9861,"date":"2025-07-25T09:06:54","date_gmt":"2025-07-25T01:06:54","guid":{"rendered":"https:\/\/www.spacexvape.com\/?post_type=product&#038;p=9861"},"modified":"2025-11-05T10:20:48","modified_gmt":"2025-11-05T02:20:48","slug":"bang-25000-puffs-vape","status":"publish","type":"product","link":"https:\/\/www.spacexvape.com\/pl\/produkt\/bang-25000-puffs-vape","title":{"rendered":"Hurtownia Vape Bang 25000 Puffs"},"content":{"rendered":"<p>The <a href=\"https:\/\/www.spacexvape.com\/pl\/brand\/bang\/\"><strong>Bang<\/strong><\/a> 25000 Puffs Vape rewolucjonizuje przeno\u015bne wapowanie dzi\u0119ki wiod\u0105cej w bran\u017cy pojemno\u015bci 30 ml, przewy\u017cszaj\u0105c konkurent\u00f3w przy d\u0142u\u017cszym u\u017cytkowaniu. Oferuj\u0105c wszechstronne opcje mocy (0% &amp; 2% &amp; 3% &amp; 5%) i 12 smak\u00f3w premium, zaspokaja zar\u00f3wno intensywn\u0105 produkcj\u0119 chmury, jak i wyrafinowane preferencje smakowe. Wydajny akumulator 650 mAh w po\u0142\u0105czeniu z cewk\u0105 siatkow\u0105 1,0 \u03a9 zapewnia niezachwian\u0105 wydajno\u015b\u0107 przez wszystkie 25 000 zaci\u0105gni\u0119\u0107.<\/p>\n<p>Co wi\u0119cej, innowacyjny, dwutrybowy system przep\u0142ywu powietrza umo\u017cliwia p\u0142ynn\u0105 regulacj\u0119 mi\u0119dzy ciasnym zaci\u0105ganiem si\u0119 i przewiewnymi chmurami, a jego wojskowa szczelno\u015b\u0107 zapewnia doskona\u0142e bezpiecze\u0144stwo w kieszeni. Od wyrazistego mentolu po z\u0142o\u017cone owocowe fuzje, ka\u017cda opcja smakowa zachowuje autentyczne bogactwo a\u017c do ostatniego zaci\u0105gni\u0119cia.<\/p>\n<p>Co najlepsze, ten lekki jak pi\u00f3rko zasilacz nie wymaga \u017cadnej konserwacji - bez uzupe\u0142niania, bez \u0142adowania, bez zamieszania. Zaprojektowany z my\u015bl\u0105 o niezawodno\u015bci i satysfakcji u\u017cytkownika, Bang 25000 Puffs Vape dominuje w sektorze przeno\u015bnej waporyzacji dzi\u0119ki niezr\u00f3wnanej wygodzie.<\/p>\n<h2>Specyfikacja Bang 25000 Puffs Vape<\/h2>\n<ul>\n<li>Nikotyna: 0% &amp; 2% &amp; 3% &amp; 5%<\/li>\n<li>Liczba zaci\u0105gni\u0119\u0107: Do 25 000 zaci\u0105gni\u0119\u0107<\/li>\n<li>Bateria E-liquid: 650mAh<\/li>\n<li>E-liquid: 30 ml<\/li>\n<li>Typ cewki: Cewka siatkowa<br \/>\nRezystancja: 1,0\u03a9<\/li>\n<li>Port \u0142adowania: TYPE-C<\/li>\n<\/ul>\n<h2>Lista opcji<\/h2>\n<ol>\n<li data-slate-node=\"element\"><span data-slate-node=\"text\">L\u00f3d jagodowy<\/span><\/li>\n<li data-slate-node=\"element\"><span data-slate-node=\"text\">Truskawka Kiwi<\/span><\/li>\n<li data-slate-node=\"element\"><span data-slate-node=\"text\">Arbuz truskawkowy<\/span><\/li>\n<li data-slate-node=\"element\"><span data-slate-node=\"text\">Owoce mieszane<\/span><\/li>\n<li data-slate-node=\"element\"><span data-slate-node=\"text\">Mi\u0119ta jagodowa<\/span><\/li>\n<li data-slate-node=\"element\"><span data-slate-node=\"text\">Tygrysia Krew<\/span><\/li>\n<li data-slate-node=\"element\"><span data-slate-node=\"text\">Mango Brzoskwinia<\/span><\/li>\n<li data-slate-node=\"element\"><span data-slate-node=\"text\">L\u00f3d winogronowy<\/span><\/li>\n<li data-slate-node=\"element\"><span data-slate-node=\"text\">Bor\u00f3wka Malina<\/span><\/li>\n<li data-slate-node=\"element\"><span data-slate-node=\"text\">Arbuzowy l\u00f3d<\/span><\/li>\n<li data-slate-node=\"element\"><span data-slate-node=\"text\">Arbuzowa guma balonowa<\/span><\/li>\n<li data-slate-node=\"element\" data-slate-fragment=\"JTVCJTdCJTIydHlwZSUyMiUzQSUyMnBhcmFncmFwaCUyMiUyQyUyMmNoaWxkcmVuJTIyJTNBJTVCJTdCJTIydGV4dCUyMiUzQSUyMkJsdWViZXJyeSUyMEljZSUyMiU3RCU1RCU3RCUyQyU3QiUyMnR5cGUlMjIlM0ElMjJwYXJhZ3JhcGglMjIlMkMlMjJjaGlsZHJlbiUyMiUzQSU1QiU3QiUyMnRleHQlMjIlM0ElMjIlMjIlN0QlNUQlN0QlMkMlN0IlMjJ0eXBlJTIyJTNBJTIycGFyYWdyYXBoJTIyJTJDJTIyY2hpbGRyZW4lMjIlM0ElNUIlN0IlMjJ0ZXh0JTIyJTNBJTIyU3RyYXdiZXJyeSUyMEtpd2klMjIlN0QlNUQlN0QlMkMlN0IlMjJ0eXBlJTIyJTNBJTIycGFyYWdyYXBoJTIyJTJDJTIyY2hpbGRyZW4lMjIlM0ElNUIlN0IlMjJ0ZXh0JTIyJTNBJTIyJTIyJTdEJTVEJTdEJTJDJTdCJTIydHlwZSUyMiUzQSUyMnBhcmFncmFwaCUyMiUyQyUyMmNoaWxkcmVuJTIyJTNBJTVCJTdCJTIydGV4dCUyMiUzQSUyMlN0cmF3YmVycnklMjBXYXRlcm1lbG9uJTIyJTdEJTVEJTdEJTJDJTdCJTIydHlwZSUyMiUzQSUyMnBhcmFncmFwaCUyMiUyQyUyMmNoaWxkcmVuJTIyJTNBJTVCJTdCJTIydGV4dCUyMiUzQSUyMiUyMiU3RCU1RCU3RCUyQyU3QiUyMnR5cGUlMjIlM0ElMjJwYXJhZ3JhcGglMjIlMkMlMjJjaGlsZHJlbiUyMiUzQSU1QiU3QiUyMnRleHQlMjIlM0ElMjJNaXhlZCUyMEZydWl0JTIyJTdEJTVEJTdEJTJDJTdCJTIydHlwZSUyMiUzQSUyMnBhcmFncmFwaCUyMiUyQyUyMmNoaWxkcmVuJTIyJTNBJTVCJTdCJTIydGV4dCUyMiUzQSUyMiUyMiU3RCU1RCU3RCUyQyU3QiUyMnR5cGUlMjIlM0ElMjJwYXJhZ3JhcGglMjIlMkMlMjJjaGlsZHJlbiUyMiUzQSU1QiU3QiUyMnRleHQlMjIlM0ElMjJCbHVlYmVycnklMjBNaW50JTIyJTdEJTVEJTdEJTJDJTdCJTIydHlwZSUyMiUzQSUyMnBhcmFncmFwaCUyMiUyQyUyMmNoaWxkcmVuJTIyJTNBJTVCJTdCJTIydGV4dCUyMiUzQSUyMiUyMiU3RCU1RCU3RCUyQyU3QiUyMnR5cGUlMjIlM0ElMjJwYXJhZ3JhcGglMjIlMkMlMjJjaGlsZHJlbiUyMiUzQSU1QiU3QiUyMnRleHQlMjIlM0ElMjJUaWdlciUyMEJsb29kJTIyJTdEJTVEJTdEJTJDJTdCJTIydHlwZSUyMiUzQSUyMnBhcmFncmFwaCUyMiUyQyUyMmNoaWxkcmVuJTIyJTNBJTVCJTdCJTIydGV4dCUyMiUzQSUyMiUyMiU3RCU1RCU3RCUyQyU3QiUyMnR5cGUlMjIlM0ElMjJwYXJhZ3JhcGglMjIlMkMlMjJjaGlsZHJlbiUyMiUzQSU1QiU3QiUyMnRleHQlMjIlM0ElMjJNYW5nbyUyMFBlYWNoJTIyJTdEJTVEJTdEJTJDJTdCJTIydHlwZSUyMiUzQSUyMnBhcmFncmFwaCUyMiUyQyUyMmNoaWxkcmVuJTIyJTNBJTVCJTdCJTIydGV4dCUyMiUzQSUyMiUyMiU3RCU1RCU3RCUyQyU3QiUyMnR5cGUlMjIlM0ElMjJwYXJhZ3JhcGglMjIlMkMlMjJjaGlsZHJlbiUyMiUzQSU1QiU3QiUyMnRleHQlMjIlM0ElMjJHcmFwZSUyMEljZSUyMiU3RCU1RCU3RCUyQyU3QiUyMnR5cGUlMjIlM0ElMjJwYXJhZ3JhcGglMjIlMkMlMjJjaGlsZHJlbiUyMiUzQSU1QiU3QiUyMnRleHQlMjIlM0ElMjIlMjIlN0QlNUQlN0QlMkMlN0IlMjJ0eXBlJTIyJTNBJTIycGFyYWdyYXBoJTIyJTJDJTIyY2hpbGRyZW4lMjIlM0ElNUIlN0IlMjJ0ZXh0JTIyJTNBJTIyQmx1ZWJlcnJ5JTIwUmFzcGJlcnJ5JTIyJTdEJTVEJTdEJTJDJTdCJTIydHlwZSUyMiUzQSUyMnBhcmFncmFwaCUyMiUyQyUyMmNoaWxkcmVuJTIyJTNBJTVCJTdCJTIydGV4dCUyMiUzQSUyMiUyMiU3RCU1RCU3RCUyQyU3QiUyMnR5cGUlMjIlM0ElMjJwYXJhZ3JhcGglMjIlMkMlMjJjaGlsZHJlbiUyMiUzQSU1QiU3QiUyMnRleHQlMjIlM0ElMjJXYXRlcm1lbG9uJTIwSWNlJTIyJTdEJTVEJTdEJTJDJTdCJTIydHlwZSUyMiUzQSUyMnBhcmFncmFwaCUyMiUyQyUyMmNoaWxkcmVuJTIyJTNBJTVCJTdCJTIydGV4dCUyMiUzQSUyMiUyMiU3RCU1RCU3RCUyQyU3QiUyMnR5cGUlMjIlM0ElMjJwYXJhZ3JhcGglMjIlMkMlMjJjaGlsZHJlbiUyMiUzQSU1QiU3QiUyMnRleHQlMjIlM0ElMjJXYXRlcm1lbG9uJTIwQnViYmxlJTIwR3VtJTIyJTdEJTVEJTdEJTJDJTdCJTIydHlwZSUyMiUzQSUyMnBhcmFncmFwaCUyMiUyQyUyMmNoaWxkcmVuJTIyJTNBJTVCJTdCJTIydGV4dCUyMiUzQSUyMiUyMiU3RCU1RCU3RCUyQyU3QiUyMnR5cGUlMjIlM0ElMjJwYXJhZ3JhcGglMjIlMkMlMjJjaGlsZHJlbiUyMiUzQSU1QiU3QiUyMnRleHQlMjIlM0ElMjJTdHJhd2JlcnJ5JTIwSWNlJTIyJTdEJTVEJTdEJTVE\"><span data-slate-node=\"text\">L\u00f3d truskawkowy<\/span><\/li>\n<\/ol>\n<h2>Lista pakowania<\/h2>\n<p>10*Bang 25000 Puffs Vapes<\/p>\n<figure id=\"attachment_10058\" aria-describedby=\"caption-attachment-10058\" style=\"width: 800px\" class=\"wp-caption alignnone\"><img decoding=\"async\" class=\"size-full wp-image-10058\" title=\"Bang 25000 Strawberry Watermelon\" src=\"https:\/\/www.spacexvape.com\/wp-content\/uploads\/2025\/07\/Bang-25000-Strawberry-Watermelon.webp\" alt=\"Bang 25000 Strawberry Watermelon\" width=\"800\" height=\"800\" srcset=\"https:\/\/www.spacexvape.com\/wp-content\/uploads\/2025\/07\/Bang-25000-Strawberry-Watermelon.webp 800w, https:\/\/www.spacexvape.com\/wp-content\/uploads\/2025\/07\/Bang-25000-Strawberry-Watermelon-300x300.webp 300w, https:\/\/www.spacexvape.com\/wp-content\/uploads\/2025\/07\/Bang-25000-Strawberry-Watermelon-150x150.webp 150w, https:\/\/www.spacexvape.com\/wp-content\/uploads\/2025\/07\/Bang-25000-Strawberry-Watermelon-768x768.webp 768w, https:\/\/www.spacexvape.com\/wp-content\/uploads\/2025\/07\/Bang-25000-Strawberry-Watermelon-12x12.webp 12w, https:\/\/www.spacexvape.com\/wp-content\/uploads\/2025\/07\/Bang-25000-Strawberry-Watermelon-247x247.webp 247w, https:\/\/www.spacexvape.com\/wp-content\/uploads\/2025\/07\/Bang-25000-Strawberry-Watermelon-510x510.webp 510w, https:\/\/www.spacexvape.com\/wp-content\/uploads\/2025\/07\/Bang-25000-Strawberry-Watermelon-100x100.webp 100w\" sizes=\"(max-width: 800px) 100vw, 800px\" \/><figcaption id=\"caption-attachment-10058\" class=\"wp-caption-text\">Bang 25000 Strawberry Watermelon<\/figcaption><\/figure>","protected":false},"excerpt":{"rendered":"<p>Bang 25000 \/ 0% &amp; 2% &amp; 3% &amp; 5% si\u0142a \/ akumulator 650mAh \/ pojemno\u015b\u0107 30ml \/ 25,000 zaci\u0105gni\u0119\u0107 \/ <span style=\"color: #ed1c24;\">Magazyn w Chinach<\/span><\/p>","protected":false},"featured_media":10026,"comment_status":"open","ping_status":"closed","template":"","meta":[],"product_brand":[609],"product_cat":[15],"product_tag":[510,564,541],"class_list":{"0":"post-9861","1":"product","2":"type-product","3":"status-publish","4":"has-post-thumbnail","6":"product_brand-bang","7":"product_cat-disposable-vapes","8":"product_tag-25000-puffs","9":"product_tag-30ml","10":"product_tag-650mah","11":"product_shipping_class-china-warehouse-wholesale","12":"pa_battery-650mah","13":"pa_e-liquid-30ml","14":"pa_flavor-blueberry-ice","15":"pa_flavor-blueberry-mint","16":"pa_flavor-blueberry-raspberry","17":"pa_flavor-grape-ice","18":"pa_flavor-mango-peach","19":"pa_flavor-mixed-fruit","20":"pa_flavor-strawberry-ice","21":"pa_flavor-strawberry-kiwi","22":"pa_flavor-strawberry-watermelon","23":"pa_flavor-tiger-blood","24":"pa_flavor-watermelon-bubble-gum","25":"pa_flavor-watermelon-ice","26":"pa_nicotine-0-percent","27":"pa_nicotine-2-percent","28":"pa_nicotine-3-percent","29":"pa_nicotine-5-percent","30":"pa_puffs-25000-puffs","31":"pa_rechargeable-yes","32":"pa_selling-type-micro-wholesale","34":"first","35":"instock","36":"shipping-taxable","37":"purchasable","38":"product-type-variable"},"wcpa_form_fields":null,"_links":{"self":[{"href":"https:\/\/www.spacexvape.com\/pl\/wp-json\/wp\/v2\/product\/9861","targetHints":{"allow":["GET"]}}],"collection":[{"href":"https:\/\/www.spacexvape.com\/pl\/wp-json\/wp\/v2\/product"}],"about":[{"href":"https:\/\/www.spacexvape.com\/pl\/wp-json\/wp\/v2\/types\/product"}],"replies":[{"embeddable":true,"href":"https:\/\/www.spacexvape.com\/pl\/wp-json\/wp\/v2\/comments?post=9861"}],"wp:featuredmedia":[{"embeddable":true,"href":"https:\/\/www.spacexvape.com\/pl\/wp-json\/wp\/v2\/media\/10026"}],"wp:attachment":[{"href":"https:\/\/www.spacexvape.com\/pl\/wp-json\/wp\/v2\/media?parent=9861"}],"wp:term":[{"taxonomy":"product_brand","embeddable":true,"href":"https:\/\/www.spacexvape.com\/pl\/wp-json\/wp\/v2\/product_brand?post=9861"},{"taxonomy":"product_cat","embeddable":true,"href":"https:\/\/www.spacexvape.com\/pl\/wp-json\/wp\/v2\/product_cat?post=9861"},{"taxonomy":"product_tag","embeddable":true,"href":"https:\/\/www.spacexvape.com\/pl\/wp-json\/wp\/v2\/product_tag?post=9861"}],"curies":[{"name":"wp","href":"https:\/\/api.w.org\/{rel}","templated":true}]}}