{"id":10242,"date":"2025-07-30T15:14:03","date_gmt":"2025-07-30T07:14:03","guid":{"rendered":"https:\/\/www.spacexvape.com\/?post_type=product&#038;p=10242"},"modified":"2025-10-30T11:59:58","modified_gmt":"2025-10-30T03:59:58","slug":"jnr-mega-box-25000-puffs-vape-wholesale","status":"publish","type":"product","link":"https:\/\/www.spacexvape.com\/pt\/produto\/jnr-mega-box-25000-puffs-vape-wholesale","title":{"rendered":"JNR Mega Box 25000 Puffs Vape Atacado"},"content":{"rendered":"<p>O <a href=\"https:\/\/www.spacexvape.com\/pt\/brand\/jnr\/\"><strong>JNR<\/strong><\/a> O Mega Box 25000 Puffs Vape \u00e9 o derradeiro vape descart\u00e1vel para uma resist\u00eancia e um sabor inigual\u00e1veis. Com uma enorme capacidade de 30 ml e uma bateria recarreg\u00e1vel de 850 mAh, proporciona at\u00e9 25 000 baforadas suaves, perfeitas para desfrutar durante todo o dia. O avan\u00e7ado sistema de bobina de malha dupla garante um vapor rico e um sabor arrojado, enquanto o carregamento r\u00e1pido Tipo C mant\u00e9m-no ligado num instante.<\/p>\n<p>Al\u00e9m disso, este dispositivo oferece 20 op\u00e7\u00f5es diversas, satisfazendo as prefer\u00eancias de todos os vapers. Quer deseje op\u00e7\u00f5es frutadas, geladas ou inspiradas em sobremesas, a JNR Mega Box tem tudo o que precisa. O seu design ergon\u00f3mico e a sua estrutura \u00e0 prova de fugas tornam-no port\u00e1til e fi\u00e1vel.<\/p>\n<p>Por fim, a tecnologia dual-core melhora a consist\u00eancia, proporcionando batidas constantes desde a primeira at\u00e9 \u00e0 \u00faltima baforada. Para uma experi\u00eancia premium e duradoura, a JNR Mega Box 25000 Puffs destaca-se como uma escolha de topo.<\/p>\n<h2>JNR Mega Box 25000 Puffs Vape Especifica\u00e7\u00e3o<\/h2>\n<ul>\n<li>Nicotina: 2%<\/li>\n<li>Contagem de baforadas: At\u00e9 25.000 baforadas<\/li>\n<li>Bateria E-liquid: 850mAh<\/li>\n<li>E-l\u00edquido: 30ml<\/li>\n<li>Tipo de bobina: Bobina de malha dupla e n\u00facleo duplo<\/li>\n<li>Porta de carregamento: TYPE-C<\/li>\n<\/ul>\n<h2>Lista de op\u00e7\u00f5es<\/h2>\n<ol>\n<li>Mirtilo Azedo Framboesa Morango<\/li>\n<li>Azul Razz Cherry<\/li>\n<li>P\u00eassego sumarento<\/li>\n<li>Baga de cereja<\/li>\n<li>Cola de cereja com g\u00e1s<\/li>\n<li>Lim\u00e3o e lima<\/li>\n<li>Baga mista<\/li>\n<li>Sr. Blue<\/li>\n<li>Gelado de morango, framboesa e cereja<\/li>\n<li>Gelo de morango<\/li>\n<li>Gelo de mirtilo<\/li>\n<li>Gelo de melancia<\/li>\n<li>Skittles<\/li>\n<li>Banana com morango<\/li>\n<li>Ma\u00e7\u00e3 \u00e1cida<\/li>\n<li>Pastilha el\u00e1stica de mirtilo<\/li>\n<li>Melancia com kiwi e gelo<\/li>\n<li>Manga tripla<\/li>\n<li>Melancia com framboesa<\/li>\n<li>Gelo de morango e framboesa<\/li>\n<\/ol>\n<h2>Lista de embalagem<\/h2>\n<p>10*JNR Mega Box 25000 Puffs Vapes<\/p>\n<figure id=\"attachment_10325\" aria-describedby=\"caption-attachment-10325\" style=\"width: 800px\" class=\"wp-caption alignnone\"><img decoding=\"async\" class=\"size-full wp-image-10325\" title=\"JNR Mega Box 25000 Gelo de melancia\" src=\"https:\/\/www.spacexvape.com\/wp-content\/uploads\/2025\/07\/JNR-Mega-Box-25000-Watermelon-Ice.webp\" alt=\"JNR Mega Box 25000 Gelo de melancia\" width=\"800\" height=\"800\" srcset=\"https:\/\/www.spacexvape.com\/wp-content\/uploads\/2025\/07\/JNR-Mega-Box-25000-Watermelon-Ice.webp 800w, https:\/\/www.spacexvape.com\/wp-content\/uploads\/2025\/07\/JNR-Mega-Box-25000-Watermelon-Ice-300x300.webp 300w, https:\/\/www.spacexvape.com\/wp-content\/uploads\/2025\/07\/JNR-Mega-Box-25000-Watermelon-Ice-150x150.webp 150w, https:\/\/www.spacexvape.com\/wp-content\/uploads\/2025\/07\/JNR-Mega-Box-25000-Watermelon-Ice-768x768.webp 768w, https:\/\/www.spacexvape.com\/wp-content\/uploads\/2025\/07\/JNR-Mega-Box-25000-Watermelon-Ice-12x12.webp 12w, https:\/\/www.spacexvape.com\/wp-content\/uploads\/2025\/07\/JNR-Mega-Box-25000-Watermelon-Ice-247x247.webp 247w, https:\/\/www.spacexvape.com\/wp-content\/uploads\/2025\/07\/JNR-Mega-Box-25000-Watermelon-Ice-510x510.webp 510w, https:\/\/www.spacexvape.com\/wp-content\/uploads\/2025\/07\/JNR-Mega-Box-25000-Watermelon-Ice-100x100.webp 100w\" sizes=\"(max-width: 800px) 100vw, 800px\" \/><figcaption id=\"caption-attachment-10325\" class=\"wp-caption-text\">JNR Mega Box 25000 Gelo de melancia<\/figcaption><\/figure>","protected":false},"excerpt":{"rendered":"<p>JNR Mega Box 25000 \/ for\u00e7a 2% \/ bateria recarreg\u00e1vel 850mAh \/ capacidade 30ml \/ 25.000 Puffs<\/p>","protected":false},"featured_media":10326,"comment_status":"open","ping_status":"closed","template":"","meta":[],"product_brand":[535],"product_cat":[15],"product_tag":[510,564,549],"class_list":{"0":"post-10242","1":"product","2":"type-product","3":"status-publish","4":"has-post-thumbnail","6":"product_brand-jnr","7":"product_cat-disposable-vapes","8":"product_tag-25000-puffs","9":"product_tag-30ml","10":"product_tag-850mah","11":"product_shipping_class-china-warehouse-wholesale","12":"pa_battery-850mah","13":"pa_e-liquid-30ml","14":"pa_flavor-blue-razz-cherry","15":"pa_flavor-blueberry-bubblegum","16":"pa_flavor-blueberry-ice","17":"pa_flavor-blueberry-sour-raspberry-strawberry","18":"pa_flavor-cherry-berry","19":"pa_flavor-fizzy-cherry-cola","20":"pa_flavor-juicy-peach","21":"pa_flavor-kiwi-watermelon-on-ice","22":"pa_flavor-lemon-lime-2","23":"pa_flavor-mixed-berry","24":"pa_flavor-mr-blue-2","25":"pa_flavor-raspberry-watermelon","26":"pa_flavor-skittles","27":"pa_flavor-sour-apple","28":"pa_flavor-strawberry-banana","29":"pa_flavor-strawberry-ice","30":"pa_flavor-strawberry-raspberry-cherry-ice","31":"pa_flavor-strawberry-raspberry-ice","32":"pa_flavor-triple-mango","33":"pa_flavor-watermelon-ice","34":"pa_nicotine-2-percent","35":"pa_puffs-25000-puffs","36":"pa_rechargeable-yes","37":"pa_selling-type-wholesale","39":"first","40":"outofstock","41":"shipping-taxable","42":"purchasable","43":"product-type-variable"},"wcpa_form_fields":null,"_links":{"self":[{"href":"https:\/\/www.spacexvape.com\/pt\/wp-json\/wp\/v2\/product\/10242","targetHints":{"allow":["GET"]}}],"collection":[{"href":"https:\/\/www.spacexvape.com\/pt\/wp-json\/wp\/v2\/product"}],"about":[{"href":"https:\/\/www.spacexvape.com\/pt\/wp-json\/wp\/v2\/types\/product"}],"replies":[{"embeddable":true,"href":"https:\/\/www.spacexvape.com\/pt\/wp-json\/wp\/v2\/comments?post=10242"}],"wp:featuredmedia":[{"embeddable":true,"href":"https:\/\/www.spacexvape.com\/pt\/wp-json\/wp\/v2\/media\/10326"}],"wp:attachment":[{"href":"https:\/\/www.spacexvape.com\/pt\/wp-json\/wp\/v2\/media?parent=10242"}],"wp:term":[{"taxonomy":"product_brand","embeddable":true,"href":"https:\/\/www.spacexvape.com\/pt\/wp-json\/wp\/v2\/product_brand?post=10242"},{"taxonomy":"product_cat","embeddable":true,"href":"https:\/\/www.spacexvape.com\/pt\/wp-json\/wp\/v2\/product_cat?post=10242"},{"taxonomy":"product_tag","embeddable":true,"href":"https:\/\/www.spacexvape.com\/pt\/wp-json\/wp\/v2\/product_tag?post=10242"}],"curies":[{"name":"wp","href":"https:\/\/api.w.org\/{rel}","templated":true}]}}