{"id":4942,"date":"2025-05-12T16:04:50","date_gmt":"2025-05-12T08:04:50","guid":{"rendered":"https:\/\/www.spacexvape.com\/?post_type=product&#038;p=4942"},"modified":"2026-03-30T11:49:05","modified_gmt":"2026-03-30T03:49:05","slug":"vapsolo-king-pro-40000-puffs-disposable-vape","status":"publish","type":"product","link":"https:\/\/www.spacexvape.com\/pt\/produto\/vapsolo-king-pro-40000-puffs-vape-descartavel","title":{"rendered":"Vapsolo King Pro 40000 Puffs Vape descart\u00e1vel"},"content":{"rendered":"<p>O <a href=\"https:\/\/www.spacexvape.com\/pt\/brand\/vapsolo\/\"><strong>Vapsolo<\/strong><\/a> King Pro 40000 <span style=\"color: #555555;\">Puffs Vape descart\u00e1vel <\/span><span data-slate-node=\"text\">\u00e9 um dispositivo de alta capacidade concebido para os vapers que exigem op\u00e7\u00f5es de fruta intensas e fiabilidade duradoura. Alimentado por uma bateria recarreg\u00e1vel de 650mAh e pr\u00e9-cheio com 40ml de e-l\u00edquido salino de for\u00e7a 2% ou 5%, fornece at\u00e9 40.000 baforadas, o que o torna uma op\u00e7\u00e3o sem preocupa\u00e7\u00f5es para uma utiliza\u00e7\u00e3o di\u00e1ria prolongada.\u00a0<\/span><\/p>\n<div data-slate-node=\"element\"><span data-slate-node=\"text\">O que realmente distingue o King Pro \u00e9 o seu sistema de atomiza\u00e7\u00e3o de primeira qualidade. Com uma bobina de malha tripla e um canal de fluxo de ar bem afinado, produz vapor denso, suave e com op\u00e7\u00f5es de ful a cada tragada. Quer esteja a procurar op\u00e7\u00f5es ou produ\u00e7\u00e3o de nuvens, esta configura\u00e7\u00e3o avan\u00e7ada da bobina assegura uma experi\u00eancia de vaporiza\u00e7\u00e3o consistente e satisfat\u00f3ria, muito superior \u00e0 dos descart\u00e1veis normais.<\/span><\/div>\n<div data-slate-node=\"element\" data-slate-fragment=\"JTVCJTdCJTIydHlwZSUyMiUzQSUyMnBhcmFncmFwaCUyMiUyQyUyMmNoaWxkcmVuJTIyJTNBJTVCJTdCJTIydGV4dCUyMiUzQSUyMmlzJTIwYSUyMGhpZ2gtY2FwYWNpdHklMjBkZXZpY2UlMjBidWlsdCUyMGZvciUyMHZhcGVycyUyMHdobyUyMGRlbWFuZCUyMGJvdGglMjBpbnRlbnNlJTIwZnJ1aXQlMjBmbGF2b3IlMjBhbmQlMjBsb25nLWxhc3RpbmclMjByZWxpYWJpbGl0eS4lMjBQb3dlcmVkJTIwYnklMjBhJTIwNjUwbUFoJTIwcmVjaGFyZ2VhYmxlJTIwYmF0dGVyeSUyMGFuZCUyMHByZS1maWxsZWQlMjB3aXRoJTIwNDBtbCUyMG9mJTIwMiUyNSUyMG9yJTIwNSUyNSUyMG5pY290aW5lJTIwc2FsdCUyMGUtbGlxdWlkJTJDJTIwaXQlMjBkZWxpdmVycyUyMHVwJTIwdG8lMjA0MCUyQzAwMCUyMHB1ZmZzJUUyJTgwJTk0bWFraW5nJTIwaXQlMjBhJTIwd29ycnktZnJlZSUyMG9wdGlvbiUyMGZvciUyMGV4dGVuZGVkJTIwZGFpbHklMjB1c2UuJTIyJTdEJTVEJTdEJTJDJTdCJTIydHlwZSUyMiUzQSUyMnBhcmFncmFwaCUyMiUyQyUyMmNoaWxkcmVuJTIyJTNBJTVCJTdCJTIydGV4dCUyMiUzQSUyMiUyMiU3RCU1RCU3RCUyQyU3QiUyMnR5cGUlMjIlM0ElMjJwYXJhZ3JhcGglMjIlMkMlMjJjaGlsZHJlbiUyMiUzQSU1QiU3QiUyMnRleHQlMjIlM0ElMjJXaGF0JTIwdHJ1bHklMjBzZXRzJTIwdGhlJTIwS2luZyUyMFBybyUyMGFwYXJ0JTIwaXMlMjBpdHMlMjBwcmVtaXVtJTIwYXRvbWl6YXRpb24lMjBzeXN0ZW0uJTIwRmVhdHVyaW5nJTIwYSUyMHRyaXBsZSUyMG1lc2glMjBjb2lsJTIwYW5kJTIwYSUyMGZpbmVseSUyMHR1bmVkJTIwYWlyZmxvdyUyMGNoYW5uZWwlMkMlMjBpdCUyMHByb2R1Y2VzJTIwZGVuc2UlMkMlMjBzbW9vdGglMkMlMjBhbmQlMjBmbGF2b3JmdWwlMjB2YXBvciUyMHdpdGglMjBldmVyeSUyMHB1ZmYuJTIwV2hldGhlciUyMHlvdSdyZSUyMGNoYXNpbmclMjBmbGF2b3IlMjBvciUyMGNsb3VkJTIwcHJvZHVjdGlvbiUyQyUyMHRoaXMlMjBhZHZhbmNlZCUyMGNvaWwlMjBzZXR1cCUyMGVuc3VyZXMlMjBhJTIwY29uc2lzdGVudCUyMGFuZCUyMHNhdGlzZnlpbmclMjB2YXBpbmclMjBleHBlcmllbmNlJTIwZmFyJTIwc3VwZXJpb3IlMjB0byUyMHN0YW5kYXJkJTIwZGlzcG9zYWJsZXMuJTIyJTdEJTVEJTdEJTJDJTdCJTIydHlwZSUyMiUzQSUyMnBhcmFncmFwaCUyMiUyQyUyMmNoaWxkcmVuJTIyJTNBJTVCJTdCJTIydGV4dCUyMiUzQSUyMiUyMiU3RCU1RCU3RCUyQyU3QiUyMnR5cGUlMjIlM0ElMjJwYXJhZ3JhcGglMjIlMkMlMjJjaGlsZHJlbiUyMiUzQSU1QiU3QiUyMnRleHQlMjIlM0ElMjJUbyUyMHRvcCUyMGl0JTIwb2ZmJTJDJTIwdGhlJTIwS2luZyUyMFBybyUyMGNvbWVzJTIwaW4lMjBhJTIwdmFyaWV0eSUyMG9mJTIwMTUlMjBjYXJlZnVsbHklMjBjcmFmdGVkJTIwZnJ1aXQlMjBmbGF2b3JzJTJDJTIwZnJvbSUyMHJlZnJlc2hpbmclMjBjbGFzc2ljcyUyMGxpa2UlMjBTdHJhd2JlcnJ5JTIwV2F0ZXJtZWxvbiUyMHRvJTIwbW9yZSUyMGV4b3RpYyUyMGJsZW5kcyUyMGxpa2UlMjBQZWFjaCUyME1hbmdvJTIwUGluZWFwcGxlJTIwYW5kJTIwS2l3aSUyMFBhc3Npb25mcnVpdCUyMEd1YXZhLiUyMFdpdGglMjBpdHMlMjBzbGVlayUyMGRlc2lnbiUyQyUyMHN1cGVyYiUyMHZhcG9yJTIwcXVhbGl0eSUyQyUyMGFuZCUyMGJyb2FkJTIwZmxhdm9yJTIwcmFuZ2UlMkMlMjB0aGUlMjBLaW5nJTIwUHJvJTIwaXMlMjBlbmdpbmVlcmVkJTIwdG8lMjBzYXRpc2Z5JTIwZXZlcnklMjBwcmVmZXJlbmNlLiUyMiU3RCU1RCU3RCU1RA==\"><\/div>\n<div data-slate-node=\"element\" data-slate-fragment=\"JTVCJTdCJTIydHlwZSUyMiUzQSUyMnBhcmFncmFwaCUyMiUyQyUyMmNoaWxkcmVuJTIyJTNBJTVCJTdCJTIydGV4dCUyMiUzQSUyMmlzJTIwYSUyMGhpZ2gtY2FwYWNpdHklMjBkZXZpY2UlMjBidWlsdCUyMGZvciUyMHZhcGVycyUyMHdobyUyMGRlbWFuZCUyMGJvdGglMjBpbnRlbnNlJTIwZnJ1aXQlMjBmbGF2b3IlMjBhbmQlMjBsb25nLWxhc3RpbmclMjByZWxpYWJpbGl0eS4lMjBQb3dlcmVkJTIwYnklMjBhJTIwNjUwbUFoJTIwcmVjaGFyZ2VhYmxlJTIwYmF0dGVyeSUyMGFuZCUyMHByZS1maWxsZWQlMjB3aXRoJTIwNDBtbCUyMG9mJTIwMiUyNSUyMG9yJTIwNSUyNSUyMG5pY290aW5lJTIwc2FsdCUyMGUtbGlxdWlkJTJDJTIwaXQlMjBkZWxpdmVycyUyMHVwJTIwdG8lMjA0MCUyQzAwMCUyMHB1ZmZzJUUyJTgwJTk0bWFraW5nJTIwaXQlMjBhJTIwd29ycnktZnJlZSUyMG9wdGlvbiUyMGZvciUyMGV4dGVuZGVkJTIwZGFpbHklMjB1c2UuJTIyJTdEJTVEJTdEJTJDJTdCJTIydHlwZSUyMiUzQSUyMnBhcmFncmFwaCUyMiUyQyUyMmNoaWxkcmVuJTIyJTNBJTVCJTdCJTIydGV4dCUyMiUzQSUyMiUyMiU3RCU1RCU3RCUyQyU3QiUyMnR5cGUlMjIlM0ElMjJwYXJhZ3JhcGglMjIlMkMlMjJjaGlsZHJlbiUyMiUzQSU1QiU3QiUyMnRleHQlMjIlM0ElMjJXaGF0JTIwdHJ1bHklMjBzZXRzJTIwdGhlJTIwS2luZyUyMFBybyUyMGFwYXJ0JTIwaXMlMjBpdHMlMjBwcmVtaXVtJTIwYXRvbWl6YXRpb24lMjBzeXN0ZW0uJTIwRmVhdHVyaW5nJTIwYSUyMHRyaXBsZSUyMG1lc2glMjBjb2lsJTIwYW5kJTIwYSUyMGZpbmVseSUyMHR1bmVkJTIwYWlyZmxvdyUyMGNoYW5uZWwlMkMlMjBpdCUyMHByb2R1Y2VzJTIwZGVuc2UlMkMlMjBzbW9vdGglMkMlMjBhbmQlMjBmbGF2b3JmdWwlMjB2YXBvciUyMHdpdGglMjBldmVyeSUyMHB1ZmYuJTIwV2hldGhlciUyMHlvdSdyZSUyMGNoYXNpbmclMjBmbGF2b3IlMjBvciUyMGNsb3VkJTIwcHJvZHVjdGlvbiUyQyUyMHRoaXMlMjBhZHZhbmNlZCUyMGNvaWwlMjBzZXR1cCUyMGVuc3VyZXMlMjBhJTIwY29uc2lzdGVudCUyMGFuZCUyMHNhdGlzZnlpbmclMjB2YXBpbmclMjBleHBlcmllbmNlJTIwZmFyJTIwc3VwZXJpb3IlMjB0byUyMHN0YW5kYXJkJTIwZGlzcG9zYWJsZXMuJTIyJTdEJTVEJTdEJTJDJTdCJTIydHlwZSUyMiUzQSUyMnBhcmFncmFwaCUyMiUyQyUyMmNoaWxkcmVuJTIyJTNBJTVCJTdCJTIydGV4dCUyMiUzQSUyMiUyMiU3RCU1RCU3RCUyQyU3QiUyMnR5cGUlMjIlM0ElMjJwYXJhZ3JhcGglMjIlMkMlMjJjaGlsZHJlbiUyMiUzQSU1QiU3QiUyMnRleHQlMjIlM0ElMjJUbyUyMHRvcCUyMGl0JTIwb2ZmJTJDJTIwdGhlJTIwS2luZyUyMFBybyUyMGNvbWVzJTIwaW4lMjBhJTIwdmFyaWV0eSUyMG9mJTIwMTUlMjBjYXJlZnVsbHklMjBjcmFmdGVkJTIwZnJ1aXQlMjBmbGF2b3JzJTJDJTIwZnJvbSUyMHJlZnJlc2hpbmclMjBjbGFzc2ljcyUyMGxpa2UlMjBTdHJhd2JlcnJ5JTIwV2F0ZXJtZWxvbiUyMHRvJTIwbW9yZSUyMGV4b3RpYyUyMGJsZW5kcyUyMGxpa2UlMjBQZWFjaCUyME1hbmdvJTIwUGluZWFwcGxlJTIwYW5kJTIwS2l3aSUyMFBhc3Npb25mcnVpdCUyMEd1YXZhLiUyMFdpdGglMjBpdHMlMjBzbGVlayUyMGRlc2lnbiUyQyUyMHN1cGVyYiUyMHZhcG9yJTIwcXVhbGl0eSUyQyUyMGFuZCUyMGJyb2FkJTIwZmxhdm9yJTIwcmFuZ2UlMkMlMjB0aGUlMjBLaW5nJTIwUHJvJTIwaXMlMjBlbmdpbmVlcmVkJTIwdG8lMjBzYXRpc2Z5JTIwZXZlcnklMjBwcmVmZXJlbmNlLiUyMiU3RCU1RCU3RCU1RA==\"><span data-slate-node=\"text\">Para al\u00e9m disso, o King Pro est\u00e1 dispon\u00edvel numa variedade de 15 op\u00e7\u00f5es de fruta cuidadosamente elaboradas, desde os cl\u00e1ssicos refrescantes como o Strawberry Watermelon at\u00e9 \u00e0s misturas mais ex\u00f3ticas como o Peach Mango Pineapple e o Kiwi Passionfruit Guava. Com o seu design elegante, excelente qualidade de vapor e uma vasta gama de op\u00e7\u00f5es, o King Pro foi concebido para satisfazer todas as prefer\u00eancias.<\/span><\/div>\n<h2 data-start=\"625\" data-end=\"860\">Vapsolo King Pro 40000 Puffs Vape Descart\u00e1vel Especifica\u00e7\u00e3o<\/h2>\n<ul>\n<li data-slate-node=\"element\"><span data-slate-node=\"text\">Nicotina: 2%, 5%<\/span><\/li>\n<li data-slate-node=\"element\"><span data-slate-node=\"text\">Puffs: 40000 Puffs<\/span><\/li>\n<li data-slate-node=\"element\"><span data-slate-node=\"text\">E-l\u00edquido: 40ml<\/span><\/li>\n<li data-slate-node=\"element\"><span data-slate-node=\"text\">Bateria: 650mAh<\/span><\/li>\n<li data-slate-node=\"element\"><span data-slate-node=\"text\">Bobina de malha tripla de 1,0\u03a9<\/span><\/li>\n<li data-slate-node=\"element\" data-slate-fragment=\"JTVCJTdCJTIydHlwZSUyMiUzQSUyMnBhcmFncmFwaCUyMiUyQyUyMmNoaWxkcmVuJTIyJTNBJTVCJTdCJTIydGV4dCUyMiUzQSUyMk5pY290aW5lJTNBJTIwMiUyNSUyQyUyMDUlMjUlMjIlN0QlNUQlN0QlMkMlN0IlMjJ0eXBlJTIyJTNBJTIycGFyYWdyYXBoJTIyJTJDJTIyY2hpbGRyZW4lMjIlM0ElNUIlN0IlMjJ0ZXh0JTIyJTNBJTIyUHVmZnMlM0ElMjA0MDAwMCUyMFB1ZmZzJTIyJTdEJTVEJTdEJTJDJTdCJTIydHlwZSUyMiUzQSUyMnBhcmFncmFwaCUyMiUyQyUyMmNoaWxkcmVuJTIyJTNBJTVCJTdCJTIydGV4dCUyMiUzQSUyMkUtbGlxdWlkJTNBJTIwNDBtbCUyMiU3RCU1RCU3RCUyQyU3QiUyMnR5cGUlMjIlM0ElMjJwYXJhZ3JhcGglMjIlMkMlMjJjaGlsZHJlbiUyMiUzQSU1QiU3QiUyMnRleHQlMjIlM0ElMjJCYXR0ZXJ5JTNBJTIwNjUwbUFoJTIyJTdEJTVEJTdEJTJDJTdCJTIydHlwZSUyMiUzQSUyMnBhcmFncmFwaCUyMiUyQyUyMmNoaWxkcmVuJTIyJTNBJTVCJTdCJTIydGV4dCUyMiUzQSUyMjEuMCVDRSVBOSUyMFRyaXBsZSUyME1lc2glMjBDb2lsJTIyJTdEJTVEJTdEJTJDJTdCJTIydHlwZSUyMiUzQSUyMnBhcmFncmFwaCUyMiUyQyUyMmNoaWxkcmVuJTIyJTNBJTVCJTdCJTIydGV4dCUyMiUzQSUyMlR5cGUtQyUyMFJlY2hhcmdlYWJsZSUyMiU3RCU1RCU3RCU1RA==\"><span data-slate-node=\"text\">Recarreg\u00e1vel tipo C<\/span><\/li>\n<\/ul>\n<h2 data-start=\"625\" data-end=\"860\">Lista de op\u00e7\u00f5es<\/h2>\n<ol>\n<li data-slate-node=\"element\"><span data-slate-node=\"text\">Black Ice Dragon Fruit Morango<\/span><\/li>\n<li data-slate-node=\"element\"><span data-slate-node=\"text\">Mirtilo Framboesa \u00c1cida<\/span><\/li>\n<li data-slate-node=\"element\"><span data-slate-node=\"text\">Cola de cereja<\/span><\/li>\n<li data-slate-node=\"element\"><span data-slate-node=\"text\">Lim\u00e3o-cereja<\/span><\/li>\n<li data-slate-node=\"element\"><span data-slate-node=\"text\">Rutura de uva<\/span><\/li>\n<li data-slate-node=\"element\"><span data-slate-node=\"text\">Kiwi Maracuj\u00e1 Goiaba<\/span><\/li>\n<li data-slate-node=\"element\"><span data-slate-node=\"text\">Lima-lim\u00e3o<\/span><\/li>\n<li data-slate-node=\"element\"><span data-slate-node=\"text\">Amor 66<\/span><\/li>\n<li data-slate-node=\"element\"><span data-slate-node=\"text\">Baga mista<\/span><\/li>\n<li data-slate-node=\"element\"><span data-slate-node=\"text\">Baga de p\u00eassego<\/span><\/li>\n<li data-slate-node=\"element\"><span data-slate-node=\"text\">P\u00eassego Manga Anan\u00e1s<\/span><\/li>\n<li data-slate-node=\"element\"><span data-slate-node=\"text\">Banana com morango<\/span><\/li>\n<li data-slate-node=\"element\"><span data-slate-node=\"text\">Morango Kiwi<\/span><\/li>\n<li data-slate-node=\"element\"><span data-slate-node=\"text\">Melancia com morango<\/span><\/li>\n<li data-slate-node=\"element\" data-slate-fragment=\"JTVCJTdCJTIydHlwZSUyMiUzQSUyMnBhcmFncmFwaCUyMiUyQyUyMmNoaWxkcmVuJTIyJTNBJTVCJTdCJTIydGV4dCUyMiUzQSUyMkJsYWNrJTIwSWNlJTIwRHJhZ29uJTIwRnJ1aXQlMjBTdHJhd2JlcnJ5JTIyJTdEJTVEJTdEJTJDJTdCJTIydHlwZSUyMiUzQSUyMnBhcmFncmFwaCUyMiUyQyUyMmNoaWxkcmVuJTIyJTNBJTVCJTdCJTIydGV4dCUyMiUzQSUyMkJsdWViZXJyeSUyMFNvdXIlMjBSYXNwYmVycnklMjIlN0QlNUQlN0QlMkMlN0IlMjJ0eXBlJTIyJTNBJTIycGFyYWdyYXBoJTIyJTJDJTIyY2hpbGRyZW4lMjIlM0ElNUIlN0IlMjJ0ZXh0JTIyJTNBJTIyQ2hlcnJ5JTIwQ29sYSUyMiU3RCU1RCU3RCUyQyU3QiUyMnR5cGUlMjIlM0ElMjJwYXJhZ3JhcGglMjIlMkMlMjJjaGlsZHJlbiUyMiUzQSU1QiU3QiUyMnRleHQlMjIlM0ElMjJDaGVycnklMjBMZW1vbiUyMiU3RCU1RCU3RCUyQyU3QiUyMnR5cGUlMjIlM0ElMjJwYXJhZ3JhcGglMjIlMkMlMjJjaGlsZHJlbiUyMiUzQSU1QiU3QiUyMnRleHQlMjIlM0ElMjJHcmFwZSUyMEJ1cnN0JTIyJTdEJTVEJTdEJTJDJTdCJTIydHlwZSUyMiUzQSUyMnBhcmFncmFwaCUyMiUyQyUyMmNoaWxkcmVuJTIyJTNBJTVCJTdCJTIydGV4dCUyMiUzQSUyMktpd2klMjBQYXNzaW9uJTIwRnJ1aXQlMjBHdWF2YSUyMiU3RCU1RCU3RCUyQyU3QiUyMnR5cGUlMjIlM0ElMjJwYXJhZ3JhcGglMjIlMkMlMjJjaGlsZHJlbiUyMiUzQSU1QiU3QiUyMnRleHQlMjIlM0ElMjJMZW1vbiUyMExpbWUlMjIlN0QlNUQlN0QlMkMlN0IlMjJ0eXBlJTIyJTNBJTIycGFyYWdyYXBoJTIyJTJDJTIyY2hpbGRyZW4lMjIlM0ElNUIlN0IlMjJ0ZXh0JTIyJTNBJTIyTG92ZSUyMDY2JTIyJTdEJTVEJTdEJTJDJTdCJTIydHlwZSUyMiUzQSUyMnBhcmFncmFwaCUyMiUyQyUyMmNoaWxkcmVuJTIyJTNBJTVCJTdCJTIydGV4dCUyMiUzQSUyMk1peGVkJTIwQmVycnklMjIlN0QlNUQlN0QlMkMlN0IlMjJ0eXBlJTIyJTNBJTIycGFyYWdyYXBoJTIyJTJDJTIyY2hpbGRyZW4lMjIlM0ElNUIlN0IlMjJ0ZXh0JTIyJTNBJTIyUGVhY2glMjBCZXJyeSUyMiU3RCU1RCU3RCUyQyU3QiUyMnR5cGUlMjIlM0ElMjJwYXJhZ3JhcGglMjIlMkMlMjJjaGlsZHJlbiUyMiUzQSU1QiU3QiUyMnRleHQlMjIlM0ElMjJQZWFjaCUyME1hbmdvJTIwUGluZWFwcGxlJTIyJTdEJTVEJTdEJTJDJTdCJTIydHlwZSUyMiUzQSUyMnBhcmFncmFwaCUyMiUyQyUyMmNoaWxkcmVuJTIyJTNBJTVCJTdCJTIydGV4dCUyMiUzQSUyMlN0cmF3YmVycnklMjBCYW5hbmElMjIlN0QlNUQlN0QlMkMlN0IlMjJ0eXBlJTIyJTNBJTIycGFyYWdyYXBoJTIyJTJDJTIyY2hpbGRyZW4lMjIlM0ElNUIlN0IlMjJ0ZXh0JTIyJTNBJTIyU3RyYXdiZXJyeSUyMEtpd2klMjIlN0QlNUQlN0QlMkMlN0IlMjJ0eXBlJTIyJTNBJTIycGFyYWdyYXBoJTIyJTJDJTIyY2hpbGRyZW4lMjIlM0ElNUIlN0IlMjJ0ZXh0JTIyJTNBJTIyU3RyYXdiZXJyeSUyMFdhdGVybWVsb24lMjIlN0QlNUQlN0QlMkMlN0IlMjJ0eXBlJTIyJTNBJTIycGFyYWdyYXBoJTIyJTJDJTIyY2hpbGRyZW4lMjIlM0ElNUIlN0IlMjJ0ZXh0JTIyJTNBJTIyV2F0ZXJtZWxvbiUyMEljZSUyMiU3RCU1RCU3RCU1RA==\"><span data-slate-node=\"text\">Gelo de melancia<\/span><\/li>\n<\/ol>\n<h2 data-start=\"625\" data-end=\"860\">Lista de embalagem<\/h2>\n<p>1*Vapsolo King Pro 40,000 Puffs Vape descart\u00e1vel<\/p>\n<figure id=\"attachment_4948\" aria-describedby=\"caption-attachment-4948\" style=\"width: 800px\" class=\"wp-caption alignnone\"><img decoding=\"async\" class=\"size-full wp-image-4948\" title=\"Vapsolo King Pro 40000 Baga mista\" src=\"https:\/\/www.spacexvape.com\/wp-content\/uploads\/2025\/05\/Vapsolo-King-Pro-40000-Mixed-Berry.webp\" alt=\"Vapsolo King Pro 40000 Baga mista\" width=\"800\" height=\"800\" srcset=\"https:\/\/www.spacexvape.com\/wp-content\/uploads\/2025\/05\/Vapsolo-King-Pro-40000-Mixed-Berry.webp 800w, https:\/\/www.spacexvape.com\/wp-content\/uploads\/2025\/05\/Vapsolo-King-Pro-40000-Mixed-Berry-247x247.webp 247w, https:\/\/www.spacexvape.com\/wp-content\/uploads\/2025\/05\/Vapsolo-King-Pro-40000-Mixed-Berry-100x100.webp 100w, https:\/\/www.spacexvape.com\/wp-content\/uploads\/2025\/05\/Vapsolo-King-Pro-40000-Mixed-Berry-510x510.webp 510w, https:\/\/www.spacexvape.com\/wp-content\/uploads\/2025\/05\/Vapsolo-King-Pro-40000-Mixed-Berry-300x300.webp 300w, https:\/\/www.spacexvape.com\/wp-content\/uploads\/2025\/05\/Vapsolo-King-Pro-40000-Mixed-Berry-150x150.webp 150w, https:\/\/www.spacexvape.com\/wp-content\/uploads\/2025\/05\/Vapsolo-King-Pro-40000-Mixed-Berry-768x768.webp 768w, https:\/\/www.spacexvape.com\/wp-content\/uploads\/2025\/05\/Vapsolo-King-Pro-40000-Mixed-Berry-12x12.webp 12w, https:\/\/www.spacexvape.com\/wp-content\/uploads\/2025\/05\/Vapsolo-King-Pro-40000-Mixed-Berry-96x96.webp 96w\" sizes=\"(max-width: 800px) 100vw, 800px\" \/><figcaption id=\"caption-attachment-4948\" class=\"wp-caption-text\">Vapsolo King Pro 40000 Baga mista<\/figcaption><\/figure>","protected":false},"excerpt":{"rendered":"<p><span style=\"color: #ed1c24;\"><a style=\"color: #ed1c24;\" href=\"https:\/\/www.spacexvape.com\/pt\/produto\/vapsolo-king-pro-40000-puffs-vape-descartavel-por-atacado\/\"><strong>Vapsolo King Pro 40000 Atacado<\/strong><\/a><\/span> \/ 2% &amp; <span data-slate-node=\"text\">5% <\/span>pot\u00eancia \/ bateria recarreg\u00e1vel de 650mAh \/ 40ml de ejuice \/ 40.000 baforadas \/ armaz\u00e9m europeu<\/p>","protected":false},"featured_media":4955,"comment_status":"open","ping_status":"closed","template":"","meta":[],"product_brand":[525],"product_cat":[15],"product_tag":[514,554,541],"class_list":{"0":"post-4942","1":"product","2":"type-product","3":"status-publish","4":"has-post-thumbnail","6":"product_brand-vapsolo","7":"product_cat-disposable-vapes","8":"product_tag-40000-puffs","9":"product_tag-40ml","10":"product_tag-650mah","11":"product_shipping_class-europe-warehouse-retail","12":"pa_battery-650mah","13":"pa_e-liquid-40ml","14":"pa_flavor-black-ice-dragon-fruit-strawberry","15":"pa_flavor-blueberry-sour-raspberry","16":"pa_flavor-cherry-cola","17":"pa_flavor-cherry-lemon","18":"pa_flavor-fizzy-cherry","19":"pa_flavor-grape-burst","20":"pa_flavor-kiwi-passion-fruit-guava","21":"pa_flavor-lemon-lime","22":"pa_flavor-love-66","23":"pa_flavor-mixed-berry","24":"pa_flavor-monster-mangot","25":"pa_flavor-peach-berry","26":"pa_flavor-peach-mango-pineapple","27":"pa_flavor-pina-colada","28":"pa_flavor-pink-lemonade","29":"pa_flavor-sex-on-the-beach","30":"pa_flavor-strawberry-banana","31":"pa_flavor-strawberry-kiwi","32":"pa_flavor-strawberry-watermelon","33":"pa_flavor-watermelon-ice","34":"pa_nicotine-2-percent","35":"pa_nicotine-5-percent","36":"pa_puffs-40000-puffs","37":"pa_rechargeable-yes","38":"pa_selling-type-retail","40":"first","41":"instock","42":"shipping-taxable","43":"purchasable","44":"product-type-variable"},"wcpa_form_fields":null,"_links":{"self":[{"href":"https:\/\/www.spacexvape.com\/pt\/wp-json\/wp\/v2\/product\/4942","targetHints":{"allow":["GET"]}}],"collection":[{"href":"https:\/\/www.spacexvape.com\/pt\/wp-json\/wp\/v2\/product"}],"about":[{"href":"https:\/\/www.spacexvape.com\/pt\/wp-json\/wp\/v2\/types\/product"}],"replies":[{"embeddable":true,"href":"https:\/\/www.spacexvape.com\/pt\/wp-json\/wp\/v2\/comments?post=4942"}],"wp:featuredmedia":[{"embeddable":true,"href":"https:\/\/www.spacexvape.com\/pt\/wp-json\/wp\/v2\/media\/4955"}],"wp:attachment":[{"href":"https:\/\/www.spacexvape.com\/pt\/wp-json\/wp\/v2\/media?parent=4942"}],"wp:term":[{"taxonomy":"product_brand","embeddable":true,"href":"https:\/\/www.spacexvape.com\/pt\/wp-json\/wp\/v2\/product_brand?post=4942"},{"taxonomy":"product_cat","embeddable":true,"href":"https:\/\/www.spacexvape.com\/pt\/wp-json\/wp\/v2\/product_cat?post=4942"},{"taxonomy":"product_tag","embeddable":true,"href":"https:\/\/www.spacexvape.com\/pt\/wp-json\/wp\/v2\/product_tag?post=4942"}],"curies":[{"name":"wp","href":"https:\/\/api.w.org\/{rel}","templated":true}]}}