{"id":9760,"date":"2025-07-24T09:02:52","date_gmt":"2025-07-24T01:02:52","guid":{"rendered":"https:\/\/www.spacexvape.com\/?post_type=product&#038;p=9760"},"modified":"2025-11-05T10:23:21","modified_gmt":"2025-11-05T02:23:21","slug":"bang-28000-puffs-ice-control-vape","status":"publish","type":"product","link":"https:\/\/www.spacexvape.com\/pt\/produto\/bang-28000-puffs-ice-control-vape","title":{"rendered":"Bang 28000 Puffs Ice Control Vape Atacado"},"content":{"rendered":"<p>O <a href=\"https:\/\/www.spacexvape.com\/pt\/brand\/bang\/\"><strong>Bang<\/strong><\/a> O Ice Control Vape de 28000 baforadas \u00e9 a melhor escolha para um prazer de vaporiza\u00e7\u00e3o prolongado. Com uma enorme capacidade de 30 ml e uma bateria de longa dura\u00e7\u00e3o de 650 mAh, este elegante dispositivo fornece at\u00e9 28 000 baforadas suaves e satisfat\u00f3rias. Dispon\u00edvel nas op\u00e7\u00f5es de intensidade 0%, 2%, 3% e 5%, \u00e9 perfeito para vapers americanos e europeus que procuram experi\u00eancias personaliz\u00e1veis.<\/p>\n<p>O que a distingue? A tecnologia de arrefecimento avan\u00e7ada garante uma experi\u00eancia consistentemente refrescante, enquanto o design ativado por extra\u00e7\u00e3o torna a sua utiliza\u00e7\u00e3o f\u00e1cil. Quer prefira op\u00e7\u00f5es de extrato bot\u00e2nico de for\u00e7a zero ou mais fortes, este vape descart\u00e1vel oferece um controlo preciso para cada utilizador.<\/p>\n<p>Compacto mas potente, o Bang 28000 Puffs Ice Control Vape \u00e9 ideal para estilos de vida em movimento. Sem carregamento, sem recarga - apenas um prazer puro e saboroso da primeira \u00e0 \u00faltima baforada.<\/p>\n<h2>Bang 28000 Puffs Ice Control Vape Especifica\u00e7\u00e3o<\/h2>\n<ul>\n<li>Nicotina: 0% &amp; 2% &amp; 3% &amp; 5%<\/li>\n<li>Contagem de baforadas: At\u00e9 28.000 baforadas<\/li>\n<li>Bateria E-liquid: 650mAh<\/li>\n<li>E-l\u00edquido: 30ml<\/li>\n<li>Porta de carregamento: TYPE-C<\/li>\n<\/ul>\n<h2>Lista de op\u00e7\u00f5es<\/h2>\n<ol>\n<li class=\"ds-markdown-paragraph\">Gelo de morango e melancia<\/li>\n<li class=\"ds-markdown-paragraph\">Gelo de mirtilo<\/li>\n<li class=\"ds-markdowThe ultimate choice for extended vaping pleasure. With a massive 30mL capacity and a long-lasting 650mAh battery, this sleek device delivers up to 28,000 smooth, satisfying puffs. Available in 0%, 2%, 3% &amp; 5% strength options, it's perfect for US and European vapers seeking customizable experiences. What sets it apart? The advanced cooling tech ensures a consistently refreshing experience, while the draw-activated design makes it effortless to use. Whether you prefer zero-strength or stronger botanical extract options, this disposable vape offers precision control for every user. Compact yet powerful, the Bang 28000 Puffs is ideal for on-the-go lifestyles. No charging, no refilling\u2014just pure, flavorful enjoyment from the first puff to the last.n-paragraph\">Sangue e areia<\/li>\n<li class=\"ds-markdown-paragraph\">Anan\u00e1s de coco<\/li>\n<li class=\"ds-markdown-paragraph\">Banana com morango<\/li>\n<li class=\"ds-markdown-paragraph\">Frutos mistos<\/li>\n<li class=\"ds-markdown-paragraph\">Mirtilos Framboesas<\/li>\n<li class=\"ds-markdown-paragraph\">Gelo de p\u00eassego<\/li>\n<li class=\"ds-markdown-paragraph\">Manga P\u00eassego<\/li>\n<li class=\"ds-markdown-paragraph\">Melancia<\/li>\n<li class=\"ds-markdown-paragraph\">Gelo de uva<\/li>\n<li class=\"ds-markdown-paragraph\">Morango Kiwi<\/li>\n<\/ol>\n<h2>Lista de embalagem<\/h2>\n<p>10*Bang 28000 Puffs Ice Control Vapes<\/p>\n<figure id=\"attachment_10070\" aria-describedby=\"caption-attachment-10070\" style=\"width: 800px\" class=\"wp-caption alignnone\"><img decoding=\"async\" class=\"size-full wp-image-10070\" title=\"Bang 28000 Puffs Ice Control Anan\u00e1s Coco\" src=\"https:\/\/www.spacexvape.com\/wp-content\/uploads\/2025\/07\/Bang-28000-Puffs-Ice-Control-Pineapple-Coconut.webp\" alt=\"Bang 28000 Puffs Ice Control Anan\u00e1s Coco\" width=\"800\" height=\"800\" srcset=\"https:\/\/www.spacexvape.com\/wp-content\/uploads\/2025\/07\/Bang-28000-Puffs-Ice-Control-Pineapple-Coconut.webp 800w, https:\/\/www.spacexvape.com\/wp-content\/uploads\/2025\/07\/Bang-28000-Puffs-Ice-Control-Pineapple-Coconut-300x300.webp 300w, https:\/\/www.spacexvape.com\/wp-content\/uploads\/2025\/07\/Bang-28000-Puffs-Ice-Control-Pineapple-Coconut-150x150.webp 150w, https:\/\/www.spacexvape.com\/wp-content\/uploads\/2025\/07\/Bang-28000-Puffs-Ice-Control-Pineapple-Coconut-768x768.webp 768w, https:\/\/www.spacexvape.com\/wp-content\/uploads\/2025\/07\/Bang-28000-Puffs-Ice-Control-Pineapple-Coconut-12x12.webp 12w, https:\/\/www.spacexvape.com\/wp-content\/uploads\/2025\/07\/Bang-28000-Puffs-Ice-Control-Pineapple-Coconut-247x247.webp 247w, https:\/\/www.spacexvape.com\/wp-content\/uploads\/2025\/07\/Bang-28000-Puffs-Ice-Control-Pineapple-Coconut-510x510.webp 510w, https:\/\/www.spacexvape.com\/wp-content\/uploads\/2025\/07\/Bang-28000-Puffs-Ice-Control-Pineapple-Coconut-100x100.webp 100w\" sizes=\"(max-width: 800px) 100vw, 800px\" \/><figcaption id=\"caption-attachment-10070\" class=\"wp-caption-text\">Bang 28000 Puffs Ice Control Anan\u00e1s Coco<\/figcaption><\/figure>","protected":false},"excerpt":{"rendered":"<p>Bang 28000 \/ 0% &amp; 2% &amp; 3% &amp; 5% for\u00e7a \/ 650mAh bateria recarreg\u00e1vel \/ 30ml capacidade \/ 28,000 Puffs \/ China Warehouse<\/p>","protected":false},"featured_media":10062,"comment_status":"open","ping_status":"closed","template":"","meta":[],"product_brand":[609],"product_cat":[15],"product_tag":[511,564,541],"class_list":{"0":"post-9760","1":"product","2":"type-product","3":"status-publish","4":"has-post-thumbnail","6":"product_brand-bang","7":"product_cat-disposable-vapes","8":"product_tag-28000-puffs","9":"product_tag-30ml","10":"product_tag-650mah","11":"product_shipping_class-china-warehouse-wholesale","12":"pa_battery-650mah","13":"pa_e-liquid-30ml","14":"pa_flavor-blood-and-sand","15":"pa_flavor-blueberries-raspberries","16":"pa_flavor-blueberry-ice","17":"pa_flavor-grape-ice","18":"pa_flavor-mango-peach","19":"pa_flavor-mixed-fruit","20":"pa_flavor-peach-ice","21":"pa_flavor-pineapple-coconut","22":"pa_flavor-strawberry-banana","23":"pa_flavor-strawberry-kiwi-fruit","24":"pa_flavor-strawberry-watermelon-ice","25":"pa_flavor-watermelon","26":"pa_nicotine-0-percent","27":"pa_nicotine-2-percent","28":"pa_nicotine-3-percent","29":"pa_nicotine-5-percent","30":"pa_puffs-28000-puffs","31":"pa_rechargeable-yes","32":"pa_selling-type-micro-wholesale","34":"first","35":"instock","36":"shipping-taxable","37":"purchasable","38":"product-type-variable"},"wcpa_form_fields":null,"_links":{"self":[{"href":"https:\/\/www.spacexvape.com\/pt\/wp-json\/wp\/v2\/product\/9760","targetHints":{"allow":["GET"]}}],"collection":[{"href":"https:\/\/www.spacexvape.com\/pt\/wp-json\/wp\/v2\/product"}],"about":[{"href":"https:\/\/www.spacexvape.com\/pt\/wp-json\/wp\/v2\/types\/product"}],"replies":[{"embeddable":true,"href":"https:\/\/www.spacexvape.com\/pt\/wp-json\/wp\/v2\/comments?post=9760"}],"wp:featuredmedia":[{"embeddable":true,"href":"https:\/\/www.spacexvape.com\/pt\/wp-json\/wp\/v2\/media\/10062"}],"wp:attachment":[{"href":"https:\/\/www.spacexvape.com\/pt\/wp-json\/wp\/v2\/media?parent=9760"}],"wp:term":[{"taxonomy":"product_brand","embeddable":true,"href":"https:\/\/www.spacexvape.com\/pt\/wp-json\/wp\/v2\/product_brand?post=9760"},{"taxonomy":"product_cat","embeddable":true,"href":"https:\/\/www.spacexvape.com\/pt\/wp-json\/wp\/v2\/product_cat?post=9760"},{"taxonomy":"product_tag","embeddable":true,"href":"https:\/\/www.spacexvape.com\/pt\/wp-json\/wp\/v2\/product_tag?post=9760"}],"curies":[{"name":"wp","href":"https:\/\/api.w.org\/{rel}","templated":true}]}}