{"id":1185,"date":"2025-02-05T06:11:29","date_gmt":"2025-02-05T06:11:29","guid":{"rendered":"https:\/\/www.spacexvape.com\/?post_type=product&#038;p=1185"},"modified":"2026-04-09T15:46:26","modified_gmt":"2026-04-09T07:46:26","slug":"jnr-alien-10000-puffs-disposable-vape","status":"publish","type":"product","link":"https:\/\/www.spacexvape.com\/sv\/produkt\/jnr-alien-10000-puffar-engangsvape","title":{"rendered":"JNR Alien 10000 puffar eng\u00e5ngsvape"},"content":{"rendered":"<p>Den <a title=\"JNR\" href=\"https:\/\/www.spacexvape.com\/sv\/brand\/jnr\/\">JNR<\/a> Alien 10000 Puffs eng\u00e5ngsvape ger en j\u00e4mn dragning och rik \u00e5nga med en 1,2\u03a9-spole, har en imponerande kapacitet p\u00e5 cirka 10 000 puffar och drivs av ett 850mAh-batteri. Den levereras f\u00f6rfylld med 20 ml e-juice, som erbjuder alternativ fr\u00e5n uppfriskande is till h\u00e4rliga frukter. Den praktiska Type-C-laddningsporten garanterar snabb och problemfri laddning.<\/p>\n<p data-start=\"1087\" data-end=\"1414\">Denna eng\u00e5ngsvape \u00e4r tillverkad med bekv\u00e4mlighet i \u00e5tanke och \u00e4r f\u00f6rfylld, f\u00f6rladdad och redo att anv\u00e4ndas, vilket g\u00f6r den till det perfekta valet f\u00f6r b\u00e5de nyb\u00f6rjare och erfarna vapers. Den eleganta, ergonomiska designen ligger bekv\u00e4mt i handen och de m\u00e5nga olika alternativen g\u00f6r att det finns n\u00e5got f\u00f6r alla smaker.<\/p>\n<p>JNR Alien 10000 Puffs Disposable, certifierad av CE, ROHS och FCC, \u00e4r ett bevis p\u00e5 kvalitet och s\u00e4kerhet. Oavsett om du \u00e4r nyb\u00f6rjare eller ett erfaret proffs \u00e4r 10000 Puffs eng\u00e5ngspenna din perfekta f\u00f6ljeslagare f\u00f6r en o\u00f6vertr\u00e4ffad vapingresa.<\/p>\n<h2>\u00a0JNR Ailen 10000 Puffs Specifikation f\u00f6r eng\u00e5ngsvape<\/h2>\n<ul>\n<li>Spolmotst\u00e5nd: 1,2\u03a9<\/li>\n<li>E-v\u00e4tska: 20 ml<\/li>\n<li>Batteri: 850 mAh<\/li>\n<li>nikotin: 2% &amp; 5%<\/li>\n<li>Varum\u00e4rke &amp; modell: JNR Alien<\/li>\n<li>Puffar: 10.000 puffar<\/li>\n<\/ul>\n<h2>Lista \u00f6ver alternativ<\/h2>\n<ol>\n<li>\n<div data-slate-node=\"element\"><span data-slate-node=\"text\">Bl\u00e5 Razz K\u00f6rsb\u00e4r<\/span><\/div>\n<\/li>\n<li>\n<div data-slate-node=\"element\"><span data-slate-node=\"text\">Bl\u00e5b\u00e4r K\u00f6rsb\u00e4r Tranb\u00e4r<\/span><\/div>\n<\/li>\n<li>\n<div data-slate-node=\"element\"><span data-slate-node=\"text\">Jordgubbsis<\/span><\/div>\n<\/li>\n<li>\n<div data-slate-node=\"element\"><span data-slate-node=\"text\">Blandade b\u00e4r<\/span><\/div>\n<\/li>\n<li>\n<div data-slate-node=\"element\"><span data-slate-node=\"text\">Vattenmelon-is<\/span><\/div>\n<\/li>\n<li>\n<div data-slate-node=\"element\"><span data-slate-node=\"text\">Persika B\u00e4r<\/span><\/div>\n<\/li>\n<li>\n<div data-slate-node=\"element\"><span data-slate-node=\"text\">Persika is<\/span><\/div>\n<\/li>\n<li>\n<div data-slate-node=\"element\"><span data-slate-node=\"text\">Persika Mango Ananas<\/span><\/div>\n<\/li>\n<li>\n<div data-slate-node=\"element\"><span data-slate-node=\"text\">Bl\u00e5 Razz K\u00f6rsb\u00e4r<\/span><\/div>\n<\/li>\n<li>\n<div data-slate-node=\"element\"><span data-slate-node=\"text\">Bl\u00e5b\u00e4r p\u00e5 is<\/span><\/div>\n<\/li>\n<li>\n<div data-slate-node=\"element\"><span data-slate-node=\"text\">Hallon Vattenmelon<\/span><\/div>\n<\/li>\n<li>\n<div data-slate-node=\"element\"><span data-slate-node=\"text\">Jordgubbar Bananer<\/span><\/div>\n<\/li>\n<li>\n<div data-slate-node=\"element\"><span data-slate-node=\"text\">Dubbla \u00e4pplen<\/span><\/div>\n<\/li>\n<li>\n<div data-slate-node=\"element\"><span data-slate-node=\"text\">K\u00f6rsb\u00e4rsb\u00e4r<\/span><\/div>\n<\/li>\n<li>\n<div data-slate-node=\"element\"><span data-slate-node=\"text\">Jordgubbs- och vattenmelonis<\/span><\/div>\n<\/li>\n<li>\n<div data-slate-node=\"element\"><span data-slate-node=\"text\">Jordgubb Pina Colada<\/span><\/div>\n<\/li>\n<li>\n<div data-slate-node=\"element\"><span data-slate-node=\"text\">Jordgubbsgodisis<\/span><\/div>\n<\/li>\n<li>\n<div data-slate-node=\"element\"><span data-slate-node=\"text\">Vattenmelon Bubble Gum<\/span><\/div>\n<\/li>\n<li>\n<div data-slate-node=\"element\"><span data-slate-node=\"text\">Bl\u00e5b\u00e4r Bubblegum<\/span><\/div>\n<\/li>\n<li>\n<div data-slate-node=\"element\"><span data-slate-node=\"text\">Gummibj\u00f6rn<\/span><\/div>\n<\/li>\n<li>\n<div data-slate-node=\"element\"><span data-slate-node=\"text\">Bl\u00e5b\u00e4r Sura Hallon<\/span><\/div>\n<\/li>\n<\/ol>\n<h2>Packlista<\/h2>\n<p>1*JNR Alien 10 000 puffar eng\u00e5ngsvape<\/p>\n<p>&nbsp;<\/p>\n<figure id=\"attachment_1251\" aria-describedby=\"caption-attachment-1251\" style=\"width: 800px\" class=\"wp-caption alignnone\"><img decoding=\"async\" class=\"size-full wp-image-1251\" title=\"JNR Alien 10000 Sour Apple\" src=\"https:\/\/www.spacexvape.com\/wp-content\/uploads\/2025\/01\/JNR-Alien-10000-Sour-Apple.webp\" alt=\"JNR Alien 10000 Sour Apple\" width=\"800\" height=\"800\" srcset=\"https:\/\/www.spacexvape.com\/wp-content\/uploads\/2025\/01\/JNR-Alien-10000-Sour-Apple.webp 800w, https:\/\/www.spacexvape.com\/wp-content\/uploads\/2025\/01\/JNR-Alien-10000-Sour-Apple-247x247.webp 247w, https:\/\/www.spacexvape.com\/wp-content\/uploads\/2025\/01\/JNR-Alien-10000-Sour-Apple-100x100.webp 100w, https:\/\/www.spacexvape.com\/wp-content\/uploads\/2025\/01\/JNR-Alien-10000-Sour-Apple-510x510.webp 510w, https:\/\/www.spacexvape.com\/wp-content\/uploads\/2025\/01\/JNR-Alien-10000-Sour-Apple-300x300.webp 300w, https:\/\/www.spacexvape.com\/wp-content\/uploads\/2025\/01\/JNR-Alien-10000-Sour-Apple-150x150.webp 150w, https:\/\/www.spacexvape.com\/wp-content\/uploads\/2025\/01\/JNR-Alien-10000-Sour-Apple-768x768.webp 768w, https:\/\/www.spacexvape.com\/wp-content\/uploads\/2025\/01\/JNR-Alien-10000-Sour-Apple-96x96.webp 96w\" sizes=\"(max-width: 800px) 100vw, 800px\" \/><figcaption id=\"caption-attachment-1251\" class=\"wp-caption-text\">JNR Alien 10000 Sour Apple<\/figcaption><\/figure>\n<p>&nbsp;<\/p>\n<p>&nbsp;<\/p>","protected":false},"excerpt":{"rendered":"<p>JNR Alien 10000 \/ 2% &amp; 5% nikotin \/ 850 mAh uppladdningsbart batteri \/ 20 ml e-juice \/ 10000 Puffs \/ European Warehouse<\/p>","protected":false},"featured_media":1241,"comment_status":"open","ping_status":"closed","template":"","meta":[],"product_brand":[535],"product_cat":[15],"product_tag":[503,556,549],"class_list":{"0":"post-1185","1":"product","2":"type-product","3":"status-publish","4":"has-post-thumbnail","6":"product_brand-jnr","7":"product_cat-disposable-vapes","8":"product_tag-10000-puffs","9":"product_tag-20ml","10":"product_tag-850mah","11":"product_shipping_class-china-warehouse-wholesale","12":"pa_battery-850mah","13":"pa_e-liquid-20ml","14":"pa_nicotine-2-percent","15":"pa_puffs-10000-puffs","16":"pa_rechargeable-yes","18":"first","19":"instock","20":"shipping-taxable","21":"purchasable","22":"product-type-variable"},"wcpa_form_fields":null,"_links":{"self":[{"href":"https:\/\/www.spacexvape.com\/sv\/wp-json\/wp\/v2\/product\/1185","targetHints":{"allow":["GET"]}}],"collection":[{"href":"https:\/\/www.spacexvape.com\/sv\/wp-json\/wp\/v2\/product"}],"about":[{"href":"https:\/\/www.spacexvape.com\/sv\/wp-json\/wp\/v2\/types\/product"}],"replies":[{"embeddable":true,"href":"https:\/\/www.spacexvape.com\/sv\/wp-json\/wp\/v2\/comments?post=1185"}],"wp:featuredmedia":[{"embeddable":true,"href":"https:\/\/www.spacexvape.com\/sv\/wp-json\/wp\/v2\/media\/1241"}],"wp:attachment":[{"href":"https:\/\/www.spacexvape.com\/sv\/wp-json\/wp\/v2\/media?parent=1185"}],"wp:term":[{"taxonomy":"product_brand","embeddable":true,"href":"https:\/\/www.spacexvape.com\/sv\/wp-json\/wp\/v2\/product_brand?post=1185"},{"taxonomy":"product_cat","embeddable":true,"href":"https:\/\/www.spacexvape.com\/sv\/wp-json\/wp\/v2\/product_cat?post=1185"},{"taxonomy":"product_tag","embeddable":true,"href":"https:\/\/www.spacexvape.com\/sv\/wp-json\/wp\/v2\/product_tag?post=1185"}],"curies":[{"name":"wp","href":"https:\/\/api.w.org\/{rel}","templated":true}]}}