{"id":1612,"date":"2025-02-20T12:13:19","date_gmt":"2025-02-20T12:13:19","guid":{"rendered":"https:\/\/www.spacexvape.com\/?post_type=product&#038;p=1612"},"modified":"2026-03-18T09:46:14","modified_gmt":"2026-03-18T01:46:14","slug":"fumot-digital-box-12000-puffs-disposable-vape","status":"publish","type":"product","link":"https:\/\/www.spacexvape.com\/sv\/produkt\/fumot-digital-box-12000-puffar-engangs-vape","title":{"rendered":"Fumot Digital Box 12000 Puffs Eng\u00e5ngs Vape"},"content":{"rendered":"<p>Den <a title=\"Fumot\" href=\"https:\/\/www.spacexvape.com\/sv\/brand\/fumot\/\">Fumot<\/a> Digital Box 12000 Puffs eng\u00e5ngsvape \u00e4r en h\u00f6gpresterande eng\u00e5ngsvape designad f\u00f6r anv\u00e4ndare som s\u00f6ker l\u00e5ng livsl\u00e4ngd och bekv\u00e4mlighet. Med en unik och snygg apdesign sticker den h\u00e4r enheten ut i b\u00e5de utseende och funktionalitet. Den inbyggda LED-sk\u00e4rmen visar batteritiden, s\u00e5 att du alltid \u00e4r informerad och aldrig blir \u00f6verraskad.<\/p>\n<p>Fumot Digital Box 12000 erbjuder imponerande 12000 puffar, den h\u00e4r enheten \u00e4r perfekt f\u00f6r l\u00e4ngre vaping-sessioner utan frekventa byten. E-v\u00e4tskekapaciteten p\u00e5 20 ml ger ett j\u00e4mnt och konsekvent alternativ fr\u00e5n b\u00f6rjan till slut, vilket g\u00f6r den till ett perfekt val f\u00f6r vape-entusiaster.<\/p>\n<p>Fumot Digital Box 12000 \u00e4r perfekt f\u00f6r vapers som letar efter en ut\u00f6kad upplevelse av h\u00f6g kvalitet, det uppladdningsbara batteriet p\u00e5 500 mAh och USB Type-C-laddning ger \u00f6kad bekv\u00e4mlighet och prestanda.<\/p>\n<h2>Fumot Digital Box 12000 Puffs Eng\u00e5ngs Vape Specifikation<\/h2>\n<ul>\n<li>Varum\u00e4rke &amp; modell: Fumot Digital Box<\/li>\n<li>Puffs St\u00f6d: Upp till 12.000<\/li>\n<li>E-v\u00e4tska: 20ML<\/li>\n<li>Spole med tre n\u00e4t: 0,8\u03a9<\/li>\n<li>500mAh uppladdningsbar<\/li>\n<li>Nikotin: 2% &amp; 5%<\/li>\n<li>USB typ C (kabel ing\u00e5r ej)<\/li>\n<\/ul>\n<h2>Lista \u00f6ver alternativ<\/h2>\n<ol>\n<li>Cool Mint<\/li>\n<li>Vattenmelon-is<\/li>\n<li>Bl\u00e5b\u00e4r Hallon<\/li>\n<li>Jordgubbar Vattenmelon<\/li>\n<li>Jordgubbar Bananer<\/li>\n<li>Lush Ice<\/li>\n<li>K\u00f6rsb\u00e4r<\/li>\n<li>Jordgubbsis<\/li>\n<li>Isglass<\/li>\n<li>Rosa lemonad<\/li>\n<li>Mango p\u00e5 is<\/li>\n<li>Blandade b\u00e4r<\/li>\n<li>Jordgubb Druva<\/li>\n<li>Cherry Cola<\/li>\n<li>Dr Blue<\/li>\n<li>Bl\u00e5b\u00e4r p\u00e5 is<\/li>\n<li>Kiwi Passionsfrukt Guava<\/li>\n<li>Jordgubb Kiwi<\/li>\n<li>Persika Mango<\/li>\n<li>Persika is<\/li>\n<li>Bl\u00e5b\u00e4r Bubblegum<\/li>\n<li>Berry Lemonade<\/li>\n<li>Blue Razz Lemonade<\/li>\n<li>Bluesour Hallon<\/li>\n<li>Red Bull med jordgubbar<\/li>\n<li>Vattenmelon Bubble Gum<\/li>\n<li>Hallon Vattenmelon<\/li>\n<li>Svart is<\/li>\n<li>Bl\u00e5b\u00e4r K\u00f6rsb\u00e4r Tranb\u00e4r<\/li>\n<li>Strawberry Pomp (Granat\u00e4pple)<\/li>\n<li>Vimto<\/li>\n<li>K\u00f6rsb\u00e4rsb\u00e4r<\/li>\n<li>Citron &amp; Lime<\/li>\n<li>Bingo Crush<\/li>\n<li>Bl\u00e5b\u00e4r Kiwi<\/li>\n<li>Banan is<\/li>\n<li>Dragonfrukt-is<\/li>\n<li>Fruity Fusion<\/li>\n<li>K\u00e4rlek 66<\/li>\n<li>Ananas-is<\/li>\n<li>Tv\u00e5 \u00e4pplen<\/li>\n<\/ol>\n<h2>Packlista<\/h2>\n<p>1*Digital Box 12 000 puffar eng\u00e5ngsvape<\/p>\n<figure id=\"attachment_4420\" aria-describedby=\"caption-attachment-4420\" style=\"width: 800px\" class=\"wp-caption alignnone\"><img decoding=\"async\" class=\"size-full wp-image-4420\" title=\"Fumot Digital Box 12000 Lush Ice\" src=\"https:\/\/www.spacexvape.com\/wp-content\/uploads\/2025\/04\/Fumot-Digital-Box-12000-Lush-Ice.webp\" alt=\"Fumot Digital Box 12000 Lush Ice\" width=\"800\" height=\"800\" srcset=\"https:\/\/www.spacexvape.com\/wp-content\/uploads\/2025\/04\/Fumot-Digital-Box-12000-Lush-Ice.webp 800w, https:\/\/www.spacexvape.com\/wp-content\/uploads\/2025\/04\/Fumot-Digital-Box-12000-Lush-Ice-247x247.webp 247w, https:\/\/www.spacexvape.com\/wp-content\/uploads\/2025\/04\/Fumot-Digital-Box-12000-Lush-Ice-100x100.webp 100w, https:\/\/www.spacexvape.com\/wp-content\/uploads\/2025\/04\/Fumot-Digital-Box-12000-Lush-Ice-510x510.webp 510w, https:\/\/www.spacexvape.com\/wp-content\/uploads\/2025\/04\/Fumot-Digital-Box-12000-Lush-Ice-300x300.webp 300w, https:\/\/www.spacexvape.com\/wp-content\/uploads\/2025\/04\/Fumot-Digital-Box-12000-Lush-Ice-150x150.webp 150w, https:\/\/www.spacexvape.com\/wp-content\/uploads\/2025\/04\/Fumot-Digital-Box-12000-Lush-Ice-768x768.webp 768w, https:\/\/www.spacexvape.com\/wp-content\/uploads\/2025\/04\/Fumot-Digital-Box-12000-Lush-Ice-12x12.webp 12w, https:\/\/www.spacexvape.com\/wp-content\/uploads\/2025\/04\/Fumot-Digital-Box-12000-Lush-Ice-96x96.webp 96w\" sizes=\"(max-width: 800px) 100vw, 800px\" \/><figcaption id=\"caption-attachment-4420\" class=\"wp-caption-text\">Fumot Digital Box 12000 Lush Ice<\/figcaption><\/figure>","protected":false},"excerpt":{"rendered":"<p>Fumot Digital Box 12000\/ 2% nikotin\/ 500 mAh uppladdningsbart batteri\/ 20 ml ejuice\/ 12 000 puffar<\/p>","protected":false},"featured_media":4429,"comment_status":"open","ping_status":"closed","template":"","meta":[],"product_brand":[538],"product_cat":[15],"product_tag":[504,556,561],"class_list":{"0":"post-1612","1":"product","2":"type-product","3":"status-publish","4":"has-post-thumbnail","6":"product_brand-fumot","7":"product_cat-disposable-vapes","8":"product_tag-12000-puffs","9":"product_tag-20ml","10":"product_tag-500mah","11":"product_shipping_class-europe-warehouse-retail","12":"pa_battery-500mah","13":"pa_e-liquid-20ml","14":"pa_nicotine-2-percent","15":"pa_puffs-12000-puffs","16":"pa_rechargeable-yes","17":"pa_selling-type-retail","19":"first","20":"instock","21":"featured","22":"shipping-taxable","23":"purchasable","24":"product-type-variable"},"wcpa_form_fields":null,"_links":{"self":[{"href":"https:\/\/www.spacexvape.com\/sv\/wp-json\/wp\/v2\/product\/1612","targetHints":{"allow":["GET"]}}],"collection":[{"href":"https:\/\/www.spacexvape.com\/sv\/wp-json\/wp\/v2\/product"}],"about":[{"href":"https:\/\/www.spacexvape.com\/sv\/wp-json\/wp\/v2\/types\/product"}],"replies":[{"embeddable":true,"href":"https:\/\/www.spacexvape.com\/sv\/wp-json\/wp\/v2\/comments?post=1612"}],"wp:featuredmedia":[{"embeddable":true,"href":"https:\/\/www.spacexvape.com\/sv\/wp-json\/wp\/v2\/media\/4429"}],"wp:attachment":[{"href":"https:\/\/www.spacexvape.com\/sv\/wp-json\/wp\/v2\/media?parent=1612"}],"wp:term":[{"taxonomy":"product_brand","embeddable":true,"href":"https:\/\/www.spacexvape.com\/sv\/wp-json\/wp\/v2\/product_brand?post=1612"},{"taxonomy":"product_cat","embeddable":true,"href":"https:\/\/www.spacexvape.com\/sv\/wp-json\/wp\/v2\/product_cat?post=1612"},{"taxonomy":"product_tag","embeddable":true,"href":"https:\/\/www.spacexvape.com\/sv\/wp-json\/wp\/v2\/product_tag?post=1612"}],"curies":[{"name":"wp","href":"https:\/\/api.w.org\/{rel}","templated":true}]}}