{"id":1915,"date":"2025-02-24T09:57:19","date_gmt":"2025-02-24T09:57:19","guid":{"rendered":"https:\/\/www.spacexvape.com\/?post_type=product&#038;p=1915"},"modified":"2026-04-01T11:46:49","modified_gmt":"2026-04-01T03:46:49","slug":"fumot-tornado-30k-music-disposable-vape","status":"publish","type":"product","link":"https:\/\/www.spacexvape.com\/sv\/produkt\/fumot-tornado-30k-musik-engangsvape","title":{"rendered":"Fumot Tornado 30K Musik Eng\u00e5ngs Vape"},"content":{"rendered":"<p>Den <a title=\"Fumot\" href=\"https:\/\/www.spacexvape.com\/sv\/brand\/fumot\/\">Fumot<\/a> Tornado 30K Music \u00e4r designad f\u00f6r dem som kr\u00e4ver en \u00f6verl\u00e4gsen vapingupplevelse. Med imponerande 30K puffar och 30ml f\u00f6rfylld E-liquid ger den l\u00e5ngvarig tillfredsst\u00e4llelse med minimala p\u00e5fyllningar. Oavsett om du f\u00f6redrar 2%- eller 5%-nikotin tillgodoser denna eng\u00e5ngsvape dina individuella behov och s\u00e4kerst\u00e4ller att varje session ger j\u00e4mn, j\u00e4mn \u00e5nga. Den innovativa mesh coil-tekniken (1,0\u03a9) garanterar optimal prestanda, vilket ger rik och alternativ \u00e5nga varje g\u00e5ng.<\/p>\n<p>Fumot Tornado 30K Music \u00e4r designad med bekv\u00e4mlighet i \u00e5tanke och har ett 600mAh uppladdningsbart batteri som ger tillf\u00f6rlitlighet f\u00f6r l\u00e4ngre vaping-sessioner. Snabbladdning av typ C s\u00e4kerst\u00e4ller att du kan starta upp din enhet snabbt, minimera stillest\u00e5ndstiden och m\u00f6jligg\u00f6ra oavbruten njutning. Dessutom, med 30 sp\u00e4nnande alternativ att v\u00e4lja mellan, uppfyller denna eng\u00e5ngsvape alla alternativpreferenser, vilket g\u00f6r det till det perfekta valet f\u00f6r dem som vill f\u00f6rb\u00e4ttra sin vapingupplevelse med variation och stil.<\/p>\n<p>Inte bara en vape, utan en upplevelse. Fumot Tornado 30K Music \u00e4r utrustad med LED-lampor som synkroniseras i takt med din musik, vilket ger en visuellt fantastisk och uppslukande vapingresa. Oavsett om du kopplar av eller \u00e4r ute med v\u00e4nnerna skapar de livfulla lamporna en rolig och dynamisk atmosf\u00e4r som f\u00f6rh\u00f6jer din upplevelse ut\u00f6ver bara smaken. Denna eng\u00e5ngsvape kombinerar prestanda, innovation och estetik, vilket g\u00f6r den till ett perfekt val f\u00f6r dem som s\u00f6ker b\u00e5de stil och substans.<\/p>\n<h2>Fumot Tornado 30K Music Eng\u00e5ngsvape Specifikation<\/h2>\n<ul>\n<li>Varum\u00e4rke och modell: Fumot Tornado 30K<\/li>\n<li>Puffs st\u00f6d: Upp till 30 000<\/li>\n<li>E-v\u00e4tska: 30ML<\/li>\n<li>Spolmotst\u00e5nd: 1,0\u03a9<\/li>\n<li>Musiksynkroniserade LED-lampor<\/li>\n<li>Nikotinalternativ:2% &amp; 5%<\/li>\n<\/ul>\n<h2>Lista \u00f6ver alternativ<\/h2>\n<ol>\n<li>Banan is<\/li>\n<li>Svart is<\/li>\n<li>Blue Razz Ice<\/li>\n<li>Bl\u00e5b\u00e4r Sura Hallon<\/li>\n<li>K\u00f6rsb\u00e4rsis<\/li>\n<li>Cherry Cola<\/li>\n<li>Cola is<\/li>\n<li>Cool Mint<\/li>\n<li>Bl\u00e5b\u00e4r Hallon<\/li>\n<li>Dubbla \u00e4pplen<\/li>\n<li>Dr Blue<\/li>\n<li>Grape Ice<\/li>\n<li>Bl\u00e5b\u00e4r p\u00e5 is<\/li>\n<li>Isglass<\/li>\n<li>Kiwi Passionsfrukt Guava<\/li>\n<li>K\u00e4rlek 66<\/li>\n<li>Lush Ice<\/li>\n<li>Blandade b\u00e4r<\/li>\n<li>Persika B\u00e4r<\/li>\n<li>Persika is<\/li>\n<li>Jordgubbsis<\/li>\n<li>Peachy Mango Ananas<\/li>\n<li>Ananas-is<\/li>\n<li>Rosa lemonad<\/li>\n<li>Skittles<\/li>\n<li>Jordgubbar Bananer<\/li>\n<li>Jordgubbar Vattenmelon<\/li>\n<li>Trippel Mango<\/li>\n<li>Vimto<\/li>\n<li>Jordgubb Druva<\/li>\n<\/ol>\n<h2>Packlista<\/h2>\n<p>1*Fumot Tornado 30K Musik Eng\u00e5ngs Vape<\/p>\n<figure id=\"attachment_4412\" aria-describedby=\"caption-attachment-4412\" style=\"width: 800px\" class=\"wp-caption alignnone\"><img decoding=\"async\" class=\"size-full wp-image-4412\" title=\"Fumot Tornado 30K Music Triple Mango\" src=\"https:\/\/www.spacexvape.com\/wp-content\/uploads\/2025\/04\/Fumot-Tornado-30K-Music-Triple-Mango.webp\" alt=\"Fumot Tornado 30K Music Triple Mango\" width=\"800\" height=\"800\" srcset=\"https:\/\/www.spacexvape.com\/wp-content\/uploads\/2025\/04\/Fumot-Tornado-30K-Music-Triple-Mango.webp 800w, https:\/\/www.spacexvape.com\/wp-content\/uploads\/2025\/04\/Fumot-Tornado-30K-Music-Triple-Mango-247x247.webp 247w, https:\/\/www.spacexvape.com\/wp-content\/uploads\/2025\/04\/Fumot-Tornado-30K-Music-Triple-Mango-100x100.webp 100w, https:\/\/www.spacexvape.com\/wp-content\/uploads\/2025\/04\/Fumot-Tornado-30K-Music-Triple-Mango-510x510.webp 510w, https:\/\/www.spacexvape.com\/wp-content\/uploads\/2025\/04\/Fumot-Tornado-30K-Music-Triple-Mango-300x300.webp 300w, https:\/\/www.spacexvape.com\/wp-content\/uploads\/2025\/04\/Fumot-Tornado-30K-Music-Triple-Mango-150x150.webp 150w, https:\/\/www.spacexvape.com\/wp-content\/uploads\/2025\/04\/Fumot-Tornado-30K-Music-Triple-Mango-768x768.webp 768w, https:\/\/www.spacexvape.com\/wp-content\/uploads\/2025\/04\/Fumot-Tornado-30K-Music-Triple-Mango-12x12.webp 12w, https:\/\/www.spacexvape.com\/wp-content\/uploads\/2025\/04\/Fumot-Tornado-30K-Music-Triple-Mango-96x96.webp 96w\" sizes=\"(max-width: 800px) 100vw, 800px\" \/><figcaption id=\"caption-attachment-4412\" class=\"wp-caption-text\">Fumot Tornado 30K Music Triple Mango<\/figcaption><\/figure>","protected":false},"excerpt":{"rendered":"<p>Fumot Tornado 30K Music\/ 2% nikotin\/ 600mAh uppladdningsbart batteri\/ 30ml e-juice\/ 30.000 puffar<\/p>","protected":false},"featured_media":4413,"comment_status":"open","ping_status":"closed","template":"","meta":[],"product_brand":[538],"product_cat":[15],"product_tag":[512,564,560],"class_list":{"0":"post-1915","1":"product","2":"type-product","3":"status-publish","4":"has-post-thumbnail","6":"product_brand-fumot","7":"product_cat-disposable-vapes","8":"product_tag-30000-puffs","9":"product_tag-30ml","10":"product_tag-600mah","11":"product_shipping_class-europe-warehouse-retail","12":"pa_battery-600mah","13":"pa_e-liquid-30ml","14":"pa_puffs-30000-puffs","15":"pa_rechargeable-yes","16":"pa_selling-type-retail","18":"first","19":"instock","20":"shipping-taxable","21":"purchasable","22":"product-type-variable"},"wcpa_form_fields":null,"_links":{"self":[{"href":"https:\/\/www.spacexvape.com\/sv\/wp-json\/wp\/v2\/product\/1915","targetHints":{"allow":["GET"]}}],"collection":[{"href":"https:\/\/www.spacexvape.com\/sv\/wp-json\/wp\/v2\/product"}],"about":[{"href":"https:\/\/www.spacexvape.com\/sv\/wp-json\/wp\/v2\/types\/product"}],"replies":[{"embeddable":true,"href":"https:\/\/www.spacexvape.com\/sv\/wp-json\/wp\/v2\/comments?post=1915"}],"wp:featuredmedia":[{"embeddable":true,"href":"https:\/\/www.spacexvape.com\/sv\/wp-json\/wp\/v2\/media\/4413"}],"wp:attachment":[{"href":"https:\/\/www.spacexvape.com\/sv\/wp-json\/wp\/v2\/media?parent=1915"}],"wp:term":[{"taxonomy":"product_brand","embeddable":true,"href":"https:\/\/www.spacexvape.com\/sv\/wp-json\/wp\/v2\/product_brand?post=1915"},{"taxonomy":"product_cat","embeddable":true,"href":"https:\/\/www.spacexvape.com\/sv\/wp-json\/wp\/v2\/product_cat?post=1915"},{"taxonomy":"product_tag","embeddable":true,"href":"https:\/\/www.spacexvape.com\/sv\/wp-json\/wp\/v2\/product_tag?post=1915"}],"curies":[{"name":"wp","href":"https:\/\/api.w.org\/{rel}","templated":true}]}}