{"id":2032,"date":"2025-02-26T02:17:36","date_gmt":"2025-02-26T02:17:36","guid":{"rendered":"https:\/\/www.spacexvape.com\/?post_type=product&#038;p=2032"},"modified":"2026-04-08T11:46:14","modified_gmt":"2026-04-08T03:46:14","slug":"jnr-falcon-x-18000-puffs-disposable-vape","status":"publish","type":"product","link":"https:\/\/www.spacexvape.com\/sv\/produkt\/jnr-falcon-x-18000-puffar-engangsvape","title":{"rendered":"JNR Falcon X 18000 puffar eng\u00e5ngsvape"},"content":{"rendered":"<p>Den <a title=\"JNR\" href=\"https:\/\/www.spacexvape.com\/sv\/brand\/jnr\/\">JNR<\/a> Falcon X 18000 omdefinierar vaping f\u00f6r eng\u00e5ngsbruk och erbjuder upp till 18 000 puffar f\u00f6r en l\u00e5ngvarig och tillfredsst\u00e4llande upplevelse. Med ett 950mAh uppladdningsbart batteri och Type-C snabbladdning s\u00e4kerst\u00e4ller den oavbruten anv\u00e4ndning och snabb laddning n\u00e4r det beh\u00f6vs. Den \u00e4r utformad f\u00f6r bekv\u00e4mlighet och prestanda och \u00e4r ett perfekt val f\u00f6r vapers som s\u00f6ker en premiumupplevelse utan att kompromissa med kvaliteten. 30 sekunder \u00e4r allt som kr\u00e4vs.<\/p>\n<p>Falcon X 18000 har en dubbel mesh-spole och ett system med dubbla k\u00e4rnor och ger konsekventa, fylliga alternativ med varje bloss. Det justerbara luftfl\u00f6det g\u00f6r att du kan anpassa din vapingupplevelse, oavsett om du f\u00f6redrar mjuka, mjuka drag eller mer intensiva tr\u00e4ffar. Den digitala displayen h\u00e5ller dig informerad och visar batteritid och E-v\u00e4tskeniv\u00e5er, s\u00e5 att du alltid har kontroll \u00f6ver din enhet.<\/p>\n<p>Med sin eleganta, ergonomiska design och avancerade funktioner \u00e4r JNR Falcon X 18000 skapad f\u00f6r dem som v\u00e4rdes\u00e4tter stil och funktionalitet. Fr\u00e5n dess h\u00e5llbara konstruktion till dess l\u00e5ngvariga prestanda \u00e4r denna eng\u00e5ngsvape idealisk f\u00f6r alla som letar efter en p\u00e5litlig och problemfri vapingl\u00f6sning med moderna innovationer.<\/p>\n<h2>JNR Falcon X 18000 Puffs Eng\u00e5ngsvape Specifikation<\/h2>\n<ul>\n<li>Varum\u00e4rke och modell: JNR Falcon X<\/li>\n<li>Puffs Support: Upp till 18.000<\/li>\n<li>E-v\u00e4tska: 24ml<\/li>\n<li>Typ av spole: Dual Mesh-spole<\/li>\n<li>Spolmotst\u00e5nd: 0.6\u03a9<\/li>\n<li>Kristallhantverk Design<\/li>\n<li>Spole med dubbelt n\u00e4t och dubbel k\u00e4rna<\/li>\n<\/ul>\n<h2>Lista \u00f6ver alternativ<\/h2>\n<ol>\n<li>Bl\u00e5b\u00e4r Hallon<\/li>\n<li>Kiwi vattenmelon is<\/li>\n<li>Grape Ice<\/li>\n<li>Jordgubb Kiwi<\/li>\n<li>Jordgubbs- och vattenmelonis<\/li>\n<li>Vattenmelon-is<\/li>\n<li>Jordgubbsis<\/li>\n<li>Blandade b\u00e4r<\/li>\n<li>Persika is<\/li>\n<li>K\u00f6rsb\u00e4rsb\u00e4r<\/li>\n<li>Jordgubbar Bananer<\/li>\n<li>Citron Lime<\/li>\n<li>White Peach Razz<\/li>\n<li>Blue Razz Ice<\/li>\n<li>Cool Mint<\/li>\n<li>Vattenmelon Tuggummi<\/li>\n<li>Sur \u00e4pple-is<\/li>\n<li>Gummibj\u00f6rn<\/li>\n<li>Burs f\u00f6r b\u00e4r<\/li>\n<li>Bl\u00e5b\u00e4r Hallon K\u00f6rsb\u00e4r<\/li>\n<li>Bl\u00e5b\u00e4r Kiwi<\/li>\n<li>Passionsfrukt Kiwi<\/li>\n<li>Bl\u00e5 Razz K\u00f6rsb\u00e4r<\/li>\n<li>K\u00f6rsb\u00e4rsvattenmelon Frys<\/li>\n<li>Banan is<\/li>\n<li>Skittles<\/li>\n<li>Triple Melon<\/li>\n<li>Vattenmelon Lychee<\/li>\n<li>Cherry Cola<\/li>\n<li>K\u00f6rsb\u00e4rsis<\/li>\n<li>Mousserande k\u00f6rsb\u00e4r<\/li>\n<li>Vattenmelon Rooty Fizz<\/li>\n<li>Bl\u00e5 Kakao Mousseux<\/li>\n<li>Syrlig frukt B\u00e4r<\/li>\n<li>Raspberry Rouge Gumdrop<\/li>\n<\/ol>\n<h2>Packlista<\/h2>\n<p>1*JNR Falcon X 18000 puffar eng\u00e5ngsvape<\/p>\n<figure id=\"attachment_3048\" aria-describedby=\"caption-attachment-3048\" style=\"width: 800px\" class=\"wp-caption alignnone\"><img decoding=\"async\" class=\"size-full wp-image-3048\" title=\"JNR Falcon X 18000 White Peach Razz\" src=\"https:\/\/www.spacexvape.com\/wp-content\/uploads\/2025\/03\/JNR-Falcon-X-18000-White-Peach-Razz.webp\" alt=\"JNR Falcon X 18000 White Peach Razz\" width=\"800\" height=\"800\" srcset=\"https:\/\/www.spacexvape.com\/wp-content\/uploads\/2025\/03\/JNR-Falcon-X-18000-White-Peach-Razz.webp 800w, https:\/\/www.spacexvape.com\/wp-content\/uploads\/2025\/03\/JNR-Falcon-X-18000-White-Peach-Razz-247x247.webp 247w, https:\/\/www.spacexvape.com\/wp-content\/uploads\/2025\/03\/JNR-Falcon-X-18000-White-Peach-Razz-100x100.webp 100w, https:\/\/www.spacexvape.com\/wp-content\/uploads\/2025\/03\/JNR-Falcon-X-18000-White-Peach-Razz-510x510.webp 510w, https:\/\/www.spacexvape.com\/wp-content\/uploads\/2025\/03\/JNR-Falcon-X-18000-White-Peach-Razz-300x300.webp 300w, https:\/\/www.spacexvape.com\/wp-content\/uploads\/2025\/03\/JNR-Falcon-X-18000-White-Peach-Razz-150x150.webp 150w, https:\/\/www.spacexvape.com\/wp-content\/uploads\/2025\/03\/JNR-Falcon-X-18000-White-Peach-Razz-768x768.webp 768w, https:\/\/www.spacexvape.com\/wp-content\/uploads\/2025\/03\/JNR-Falcon-X-18000-White-Peach-Razz-12x12.webp 12w, https:\/\/www.spacexvape.com\/wp-content\/uploads\/2025\/03\/JNR-Falcon-X-18000-White-Peach-Razz-96x96.webp 96w\" sizes=\"(max-width: 800px) 100vw, 800px\" \/><figcaption id=\"caption-attachment-3048\" class=\"wp-caption-text\">JNR Falcon X 18000 White Peach Razz<\/figcaption><\/figure>","protected":false},"excerpt":{"rendered":"<p>JNR Falcon X 18000\/ 2% nikotin\/ 950 mAh uppladdningsbart batteri\/ 24 ml e-juice\/ 18 000 puffar \/ European Warehouse<\/p>","protected":false},"featured_media":2077,"comment_status":"open","ping_status":"closed","template":"","meta":[],"product_brand":[535],"product_cat":[15],"product_tag":[507,559,562],"class_list":{"0":"post-2032","1":"product","2":"type-product","3":"status-publish","4":"has-post-thumbnail","6":"product_brand-jnr","7":"product_cat-disposable-vapes","8":"product_tag-18000-puffs","9":"product_tag-24ml","10":"product_tag-950mah","11":"product_shipping_class-europe-warehouse-retail","12":"pa_battery-950mah","13":"pa_e-liquid-24ml","14":"pa_nicotine-2-percent","15":"pa_puffs-18000-puffs","16":"pa_rechargeable-yes","17":"pa_selling-type-retail","19":"first","20":"instock","21":"featured","22":"shipping-taxable","23":"purchasable","24":"product-type-variable"},"wcpa_form_fields":null,"_links":{"self":[{"href":"https:\/\/www.spacexvape.com\/sv\/wp-json\/wp\/v2\/product\/2032","targetHints":{"allow":["GET"]}}],"collection":[{"href":"https:\/\/www.spacexvape.com\/sv\/wp-json\/wp\/v2\/product"}],"about":[{"href":"https:\/\/www.spacexvape.com\/sv\/wp-json\/wp\/v2\/types\/product"}],"replies":[{"embeddable":true,"href":"https:\/\/www.spacexvape.com\/sv\/wp-json\/wp\/v2\/comments?post=2032"}],"wp:featuredmedia":[{"embeddable":true,"href":"https:\/\/www.spacexvape.com\/sv\/wp-json\/wp\/v2\/media\/2077"}],"wp:attachment":[{"href":"https:\/\/www.spacexvape.com\/sv\/wp-json\/wp\/v2\/media?parent=2032"}],"wp:term":[{"taxonomy":"product_brand","embeddable":true,"href":"https:\/\/www.spacexvape.com\/sv\/wp-json\/wp\/v2\/product_brand?post=2032"},{"taxonomy":"product_cat","embeddable":true,"href":"https:\/\/www.spacexvape.com\/sv\/wp-json\/wp\/v2\/product_cat?post=2032"},{"taxonomy":"product_tag","embeddable":true,"href":"https:\/\/www.spacexvape.com\/sv\/wp-json\/wp\/v2\/product_tag?post=2032"}],"curies":[{"name":"wp","href":"https:\/\/api.w.org\/{rel}","templated":true}]}}