{"id":2801,"date":"2025-03-13T06:54:29","date_gmt":"2025-03-13T06:54:29","guid":{"rendered":"https:\/\/www.spacexvape.com\/?post_type=product&#038;p=2801"},"modified":"2025-09-09T16:25:48","modified_gmt":"2025-09-09T08:25:48","slug":"vabeen-cyber-flex-25000-puffs-vape-wholesale","status":"publish","type":"product","link":"https:\/\/www.spacexvape.com\/sv\/produkt\/vabeen-cyber-flex-25000-puffar-engangsvape","title":{"rendered":"Vabeen Cyber Flex 25000 Puffs Vape grossist"},"content":{"rendered":"<p>Den <a href=\"https:\/\/www.spacexvape.com\/sv\/brand\/vabeen\/\"><strong>Vabeen<\/strong><\/a> Cyber Flex 25000 Puffs Vape \u00e4r utrustad med ett uppladdningsbart batteri p\u00e5 800 mAh som ger upp till 25 000 puffar f\u00f6r l\u00e5ngvarig anv\u00e4ndning utan frekvent laddning. Den har fyra str\u00f6ml\u00e4gen - Eco (14 W), Normal (15-16 W), Advanced (17-19 W) och Max (20-22 W) - s\u00e5 att du enkelt kan justera intensiteten efter dina \u00f6nskem\u00e5l. Typ-C-laddningsporten s\u00e4kerst\u00e4ller snabb laddning, medan den dragaktiverade avfyrningsmekanismen g\u00f6r vaping enkel och bekv\u00e4m.<\/p>\n<p>Tack vare det justerbara luftfl\u00f6det kan du anpassa varje bloss f\u00f6r en j\u00e4mn och tillfredsst\u00e4llande MTL-upplevelse (mun-till-lunga). Den 3,4-tums fullsk\u00e4rmsdisplayen visar tydligt batteritid, antal bloss och str\u00f6ml\u00e4ge, s\u00e5 att du har full kontroll. Peksk\u00e4rmen och LED-ljuseffekter f\u00f6r andning ger en futuristisk och elegant touch, vilket g\u00f6r varje session b\u00e5de njutbar och visuellt tilltalande.<\/p>\n<p>Vabeen Cyber Flex 25000 \u00e4r f\u00f6rfylld med 5% styrka och \u00e4r redo att anv\u00e4ndas direkt ur l\u00e5dan. Oavsett om du f\u00f6redrar en mild smak eller en starkare tr\u00e4ff, levererar den h\u00e4r enheten. Genom att kombinera avancerade funktioner, snygg design och anpassningsbara inst\u00e4llningar garanterar den en exceptionell vapingupplevelse varje g\u00e5ng.<\/p>\n<h2>Vabeen Cyber Flex 25000 Puffs Vape Specifikation<\/h2>\n<ul>\n<li>Nikotin: 5%<\/li>\n<li>Antal puffar: Upp till 25.000 puffar<\/li>\n<li>Batteri E-liquid: 800mAh<\/li>\n<li>Typ av spole: Spole med dubbelt n\u00e4t<\/li>\n<li>Laddningsport: TYPE-C<\/li>\n<li>4 l\u00e4gen<\/li>\n<\/ul>\n<h2>Lista \u00f6ver alternativ<\/h2>\n<ol>\n<li>Bl\u00e5b\u00e4r K\u00f6rsb\u00e4r Tranb\u00e4r<\/li>\n<li>Svart k\u00f6rsb\u00e4r<\/li>\n<li>Svartvinb\u00e4r Slashy<\/li>\n<li>Bl\u00e5 Mint<\/li>\n<li>Blue Razz Ice<\/li>\n<li>Popcorn med karamell<\/li>\n<li>K\u00f6rsb\u00e4r Citron<\/li>\n<li>Drakfrukt Banan K\u00f6rsb\u00e4r<\/li>\n<li>Juicy Peach Ice<\/li>\n<li>Lush Ice<\/li>\n<li>Ananas Vattenmelon<\/li>\n<li>Jordgubbar och kokosn\u00f6t<\/li>\n<li>Jordgubbar Vattenmelon<\/li>\n<li>Trippel Mango<\/li>\n<\/ol>\n<h2>Packlista<\/h2>\n<p>10*Vabeen Cyber Flex 25000 Puffs Vapes<\/p>\n<figure id=\"attachment_2815\" aria-describedby=\"caption-attachment-2815\" style=\"width: 800px\" class=\"wp-caption alignnone\"><img decoding=\"async\" class=\"size-full wp-image-2815\" title=\"Vabeen Cyber Flex 25000 Trippel Mango\" src=\"https:\/\/www.spacexvape.com\/wp-content\/uploads\/2025\/03\/Vabeen-Cyber-Flex-25000-Triple-Mango.webp\" alt=\"Vabeen Cyber Flex 25000 Trippel Mango\" width=\"800\" height=\"800\" srcset=\"https:\/\/www.spacexvape.com\/wp-content\/uploads\/2025\/03\/Vabeen-Cyber-Flex-25000-Triple-Mango.webp 800w, https:\/\/www.spacexvape.com\/wp-content\/uploads\/2025\/03\/Vabeen-Cyber-Flex-25000-Triple-Mango-247x247.webp 247w, https:\/\/www.spacexvape.com\/wp-content\/uploads\/2025\/03\/Vabeen-Cyber-Flex-25000-Triple-Mango-100x100.webp 100w, https:\/\/www.spacexvape.com\/wp-content\/uploads\/2025\/03\/Vabeen-Cyber-Flex-25000-Triple-Mango-510x510.webp 510w, https:\/\/www.spacexvape.com\/wp-content\/uploads\/2025\/03\/Vabeen-Cyber-Flex-25000-Triple-Mango-300x300.webp 300w, https:\/\/www.spacexvape.com\/wp-content\/uploads\/2025\/03\/Vabeen-Cyber-Flex-25000-Triple-Mango-150x150.webp 150w, https:\/\/www.spacexvape.com\/wp-content\/uploads\/2025\/03\/Vabeen-Cyber-Flex-25000-Triple-Mango-768x768.webp 768w, https:\/\/www.spacexvape.com\/wp-content\/uploads\/2025\/03\/Vabeen-Cyber-Flex-25000-Triple-Mango-12x12.webp 12w, https:\/\/www.spacexvape.com\/wp-content\/uploads\/2025\/03\/Vabeen-Cyber-Flex-25000-Triple-Mango-96x96.webp 96w\" sizes=\"(max-width: 800px) 100vw, 800px\" \/><figcaption id=\"caption-attachment-2815\" class=\"wp-caption-text\">Vabeen Cyber Flex 25000 Trippel Mango<\/figcaption><\/figure>","protected":false},"excerpt":{"rendered":"<p><span style=\"vertical-align: inherit;\"><span style=\"vertical-align: inherit;\">Vabeen Cyber Flex 25000 \/ 5% styrka \/ 800mAh uppladdningsbart batteri \/ 25.000 puffar<br \/>\n<\/span><\/span><\/p>","protected":false},"featured_media":2816,"comment_status":"open","ping_status":"closed","template":"","meta":[],"product_brand":[],"product_cat":[15],"product_tag":[510,571],"class_list":{"0":"post-2801","1":"product","2":"type-product","3":"status-publish","4":"has-post-thumbnail","6":"product_cat-disposable-vapes","7":"product_tag-25000-puffs","8":"product_tag-800mah","9":"product_shipping_class-china-warehouse-wholesale","10":"pa_battery-800mah","11":"pa_flavor-black-cherry","12":"pa_flavor-blackcurrant-slashy","13":"pa_flavor-blue-mint","14":"pa_flavor-blue-razz-ice","15":"pa_flavor-blueberry-cherry-cranberry","16":"pa_flavor-caramel-popcorn","17":"pa_flavor-cherry-lemon","18":"pa_flavor-dragon-fruit-banana-cherry","19":"pa_flavor-juicy-peach-ice","20":"pa_flavor-lush-ice","21":"pa_flavor-pineapple-watermelon","22":"pa_flavor-strawberry-coconut","23":"pa_flavor-strawberry-watermelon","24":"pa_flavor-triple-mango","25":"pa_nicotine-5-percent","26":"pa_puffs-25000-puffs","27":"pa_rechargeable-yes","28":"pa_selling-type-wholesale","30":"first","31":"outofstock","32":"shipping-taxable","33":"purchasable","34":"product-type-variable"},"wcpa_form_fields":null,"_links":{"self":[{"href":"https:\/\/www.spacexvape.com\/sv\/wp-json\/wp\/v2\/product\/2801","targetHints":{"allow":["GET"]}}],"collection":[{"href":"https:\/\/www.spacexvape.com\/sv\/wp-json\/wp\/v2\/product"}],"about":[{"href":"https:\/\/www.spacexvape.com\/sv\/wp-json\/wp\/v2\/types\/product"}],"replies":[{"embeddable":true,"href":"https:\/\/www.spacexvape.com\/sv\/wp-json\/wp\/v2\/comments?post=2801"}],"wp:featuredmedia":[{"embeddable":true,"href":"https:\/\/www.spacexvape.com\/sv\/wp-json\/wp\/v2\/media\/2816"}],"wp:attachment":[{"href":"https:\/\/www.spacexvape.com\/sv\/wp-json\/wp\/v2\/media?parent=2801"}],"wp:term":[{"taxonomy":"product_brand","embeddable":true,"href":"https:\/\/www.spacexvape.com\/sv\/wp-json\/wp\/v2\/product_brand?post=2801"},{"taxonomy":"product_cat","embeddable":true,"href":"https:\/\/www.spacexvape.com\/sv\/wp-json\/wp\/v2\/product_cat?post=2801"},{"taxonomy":"product_tag","embeddable":true,"href":"https:\/\/www.spacexvape.com\/sv\/wp-json\/wp\/v2\/product_tag?post=2801"}],"curies":[{"name":"wp","href":"https:\/\/api.w.org\/{rel}","templated":true}]}}