{"id":3498,"date":"2025-04-07T17:04:21","date_gmt":"2025-04-07T09:04:21","guid":{"rendered":"https:\/\/www.spacexvape.com\/?post_type=product&#038;p=3498"},"modified":"2026-02-06T16:46:28","modified_gmt":"2026-02-06T08:46:28","slug":"jnr-falcon-x-28000-puffs-vape","status":"publish","type":"product","link":"https:\/\/www.spacexvape.com\/sv\/produkt\/jnr-falcon-x-28000-puffar-vape","title":{"rendered":"JNR Falcon X 28000 Puffs Vape"},"content":{"rendered":"<p>Den <a title=\"JNR\" href=\"https:\/\/www.spacexvape.com\/sv\/brand\/jnr\/\"><strong>JNR<\/strong><\/a> Falcon X 28000 \u00e4r designad f\u00f6r vapers som vill ha l\u00e5ngvarig tillfredsst\u00e4llelse. Med upp till 28 000 puffar erbjuder denna avancerade uppladdningsbara vape en otrolig livsl\u00e4ngd - perfekt f\u00f6r l\u00e5ngvarig anv\u00e4ndning utan avbrott. Den levereras f\u00f6rfylld med 2 ml e-juice och inkluderar tv\u00e5 extra refillflaskor (10 ml vardera, 20 mg\/ml styrka), vilket ger dig b\u00e5de bekv\u00e4mlighet och kontroll. Strawberry &amp; Watermelon-alternativblandningen ger en uppfriskande och fruktig hit med varje inandning, som p\u00e5minner om sommardagar.<\/p>\n<p>JNR Falcon X 28000 drivs av ett robust 950mAh USB-C uppladdningsbart batteri och ser till att du alltid \u00e4r redo att vaporisera utan dr\u00f6jsm\u00e5l. Dess eleganta, ergonomiska design passar bekv\u00e4mt i din hand, medan den inbyggda dubbla n\u00e4tspolen ger rik \u00e5nga och f\u00f6rb\u00e4ttrad alternativintensitet. Oavsett om du kopplar av hemma eller \u00e4r p\u00e5 spr\u00e5ng, \u00e4r denna vape utformad f\u00f6r b\u00e5de stil och funktionalitet. Den moderna estetiken i kombination med smart luftfl\u00f6de och konsekvent \u00e5ngproduktion g\u00f6r den till en allround-produkt.<\/p>\n<p>Till skillnad fr\u00e5n traditionella eng\u00e5ngsprodukter \u00e4r JNR Falcon X 28000 en hybridp\u00e5fyllningsbar eng\u00e5ngsvape som \u00e4r enkel att ladda och fylla p\u00e5, vilket g\u00f6r den till ett mer ekonomiskt och milj\u00f6v\u00e4nligt val. Inga knappar, ingen inst\u00e4llning: bara ladda och vape. Dess l\u00e4tta vikt p\u00e5 120 g \u00e4r perfekt f\u00f6r resan eller f\u00f6r att b\u00e4ra med sig varje dag. Designad med DTL-vaping i \u00e5tanke, spolen med l\u00e5gt motst\u00e5nd och luftfl\u00f6dessystemet ger en tillfredsst\u00e4llande halshit f\u00f6r varje bloss.<\/p>\n<h2>JNR Falcon X 28000 Puffs Vape Specifikation<\/h2>\n<ul>\n<li>Varum\u00e4rke och modell: JNR Falcon X 28000<\/li>\n<li>Puffs Support: Upp till 28.000<\/li>\n<li>Batteri och flytande display<\/li>\n<li>Typ av spole: Dual Mesh-spole 1,2 ohm<\/li>\n<li>Justerbart luftfl\u00f6de<\/li>\n<li>Auto-Draw-system<\/li>\n<li>2 ml f\u00f6rfylld v\u00e4tska + 2 x 10 ml flaskor medf\u00f6ljer<\/li>\n<\/ul>\n<h2>Lista \u00f6ver alternativ<\/h2>\n<ol>\n<li>Svart drake is<\/li>\n<li>Blackberry Red Raspberry,Fizzy Cherry Cola,Mango Passion Fruit,White Peach Razz<\/li>\n<li>Bl\u00e5b\u00e4r Granat\u00e4pple-is<\/li>\n<li>Bl\u00e5b\u00e4r Hallon K\u00f6rsb\u00e4r<\/li>\n<li>Mango Passion Fruit<\/li>\n<li>Blandade b\u00e4r<\/li>\n<li>Persika B\u00e4r<\/li>\n<li>Jordgubb Kiwi<\/li>\n<li>Jordgubbs- och vattenmelonis<\/li>\n<li>Vattenmelon Mango Persika<\/li>\n<\/ol>\n<h2>Packlista<\/h2>\n<p>2 ml f\u00f6rfylld v\u00e4tska + 2 x 10 ml flaskor medf\u00f6ljer<\/p>\n<figure id=\"attachment_3503\" aria-describedby=\"caption-attachment-3503\" style=\"width: 800px\" class=\"wp-caption alignnone\"><img decoding=\"async\" class=\"size-full wp-image-3503\" title=\"JNR Falcon X 28K Bj\u00f6rnb\u00e4r R\u00f6d Hallon\" src=\"https:\/\/www.spacexvape.com\/wp-content\/uploads\/2025\/04\/JNR-Falcon-X-28K-Blackberry-Red-Raspberry.webp\" alt=\"JNR Falcon X 28K Bj\u00f6rnb\u00e4r R\u00f6d Hallon\" width=\"800\" height=\"800\" srcset=\"https:\/\/www.spacexvape.com\/wp-content\/uploads\/2025\/04\/JNR-Falcon-X-28K-Blackberry-Red-Raspberry.webp 800w, https:\/\/www.spacexvape.com\/wp-content\/uploads\/2025\/04\/JNR-Falcon-X-28K-Blackberry-Red-Raspberry-247x247.webp 247w, https:\/\/www.spacexvape.com\/wp-content\/uploads\/2025\/04\/JNR-Falcon-X-28K-Blackberry-Red-Raspberry-100x100.webp 100w, https:\/\/www.spacexvape.com\/wp-content\/uploads\/2025\/04\/JNR-Falcon-X-28K-Blackberry-Red-Raspberry-510x510.webp 510w, https:\/\/www.spacexvape.com\/wp-content\/uploads\/2025\/04\/JNR-Falcon-X-28K-Blackberry-Red-Raspberry-300x300.webp 300w, https:\/\/www.spacexvape.com\/wp-content\/uploads\/2025\/04\/JNR-Falcon-X-28K-Blackberry-Red-Raspberry-150x150.webp 150w, https:\/\/www.spacexvape.com\/wp-content\/uploads\/2025\/04\/JNR-Falcon-X-28K-Blackberry-Red-Raspberry-768x768.webp 768w, https:\/\/www.spacexvape.com\/wp-content\/uploads\/2025\/04\/JNR-Falcon-X-28K-Blackberry-Red-Raspberry-12x12.webp 12w, https:\/\/www.spacexvape.com\/wp-content\/uploads\/2025\/04\/JNR-Falcon-X-28K-Blackberry-Red-Raspberry-96x96.webp 96w\" sizes=\"(max-width: 800px) 100vw, 800px\" \/><figcaption id=\"caption-attachment-3503\" class=\"wp-caption-text\">JNR Falcon X 28K Bj\u00f6rnb\u00e4r R\u00f6d Hallon<\/figcaption><\/figure>\n<p>&nbsp;<\/p>","protected":false},"excerpt":{"rendered":"<p>JNR Falcon X 28000\/ 2% styrka\/ 950mAh uppladdningsbart batteri\/ 28.000 puffar \/ Europeiskt lager<\/p>","protected":false},"featured_media":14629,"comment_status":"open","ping_status":"closed","template":"","meta":[],"product_brand":[535],"product_cat":[17],"product_tag":[511,562],"class_list":{"0":"post-3498","1":"product","2":"type-product","3":"status-publish","4":"has-post-thumbnail","6":"product_brand-jnr","7":"product_cat-refillable-vapes","8":"product_tag-28000-puffs","9":"product_tag-950mah","10":"product_shipping_class-europe-warehouse-retail","11":"pa_nicotine-2-percent","12":"pa_puffs-28000-puffs","13":"pa_rechargeable-yes","15":"first","16":"instock","17":"featured","18":"shipping-taxable","19":"purchasable","20":"product-type-variable"},"wcpa_form_fields":null,"_links":{"self":[{"href":"https:\/\/www.spacexvape.com\/sv\/wp-json\/wp\/v2\/product\/3498","targetHints":{"allow":["GET"]}}],"collection":[{"href":"https:\/\/www.spacexvape.com\/sv\/wp-json\/wp\/v2\/product"}],"about":[{"href":"https:\/\/www.spacexvape.com\/sv\/wp-json\/wp\/v2\/types\/product"}],"replies":[{"embeddable":true,"href":"https:\/\/www.spacexvape.com\/sv\/wp-json\/wp\/v2\/comments?post=3498"}],"wp:featuredmedia":[{"embeddable":true,"href":"https:\/\/www.spacexvape.com\/sv\/wp-json\/wp\/v2\/media\/14629"}],"wp:attachment":[{"href":"https:\/\/www.spacexvape.com\/sv\/wp-json\/wp\/v2\/media?parent=3498"}],"wp:term":[{"taxonomy":"product_brand","embeddable":true,"href":"https:\/\/www.spacexvape.com\/sv\/wp-json\/wp\/v2\/product_brand?post=3498"},{"taxonomy":"product_cat","embeddable":true,"href":"https:\/\/www.spacexvape.com\/sv\/wp-json\/wp\/v2\/product_cat?post=3498"},{"taxonomy":"product_tag","embeddable":true,"href":"https:\/\/www.spacexvape.com\/sv\/wp-json\/wp\/v2\/product_tag?post=3498"}],"curies":[{"name":"wp","href":"https:\/\/api.w.org\/{rel}","templated":true}]}}